{"id":2257,"date":"2017-10-06T14:49:30","date_gmt":"2017-10-06T14:49:30","guid":{"rendered":"http:\/\/www.tatanka.nl\/?post_type=product&#038;p=2257"},"modified":"2026-01-20T14:52:19","modified_gmt":"2026-01-20T13:52:19","slug":"xtcy-party-pills-xtc-herbal","status":"publish","type":"product","link":"https:\/\/www.tatanka.nl\/pl\/xtcy-party-pills-xtc-herbal\/","title":{"rendered":"XTCY"},"content":{"rendered":"<h2 dir=\"ltr\" data-pm-slice=\"1 1 []\">Czym s\u0105 nasadki XTCY Party?<\/h2>\n<p dir=\"ltr\">XTCY Party Caps to zio\u0142owe suplementy diety stworzone w celu zapewnienia ekscytuj\u0105cego, euforycznego przyp\u0142ywu energii, idealnego do ta\u0144ca i spotka\u0144 towarzyskich bez ostrych skutk\u00f3w ubocznych syntetycznych stymulant\u00f3w. Ka\u017cde opakowanie zawiera 6 kapsu\u0142ek z naturalnymi substancjami energetyzuj\u0105cymi, takimi jak ekstrakt z guarany, maca i L-tyrozyna, kt\u00f3re zwi\u0119kszaj\u0105 energi\u0119 i poprawiaj\u0105 nastr\u00f3j. Przeznaczone dla doros\u0142ych powy\u017cej 18 roku \u017cycia kapsu\u0142ki XTCY Party stanowi\u0105 bezpieczn\u0105 alternatyw\u0119 bez recepty, kt\u00f3ra na\u015bladuje podnosz\u0105ce na duchu efekty, kt\u00f3re niekt\u00f3rzy kojarz\u0105 z hajem XTC. Kapsu\u0142ki promuj\u0105 trwa\u0142\u0105 witalno\u015b\u0107, dzi\u0119ki czemu idealnie nadaj\u0105 si\u0119 na imprezy lub wydarzenia o wysokiej energii. Ich szybko dzia\u0142aj\u0105ca formu\u0142a zapewnia uczucie mrowienia w ci\u0105gu godziny, zapewniaj\u0105c wygod\u0119 podczas spontanicznych plan\u00f3w. Wolne od sztucznych dodatk\u00f3w kapsu\u0142ki XTCY Party Caps s\u0105 przeznaczone dla os\u00f3b dbaj\u0105cych o zdrowie i poszukuj\u0105cych czystego, ro\u015blinnego zastrzyku energii. Cho\u0107 nie stanowi\u0105 one substytutu diety, zapewniaj\u0105 niezawodny spos\u00f3b na utrzymanie energii i euforii podczas d\u0142u\u017cszych aktywno\u015bci. Kapsu\u0142ki XTCY Party Caps \u0142\u0105cz\u0105 w sobie naturalne sk\u0142adniki z naciskiem na bezpiecze\u0144stwo, dzi\u0119ki czemu s\u0105 popularnym wyborem dla tych, kt\u00f3rzy chc\u0105 czu\u0107 si\u0119 pe\u0142ni \u017cycia i energii, unikaj\u0105c jednocze\u015bnie wad syntetycznych alternatyw.<\/p>\n<h2 dir=\"ltr\">Historia za\u015blepek XTCY Party<\/h2>\n<p dir=\"ltr\">Stworzenie XTCY Party Caps odzwierciedla rosn\u0105ce zapotrzebowanie na naturalne suplementy energetyczne na imprezach i w bran\u017cy wellness. Poniewa\u017c syntetyczne stymulanty sta\u0142y si\u0119 mniej po\u017c\u0105dane ze wzgl\u0119du na ich skutki uboczne, konsumenci zwr\u00f3cili si\u0119 ku zio\u0142owym alternatywom, takim jak guarana i maca, u\u017cywanym od wiek\u00f3w w Ameryce Po\u0142udniowej ze wzgl\u0119du na ich w\u0142a\u015bciwo\u015bci energetyzuj\u0105ce i poprawiaj\u0105ce nastr\u00f3j. Kapsu\u0142ki XTCY Party zosta\u0142y opracowane w celu zaspokojenia tej potrzeby, oferuj\u0105c naturalny, euforyczny zastrzyk dostosowany do warunk\u00f3w spo\u0142ecznych. Wprowadzone na rynek jako nowoczesna formu\u0142a imprezowa, kapsu\u0142ki \u0142\u0105cz\u0105 tradycyjne sk\u0142adniki ze wsp\u00f3\u0142czesnymi standardami, aby zapewni\u0107 bezpiecze\u0144stwo i skuteczno\u015b\u0107. Skupienie si\u0119 produktu na dostarczaniu mrowienia, haju podobnego do XTC bez ostrego zej\u015bcia, rezonowa\u0142o z u\u017cytkownikami poszukuj\u0105cymi \u017cywych do\u015bwiadcze\u0144. Z czasem kapsu\u0142ki XTCY Party ewoluowa\u0142y, aby zr\u00f3wnowa\u017cy\u0107 moc z czystymi sk\u0142adnikami ro\u015blinnymi, dostosowuj\u0105c si\u0119 do trend\u00f3w w kierunku holistycznego wellness. Ich wzrost odzwierciedla szersz\u0105 zmian\u0119 w kierunku naturalnych suplement\u00f3w, kt\u00f3re wspieraj\u0105 energi\u0119 i nastr\u00f3j bez syntetycznego ryzyka. XTCY Party Caps sta\u0142y si\u0119 zaufanym wyborem dla imprezowicz\u00f3w, oferuj\u0105c niezawodne, oparte na zio\u0142ach rozwi\u0105zanie dla trwa\u0142ej witalno\u015bci, zakorzenione w sprawdzonych sk\u0142adnikach i zaprojektowane z my\u015bl\u0105 o nowoczesnym stylu \u017cycia.<\/p>\n<h2 dir=\"ltr\">Jak u\u017cywa\u0107 nasadek XTCY Party<\/h2>\n<p dir=\"ltr\">Stosowanie kapsu\u0142ek XTCY Party Caps jest proste i zapewnia szybkie, \u017cywe rezultaty. Nale\u017cy przyjmowa\u0107 od 1 do 3 kapsu\u0142ek popijaj\u0105c szklank\u0105 wody lub soku owocowego na oko\u0142o godzin\u0119 przed po\u017c\u0105danym efektem, takim jak impreza lub wydarzenie towarzyskie. Zacznij od jednej kapsu\u0142ki, aby oceni\u0107 swoj\u0105 reakcj\u0119, poniewa\u017c indywidualna wra\u017cliwo\u015b\u0107 jest r\u00f3\u017cna. Nie nale\u017cy przekracza\u0107 3 kapsu\u0142ek w ci\u0105gu 24 godzin, aby unikn\u0105\u0107 nadmiernego pobudzenia. Naturalne sk\u0142adniki, w tym guarana i maca, zapewniaj\u0105 euforyczne, mrowi\u0105ce uczucie, idealne do ta\u0144ca przez ca\u0142\u0105 noc. Przechowywa\u0107 XTCY Party Caps w ch\u0142odnym, suchym miejscu, aby zachowa\u0107 moc. Unikaj \u0142\u0105czenia z alkoholem, lekami lub innymi stymulantami i nie u\u017cywaj, je\u015bli masz schorzenia, takie jak wysokie ci\u015bnienie krwi lub problemy z sercem. Szybko dzia\u0142aj\u0105ca formu\u0142a zapewnia efekty w ci\u0105gu godziny, dzi\u0119ki czemu idealnie nadaje si\u0119 do spontanicznych plan\u00f3w. Zawsze przestrzegaj zalecanej dawki i skonsultuj si\u0119 z lekarzem, je\u015bli nie masz pewno\u015bci co do zgodno\u015bci. Kapsu\u0142ki XTCY Party oferuj\u0105 naturalny, wygodny spos\u00f3b na zwi\u0119kszenie energii i nastroju, zapewniaj\u0105c bezpieczne, radosne doznania przy odpowiedzialnym stosowaniu, idealne do tworzenia niezapomnianych, pe\u0142nych energii chwil.<\/p>\n<h2 dir=\"ltr\">Sk\u0142adniki XTCY Party Caps<\/h2>\n<p dir=\"ltr\">Kapsu\u0142ki XTCY Party zawieraj\u0105 naturaln\u0105 mieszank\u0119 sk\u0142adnik\u00f3w energetyzuj\u0105cych, w tym ekstrakt z guarany, ekstrakt z maca, L-tyrozyn\u0119, chrom, niacyn\u0119 (kwas nikotynowy), tauryn\u0119 i metylotiobromin\u0119. Guarana i maca, tradycyjne po\u0142udniowoameryka\u0144skie zio\u0142a, zwi\u0119kszaj\u0105 energi\u0119 i poprawiaj\u0105 nastr\u00f3j, a L-tyrozyna wspomaga koncentracj\u0119 umys\u0142ow\u0105. Chrom i niacyna wspomagaj\u0105 regulacj\u0119 energii i kr\u0105\u017cenie, wzmacniaj\u0105c euforyczny przyp\u0142yw energii. Tauryna i metylotiobromina przyczyniaj\u0105 si\u0119 do utrzymania witalno\u015bci i uczucia mrowienia. Kapsu\u0142ki s\u0105 wolne od syntetycznych dodatk\u00f3w, zapewniaj\u0105c czyst\u0105, ro\u015blinn\u0105 formu\u0142\u0119. Zaprojektowany z my\u015bl\u0105 o szybkim wch\u0142anianiu, efekty s\u0105 odczuwalne w ci\u0105gu godziny. Przechowywa\u0107 w ch\u0142odnym, suchym miejscu, aby zachowa\u0107 jako\u015b\u0107. Kapsu\u0142ki XTCY Party przeznaczone s\u0105 dla os\u00f3b doros\u0142ych poszukuj\u0105cych naturalnego suplementu diety o wysokiej energii. Mieszanka sk\u0142adnik\u00f3w czerpie z wielowiekowych tradycji zio\u0142owych, zr\u00f3wnowa\u017conych pod k\u0105tem bezpiecze\u0144stwa i skuteczno\u015bci. U\u017cytkownicy z alergiami lub schorzeniami powinni zweryfikowa\u0107 kompatybilno\u015b\u0107. Ta formu\u0142a promuje \u017cywe, podobne do XTC do\u015bwiadczenie bez syntetycznego ryzyka, co czyni j\u0105 idealn\u0105 dla imprezowicz\u00f3w. Prawid\u0142owe stosowanie zapewnia bezpieczny i skuteczny zastrzyk energii, oferuj\u0105c niezawodny spos\u00f3b na zwi\u0119kszenie energii i euforii podczas ta\u0144ca i spotka\u0144 towarzyskich, zgodnie z preferencjami dotycz\u0105cymi naturalnych, holistycznych rozwi\u0105za\u0144 wellness.<\/p>\n<p dir=\"ltr\"><strong>Ostrze\u017cenie<\/strong><br \/>\nKapsu\u0142ki XTCY Party s\u0105 przeznaczone wy\u0142\u0105cznie dla os\u00f3b doros\u0142ych w wieku 18 lat i starszych. Nie stosowa\u0107 w przypadku wysokiego lub niskiego ci\u015bnienia krwi, chor\u00f3b serca lub nerek, problem\u00f3w z tarczyc\u0105, cukrzycy, depresji lub nerwowo\u015bci, a tak\u017ce w przypadku ci\u0105\u017cy, karmienia piersi\u0105, przyjmowania inhibitor\u00f3w MAO lub innych lek\u00f3w. Unika\u0107 \u0142\u0105czenia z alkoholem lub innymi u\u017cywkami. Przerwa\u0107 stosowanie, je\u015bli wyst\u0105pi\u0105 dzia\u0142ania niepo\u017c\u0105dane, takie jak nerwowo\u015b\u0107, i skonsultowa\u0107 si\u0119 z lekarzem, je\u015bli nie ma pewno\u015bci co do zgodno\u015bci. Przechowywa\u0107 w miejscu niedost\u0119pnym dla dzieci, w ch\u0142odnym i suchym miejscu. Ten produkt nie zast\u0119puje zr\u00f3\u017cnicowanej diety. Na podstawie jego stosowania nie mo\u017cna wysuwa\u0107 \u017cadnych praw ani roszcze\u0144.<\/p>","protected":false},"excerpt":{"rendered":"<p dir=\"ltr\" data-pm-slice=\"1 1 []\">XTCY Party Caps to naturalne kapsu\u0142ki dodaj\u0105ce energii, kt\u00f3re zapewniaj\u0105 euforyczne uczucie mrowienia podczas ca\u0142onocnych ta\u0144c\u00f3w. Zawieraj\u0105 guaran\u0119, mac\u0119 i L-tyrozyn\u0119, a ka\u017cde opakowanie zawiera 6 kapsu\u0142ek, oferuj\u0105c \u017cywy, naturalny haj dla doros\u0142ych powy\u017cej 18 roku \u017cycia.<\/p>\n<h2 dir=\"ltr\"><\/h2>\n<p><span style=\"font-size: 100%; color: #333333;\">\u00a0<\/span><\/p>","protected":false},"featured_media":13628,"template":"","meta":[],"product_brand":[],"product_cat":[525,297,385,527,529,513,476],"product_tag":[],"class_list":{"0":"post-2257","1":"product","2":"type-product","3":"status-publish","4":"has-post-thumbnail","6":"product_cat-party-pills","7":"product_cat-all-products","8":"product_cat-buy-xtc","9":"product_cat-energy-pills","10":"product_cat-hpa","11":"product_cat-party","12":"product_cat-smartshop","13":"product_shipping_class-not-allowed-group-1","15":"first","16":"instock","17":"taxable","18":"shipping-taxable","19":"purchasable","20":"product-type-variable","21":"has-default-attributes"},"_links":{"self":[{"href":"https:\/\/www.tatanka.nl\/pl\/wp-json\/wp\/v2\/product\/2257","targetHints":{"allow":["GET"]}}],"collection":[{"href":"https:\/\/www.tatanka.nl\/pl\/wp-json\/wp\/v2\/product"}],"about":[{"href":"https:\/\/www.tatanka.nl\/pl\/wp-json\/wp\/v2\/types\/product"}],"wp:featuredmedia":[{"embeddable":true,"href":"https:\/\/www.tatanka.nl\/pl\/wp-json\/wp\/v2\/media\/13628"}],"wp:attachment":[{"href":"https:\/\/www.tatanka.nl\/pl\/wp-json\/wp\/v2\/media?parent=2257"}],"wp:term":[{"taxonomy":"product_brand","embeddable":true,"href":"https:\/\/www.tatanka.nl\/pl\/wp-json\/wp\/v2\/product_brand?post=2257"},{"taxonomy":"product_cat","embeddable":true,"href":"https:\/\/www.tatanka.nl\/pl\/wp-json\/wp\/v2\/product_cat?post=2257"},{"taxonomy":"product_tag","embeddable":true,"href":"https:\/\/www.tatanka.nl\/pl\/wp-json\/wp\/v2\/product_tag?post=2257"}],"curies":[{"name":"wp","href":"https:\/\/api.w.org\/{rel}","templated":true}]}}