{"id":2259,"date":"2017-10-06T14:57:18","date_gmt":"2017-10-06T12:57:18","guid":{"rendered":"http:\/\/www.tatanka.nl\/?post_type=product&#038;p=2259"},"modified":"2025-08-29T10:52:35","modified_gmt":"2025-08-29T09:52:35","slug":"atomic-party-caps","status":"publish","type":"product","link":"https:\/\/www.tatanka.nl\/pl\/atomic-party-caps\/","title":{"rendered":"ATOMIC"},"content":{"rendered":"<h2 dir=\"ltr\" data-pm-slice=\"1 1 []\">Czym s\u0105 nasadki Atomic Party?<\/h2>\n<p dir=\"ltr\">Atomic Party Caps to zio\u0142owe suplementy diety o wysokiej mocy, stworzone z my\u015bl\u0105 o zapewnieniu przyp\u0142ywu naturalnej energii, idealnej dla tych, kt\u00f3rzy chc\u0105 przetrwa\u0107 d\u0142ugie noce ta\u0144ca lub spotka\u0144 towarzyskich. Ka\u017cde opakowanie zawiera 6 kapsu\u0142ek z energetyzuj\u0105cymi sk\u0142adnikami, takimi jak guarana, matheina i L-tyrozyna, kt\u00f3re zwi\u0119kszaj\u0105 wytrzyma\u0142o\u015b\u0107 i koncentracj\u0119. Kapsu\u0142ki Atomic Party Caps, przeznaczone dla os\u00f3b doros\u0142ych w wieku powy\u017cej 18 lat, stanowi\u0105 bezpieczn\u0105, dost\u0119pn\u0105 bez recepty alternatyw\u0119 dla syntetycznych \u015brodk\u00f3w pobudzaj\u0105cych, zapewniaj\u0105c d\u0142ugotrwa\u0142\u0105 energi\u0119 bez sztucznych dodatk\u00f3w. Kapsu\u0142ki dzia\u0142aj\u0105 poprzez zwi\u0119kszenie naturalnej produkcji energii w organizmie, dzi\u0119ki czemu idealnie nadaj\u0105 si\u0119 na imprezy lub wydarzenia o wysokiej energii. Ich naturalny sk\u0142ad zapewnia czysty zastrzyk energii, atrakcyjny dla u\u017cytkownik\u00f3w dbaj\u0105cych o zdrowie, kt\u00f3rzy ceni\u0105 sobie rozwi\u0105zania zio\u0142owe. \u0141atwe w u\u017cyciu i szybko dzia\u0142aj\u0105ce kapsu\u0142ki Atomic Party Caps zapewniaj\u0105 efekty w ci\u0105gu godziny, oferuj\u0105c wygod\u0119 podczas spontanicznych plan\u00f3w. Chocia\u017c nie zast\u0119puj\u0105 zbilansowanej diety, stanowi\u0105 niezawodny spos\u00f3b na utrzymanie witalno\u015bci podczas d\u0142u\u017cszych aktywno\u015bci. Atomic Party Caps \u0142\u0105cz\u0105 w sobie naturalne sk\u0142adniki z naciskiem na bezpiecze\u0144stwo, dzi\u0119ki czemu s\u0105 popularnym wyborem dla os\u00f3b poszukuj\u0105cych przewagi energetycznej w naturalnym, skutecznym formacie.<\/p>\n<h2 dir=\"ltr\">Historia czapek Atomic Party<\/h2>\n<p dir=\"ltr\">Stworzenie Atomic Party Caps odzwierciedla rosn\u0105c\u0105 popularno\u015b\u0107 naturalnych suplement\u00f3w energetycznych w bran\u017cy wellness i imprezowej. Wraz ze wzrostem zapotrzebowania na alternatywy dla syntetycznych stymulant\u00f3w, produkty na bazie zi\u00f3\u0142 zyska\u0142y na popularno\u015bci ze wzgl\u0119du na ich bezpiecze\u0144stwo i skuteczno\u015b\u0107. Opieraj\u0105c si\u0119 na tradycyjnych energetykach, takich jak guarana, u\u017cywana od wiek\u00f3w w Ameryce Po\u0142udniowej ze wzgl\u0119du na swoje stymuluj\u0105ce dzia\u0142anie, Atomic Party Caps zosta\u0142 opracowany w celu zaspokojenia wsp\u00f3\u0142czesnych potrzeb w zakresie trwa\u0142ej energii podczas imprez towarzyskich. W\u0142\u0105czenie sk\u0142adnik\u00f3w takich jak mateina i L-tyrozyna jest zgodne z rosn\u0105cym naciskiem na naturalne, ro\u015blinne rozwi\u0105zania zwi\u0119kszaj\u0105ce wytrzyma\u0142o\u015b\u0107. Wprowadzone z my\u015bl\u0105 o imprezowiczach i aktywnych doros\u0142ych, Atomic Party Caps szybko sta\u0142y si\u0119 znane ze swojej zdolno\u015bci do wspierania ca\u0142onocnej energii bez za\u0142amania zwi\u0105zanego z opcjami syntetycznymi. Rozw\u00f3j produktu k\u0142adzie nacisk na czyste, zio\u0142owe formu\u0142y, odpowiadaj\u0105c na preferencje konsument\u00f3w dotycz\u0105ce suplement\u00f3w wolnych od chemikali\u00f3w. Z biegiem czasu kapsu\u0142ki ewoluowa\u0142y, aby zr\u00f3wnowa\u017cy\u0107 si\u0142\u0119 dzia\u0142ania i bezpiecze\u0144stwo, zapewniaj\u0105c sp\u00f3jne efekty. Ich wzrost odzwierciedla szersze trendy w kierunku holistycznego wellness i naturalnych wzmacniaczy wydajno\u015bci, pozycjonuj\u0105c Atomic Party Caps jako zaufany wyb\u00f3r dla tych, kt\u00f3rzy szukaj\u0105 \u017cywego, naturalnego zastrzyku energii do ta\u0144ca i spotka\u0144 towarzyskich, zakorzenionego w sprawdzonych tradycjach zio\u0142owych.<\/p>\n<h2 dir=\"ltr\">Jak u\u017cywa\u0107 nasadek Atomic Party?<\/h2>\n<p dir=\"ltr\">Stosowanie Atomic Party Caps jest proste i zapewnia szybkie, skuteczne rezultaty. Nale\u017cy przyjmowa\u0107 od 1 do 3 kapsu\u0142ek, popijaj\u0105c szklank\u0105 wody lub soku owocowego na oko\u0142o godzin\u0119 przed po\u017c\u0105danym zastrzykiem energii, np. przed imprez\u0105 lub aktywnym wydarzeniem. Zacznij od jednej kapsu\u0142ki, aby oceni\u0107 swoj\u0105 reakcj\u0119, poniewa\u017c indywidualna wra\u017cliwo\u015b\u0107 jest r\u00f3\u017cna. Nie nale\u017cy przekracza\u0107 3 kapsu\u0142ek w ci\u0105gu 24 godzin, aby unikn\u0105\u0107 nadmiernego pobudzenia. Naturalne sk\u0142adniki, takie jak guarana i mateina, zwi\u0119kszaj\u0105 energi\u0119 i koncentracj\u0119, dzi\u0119ki czemu idealnie nadaj\u0105 si\u0119 do d\u0142u\u017cszego ta\u0144ca lub spotka\u0144 towarzyskich. Kapsu\u0142ki Atomic Party Caps nale\u017cy przechowywa\u0107 w ch\u0142odnym i suchym miejscu, aby zachowa\u0107 ich skuteczno\u015b\u0107. Unikaj \u0142\u0105czenia z alkoholem, lekami lub innymi stymulantami i nie stosuj, je\u015bli masz schorzenia, takie jak wysokie ci\u015bnienie krwi lub problemy z sercem. Kapsu\u0142ki dzia\u0142aj\u0105 szybko, zapewniaj\u0105c trwa\u0142y przyp\u0142yw energii w ci\u0105gu godziny. Zawsze nale\u017cy przestrzega\u0107 zalecanej dawki i skonsultowa\u0107 si\u0119 z lekarzem, je\u015bli nie ma pewno\u015bci co do zgodno\u015bci. Atomic Party Caps oferuje wygodny, naturalny spos\u00f3b na utrzymanie energii, pozwalaj\u0105c cieszy\u0107 si\u0119 chwilami wysokiej energii bez syntetycznych dodatk\u00f3w. Prawid\u0142owe stosowanie zapewnia bezpieczne, \u017cywe doznania, zwi\u0119kszaj\u0105c wytrzyma\u0142o\u015b\u0107 na niezapomniane noce.<\/p>\n<h2 dir=\"ltr\">Sk\u0142adniki Atomic Party Caps<\/h2>\n<p dir=\"ltr\">Atomic Party Caps zawiera siln\u0105 mieszank\u0119 naturalnych sk\u0142adnik\u00f3w zaprojektowanych w celu zwi\u0119kszenia energii i wytrzyma\u0142o\u015bci. Ka\u017cda kapsu\u0142ka zawiera L-tyrozyn\u0119, aminokwas wspomagaj\u0105cy koncentracj\u0119 umys\u0142ow\u0105; ekstrakt z \u017ce\u0144-szenia Peruaanse i guarany, znane ze swoich w\u0142a\u015bciwo\u015bci pobudzaj\u0105cych; mathein\u0119, naturalny \u015brodek energetyzuj\u0105cy; 2-sulfoetyloamin\u0119 wspomagaj\u0105c\u0105 metabolizm; chrom wspomagaj\u0105cy regulacj\u0119 energii; oraz kwas nikotynowy (niacyn\u0119) poprawiaj\u0105cy kr\u0105\u017cenie. Dok\u0142adne proporcje s\u0105 starannie wywa\u017cone, aby zapewni\u0107 bezpiecze\u0144stwo i skuteczno\u015b\u0107, bez syntetycznych dodatk\u00f3w. Sk\u0142adniki te czerpi\u0105 z tradycyjnej wiedzy zielarskiej, z guaran\u0105 i \u017ce\u0144-szeniem stosowanymi od wiek\u00f3w w celu promowania witalno\u015bci. Kapsu\u0142ki zosta\u0142y opracowane z my\u015bl\u0105 o szybkim wch\u0142anianiu, zapewniaj\u0105c efekty w ci\u0105gu godziny. Przechowywa\u0107 w ch\u0142odnym, suchym miejscu, aby zachowa\u0107 jako\u015b\u0107. Atomic Party Caps s\u0105 przeznaczone dla os\u00f3b doros\u0142ych poszukuj\u0105cych naturalnego zastrzyku energii bez ryzyka zwi\u0105zanego z syntetycznymi stymulantami. Zio\u0142owa mieszanka zapewnia d\u0142ugotrwa\u0142\u0105 energi\u0119, dzi\u0119ki czemu idealnie nadaje si\u0119 do ta\u0144ca lub spotka\u0144 towarzyskich. U\u017cytkownicy z alergiami lub schorzeniami powinni sprawdzi\u0107 kompatybilno\u015b\u0107 przed u\u017cyciem. Ta naturalna formu\u0142a stawia na czyste, skuteczne sk\u0142adniki, oferuj\u0105c niezawodny spos\u00f3b na zwi\u0119kszenie wydajno\u015bci, jednocze\u015bnie dostosowuj\u0105c si\u0119 do preferencji holistycznych, ro\u015blinnych suplement\u00f3w dla aktywnego stylu \u017cycia.<\/p>\n<p dir=\"ltr\"><strong>Ostrze\u017cenie<\/strong><br \/>\nAtomic Party Caps s\u0105 przeznaczone wy\u0142\u0105cznie dla os\u00f3b doros\u0142ych w wieku 18 lat i starszych. Nie stosowa\u0107 w przypadku wysokiego lub niskiego ci\u015bnienia krwi, chor\u00f3b serca lub nerek, problem\u00f3w z tarczyc\u0105, cukrzycy, depresji lub nerwowo\u015bci, a tak\u017ce w przypadku ci\u0105\u017cy, karmienia piersi\u0105, przyjmowania inhibitor\u00f3w MAO lub innych lek\u00f3w. Unika\u0107 \u0142\u0105czenia z alkoholem lub innymi u\u017cywkami. Przerwa\u0107 stosowanie, je\u015bli wyst\u0105pi\u0105 dzia\u0142ania niepo\u017c\u0105dane, takie jak nerwowo\u015b\u0107 lub dyskomfort, i skonsultowa\u0107 si\u0119 z lekarzem, je\u015bli nie ma pewno\u015bci co do zgodno\u015bci. Przechowywa\u0107 w miejscu niedost\u0119pnym dla dzieci, w ch\u0142odnym i suchym miejscu. Ten produkt nie zast\u0119puje zr\u00f3\u017cnicowanej diety. Na podstawie jego stosowania nie mo\u017cna wysuwa\u0107 \u017cadnych praw ani roszcze\u0144.<\/p>","protected":false},"excerpt":{"rendered":"<p dir=\"ltr\" data-pm-slice=\"1 1 []\">Atomic Party Caps to naturalny wzmacniacz energii pe\u0142en sk\u0142adnik\u00f3w takich jak guarana i matheina, przeznaczony do ca\u0142onocnych ta\u0144c\u00f3w. Ka\u017cde opakowanie zawiera 6 kapsu\u0142ek, oferuj\u0105c bezpieczny, zio\u0142owy spos\u00f3b na zwi\u0119kszenie wytrzyma\u0142o\u015bci i witalno\u015bci dla os\u00f3b doros\u0142ych powy\u017cej 18 roku \u017cycia.<\/p>","protected":false},"featured_media":13638,"template":"","meta":[],"product_brand":[],"product_cat":[525,297,385,527,529,513,476],"product_tag":[],"class_list":{"0":"post-2259","1":"product","2":"type-product","3":"status-publish","4":"has-post-thumbnail","6":"product_cat-party-pills","7":"product_cat-all-products","8":"product_cat-buy-xtc","9":"product_cat-energy-pills","10":"product_cat-hpa","11":"product_cat-party","12":"product_cat-smartshop","13":"product_shipping_class-not-allowed-group-1","15":"first","16":"instock","17":"taxable","18":"shipping-taxable","19":"purchasable","20":"product-type-variable","21":"has-default-attributes"},"_links":{"self":[{"href":"https:\/\/www.tatanka.nl\/pl\/wp-json\/wp\/v2\/product\/2259","targetHints":{"allow":["GET"]}}],"collection":[{"href":"https:\/\/www.tatanka.nl\/pl\/wp-json\/wp\/v2\/product"}],"about":[{"href":"https:\/\/www.tatanka.nl\/pl\/wp-json\/wp\/v2\/types\/product"}],"wp:featuredmedia":[{"embeddable":true,"href":"https:\/\/www.tatanka.nl\/pl\/wp-json\/wp\/v2\/media\/13638"}],"wp:attachment":[{"href":"https:\/\/www.tatanka.nl\/pl\/wp-json\/wp\/v2\/media?parent=2259"}],"wp:term":[{"taxonomy":"product_brand","embeddable":true,"href":"https:\/\/www.tatanka.nl\/pl\/wp-json\/wp\/v2\/product_brand?post=2259"},{"taxonomy":"product_cat","embeddable":true,"href":"https:\/\/www.tatanka.nl\/pl\/wp-json\/wp\/v2\/product_cat?post=2259"},{"taxonomy":"product_tag","embeddable":true,"href":"https:\/\/www.tatanka.nl\/pl\/wp-json\/wp\/v2\/product_tag?post=2259"}],"curies":[{"name":"wp","href":"https:\/\/api.w.org\/{rel}","templated":true}]}}