{"id":2260,"date":"2020-12-01T15:02:36","date_gmt":"2020-12-01T13:02:36","guid":{"rendered":"http:\/\/www.tatanka.nl\/?post_type=product&#038;p=2260"},"modified":"2025-10-08T12:49:38","modified_gmt":"2025-10-08T11:49:38","slug":"euphory-e-happy-caps","status":"publish","type":"product","link":"https:\/\/www.tatanka.nl\/pl\/euphory-e-happy-caps\/","title":{"rendered":"Euphory-E"},"content":{"rendered":"<h2 dir=\"ltr\" data-pm-slice=\"1 1 []\">Co to s\u0105 Happy Caps Euphory-E?<\/h2>\n<p dir=\"ltr\">Happy Caps Euphory-E to naturalny suplement diety stworzony z my\u015bl\u0105 o zapewnieniu szcz\u0119\u015bcia i relaksu osobom doros\u0142ym. Ka\u017cde opakowanie zawiera 4 wegetaria\u0144skie kapsu\u0142ki, \u0142\u0105cz\u0105ce ekstrakt Kanna, guaran\u0119 i inne naturalne sk\u0142adniki, aby zapewni\u0107 euforyczne, poprawiaj\u0105ce nastr\u00f3j doznania. Idealny na spotkania towarzyskie lub chwile relaksu, Happy Caps Euphory-E sprzyja poczuciu rado\u015bci, spokoju i wi\u0119zi, sprawiaj\u0105c, \u017ce u\u017cytkownicy czuj\u0105 si\u0119 podniesieni na duchu i gotowi do u\u015bmiechu. Kapsu\u0142ki na bazie ro\u015blin zapewniaj\u0105 dost\u0119pno\u015b\u0107, podczas gdy formu\u0142a koncentruje si\u0119 na naturalnych stymulantach, takich jak Kanna, promuj\u0105c \u0142agodny, podnosz\u0105cy na duchu efekt bez syntetycznych dodatk\u00f3w. Idealny dla tych, kt\u00f3rzy szukaj\u0105 lekkiej, b\u0142ogiej ucieczki, Happy Caps Euphory-E jest zgodny z zaanga\u017cowaniem marki w holistyczne dobre samopoczucie i jako\u015b\u0107. Jego zr\u00f3wnowa\u017cona mieszanka wspiera energi\u0119 i relaks, z odrobin\u0105 mi\u0142o\u015bci, tworz\u0105c wszechstronny suplement poprawiaj\u0105cy codzienne chwile lub specjalne okazje. Produkt ten jest najlepszym wyborem dla doros\u0142ych, kt\u00f3rzy chc\u0105 odpowiedzialnie korzysta\u0107 z radosnego, naturalnego haju, oferuj\u0105c wyj\u0105tkowe, dobre samopoczucie zakorzenione w tradycyjnej m\u0105dro\u015bci zio\u0142owej.<\/p>\n<h2 dir=\"ltr\">Historia Happy Caps Euphory-E<\/h2>\n<p dir=\"ltr\">Happy Caps Euphory-E, niegdy\u015b znany jako Smile-E, zosta\u0142 opracowany przez Happy Caps w celu zaspokojenia popytu na naturalne suplementy poprawiaj\u0105ce nastr\u00f3j. Wprowadzony na rynek w 2000 roku, czerpa\u0142 z tradycyjnego stosowania Kanna, po\u0142udniowoafryka\u0144skiego zio\u0142a znanego z euforycznych i uspokajaj\u0105cych efekt\u00f3w, aby stworzy\u0107 nowoczesny produkt wellness. Pocz\u0105tkowo popularny w\u015br\u00f3d os\u00f3b poszukuj\u0105cych zio\u0142owych alternatyw, Happy Caps Euphory-E zyska\u0142 popularno\u015b\u0107, gdy konsumenci szukali bezpiecznych, naturalnych sposob\u00f3w na zwi\u0119kszenie szcz\u0119\u015bcia i relaksu. Z biegiem czasu marka udoskonali\u0142a formu\u0142\u0119, dodaj\u0105c guaran\u0119 dla energii i wegetaria\u0144skie kapsu\u0142ki dla szerszej atrakcyjno\u015bci, zapewniaj\u0105c zar\u00f3wno skuteczno\u015b\u0107, jak i inkluzywno\u015b\u0107. Ta ewolucja odzwierciedla zaanga\u017cowanie Happy Caps w \u0142\u0105czenie staro\u017cytnych tradycji zio\u0142owych ze wsp\u00f3\u0142czesnymi potrzebami, stawiaj\u0105c na pierwszym miejscu jako\u015b\u0107 i przejrzysto\u015b\u0107. Happy Caps Euphory-E sta\u0142 si\u0119 ukochan\u0105 opcj\u0105 na rynku suplement\u00f3w, rezonuj\u0105c z u\u017cytkownikami, kt\u00f3rzy ceni\u0105 jego zdolno\u015b\u0107 do inspirowania rado\u015bci bez syntetycznych stymulant\u00f3w. Jego historia odzwierciedla szersz\u0105 zmian\u0119 w kierunku holistycznego wellness, oferuj\u0105c produkt, kt\u00f3ry umo\u017cliwia u\u017cytkownikom przyj\u0119cie radosnego, zrelaksowanego stanu, \u0142\u0105cz\u0105c dziedzictwo kulturowe z nowoczesnymi innowacjami, zapewniaj\u0105c wyj\u0105tkowo podnosz\u0105ce na duchu do\u015bwiadczenie.<\/p>\n<h2 dir=\"ltr\">Jak u\u017cywa\u0107 Happy Caps Euphory-E<\/h2>\n<p dir=\"ltr\">Stosowanie Happy Caps Euphory-E jest proste i ma na celu promowanie radosnego, zrelaksowanego stanu. Przyjmuj 1 lub 2 kapsu\u0142ki popijaj\u0105c szklank\u0105 wody 45 minut przed po\u017c\u0105danym efektem, najlepiej na pusty \u017co\u0142\u0105dek, aby zwi\u0119kszy\u0107 wch\u0142anianie. Naturalne sk\u0142adniki, takie jak Kanna, aktywuj\u0105 si\u0119, zapewniaj\u0105c euforyczne i uspokajaj\u0105ce doznania. Nie nale\u017cy przekracza\u0107 zalecanej dawki 2 kapsu\u0142ek dziennie, aby zapewni\u0107 bezpiecze\u0144stwo. Wegetaria\u0144skie kapsu\u0142ki s\u0105 \u0142atwe do po\u0142kni\u0119cia, co czyni je wygodnymi w sytuacjach towarzyskich lub podczas osobistego relaksu. Opakowanie nale\u017cy przechowywa\u0107 w ch\u0142odnym, suchym miejscu, aby zachowa\u0107 moc. Happy Caps Euphory-E jest przeznaczony do stosowania przez osoby doros\u0142e, idealny do poprawy nastroju i towarzysko\u015bci podczas spotka\u0144 lub spokojnych chwil. Unikaj \u0142\u0105czenia z alkoholem, lekami lub stymulantami, aby zapobiec interakcjom. Przestrzegaj\u0105c tych wytycznych, u\u017cytkownicy mog\u0105 w pe\u0142ni cieszy\u0107 si\u0119 podnosz\u0105cym na duchu dzia\u0142aniem suplementu, sprzyjaj\u0105cym poczuciu szcz\u0119\u015bcia i spokoju. Takie proste podej\u015bcie zapewnia bezpieczny i skuteczny spos\u00f3b na naturaln\u0105 popraw\u0119 nastroju, tworz\u0105c b\u0142ogie chwile z \u0142atwo\u015bci\u0105 i wywo\u0142uj\u0105c u\u015bmiech i dobre samopoczucie.<\/p>\n<h2 dir=\"ltr\">Sk\u0142adniki Happy Caps Euphory-E<\/h2>\n<p dir=\"ltr\">Happy Caps Euphory-E zawiera naturaln\u0105 mieszank\u0119 promuj\u0105c\u0105 eufori\u0119 i relaks. Ka\u017cda wegetaria\u0144ska kapsu\u0142ka zawiera guaran\u0119 (150 mg, 30% kofeiny) dla energii, ekstrakt Kanna 10x (110 mg) dla poprawy nastroju, teobromin\u0119 (50 mg) dla delikatnej stymulacji i synefryn\u0119 (20 mg) dla skupienia. Dodatkowe sk\u0142adniki obejmuj\u0105 stearynian magnezu, dwutlenek wapnia i E959 jako stabilizatory, zapewniaj\u0105ce jako\u015b\u0107 kapsu\u0142ki. Kapsu\u0142ka jest wykonana z hydroksypropylometylocelulozy, materia\u0142u ro\u015blinnego odpowiedniego dla wegetarian, wolnego od sk\u0142adnik\u00f3w pochodzenia zwierz\u0119cego. Nie stosuje si\u0119 \u017cadnych syntetycznych dodatk\u00f3w, stawiaj\u0105c na pierwszym miejscu czysto\u015b\u0107 i bezpiecze\u0144stwo. Sk\u0142adniki s\u0105 pozyskiwane w spos\u00f3b odpowiedzialny, zgodnie z rygorystycznymi standardami jako\u015bci. Ta mieszanka pobudza energi\u0119, relaksuje i daje poczucie mi\u0142o\u015bci, z \u0142agodnym efektem psychodelicznym, idealnym do spotka\u0144 towarzyskich lub osobistych. Przejrzysta formu\u0142a Happy Caps Euphory-E przemawia do u\u017cytkownik\u00f3w poszukuj\u0105cych naturalnych suplement\u00f3w, wspieraj\u0105cych radosne doznania przy jednoczesnym zachowaniu holistycznego dobrostanu. Starannie zbilansowane sk\u0142adniki zapewniaj\u0105 niezawodny, podnosz\u0105cy na duchu efekt, dzi\u0119ki czemu jest to zaufany wyb\u00f3r dla os\u00f3b doros\u0142ych, kt\u00f3re ceni\u0105 zr\u00f3wnowa\u017cone pozyskiwanie i jako\u015b\u0107 w d\u0105\u017ceniu do radosnego, zrelaksowanego stanu z naturalnym, wywo\u0142uj\u0105cym u\u015bmiech zastrzykiem energii.<\/p>\n<p dir=\"ltr\"><strong>Ostrze\u017cenie<\/strong><br \/>\nHappy Caps Euphory-E nie jest przeznaczony dla os\u00f3b poni\u017cej 18 roku \u017cycia. Nie stosowa\u0107 jako substytutu zr\u00f3\u017cnicowanej diety ani w po\u0142\u0105czeniu z lekami, u\u017cywkami lub nadmiern\u0105 ilo\u015bci\u0105 alkoholu. Unika\u0107 w przypadku wysokiego\/niskiego ci\u015bnienia krwi, chor\u00f3b serca, ci\u0105\u017cy, karmienia piersi\u0105, problem\u00f3w z tarczyc\u0105, chor\u00f3b nerek, depresji, nerwowo\u015bci lub stosowania inhibitor\u00f3w MAO. Przechowywa\u0107 w miejscu niedost\u0119pnym dla dzieci i nie przekracza\u0107 zalecanej dawki. Skonsultuj si\u0119 z pracownikiem s\u0142u\u017cby zdrowia, je\u015bli nie masz pewno\u015bci co do zgodno\u015bci z twoimi warunkami zdrowotnymi. U\u017cywaj odpowiedzialnie.<\/p>","protected":false},"excerpt":{"rendered":"<p><span style=\"font-size: 100%; color: #333333;\"><strong>Happy Caps: <\/strong>\"Najszcz\u0119\u015bliwsza\" czapka by\u0142a wcze\u015bniej znana jako Smile-E. B\u0142ogie efekty sprawi\u0105, \u017ce b\u0119dziesz chcia\u0142 si\u0119 szeroko u\u015bmiecha\u0107! Euphory-E sprawia, \u017ce czujesz si\u0119 szcz\u0119\u015bliwy i euforyczny dzi\u0119ki g\u0142\u00f3wnemu sk\u0142adnikowi Kanna, zio\u0142owi z Po\u0142udniowej Afryki o lekko stymuluj\u0105cym, ale przede wszystkim relaksuj\u0105cym dzia\u0142aniu.<\/span><\/p>\n<p>Energia <strong>****<\/strong><br \/>\nKoncentracja <strong>**<\/strong><br \/>\nRelaxation <strong>****<\/strong><br \/>\nMi\u0142o\u015b\u0107 <strong>***<\/strong><br \/>\nPsychodeliczny <strong>**<\/strong><\/p>","protected":false},"featured_media":58044,"template":"","meta":[],"product_brand":[],"product_cat":[528,297,385,527,513,525,476],"product_tag":[],"class_list":{"0":"post-2260","1":"product","2":"type-product","3":"status-publish","4":"has-post-thumbnail","6":"product_cat-happy-caps","7":"product_cat-all-products","8":"product_cat-buy-xtc","9":"product_cat-energy-pills","10":"product_cat-party","11":"product_cat-party-pills","12":"product_cat-smartshop","13":"product_shipping_class-not-allowed-group-1","15":"first","16":"instock","17":"taxable","18":"shipping-taxable","19":"purchasable","20":"product-type-simple"},"_links":{"self":[{"href":"https:\/\/www.tatanka.nl\/pl\/wp-json\/wp\/v2\/product\/2260","targetHints":{"allow":["GET"]}}],"collection":[{"href":"https:\/\/www.tatanka.nl\/pl\/wp-json\/wp\/v2\/product"}],"about":[{"href":"https:\/\/www.tatanka.nl\/pl\/wp-json\/wp\/v2\/types\/product"}],"wp:featuredmedia":[{"embeddable":true,"href":"https:\/\/www.tatanka.nl\/pl\/wp-json\/wp\/v2\/media\/58044"}],"wp:attachment":[{"href":"https:\/\/www.tatanka.nl\/pl\/wp-json\/wp\/v2\/media?parent=2260"}],"wp:term":[{"taxonomy":"product_brand","embeddable":true,"href":"https:\/\/www.tatanka.nl\/pl\/wp-json\/wp\/v2\/product_brand?post=2260"},{"taxonomy":"product_cat","embeddable":true,"href":"https:\/\/www.tatanka.nl\/pl\/wp-json\/wp\/v2\/product_cat?post=2260"},{"taxonomy":"product_tag","embeddable":true,"href":"https:\/\/www.tatanka.nl\/pl\/wp-json\/wp\/v2\/product_tag?post=2260"}],"curies":[{"name":"wp","href":"https:\/\/api.w.org\/{rel}","templated":true}]}}