{"id":2261,"date":"2020-12-01T15:04:21","date_gmt":"2020-12-01T13:04:21","guid":{"rendered":"http:\/\/www.tatanka.nl\/?post_type=product&#038;p=2261"},"modified":"2025-07-11T13:05:08","modified_gmt":"2025-07-11T12:05:08","slug":"energy-e-happy-caps","status":"publish","type":"product","link":"https:\/\/www.tatanka.nl\/pl\/energy-e-happy-caps\/","title":{"rendered":"Energy-E"},"content":{"rendered":"<h2 dir=\"ltr\" data-pm-slice=\"1 1 []\">Co to s\u0105 Happy Caps Energy-E?<\/h2>\n<p dir=\"ltr\">Happy Caps Energy-E to dynamiczny suplement diety stworzony z my\u015bl\u0105 o zapewnieniu osobom doros\u0142ym energii i entuzjazmu podczas spotka\u0144 towarzyskich. Ka\u017cde opakowanie zawiera 4 kapsu\u0142ki, \u0142\u0105cz\u0105ce pot\u0119\u017cne sk\u0142adniki, takie jak beta alanina, L-arginina i guarana, aby zapewni\u0107 przyp\u0142yw witalno\u015bci, skupienia i towarzysko\u015bci. Idealny na d\u0142ugie noce ta\u0144ca lub spotka\u0144 towarzyskich, Happy Caps Energy-E poprawia wytrzyma\u0142o\u015b\u0107 i nastr\u00f3j bez polegania na syntetycznych stymulantach. Przyjazna dla wegetarian formu\u0142a zapewnia dost\u0119pno\u015b\u0107, a starannie dobrane sk\u0142adniki promuj\u0105 zr\u00f3wnowa\u017cone, wysokoenergetyczne doznania z odrobin\u0105 po\u0142\u0105czenia. Zaprojektowany dla tych, kt\u00f3rzy chc\u0105 pozosta\u0107 na\u0142adowani i nieskr\u0119powani, Happy Caps Energy-E jest zgodny z zaanga\u017cowaniem marki w jako\u015b\u0107 i naturalne samopoczucie. Jego unikalna mieszanka wspomaga koncentracj\u0119 i \u0142agodne poczucie mi\u0142o\u015bci, dzi\u0119ki czemu idealnie nadaje si\u0119 na t\u0119tni\u0105ce \u017cyciem spotkania. Suplement ten jest najlepszym wyborem dla os\u00f3b doros\u0142ych poszukuj\u0105cych naturalnego, niezawodnego sposobu na wzmocnienie energii podczas uroczysto\u015bci, oferuj\u0105c energetyzuj\u0105ce, anga\u017cuj\u0105ce do\u015bwiadczenie, kt\u00f3re podnosi rang\u0119 ka\u017cdej \u015bwi\u0105tecznej okazji.<\/p>\n<h2 dir=\"ltr\">Historia Happy Caps Energy-E<\/h2>\n<p dir=\"ltr\">Happy Caps Energy-E zosta\u0142 wprowadzony na rynek w ramach misji firmy Happy Caps polegaj\u0105cej na tworzeniu naturalnych suplement\u00f3w, kt\u00f3re zwi\u0119kszaj\u0105 doznania rekreacyjne i spo\u0142eczne. Wprowadzony na rynek w 2000 roku, wykorzysta\u0142 rosn\u0105ce zapotrzebowanie na zio\u0142owe wzmacniacze energii, czerpi\u0105c ze sk\u0142adnik\u00f3w takich jak guarana i rhodiola rosea, tradycyjnie stosowanych ze wzgl\u0119du na ich w\u0142a\u015bciwo\u015bci stymuluj\u0105ce. Pocz\u0105tkowo popularny w\u015br\u00f3d entuzjast\u00f3w nocnego \u017cycia, Happy Caps Energy-E zyska\u0142 szersz\u0105 popularno\u015b\u0107, poniewa\u017c konsumenci szukali naturalnych alternatyw dla syntetycznych \u015brodk\u00f3w wspomagaj\u0105cych energi\u0119. Z czasem marka udoskonali\u0142a formu\u0142\u0119, wprowadzaj\u0105c zbilansowan\u0105 mieszank\u0119 aminokwas\u00f3w, witamin i zi\u00f3\u0142, aby zapewni\u0107 bezpiecze\u0144stwo i skuteczno\u015b\u0107, jednocze\u015bnie przyjmuj\u0105c wegetaria\u0144skie kapsu\u0142ki dla integracji. Ta ewolucja odzwierciedla zaanga\u017cowanie Happy Caps w \u0142\u0105czenie tradycyjnej wiedzy o zio\u0142ach z nowoczesn\u0105 nauk\u0105 o suplementach, zaspokajaj\u0105c potrzeby aktywnych, towarzyskich doros\u0142ych. Happy Caps Energy-E sta\u0142 si\u0119 zaufan\u0105 mark\u0105 na rynku suplement\u00f3w, uosabiaj\u0105c\u0105 zaanga\u017cowanie marki w jako\u015b\u0107, przejrzysto\u015b\u0107 i innowacyjno\u015b\u0107. Jej historia odzwierciedla zmian\u0119 kulturow\u0105 w kierunku holistycznego wellness, oferuj\u0105c produkt, kt\u00f3ry pozwala u\u017cytkownikom zachowa\u0107 energi\u0119 i zaanga\u017cowanie podczas uroczysto\u015bci, \u0142\u0105cz\u0105c staro\u017cytne \u015brodki zaradcze ze wsp\u00f3\u0142czesnymi wymaganiami dotycz\u0105cymi \u017cywego, naturalnego zastrzyku energii.<\/p>\n<h2 dir=\"ltr\">Jak u\u017cywa\u0107 Happy Caps Energy-E<\/h2>\n<p dir=\"ltr\">Stosowanie Happy Caps Energy-E jest proste i zoptymalizowane pod k\u0105tem trwa\u0142ej energii. Przyjmowa\u0107 1 do 2 kapsu\u0142ek popijaj\u0105c szklank\u0105 wody oko\u0142o 45 minut przed po\u017c\u0105danym efektem, najlepiej na pusty \u017co\u0142\u0105dek, aby zwi\u0119kszy\u0107 wch\u0142anianie. Odczekaj, a\u017c sk\u0142adniki si\u0119 aktywuj\u0105, zapewniaj\u0105c popraw\u0119 wytrzyma\u0142o\u015bci i nastroju. Nie nale\u017cy przekracza\u0107 maksymalnej dawki 2 kapsu\u0142ek w ci\u0105gu 24 godzin, aby zapewni\u0107 bezpiecze\u0144stwo. Kapsu\u0142ki s\u0105 \u0142atwe do po\u0142kni\u0119cia, dzi\u0119ki czemu s\u0105 wygodne w sytuacjach towarzyskich, takich jak imprezy lub wydarzenia. Opakowanie nale\u017cy przechowywa\u0107 w ch\u0142odnym, suchym miejscu, aby zachowa\u0107 moc. Happy Caps Energy-E jest przeznaczony do u\u017cytku przez osoby doros\u0142e, idealny na d\u0142ugie noce ta\u0144ca lub spotka\u0144 towarzyskich. Unikaj \u0142\u0105czenia z alkoholem, lekami lub innymi stymulantami, aby zapobiec interakcjom. Przestrzegaj\u0105c tych wytycznych, u\u017cytkownicy mog\u0105 w pe\u0142ni cieszy\u0107 si\u0119 energetyzuj\u0105cymi efektami, wzmacniaj\u0105c swoje \u015bwi\u0105teczne doznania naturalnym, \u017cywym zastrzykiem energii. Takie proste podej\u015bcie zapewnia bezpieczny i skuteczny spos\u00f3b na pozostanie na\u0142adowanym i nieskr\u0119powanym, tworz\u0105c niezapomniane chwile z trwa\u0142\u0105 energi\u0105, skupieniem i \u017cywym, po\u0142\u0105czonym imprezowym klimatem.<\/p>\n<h2 dir=\"ltr\">Sk\u0142adniki Happy Caps Energy-E<\/h2>\n<p dir=\"ltr\">Happy Caps Energy-E zawiera solidn\u0105 mieszank\u0119 naturalnych sk\u0142adnik\u00f3w, kt\u00f3re zwi\u0119kszaj\u0105 energi\u0119 i wytrzyma\u0142o\u015b\u0107. Ka\u017cda kapsu\u0142ka zawiera beta alanin\u0119 (390 mg) dla wytrzyma\u0142o\u015bci, L-arginin\u0119 (180 mg) dla poprawy przep\u0142ywu krwi, L-karnityn\u0119 dla metabolizmu energetycznego, r\u00f3\u017ceniec g\u00f3rski (160 mg) dla odporno\u015bci na stres, guaran\u0119 (160 mg) dla pobudzenia, bioperyn\u0119 (80 mg) dla zwi\u0119kszenia wch\u0142aniania, kompleks witamin i minera\u0142\u00f3w (40 mg) dla witalno\u015bci oraz kompleks aminokwas\u00f3w (15 mg) dla og\u00f3lnego wsparcia. Kapsu\u0142ki s\u0105 wykonane z przyjaznej dla wegetarian hydroksypropylometylocelulozy, dzi\u0119ki czemu nie zawieraj\u0105 sk\u0142adnik\u00f3w pochodzenia zwierz\u0119cego. Wolna od syntetycznych stymulant\u00f3w formu\u0142a stawia na czysto\u015b\u0107 i skuteczno\u015b\u0107, a sk\u0142adniki pochodz\u0105 od renomowanych dostawc\u00f3w przestrzegaj\u0105cych surowych standard\u00f3w jako\u015bci. Mieszanka ta promuje wysok\u0105 energi\u0119, \u0142agodn\u0105 koncentracj\u0119 i poczucie wi\u0119zi, idealne w sytuacjach towarzyskich. Przejrzysty profil sk\u0142adnik\u00f3w Happy Caps Energy-E przemawia do u\u017cytkownik\u00f3w poszukuj\u0105cych naturalnych suplement\u00f3w, wspieraj\u0105cych \u017cywe do\u015bwiadczenia przy jednoczesnym zachowaniu holistycznego samopoczucia. Starannie zbilansowane sk\u0142adniki zapewniaj\u0105 niezawodny, podnosz\u0105cy na duchu efekt, dzi\u0119ki czemu jest to zaufany wyb\u00f3r dla os\u00f3b doros\u0142ych, kt\u00f3re ceni\u0105 zr\u00f3wnowa\u017cone pozyskiwanie i jako\u015b\u0107 w d\u0105\u017ceniu do energetyzuj\u0105cego, anga\u017cuj\u0105cego \u015bwi\u0119towania.<\/p>\n<p dir=\"ltr\"><strong>Ostrze\u017cenie<\/strong><br \/>\nHappy Caps Energy-E nie jest przeznaczony dla os\u00f3b poni\u017cej 18 roku \u017cycia. Nie stosowa\u0107 jako substytutu zr\u00f3\u017cnicowanej diety lub w po\u0142\u0105czeniu z lekami, u\u017cywkami lub nadmiern\u0105 ilo\u015bci\u0105 alkoholu. Unika\u0107 w przypadku wysokiego\/niskiego ci\u015bnienia krwi, chor\u00f3b serca, ci\u0105\u017cy, karmienia piersi\u0105, problem\u00f3w z tarczyc\u0105, chor\u00f3b nerek, depresji, nerwowo\u015bci lub stosowania inhibitor\u00f3w MAO. Przechowywa\u0107 w miejscu niedost\u0119pnym dla dzieci i nie przekracza\u0107 maksymalnej dawki 2 kapsu\u0142ek na 24 godziny. Skonsultuj si\u0119 z pracownikiem s\u0142u\u017cby zdrowia, je\u015bli nie masz pewno\u015bci co do zgodno\u015bci z Twoimi warunkami zdrowotnymi. U\u017cywaj odpowiedzialnie.<\/p>","protected":false},"excerpt":{"rendered":"<p><strong>Happy Caps: <\/strong>Nazwa m\u00f3wi sama za siebie. Z Energy-E czujesz si\u0119 na\u0142adowany i nieskr\u0119powany przez ca\u0142\u0105 noc. Ta\u0144cz, rozmawiaj, Party, po prostu id\u017a i id\u017a. Zwi\u0119ksz sw\u00f3j poziom energii ju\u017c teraz!<\/p>\n<p>Energia *****<br \/>\nSt\u0119\u017cenie ***<br \/>\nRelaxation *<br \/>\nMi\u0142o\u015b\u0107 ***<br \/>\nPsychodeliczny *<\/p>","protected":false},"featured_media":58043,"template":"","meta":[],"product_brand":[],"product_cat":[528,297,385,527,513,525,476],"product_tag":[],"class_list":{"0":"post-2261","1":"product","2":"type-product","3":"status-publish","4":"has-post-thumbnail","6":"product_cat-happy-caps","7":"product_cat-all-products","8":"product_cat-buy-xtc","9":"product_cat-energy-pills","10":"product_cat-party","11":"product_cat-party-pills","12":"product_cat-smartshop","14":"first","15":"instock","16":"taxable","17":"shipping-taxable","18":"purchasable","19":"product-type-simple"},"_links":{"self":[{"href":"https:\/\/www.tatanka.nl\/pl\/wp-json\/wp\/v2\/product\/2261","targetHints":{"allow":["GET"]}}],"collection":[{"href":"https:\/\/www.tatanka.nl\/pl\/wp-json\/wp\/v2\/product"}],"about":[{"href":"https:\/\/www.tatanka.nl\/pl\/wp-json\/wp\/v2\/types\/product"}],"wp:featuredmedia":[{"embeddable":true,"href":"https:\/\/www.tatanka.nl\/pl\/wp-json\/wp\/v2\/media\/58043"}],"wp:attachment":[{"href":"https:\/\/www.tatanka.nl\/pl\/wp-json\/wp\/v2\/media?parent=2261"}],"wp:term":[{"taxonomy":"product_brand","embeddable":true,"href":"https:\/\/www.tatanka.nl\/pl\/wp-json\/wp\/v2\/product_brand?post=2261"},{"taxonomy":"product_cat","embeddable":true,"href":"https:\/\/www.tatanka.nl\/pl\/wp-json\/wp\/v2\/product_cat?post=2261"},{"taxonomy":"product_tag","embeddable":true,"href":"https:\/\/www.tatanka.nl\/pl\/wp-json\/wp\/v2\/product_tag?post=2261"}],"curies":[{"name":"wp","href":"https:\/\/api.w.org\/{rel}","templated":true}]}}