{"id":2262,"date":"2020-12-01T15:08:41","date_gmt":"2020-12-01T13:08:41","guid":{"rendered":"http:\/\/www.tatanka.nl\/?post_type=product&#038;p=2262"},"modified":"2025-07-11T13:04:02","modified_gmt":"2025-07-11T12:04:02","slug":"space-e-happy-caps","status":"publish","type":"product","link":"https:\/\/www.tatanka.nl\/pl\/space-e-happy-caps\/","title":{"rendered":"Space-E"},"content":{"rendered":"<h2 dir=\"ltr\" data-pm-slice=\"1 1 []\">Czym s\u0105 Happy Caps Space-E?<\/h2>\n<p dir=\"ltr\">Happy Caps Space-E to dynamiczny suplement diety stworzony w celu podniesienia poziomu imprezowych dozna\u0144 dla doros\u0142ych. Ka\u017cde opakowanie zawiera 4 wegetaria\u0144skie kapsu\u0142ki, \u0142\u0105cz\u0105ce pot\u0119\u017cne sk\u0142adniki, takie jak Hawaiian Baby Woodrose, kofeina i L-tryptofan, aby zapewni\u0107 przyp\u0142yw energii, \u0142agodn\u0105 psychodeli\u0119 i \u015bwi\u0105teczny nastr\u00f3j. Idealny na imprezy towarzyskie, Happy Caps Space-E zwi\u0119ksza wytrzyma\u0142o\u015b\u0107, towarzysko\u015b\u0107 i poczucie wi\u0119zi, dzi\u0119ki czemu idealnie nadaje si\u0119 do ta\u0144ca lub energicznych spotka\u0144. Kapsu\u0142ki na bazie ro\u015blin zapewniaj\u0105 integracj\u0119, a starannie dobrana formu\u0142a promuje zr\u00f3wnowa\u017cony, podnosz\u0105cy na duchu efekt bez syntetycznych stymulant\u00f3w. Happy Caps Space-E zosta\u0142 zaprojektowany z my\u015bl\u0105 o tych, kt\u00f3rzy szukaj\u0105 naturalnego zastrzyku energii w uroczystych chwilach, zgodnie z zaanga\u017cowaniem marki w jako\u015b\u0107 i holistyczne podej\u015bcie do zdrowia. Jego unikalna mieszanka sprzyja relaksowi i mi\u0142o\u015bci wraz z wysok\u0105 energi\u0105, oferuj\u0105c u\u017cytkownikom niezapomniane, wci\u0105gaj\u0105ce wra\u017cenia. Suplement ten jest doskona\u0142ym wyborem dla os\u00f3b doros\u0142ych, kt\u00f3re chc\u0105 odpowiedzialnie wzmocni\u0107 sw\u00f3j imprezowy nastr\u00f3j, \u0142\u0105cz\u0105c naturalne sk\u0142adniki z odrobin\u0105 euforii, zapewniaj\u0105c niezapomnian\u0105, anga\u017cuj\u0105c\u0105 spo\u0142ecznie przygod\u0119.<\/p>\n<h2 dir=\"ltr\">Historia Happy Caps Space-E<\/h2>\n<p dir=\"ltr\">Happy Caps Space-E zosta\u0142 opracowany w ramach misji Happy Caps polegaj\u0105cej na tworzeniu naturalnych suplement\u00f3w, kt\u00f3re poprawiaj\u0105 do\u015bwiadczenia spo\u0142eczne i rekreacyjne. Wprowadzony w 2000 roku, wykorzysta\u0142 rosn\u0105c\u0105 popularno\u015b\u0107 zio\u0142owych wzmacniaczy energii, czerpi\u0105c inspiracj\u0119 z tradycyjnych zastosowa\u0144 sk\u0142adnik\u00f3w, takich jak Hawaiian Baby Woodrose, ze wzgl\u0119du na ich dzia\u0142anie zmieniaj\u0105ce nastr\u00f3j. Pocz\u0105tkowo przyj\u0119ty przez bywalc\u00f3w festiwali i entuzjast\u00f3w nocnego \u017cycia, Happy Caps Space-E zyska\u0142 popularno\u015b\u0107 dzi\u0119ki swojej zdolno\u015bci do dostarczania \u017cywych, psychodelicznych wra\u017ce\u0144 imprezowych bez syntetycznych zwi\u0105zk\u00f3w. Z czasem firma Happy Caps udoskonali\u0142a formu\u0142\u0119, wprowadzaj\u0105c wegetaria\u0144skie kapsu\u0142ki i zr\u00f3wnowa\u017con\u0105 mieszank\u0119 aminokwas\u00f3w, witamin i stymulant\u00f3w, aby zapewni\u0107 bezpiecze\u0144stwo i skuteczno\u015b\u0107. Produkt odzwierciedla po\u0142\u0105czenie staro\u017cytnej wiedzy o zio\u0142ach i nowoczesnej nauki o suplementach, zaspokajaj\u0105c rosn\u0105ce zapotrzebowanie na naturalne alternatywy w \u015brodowiskach spo\u0142ecznych. Happy Caps Space-E sta\u0142a si\u0119 zaufan\u0105 mark\u0105, uciele\u015bniaj\u0105c\u0105 zaanga\u017cowanie marki w jako\u015b\u0107, przejrzysto\u015b\u0107 i innowacyjno\u015b\u0107. Jej historia odzwierciedla zmian\u0119 kulturow\u0105 w kierunku holistycznego wellness, oferuj\u0105c produkt, kt\u00f3ry umo\u017cliwia u\u017cytkownikom podniesienie poziomu \u015bwi\u0119towania dzi\u0119ki naturalnemu, energetyzuj\u0105cemu zastrzykowi, kt\u00f3ry honoruje zar\u00f3wno tradycj\u0119, jak i wsp\u00f3\u0142czesn\u0105 kultur\u0119 imprezow\u0105.<\/p>\n<h2 dir=\"ltr\">Jak u\u017cywa\u0107 Happy Caps Space-E<\/h2>\n<p dir=\"ltr\">Stosowanie Happy Caps Space-E jest proste i zoptymalizowane pod k\u0105tem energicznych wra\u017ce\u0144 z imprezy. Przyjmuj 1 lub 2 kapsu\u0142ki popijaj\u0105c szklank\u0105 wody 45 minut przed po\u017c\u0105danym efektem, najlepiej na pusty \u017co\u0142\u0105dek, aby zwi\u0119kszy\u0107 wch\u0142anianie. Daje to czas na aktywacj\u0119 sk\u0142adnik\u00f3w, zapewniaj\u0105c zastrzyk energii i popraw\u0119 nastroju. W celu zapewnienia bezpiecze\u0144stwa nie nale\u017cy przekracza\u0107 zalecanej dawki 2 kapsu\u0142ek dziennie. Wegetaria\u0144skie kapsu\u0142ki s\u0105 \u0142atwe do po\u0142kni\u0119cia, dzi\u0119ki czemu s\u0105 wygodne w sytuacjach towarzyskich. Opakowanie nale\u017cy przechowywa\u0107 w ch\u0142odnym i suchym miejscu, aby zachowa\u0107 moc dzia\u0142ania. Happy Caps Space-E jest przeznaczony do stosowania przez osoby doros\u0142e, idealny do zwi\u0119kszenia energii i towarzysko\u015bci podczas uroczystych okazji, takich jak ta\u0144ce lub spotkania. Unikaj \u0142\u0105czenia z alkoholem, lekami lub innymi stymulantami, aby zapobiec interakcjom. Przestrzegaj\u0105c tych wytycznych, u\u017cytkownicy mog\u0105 w pe\u0142ni cieszy\u0107 si\u0119 podnosz\u0105cymi na duchu i lekko psychodelicznymi efektami suplementu, naturalnie wzmacniaj\u0105c swoje imprezowe doznania. To proste podej\u015bcie zapewnia bezpieczny, skuteczny spos\u00f3b na popraw\u0119 nastroju i wytrzyma\u0142o\u015bci, tworz\u0105c niezapomniane chwile z \u017cyw\u0105, po\u0142\u0105czon\u0105 i pe\u0142n\u0105 energii celebracj\u0105.<\/p>\n<h2 dir=\"ltr\">Sk\u0142adniki Happy Caps Space-E<\/h2>\n<p dir=\"ltr\">Happy Caps Space-E zawiera siln\u0105 mieszank\u0119 naturalnych sk\u0142adnik\u00f3w, kt\u00f3re dodaj\u0105 energii i poprawiaj\u0105 nastr\u00f3j. Ka\u017cda wegetaria\u0144ska kapsu\u0142ka zawiera Hawaiian Baby Woodroz\u0119 (75 mg) ze wzgl\u0119du na jej w\u0142a\u015bciwo\u015bci psychodeliczne, L-tryptofan (50 mg) poprawiaj\u0105cy nastr\u00f3j, kofein\u0119 (40 mg) dodaj\u0105c\u0105 energii, L-tyrozyn\u0119 (30 mg) poprawiaj\u0105c\u0105 koncentracj\u0119, teobromin\u0119 (15 mg) delikatnie pobudzaj\u0105c\u0105 oraz witamin\u0119 B6 (10 mg) wspomagaj\u0105c\u0105 metabolizm. Dodatkowe sk\u0142adniki obejmuj\u0105 stearynian magnezu, dwutlenek wapnia i E959 jako stabilizatory, zapewniaj\u0105ce jako\u015b\u0107 kapsu\u0142ki. Kapsu\u0142ka jest wykonana z hydroksypropylometylocelulozy, materia\u0142u ro\u015blinnego odpowiedniego dla wegetarian. Wolne od syntetycznych dodatk\u00f3w sk\u0142adniki s\u0105 pozyskiwane w spos\u00f3b odpowiedzialny, aby zapewni\u0107 czysto\u015b\u0107 i skuteczno\u015b\u0107. Ta mieszanka promuje wysok\u0105 energi\u0119, relaks i poczucie mi\u0142o\u015bci, z psychodeliczn\u0105 nut\u0105 zapewniaj\u0105c\u0105 wyj\u0105tkowe doznania imprezowe. Przejrzysta formu\u0142a Happy Caps Space-E przemawia do u\u017cytkownik\u00f3w poszukuj\u0105cych naturalnych suplement\u00f3w, wspieraj\u0105cych energiczne chwile towarzyskie, jednocze\u015bnie stawiaj\u0105c na pierwszym miejscu bezpiecze\u0144stwo. Starannie zbilansowane sk\u0142adniki zapewniaj\u0105 niezawodny, podnosz\u0105cy na duchu efekt, dzi\u0119ki czemu jest to zaufany wyb\u00f3r dla doros\u0142ych, kt\u00f3rzy ceni\u0105 holistyczne zdrowie i zr\u00f3wnowa\u017cone pozyskiwanie w d\u0105\u017ceniu do energetyzuj\u0105cego, wci\u0105gaj\u0105cego \u015bwi\u0119towania.<\/p>\n<p dir=\"ltr\"><strong>Ostrze\u017cenie<\/strong><br \/>\nHappy Caps Space-E nie jest przeznaczony dla os\u00f3b poni\u017cej 18 roku \u017cycia. Nie stosowa\u0107 jako substytutu zr\u00f3\u017cnicowanej diety lub w po\u0142\u0105czeniu z lekami, u\u017cywkami lub nadmiern\u0105 ilo\u015bci\u0105 alkoholu. Unika\u0107 w przypadku wysokiego\/niskiego ci\u015bnienia krwi, chor\u00f3b serca, ci\u0105\u017cy, karmienia piersi\u0105, problem\u00f3w z tarczyc\u0105, chor\u00f3b nerek, depresji, nerwowo\u015bci lub stosowania inhibitor\u00f3w MAO. Przechowywa\u0107 w miejscu niedost\u0119pnym dla dzieci i nie przekracza\u0107 zalecanej dawki. Skonsultuj si\u0119 z pracownikiem s\u0142u\u017cby zdrowia, je\u015bli nie masz pewno\u015bci co do zgodno\u015bci z twoimi warunkami zdrowotnymi. U\u017cywaj odpowiedzialnie.<\/p>","protected":false},"excerpt":{"rendered":"<p><strong>Happy Caps: <\/strong>Space-E to ekstatyczny energetyk stymuluj\u0105cy zar\u00f3wno cia\u0142o, jak i umys\u0142. Po\u0142\u0105czenie germanu i aminokwas\u00f3w zapewnia silny zastrzyk energii i uczucie przestrzeni. Czujesz si\u0119 szcz\u0119\u015bliwy, nieskr\u0119powany i czujesz przyjemne mrowienie na sk\u00f3rze.<\/p>\n<p>Energia ****<br \/>\nSt\u0119\u017cenie *<br \/>\nRelaxation ***<br \/>\nMi\u0142o\u015b\u0107 ***<br \/>\nPsychodeliczny ****<\/p>","protected":false},"featured_media":58052,"template":"","meta":[],"product_brand":[],"product_cat":[528,297,385,513,525,476,532],"product_tag":[],"class_list":{"0":"post-2262","1":"product","2":"type-product","3":"status-publish","4":"has-post-thumbnail","6":"product_cat-happy-caps","7":"product_cat-all-products","8":"product_cat-buy-xtc","9":"product_cat-party","10":"product_cat-party-pills","11":"product_cat-smartshop","12":"product_cat-trippy-pills","14":"first","15":"instock","16":"taxable","17":"shipping-taxable","18":"purchasable","19":"product-type-simple"},"_links":{"self":[{"href":"https:\/\/www.tatanka.nl\/pl\/wp-json\/wp\/v2\/product\/2262","targetHints":{"allow":["GET"]}}],"collection":[{"href":"https:\/\/www.tatanka.nl\/pl\/wp-json\/wp\/v2\/product"}],"about":[{"href":"https:\/\/www.tatanka.nl\/pl\/wp-json\/wp\/v2\/types\/product"}],"wp:featuredmedia":[{"embeddable":true,"href":"https:\/\/www.tatanka.nl\/pl\/wp-json\/wp\/v2\/media\/58052"}],"wp:attachment":[{"href":"https:\/\/www.tatanka.nl\/pl\/wp-json\/wp\/v2\/media?parent=2262"}],"wp:term":[{"taxonomy":"product_brand","embeddable":true,"href":"https:\/\/www.tatanka.nl\/pl\/wp-json\/wp\/v2\/product_brand?post=2262"},{"taxonomy":"product_cat","embeddable":true,"href":"https:\/\/www.tatanka.nl\/pl\/wp-json\/wp\/v2\/product_cat?post=2262"},{"taxonomy":"product_tag","embeddable":true,"href":"https:\/\/www.tatanka.nl\/pl\/wp-json\/wp\/v2\/product_tag?post=2262"}],"curies":[{"name":"wp","href":"https:\/\/api.w.org\/{rel}","templated":true}]}}