{"id":2276,"date":"2017-10-06T16:19:10","date_gmt":"2017-10-06T16:19:10","guid":{"rendered":"http:\/\/www.tatanka.nl\/?post_type=product&#038;p=2276"},"modified":"2025-05-20T11:13:39","modified_gmt":"2025-05-20T10:13:39","slug":"after-recovery-party-pills-capsules","status":"publish","type":"product","link":"https:\/\/www.tatanka.nl\/pl\/after-recovery-party-pills-capsules\/","title":{"rendered":"After-E - Recovery"},"content":{"rendered":"<h2><span style=\"font-size: 95%; color: #000000;\">After-E - Recovery z XTC i MDMA<\/span><\/h2>\n<h2 data-start=\"0\" data-end=\"21\">Czym jest After E?<\/h2>\n<p data-start=\"22\" data-end=\"503\">After E to specjalnie opracowany suplement diety przeznaczony do wspomagania regeneracji organizmu po intensywnej nocy. Ta unikalna mieszanka zawiera <strong data-start=\"173\" data-end=\"239\">multiwitamina, kapsu\u0142ka guarany i dwie kapsu\u0142ki L-tryptofanu<\/strong>wsp\u00f3\u0142pracuj\u0105c w celu <strong data-start=\"261\" data-end=\"352\">przywracaj\u0105 niezb\u0119dne sk\u0142adniki od\u017cywcze, eliminuj\u0105 toksyny i przywracaj\u0105 r\u00f3wnowag\u0119 poziomu witamin i minera\u0142\u00f3w<\/strong>. Przyjmuj\u0105c After E nast\u0119pnego dnia, wraz z odpowiednim nawodnieniem, mo\u017cna przyspieszy\u0107 naturalny proces regeneracji organizmu i szybciej poczu\u0107 si\u0119 odm\u0142odzonym.<\/p>\n<h2 data-start=\"505\" data-end=\"528\">Historia After E<\/h2>\n<p data-start=\"529\" data-end=\"774\">After E zosta\u0142 opracowany w odpowiedzi na rosn\u0105ce zapotrzebowanie na niezawodne rozwi\u0105zanie regeneracyjne po nadmiernym wysi\u0142ku. Przez lata bran\u017ca zdrowia i odnowy biologicznej koncentrowa\u0142a si\u0119 na tworzeniu suplement\u00f3w, kt\u00f3re przywracaj\u0105 naturaln\u0105 r\u00f3wnowag\u0119 organizmu.<\/p>\n<p data-start=\"776\" data-end=\"1062\">Badania naukowe podkre\u015blaj\u0105 korzy\u015bci p\u0142yn\u0105ce z <strong data-start=\"828\" data-end=\"856\">guarana i L-tryptofan<\/strong> dla przywr\u00f3cenia energii i poprawy nastroju. Dzi\u0119ki po\u0142\u0105czeniu tych sk\u0142adnik\u00f3w z niezb\u0119dnymi witaminami, After E zapewnia <strong data-start=\"974\" data-end=\"1006\">Kompleksowe rozwi\u0105zanie do odzyskiwania danych<\/strong> kt\u00f3ry jest zgodny z nowoczesnym, prozdrowotnym stylem \u017cycia.<\/p>\n<h2 data-start=\"1064\" data-end=\"1087\">Jak u\u017cywa\u0107 After E<\/h2>\n<p data-start=\"1088\" data-end=\"1149\">Aby uzyska\u0107 optymalne wyniki, nale\u017cy post\u0119powa\u0107 zgodnie z poni\u017cszymi krokami podczas korzystania z After E:<\/p>\n<ol data-start=\"1151\" data-end=\"1617\">\n<li data-start=\"1151\" data-end=\"1268\"><strong data-start=\"1154\" data-end=\"1196\">Przyjmuj After E dzie\u0144 po nocnej imprezie<\/strong> z <strong data-start=\"1202\" data-end=\"1229\">1 do 4 szklanek wody<\/strong> aby wspom\u00f3c nawodnienie i detoksykacj\u0119.<\/li>\n<li data-start=\"1269\" data-end=\"1505\"><strong data-start=\"1272\" data-end=\"1300\">Spo\u017cywa\u0107 pe\u0142n\u0105 porcj\u0119<\/strong>, kt\u00f3ry obejmuje:\n<ul data-start=\"1323\" data-end=\"1505\">\n<li data-start=\"1323\" data-end=\"1369\"><strong data-start=\"1325\" data-end=\"1343\">1 multiwitamina<\/strong> dla niezb\u0119dnych sk\u0142adnik\u00f3w od\u017cywczych<\/li>\n<li data-start=\"1373\" data-end=\"1423\"><strong data-start=\"1375\" data-end=\"1396\">1 kapsu\u0142ka guarany<\/strong> dla energii i czujno\u015bci<\/li>\n<li data-start=\"1427\" data-end=\"1505\"><strong data-start=\"1429\" data-end=\"1456\">2 kapsu\u0142ki L-tryptofanu<\/strong> wspomaganie produkcji serotoniny i relaksacji<\/li>\n<\/ul>\n<\/li>\n<li data-start=\"1506\" data-end=\"1617\"><strong data-start=\"1509\" data-end=\"1526\">B\u0105d\u017a nawodniony<\/strong> aby wzmocni\u0107 dzia\u0142anie suplementu i wesprze\u0107 naturalne procesy metaboliczne organizmu.<\/li>\n<\/ol>\n<p data-start=\"1619\" data-end=\"1761\">Podczas gdy After E skutecznie uzupe\u0142nia sk\u0142adniki od\u017cywcze, utrzymanie <strong data-start=\"1682\" data-end=\"1723\">zbilansowana dieta i wystarczaj\u0105ca ilo\u015b\u0107 odpoczynku<\/strong> jeszcze bardziej poprawi tw\u00f3j powr\u00f3t do zdrowia.<\/p>\n<h2 data-start=\"1763\" data-end=\"1790\">Sk\u0142adniki After E<\/h2>\n<p data-start=\"1791\" data-end=\"1880\">Po tym, jak E zawiera <strong data-start=\"1810\" data-end=\"1851\">Pot\u0119\u017cna mieszanka niezb\u0119dnych sk\u0142adnik\u00f3w od\u017cywczych<\/strong> aby pom\u00f3c organizmowi odzyska\u0107 si\u0142y:<\/p>\n<ul data-start=\"1882\" data-end=\"2274\">\n<li data-start=\"1882\" data-end=\"2027\"><strong data-start=\"1884\" data-end=\"1900\">Multiwitamina<\/strong> - Uzupe\u0142nia niezb\u0119dne witaminy i minera\u0142y utracone podczas intensywnej aktywno\u015bci, przywracaj\u0105c r\u00f3wnowag\u0119 i wspieraj\u0105c og\u00f3lne samopoczucie.<\/li>\n<li data-start=\"2028\" data-end=\"2137\"><strong data-start=\"2030\" data-end=\"2041\">Guarana<\/strong> - Naturalne \u017ar\u00f3d\u0142o kofeiny, kt\u00f3re promuje <strong data-start=\"2084\" data-end=\"2114\">czujno\u015b\u0107, zmniejsza zm\u0119czenie<\/strong>i poprawia koncentracj\u0119.<\/li>\n<li data-start=\"2138\" data-end=\"2274\"><strong data-start=\"2140\" data-end=\"2156\">L-Tryptofan<\/strong> - Niezb\u0119dny aminokwas, kt\u00f3ry wspiera <strong data-start=\"2197\" data-end=\"2221\">produkcja serotoniny<\/strong>, poprawiaj\u0105c nastr\u00f3j, relaks i og\u00f3ln\u0105 regeneracj\u0119.<\/li>\n<\/ul>\n<p data-start=\"2276\" data-end=\"2473\">Sk\u0142adniki te wsp\u00f3\u0142pracuj\u0105 ze sob\u0105, aby zapewni\u0107 <strong data-start=\"2321\" data-end=\"2356\">Kompleksowe rozwi\u0105zanie do odzyskiwania danych<\/strong>sprawiaj\u0105c, \u017ce After E jest niezb\u0119dnym suplementem dla tych, kt\u00f3rzy chc\u0105 <strong data-start=\"2418\" data-end=\"2470\">szybkiego powrotu do zdrowia i wspierania ich dobrego samopoczucia<\/strong>.<\/p>\n<p data-start=\"2475\" data-end=\"2487\"><strong>Ostrze\u017cenie<\/strong><\/p>\n<p data-start=\"2488\" data-end=\"2818\" data-is-last-node=\"\">Jest to suplement diety i jako taki powinien by\u0107 stosowany. Nie nale\u017cy stosowa\u0107 After E jako substytutu zr\u00f3\u017cnicowanej diety. Zalecana porcja do spo\u017cycia to pe\u0142na zawarto\u015b\u0107 opakowania. Nie nale\u017cy przekracza\u0107 zalecanej dziennej porcji. Je\u015bli cierpisz na jakiekolwiek schorzenia lub przyjmujesz leki, przed u\u017cyciem skonsultuj si\u0119 z lekarzem.<\/p>","protected":false},"excerpt":{"rendered":"<p><span style=\"font-size: 100%; color: #000000;\">Czy czujesz si\u0119 zm\u0119czony i zdo\u0142owany po imprezie po wypiciu zbyt du\u017cej ilo\u015bci alkoholu lub za\u017cyciu zbyt du\u017cej ilo\u015bci narkotyk\u00f3w, takich jak MDMA lub XTC? After-E jest pe\u0142en witamin i aminokwas\u00f3w, kt\u00f3re przywr\u00f3c\u0105 normalny nastr\u00f3j i cia\u0142o.<br \/>\n<\/span><\/p>","protected":false},"featured_media":14679,"template":"","meta":[],"product_brand":[],"product_cat":[475,297,522,481,533],"product_tag":[],"class_list":{"0":"post-2276","1":"product","2":"type-product","3":"status-publish","4":"has-post-thumbnail","6":"product_cat-healthshop","7":"product_cat-all-products","8":"product_cat-detox","9":"product_cat-healthshop-top-10","10":"product_cat-recovery","12":"first","13":"instock","14":"taxable","15":"shipping-taxable","16":"purchasable","17":"product-type-variable"},"_links":{"self":[{"href":"https:\/\/www.tatanka.nl\/pl\/wp-json\/wp\/v2\/product\/2276","targetHints":{"allow":["GET"]}}],"collection":[{"href":"https:\/\/www.tatanka.nl\/pl\/wp-json\/wp\/v2\/product"}],"about":[{"href":"https:\/\/www.tatanka.nl\/pl\/wp-json\/wp\/v2\/types\/product"}],"wp:featuredmedia":[{"embeddable":true,"href":"https:\/\/www.tatanka.nl\/pl\/wp-json\/wp\/v2\/media\/14679"}],"wp:attachment":[{"href":"https:\/\/www.tatanka.nl\/pl\/wp-json\/wp\/v2\/media?parent=2276"}],"wp:term":[{"taxonomy":"product_brand","embeddable":true,"href":"https:\/\/www.tatanka.nl\/pl\/wp-json\/wp\/v2\/product_brand?post=2276"},{"taxonomy":"product_cat","embeddable":true,"href":"https:\/\/www.tatanka.nl\/pl\/wp-json\/wp\/v2\/product_cat?post=2276"},{"taxonomy":"product_tag","embeddable":true,"href":"https:\/\/www.tatanka.nl\/pl\/wp-json\/wp\/v2\/product_tag?post=2276"}],"curies":[{"name":"wp","href":"https:\/\/api.w.org\/{rel}","templated":true}]}}