{"id":2368,"date":"2017-10-07T13:40:38","date_gmt":"2017-10-07T11:40:38","guid":{"rendered":"http:\/\/www.tatanka.nl\/?post_type=product&#038;p=2368"},"modified":"2026-02-23T00:48:28","modified_gmt":"2026-02-22T23:48:28","slug":"maeng-da-pills-capsules-mitragyna-speciosa-kratom","status":"publish","type":"product","link":"https:\/\/www.tatanka.nl\/pl\/maeng-da-pills-capsules-mitragyna-speciosa-kratom\/","title":{"rendered":"Maeng Da Kratom Caps"},"content":{"rendered":"<h2 data-start=\"347\" data-end=\"375\">Co to s\u0105 Kratom Capsules?<\/h2>\n<p data-start=\"377\" data-end=\"766\">Kratom Capsules to \u0142atwy i wygodny spos\u00f3b na czerpanie korzy\u015bci z Kratom, tropikalnej ro\u015bliny pochodz\u0105cej z Azji Po\u0142udniowo-Wschodniej. Kapsu\u0142ki zawieraj\u0105 silne po\u0142\u0105czenie ekstraktu Mitragyna speciosa 15x i proszku Maeng Da Red Kratom, znanych ze swoich w\u0142a\u015bciwo\u015bci energetyzuj\u0105cych i uspokajaj\u0105cych. Niewielka dawka kofeiny wzmacnia og\u00f3lne dzia\u0142anie, zapewniaj\u0105c stymuluj\u0105ce i skoncentrowane doznania.<\/p>\n<p data-start=\"768\" data-end=\"1267\">Kapsu\u0142ki te zapewniaj\u0105 precyzyjn\u0105 dawk\u0119 500 mg na kapsu\u0142k\u0119, eliminuj\u0105c potrzeb\u0119 odmierzania lub mieszania proszk\u00f3w. To sprawia, \u017ce Kratom Capsules jest \u015bwietn\u0105 opcj\u0105 dla ka\u017cdego, kto szuka kontrolowanego i sp\u00f3jnego do\u015bwiadczenia Kratom. Niezale\u017cnie od tego, czy szukasz \u0142agodnego relaksu, czy silniejszej stymulacji, Kratom Capsules mo\u017cna dostosowa\u0107 do po\u017c\u0105danego efektu. S\u0105 one idealne dla tych, kt\u00f3rzy preferuj\u0105 prostot\u0119 i \u0142atwo\u015b\u0107 odmierzonych kapsu\u0142ek, jednocze\u015bnie do\u015bwiadczaj\u0105c pe\u0142nych efekt\u00f3w Kratom.<\/p>\n<h2 data-start=\"1274\" data-end=\"1303\">Historia Kratom Capsules<\/h2>\n<p data-start=\"1305\" data-end=\"1741\">Kratom ma d\u0142ug\u0105 histori\u0119 stosowania w Azji Po\u0142udniowo-Wschodniej, gdzie by\u0142 u\u017cywany od wiek\u00f3w. Tradycyjnie miejscowi \u017culi li\u015bcie Kratom w celu zwi\u0119kszenia energii i koncentracji lub w celu z\u0142agodzenia b\u00f3lu. Zastosowanie Kratom ewoluowa\u0142o z czasem i dzi\u015b jest powszechnie spo\u017cywane w r\u00f3\u017cnych formach, w tym w proszkach, herbatach i ekstraktach. Capsules to bardziej nowoczesne rozwi\u0105zanie, opracowane w celu uczynienia Kratom \u0142atwiejszym w u\u017cyciu i bardziej dost\u0119pnym dla u\u017cytkownik\u00f3w na ca\u0142ym \u015bwiecie.<\/p>\n<p data-start=\"1743\" data-end=\"2254\">Format kapsu\u0142ek Kratom stanowi alternatyw\u0119 dla tradycyjnych metod konsumpcji, zapewniaj\u0105c kontrolowan\u0105 dawk\u0119 w wygodnej formie. Wraz z wprowadzeniem ekstrakt\u00f3w, takich jak wersja 15x stosowana w tych kapsu\u0142kach, Kratom sta\u0142 si\u0119 znacznie silniejszy, wymagaj\u0105c mniejszych dawek dla silniejszych efekt\u00f3w. Ta innowacja w produktach Kratom doprowadzi\u0142a do wzrostu globalnego zainteresowania kapsu\u0142kami Kratom, poniewa\u017c s\u0105 one przyjazne dla u\u017cytkownika i oferuj\u0105 te same korzy\u015bci, co inne formy Kratom z dodatkow\u0105 korzy\u015bci\u0105 w postaci wygody.<\/p>\n<h2 data-start=\"2261\" data-end=\"2290\">Jak korzysta\u0107 z Kratom Capsules<\/h2>\n<p data-start=\"2292\" data-end=\"2666\">Stosowanie Kratom Capsules jest \u0142atwe i wygodne. Zalecana dawka zale\u017cy od masy cia\u0142a, wra\u017cliwo\u015bci i po\u017c\u0105danego efektu. Pocz\u0105tkuj\u0105cy powinni zacz\u0105\u0107 od 1 kapsu\u0142ki, poniewa\u017c zapewni to \u0142agodny efekt. Aby uzyska\u0107 umiarkowany efekt, mo\u017cna wzi\u0105\u0107 2-3 kapsu\u0142ki, a dla silniejszego efektu mo\u017ce by\u0107 potrzebne 3-5 kapsu\u0142ek. Kapsu\u0142ki s\u0105 wst\u0119pnie odmierzone, co zapewnia dok\u0142adno\u015b\u0107 przy ka\u017cdej dawce.<\/p>\n<p data-start=\"2668\" data-end=\"3112\">Wystarczy po\u0142kn\u0105\u0107 kapsu\u0142ki, popijaj\u0105c wod\u0105, na pusty \u017co\u0142\u0105dek, aby uzyska\u0107 szybsze efekty lub z jedzeniem, je\u015bli wolisz. Kapsu\u0142ki Kratom zosta\u0142y zaprojektowane tak, aby by\u0142y \u0142atwe do spo\u017cycia, dzi\u0119ki czemu s\u0105 idealne dla os\u00f3b, kt\u00f3re wol\u0105 nie mie\u0107 do czynienia z proszkami lub p\u0142ynami. Aby uzyska\u0107 sp\u00f3jne wyniki, wa\u017cne jest, aby przestrzega\u0107 zalecanej dawki i unika\u0107 przekraczania maksymalnego sugerowanego spo\u017cycia. Nale\u017cy pami\u0119ta\u0107 o tym, jak organizm reaguje na Kratom i odpowiednio dostosowa\u0107 dawk\u0119.<\/p>\n<h2 data-start=\"3119\" data-end=\"3152\">Sk\u0142adniki Maeng Da Kratom Capsules<\/h2>\n<p data-start=\"3154\" data-end=\"3598\">Ka\u017cda kapsu\u0142ka Kratom zawiera pot\u0119\u017cn\u0105 mieszank\u0119 sk\u0142adnik\u00f3w zaprojektowanych w celu zapewnienia zr\u00f3wnowa\u017conego i skutecznego dzia\u0142ania. G\u0142\u00f3wnym sk\u0142adnikiem jest ekstrakt Mitragyna speciosa 15x, skoncentrowana forma Kratom, kt\u00f3ra dostarcza kluczowych alkaloid\u00f3w w silniejszy i szybciej dzia\u0142aj\u0105cy spos\u00f3b. Ekstrakt 15x zapewnia, \u017ce u\u017cytkownicy do\u015bwiadczaj\u0105 silniejszych efekt\u00f3w przy mniejszych dawkach, dzi\u0119ki czemu kapsu\u0142ki te s\u0105 bardziej wydajne w por\u00f3wnaniu do zwyk\u0142ego proszku Kratom lub suszonych li\u015bci.<\/p>\n<p data-start=\"3600\" data-end=\"4096\">Opr\u00f3cz ekstraktu, kapsu\u0142ki zawieraj\u0105 r\u00f3wnie\u017c proszek Maeng Da Red Kratom, kt\u00f3ry jest znany ze swojej zdolno\u015bci do zwi\u0119kszania zar\u00f3wno relaksu, jak i energii. Ta kombinacja sk\u0142adnik\u00f3w pomaga zapewni\u0107 zr\u00f3wnowa\u017cone doznania, niezale\u017cnie od tego, czy chcesz si\u0119 zrelaksowa\u0107, czy zachowa\u0107 czujno\u015b\u0107. Niewielka dawka kofeiny (5 mg) dodaje \u0142agodny efekt pobudzaj\u0105cy, poprawiaj\u0105c koncentracj\u0119 i zwi\u0119kszaj\u0105c energi\u0119 bez powodowania dr\u017cenia. Sk\u0142adniki te wsp\u00f3\u0142pracuj\u0105 ze sob\u0105, tworz\u0105c unikalne doznania Kratom w ka\u017cdej kapsu\u0142ce.<\/p>\n<p data-start=\"4103\" data-end=\"4506\" data-is-last-node=\"\"><strong data-start=\"4103\" data-end=\"4114\">Ostrze\u017cenie<\/strong><br data-start=\"4114\" data-end=\"4117\" \/>Nale\u017cy zachowa\u0107 ostro\u017cno\u015b\u0107. Sprzeda\u017c i korzystanie z Kratom Capsules s\u0105 zabronione dla os\u00f3b poni\u017cej 18 roku \u017cycia. Nie u\u017cywa\u0107 podczas prowadzenia pojazdu mechanicznego lub obs\u0142ugi maszyn, w przypadku ci\u0105\u017cy lub karmienia piersi\u0105, a tak\u017ce w przypadku przyjmowania lek\u00f3w na recept\u0119 lub bez recepty. Przechowywa\u0107 w miejscu niedost\u0119pnym dla dzieci. Ten produkt nie zosta\u0142 oceniony przez FDA i nie jest przeznaczony jako lek.<\/p>","protected":false},"excerpt":{"rendered":"<p>Kratom Capsules \u0142\u0105czy w sobie moc ekstraktu Mitragyna speciosa 15x, proszku Maeng Da Red Kratom i kofeiny, tworz\u0105c zr\u00f3wnowa\u017con\u0105 mieszank\u0119 energii i relaksu. Dzi\u0119ki 20 kapsu\u0142kom w butelce, z kt\u00f3rych ka\u017cda zawiera siln\u0105 formu\u0142\u0119 500 mg, kapsu\u0142ki te oferuj\u0105 precyzyjne dawkowanie zar\u00f3wno dla pocz\u0105tkuj\u0105cych, jak i do\u015bwiadczonych u\u017cytkownik\u00f3w Kratom.<\/p>","protected":false},"featured_media":126076,"template":"","meta":[],"product_brand":[],"product_cat":[599,297,477,509,525,510,511,530,476],"product_tag":[],"class_list":{"0":"post-2368","1":"product","2":"type-product","3":"status-publish","4":"has-post-thumbnail","6":"product_cat-kratopia","7":"product_cat-all-products","8":"product_cat-herbs","9":"product_cat-kratom","10":"product_cat-party-pills","11":"product_cat-relax","12":"product_cat-relax-herbs","13":"product_cat-relax-pills","14":"product_cat-smartshop","15":"product_shipping_class-creditcard-off","17":"first","18":"instock","19":"taxable","20":"shipping-taxable","21":"purchasable","22":"product-type-variable"},"_links":{"self":[{"href":"https:\/\/www.tatanka.nl\/pl\/wp-json\/wp\/v2\/product\/2368","targetHints":{"allow":["GET"]}}],"collection":[{"href":"https:\/\/www.tatanka.nl\/pl\/wp-json\/wp\/v2\/product"}],"about":[{"href":"https:\/\/www.tatanka.nl\/pl\/wp-json\/wp\/v2\/types\/product"}],"wp:featuredmedia":[{"embeddable":true,"href":"https:\/\/www.tatanka.nl\/pl\/wp-json\/wp\/v2\/media\/126076"}],"wp:attachment":[{"href":"https:\/\/www.tatanka.nl\/pl\/wp-json\/wp\/v2\/media?parent=2368"}],"wp:term":[{"taxonomy":"product_brand","embeddable":true,"href":"https:\/\/www.tatanka.nl\/pl\/wp-json\/wp\/v2\/product_brand?post=2368"},{"taxonomy":"product_cat","embeddable":true,"href":"https:\/\/www.tatanka.nl\/pl\/wp-json\/wp\/v2\/product_cat?post=2368"},{"taxonomy":"product_tag","embeddable":true,"href":"https:\/\/www.tatanka.nl\/pl\/wp-json\/wp\/v2\/product_tag?post=2368"}],"curies":[{"name":"wp","href":"https:\/\/api.w.org\/{rel}","templated":true}]}}