{"id":2371,"date":"2017-10-07T14:04:47","date_gmt":"2017-10-07T14:04:47","guid":{"rendered":"http:\/\/www.tatanka.nl\/?post_type=product&#038;p=2371"},"modified":"2025-11-18T15:37:58","modified_gmt":"2025-11-18T14:37:58","slug":"thai-kratom-capsules-mitragyna-speciosa","status":"publish","type":"product","link":"https:\/\/www.tatanka.nl\/pl\/thai-kratom-capsules-mitragyna-speciosa\/","title":{"rendered":"Thai Kratom Caps"},"content":{"rendered":"<h2 data-start=\"408\" data-end=\"436\">Co to s\u0105 Kratom Capsules?<\/h2>\n<p data-start=\"438\" data-end=\"1018\">Kratom Capsules to wygodny i \u0142atwy spos\u00f3b na do\u015bwiadczenie dzia\u0142ania Kratom, naturalnej ro\u015bliny pochodz\u0105cej z Azji Po\u0142udniowo-Wschodniej. G\u0142\u00f3wnym sk\u0142adnikiem tych kapsu\u0142ek jest ekstrakt Mitragyna speciosa 15x, kt\u00f3ry jest skoncentrowan\u0105 form\u0105 Kratom. Ekstrakt ten zapewnia silne dzia\u0142anie przy ni\u017cszych dawkach w por\u00f3wnaniu do tradycyjnego proszku lub li\u015bci Kratom. Opr\u00f3cz ekstraktu, kapsu\u0142ki zawieraj\u0105 r\u00f3wnie\u017c proszek Red Thai i niewielk\u0105 dawk\u0119 kofeiny. Red Thai Kratom jest znany ze swojego uspokajaj\u0105cego dzia\u0142ania, podczas gdy kofeina dodaje \u0142agodnego pobudzenia, tworz\u0105c zr\u00f3wnowa\u017cone do\u015bwiadczenie dla u\u017cytkownika.<\/p>\n<p data-start=\"1020\" data-end=\"1420\">Kapsu\u0142ki te zosta\u0142y zaprojektowane tak, aby by\u0142y \u0142atwym, kontrolowanym sposobem spo\u017cywania Kratom. Poniewa\u017c s\u0105 one dostarczane w odmierzonych dawkach, mo\u017cna \u0142atwo monitorowa\u0107 ich spo\u017cycie. Kapsu\u0142ki s\u0105 idealne dla os\u00f3b, kt\u00f3re chc\u0105 czerpa\u0107 korzy\u015bci z Kratom, ale wol\u0105 nie zajmowa\u0107 si\u0119 ba\u0142aganem zwi\u0105zanym z proszkami. Kapsu\u0142ki Kratom s\u0105 idealne dla os\u00f3b poszukuj\u0105cych wygodnego, przeno\u015bnego i skutecznego sposobu korzystania z zalet tej wyj\u0105tkowej ro\u015bliny.<\/p>\n<h2 data-start=\"1427\" data-end=\"1456\">Historia Kratom Capsules<\/h2>\n<p data-start=\"1458\" data-end=\"1887\">Historia Kratom si\u0119ga wiek\u00f3w wstecz, a ro\u015blina Mitragyna speciosa by\u0142a szeroko stosowana w Azji Po\u0142udniowo-Wschodniej ze wzgl\u0119du na swoje w\u0142a\u015bciwo\u015bci stymuluj\u0105ce i przeciwb\u00f3lowe. Tradycyjnie li\u015bcie Kratom by\u0142y \u017cute lub parzone w herbacie przez robotnik\u00f3w, aby zwi\u0119kszy\u0107 energi\u0119 i wytrzyma\u0142o\u015b\u0107. Z biegiem czasu Kratom zyska\u0142 r\u00f3wnie\u017c uznanie ze wzgl\u0119du na swoje dzia\u0142anie uspokajaj\u0105ce, dzi\u0119ki czemu sta\u0142 si\u0119 popularny w r\u00f3\u017cnych kulturach zar\u00f3wno w celu relaksu, jak i jasno\u015bci umys\u0142u.<\/p>\n<p data-start=\"1889\" data-end=\"2558\">Stworzenie kapsu\u0142ek Kratom jest bardziej nowoczesn\u0105 innowacj\u0105 zaprojektowan\u0105 w celu u\u0142atwienia konsumpcji Kratom, szczeg\u00f3lnie dla tych, kt\u00f3rzy mog\u0105 nie lubi\u0107 smaku Kratom w postaci herbaty lub proszku. Opracowanie ekstrakt\u00f3w Kratom, takich jak ekstrakt 15x stosowany w tych kapsu\u0142kach, stanowi\u0142o znacz\u0105cy krok naprz\u00f3d w zakresie si\u0142y dzia\u0142ania i wygody produkt\u00f3w Kratom. W miar\u0119 jak popularno\u015b\u0107 Kratom rozprzestrzenia\u0142a si\u0119 na ca\u0142ym \u015bwiecie, formy kapsu\u0142ek sta\u0142y si\u0119 szeroko stosowane ze wzgl\u0119du na dok\u0142adno\u015b\u0107 dawkowania i \u0142atwo\u015b\u0107 u\u017cycia. Obecnie kapsu\u0142ki Kratom s\u0105 jednym z najwygodniejszych sposob\u00f3w korzystania z zalet Kratom i s\u0105 dost\u0119pne w r\u00f3\u017cnych mocach i kombinacjach dostosowanych do r\u00f3\u017cnych preferencji i potrzeb.<\/p>\n<h2 data-start=\"2565\" data-end=\"2594\">Jak korzysta\u0107 z Kratom Capsules<\/h2>\n<p data-start=\"2596\" data-end=\"3096\">Stosowanie Kratom Capsules jest proste i wygodne. Zalecana dawka r\u00f3\u017cni si\u0119 w zale\u017cno\u015bci od wra\u017cliwo\u015bci organizmu i po\u017c\u0105danego efektu. Dla pocz\u0105tkuj\u0105cych najlepiej zacz\u0105\u0107 od jednej kapsu\u0142ki, poniewa\u017c zapewni to \u0142agodny efekt. Je\u015bli szukasz silniejszego efektu, mo\u017cesz wzi\u0105\u0107 do 3 kapsu\u0142ek, podczas gdy do\u015bwiadczeni u\u017cytkownicy mog\u0105 uzna\u0107 4 lub 5 kapsu\u0142ek za idealne do osi\u0105gni\u0119cia po\u017c\u0105danych rezultat\u00f3w. Wa\u017cne jest, aby pami\u0119ta\u0107, \u017ce dawka powinna by\u0107 dostosowana do osobistej tolerancji i wagi.<\/p>\n<p data-start=\"3098\" data-end=\"3646\">Aby u\u017cy\u0107 kapsu\u0142ek, wystarczy po\u0142kn\u0105\u0107 je, popijaj\u0105c wod\u0105. Mo\u017cna je przyjmowa\u0107 na pusty \u017co\u0142\u0105dek, aby uzyska\u0107 szybsze efekty, ale mo\u017cna je r\u00f3wnie\u017c przyjmowa\u0107 z jedzeniem, je\u015bli wolisz. Poniewa\u017c kapsu\u0142ki s\u0105 wst\u0119pnie odmierzone, nie ma potrzeby zgadywania lub odmierzania proszku. To sprawia, \u017ce s\u0105 one idealn\u0105 opcj\u0105 dla os\u00f3b, kt\u00f3re dopiero zaczynaj\u0105 stosowa\u0107 Kratom lub dla ka\u017cdego, kto szuka bardziej kontrolowanego do\u015bwiadczenia. Podobnie jak w przypadku ka\u017cdego suplementu, wa\u017cne jest, aby unika\u0107 przekraczania zalecanej dawki, aby unikn\u0105\u0107 niepo\u017c\u0105danych skutk\u00f3w ubocznych. Zawsze s\u0142uchaj swojego cia\u0142a i dostosuj dawk\u0119 w razie potrzeby.<\/p>\n<h2 data-start=\"3653\" data-end=\"3686\">Sk\u0142adniki Kratom Capsules<\/h2>\n<p data-start=\"3688\" data-end=\"4186\">Kluczowymi sk\u0142adnikami tych Kratom Capsules s\u0105 ekstrakt Mitragyna speciosa 15x, czerwony proszek Thai i kofeina. Podstawowym sk\u0142adnikiem jest ekstrakt 15x z Mitragyna speciosa, znany r\u00f3wnie\u017c jako Kratom. Ekstrakt ten jest skoncentrowan\u0105 form\u0105 ro\u015bliny Kratom, zapewniaj\u0105c\u0105 silniejsze dzia\u0142anie ni\u017c zwyk\u0142y proszek Kratom lub suszone li\u015bcie. Ekstrakt 15x pozwala na silniejsze i bardziej wydajne dostarczanie aktywnych alkaloid\u00f3w znajduj\u0105cych si\u0119 w Kratom, dzi\u0119ki czemu jest idealny dla u\u017cytkownik\u00f3w, kt\u00f3rzy chc\u0105 uzyska\u0107 bardziej natychmiastowy efekt.<\/p>\n<p data-start=\"4188\" data-end=\"4687\">Czerwony proszek Thai to kolejny wa\u017cny sk\u0142adnik tych kapsu\u0142ek. Jest on znany ze swoich w\u0142a\u015bciwo\u015bci uspokajaj\u0105cych i przeciwb\u00f3lowych, dzi\u0119ki czemu stanowi doskona\u0142e uzupe\u0142nienie stymuluj\u0105cego dzia\u0142ania ekstraktu Kratom. Niewielka ilo\u015b\u0107 kofeiny w kapsu\u0142kach dodaje element energetyzuj\u0105cy do formu\u0142y, pomagaj\u0105c zr\u00f3wnowa\u017cy\u0107 stymuluj\u0105ce i relaksuj\u0105ce dzia\u0142anie kombinacji Kratom i Red Thai. Ka\u017cda kapsu\u0142ka zawiera 505 mg tych sk\u0142adnik\u00f3w, zapewniaj\u0105c silne i zr\u00f3wnowa\u017cone doznania przy ka\u017cdej dawce.<\/p>\n<p data-start=\"4694\" data-end=\"5097\" data-is-last-node=\"\"><strong data-start=\"4694\" data-end=\"4705\">Ostrze\u017cenie<\/strong><br data-start=\"4705\" data-end=\"4708\" \/>Nale\u017cy zachowa\u0107 ostro\u017cno\u015b\u0107. Sprzeda\u017c i korzystanie z Kratom Capsules s\u0105 zabronione dla os\u00f3b poni\u017cej 18 roku \u017cycia. Nie u\u017cywa\u0107 podczas prowadzenia pojazdu mechanicznego lub obs\u0142ugi maszyn, w przypadku ci\u0105\u017cy lub karmienia piersi\u0105, a tak\u017ce w przypadku przyjmowania lek\u00f3w na recept\u0119 lub bez recepty. Przechowywa\u0107 w miejscu niedost\u0119pnym dla dzieci. Ten produkt nie zosta\u0142 oceniony przez FDA i nie jest przeznaczony jako lek.<\/p>","protected":false},"excerpt":{"rendered":"<p>Do\u015bwiadcz silnej mieszanki ekstraktu Mitragyna speciosa 15x, proszku Red Thai i kofeiny z naszym Kratom Capsules. Ka\u017cda kapsu\u0142ka zawiera pot\u0119\u017cn\u0105 kombinacj\u0119 sk\u0142adnik\u00f3w zaprojektowanych w celu zapewnienia efekt\u00f3w stymuluj\u0105cych i uspokajaj\u0105cych. Dzi\u0119ki 20 kapsu\u0142kom w butelce mo\u017cna \u0142atwo dostosowa\u0107 dawk\u0119, aby osi\u0105gn\u0105\u0107 po\u017c\u0105dany efekt. Odpowiedni zar\u00f3wno dla nowych, jak i do\u015bwiadczonych u\u017cytkownik\u00f3w Kratom.<\/p>","protected":false},"featured_media":126074,"template":"","meta":[],"product_brand":[],"product_cat":[599,297,477,509,510,511,530,476],"product_tag":[],"class_list":{"0":"post-2371","1":"product","2":"type-product","3":"status-publish","4":"has-post-thumbnail","6":"product_cat-kratopia","7":"product_cat-all-products","8":"product_cat-herbs","9":"product_cat-kratom","10":"product_cat-relax","11":"product_cat-relax-herbs","12":"product_cat-relax-pills","13":"product_cat-smartshop","14":"product_shipping_class-creditcard-off","16":"first","17":"instock","18":"taxable","19":"shipping-taxable","20":"purchasable","21":"product-type-variable"},"_links":{"self":[{"href":"https:\/\/www.tatanka.nl\/pl\/wp-json\/wp\/v2\/product\/2371","targetHints":{"allow":["GET"]}}],"collection":[{"href":"https:\/\/www.tatanka.nl\/pl\/wp-json\/wp\/v2\/product"}],"about":[{"href":"https:\/\/www.tatanka.nl\/pl\/wp-json\/wp\/v2\/types\/product"}],"wp:featuredmedia":[{"embeddable":true,"href":"https:\/\/www.tatanka.nl\/pl\/wp-json\/wp\/v2\/media\/126074"}],"wp:attachment":[{"href":"https:\/\/www.tatanka.nl\/pl\/wp-json\/wp\/v2\/media?parent=2371"}],"wp:term":[{"taxonomy":"product_brand","embeddable":true,"href":"https:\/\/www.tatanka.nl\/pl\/wp-json\/wp\/v2\/product_brand?post=2371"},{"taxonomy":"product_cat","embeddable":true,"href":"https:\/\/www.tatanka.nl\/pl\/wp-json\/wp\/v2\/product_cat?post=2371"},{"taxonomy":"product_tag","embeddable":true,"href":"https:\/\/www.tatanka.nl\/pl\/wp-json\/wp\/v2\/product_tag?post=2371"}],"curies":[{"name":"wp","href":"https:\/\/api.w.org\/{rel}","templated":true}]}}