{"id":2373,"date":"2017-10-07T14:33:59","date_gmt":"2017-10-07T14:33:59","guid":{"rendered":"http:\/\/www.tatanka.nl\/?post_type=product&#038;p=2373"},"modified":"2025-05-20T11:12:21","modified_gmt":"2025-05-20T10:12:21","slug":"valerian-capsules-sleeping-pills-herbal-natural-sleep-insomnia","status":"publish","type":"product","link":"https:\/\/www.tatanka.nl\/pl\/valerian-capsules-sleeping-pills-herbal-natural-sleep-insomnia\/","title":{"rendered":"Valerian Capsules"},"content":{"rendered":"<h2>Czym s\u0105 Valerian Capsules?<\/h2>\n<p>Valerian Capsules to naturalny suplement diety pochodz\u0105cy z ro\u015bliny waleriany (Valeriana Officinalis), znanej ze swoich w\u0142a\u015bciwo\u015bci uspokajaj\u0105cych. Kapsu\u0142ki zosta\u0142y zaprojektowane, aby pom\u00f3c osobom w naturalny spos\u00f3b radzi\u0107 sobie ze stresem, l\u0119kiem i zaburzeniami snu. Waleriana jest stosowana od wiek\u00f3w ze wzgl\u0119du na jej zdolno\u015b\u0107 do promowania relaksu, \u0142agodzenia napi\u0119cia i wspomagania spokojnego snu. Kapsu\u0142ki te oferuj\u0105 wygodny spos\u00f3b na w\u0142\u0105czenie korzy\u015bci p\u0142yn\u0105cych z waleriany do codziennej rutyny, szczeg\u00f3lnie dla os\u00f3b zmagaj\u0105cych si\u0119 ze stresem, l\u0119kiem lub bezsenno\u015bci\u0105. Mog\u0105 r\u00f3wnie\u017c \u0142agodzi\u0107 b\u00f3le g\u0142owy, mi\u0119\u015bni i skurcze. Ka\u017cda butelka zawiera 60 kapsu\u0142ek, dzi\u0119ki czemu Valerian Capsules jest niezawodn\u0105 opcj\u0105 dla tych, kt\u00f3rzy chc\u0105 przywr\u00f3ci\u0107 r\u00f3wnowag\u0119 i spok\u00f3j swojemu umys\u0142owi i cia\u0142u.<\/p>\n<h2>Historia waleriany<\/h2>\n<p>Waleriana, naukowo znana jako Valeriana Officinalis, ma d\u0142ug\u0105 histori\u0119 stosowania zar\u00f3wno w Europie, jak i Azji, si\u0119gaj\u0105c\u0105 staro\u017cytnej Grecji i Rzymu. Waleriana by\u0142a powszechnie znana ze swojej zdolno\u015bci do leczenia zaburze\u0144 snu, zw\u0142aszcza bezsenno\u015bci, i by\u0142a wykorzystywana przez uzdrowicieli i lekarzy jako naturalne lekarstwo. W\u0142a\u015bciwo\u015bci uspokajaj\u0105ce tej ro\u015bliny by\u0142y znane z relaksowania zar\u00f3wno umys\u0142u, jak i cia\u0142a, co czyni\u0142o j\u0105 popularnym wyborem dla os\u00f3b cierpi\u0105cych na niepok\u00f3j, stres i niepok\u00f3j. Na przestrzeni dziej\u00f3w waleriana nadal by\u0142a zaufanym lekiem zio\u0142owym, a wsp\u00f3\u0142czesne badania naukowe potwierdzaj\u0105 jej uspokajaj\u0105ce i poprawiaj\u0105ce sen w\u0142a\u015bciwo\u015bci. Indian Elements wykorzystuje moc tego wielowiekowego zio\u0142a w swoim Valerian Capsules, dzi\u0119ki czemu jest ono dost\u0119pne w wygodnej formie kapsu\u0142ek dla os\u00f3b poszukuj\u0105cych naturalnych sposob\u00f3w radzenia sobie ze stresem i problemami zwi\u0105zanymi ze snem. Stosowanie waleriany pozostaje dzi\u015b powszechne, a wiele os\u00f3b poszukuje jej koj\u0105cych efekt\u00f3w dla jasno\u015bci umys\u0142u i poprawy jako\u015bci snu.<\/p>\n<h2>Jak korzysta\u0107 z Valerian Capsules<\/h2>\n<p>Aby u\u017cy\u0107 Valerian Capsules, wystarczy wzi\u0105\u0107 jedn\u0105 kapsu\u0142k\u0119 na raz, popijaj\u0105c szklank\u0105 wody. Zaleca si\u0119 dok\u0142adne przestrzeganie instrukcji dawkowania, aby zapewni\u0107 maksymaln\u0105 skuteczno\u015b\u0107. Poniewa\u017c Valerian dzia\u0142a uspokajaj\u0105co i koj\u0105co na organizm, najlepiej przyjmowa\u0107 go wieczorem lub przed snem, aby pom\u00f3c w relaksacji i zapewni\u0107 dobry sen. Valerian Capsules mo\u017ce by\u0107 r\u00f3wnie\u017c stosowany w okresach wysokiego stresu, niepokoju lub dyskomfortu mi\u0119\u015bniowego, aby przynie\u015b\u0107 poczucie spokoju i odpr\u0119\u017cenia. Nale\u017cy pami\u0119ta\u0107, \u017ce podobnie jak w przypadku ka\u017cdego suplementu, wa\u017cne jest, aby skonsultowa\u0107 si\u0119 z lekarzem, je\u015bli masz jakiekolwiek schorzenia lub przyjmujesz inne leki. Zawsze upewnij si\u0119, \u017ce przestrzegasz zalecanej dawki i nie przekraczasz sugerowanego spo\u017cycia.<\/p>\n<h2>Sk\u0142adniki Valerian Capsules<\/h2>\n<p>G\u0142\u00f3wnym sk\u0142adnikiem Valerian Capsules jest Valeriana Officinalis, znana r\u00f3wnie\u017c jako korze\u0144 koz\u0142ka lekarskiego. Zio\u0142o to znane jest ze swoich w\u0142a\u015bciwo\u015bci uspokajaj\u0105cych i relaksuj\u0105cych. Korze\u0144 waleriany zawiera kilka aktywnych zwi\u0105zk\u00f3w, takich jak kwas walerenowy, kt\u00f3re dzia\u0142aj\u0105 synergistycznie w celu zmniejszenia stresu i promowania relaksu. Sk\u0142adnik ten jest szczeg\u00f3lnie znany ze swojej zdolno\u015bci do uspokajania uk\u0142adu nerwowego i \u0142agodzenia niepokoju, co czyni go naturaln\u0105 alternatyw\u0105 dla farmaceutycznych \u015brodk\u00f3w uspokajaj\u0105cych. Wykazano r\u00f3wnie\u017c, \u017ce waleriana wspomaga zasypianie, skracaj\u0105c czas potrzebny do za\u015bni\u0119cia i poprawiaj\u0105c jako\u015b\u0107 snu. Waleriana zastosowana w kapsu\u0142kach Indian Elements jest wysokiej jako\u015bci i zapewnia zachowanie korzy\u015bci uspokajaj\u0105cych w ka\u017cdej kapsu\u0142ce. Produkt jest 100% naturalny i wega\u0144ski, dzi\u0119ki czemu jest odpowiedni dla szerokiego zakresu preferencji \u017cywieniowych i styl\u00f3w \u017cycia.<\/p>\n<p><strong>Ostrze\u017cenie<\/strong><br \/>\nValerian Capsules s\u0105 przeznaczone wy\u0142\u0105cznie dla os\u00f3b doros\u0142ych. Przechowywa\u0107 w miejscu niedost\u0119pnym dla dzieci. Ten produkt nie powinien by\u0107 stosowany w po\u0142\u0105czeniu z inhibitorami MAO. Osoby z chorobami nerek lub serca, wysokim lub niskim ci\u015bnieniem krwi, cukrzyc\u0105 lub przyjmuj\u0105ce leki, narkotyki lub alkohol powinny unika\u0107 stosowania tego suplementu. Waleriana nie jest lekiem, lecz suplementem diety i jako taki powinna by\u0107 stosowana. Nie kupowa\u0107, je\u015bli opakowanie jest uszkodzone.<\/p>","protected":false},"excerpt":{"rendered":"<p><span style=\"font-size: 100%; color: #333333;\">Valerian Capsules od Indian Elements zawiera ekstrakt z unikalnej ro\u015bliny waleriany, znanej ze swoich uspokajaj\u0105cych i koj\u0105cych w\u0142a\u015bciwo\u015bci. Ten naturalny suplement pomaga z\u0142agodzi\u0107 stres, niepok\u00f3j i skurcze mi\u0119\u015bni, jednocze\u015bnie wspomagaj\u0105c lepszy sen i relaks. Valerian Capsules to idealny wyb\u00f3r dla os\u00f3b poszukuj\u0105cych naturalnego sposobu na relaks.<\/span><\/p>","protected":false},"featured_media":125991,"template":"","meta":[],"product_brand":[],"product_cat":[597,297,477,479,510,511,476],"product_tag":[],"class_list":{"0":"post-2373","1":"product","2":"type-product","3":"status-publish","4":"has-post-thumbnail","6":"product_cat-indian-elements","7":"product_cat-all-products","8":"product_cat-herbs","9":"product_cat-medicinal-herbs","10":"product_cat-relax","11":"product_cat-relax-herbs","12":"product_cat-smartshop","14":"first","15":"instock","16":"taxable","17":"shipping-taxable","18":"purchasable","19":"product-type-variable"},"_links":{"self":[{"href":"https:\/\/www.tatanka.nl\/pl\/wp-json\/wp\/v2\/product\/2373","targetHints":{"allow":["GET"]}}],"collection":[{"href":"https:\/\/www.tatanka.nl\/pl\/wp-json\/wp\/v2\/product"}],"about":[{"href":"https:\/\/www.tatanka.nl\/pl\/wp-json\/wp\/v2\/types\/product"}],"wp:featuredmedia":[{"embeddable":true,"href":"https:\/\/www.tatanka.nl\/pl\/wp-json\/wp\/v2\/media\/125991"}],"wp:attachment":[{"href":"https:\/\/www.tatanka.nl\/pl\/wp-json\/wp\/v2\/media?parent=2373"}],"wp:term":[{"taxonomy":"product_brand","embeddable":true,"href":"https:\/\/www.tatanka.nl\/pl\/wp-json\/wp\/v2\/product_brand?post=2373"},{"taxonomy":"product_cat","embeddable":true,"href":"https:\/\/www.tatanka.nl\/pl\/wp-json\/wp\/v2\/product_cat?post=2373"},{"taxonomy":"product_tag","embeddable":true,"href":"https:\/\/www.tatanka.nl\/pl\/wp-json\/wp\/v2\/product_tag?post=2373"}],"curies":[{"name":"wp","href":"https:\/\/api.w.org\/{rel}","templated":true}]}}