{"id":24382,"date":"2019-12-16T13:58:51","date_gmt":"2019-12-16T13:58:51","guid":{"rendered":"https:\/\/www.tatanka.nl\/?post_type=product&#038;p=24382"},"modified":"2026-01-06T13:51:36","modified_gmt":"2026-01-06T12:51:36","slug":"kratom-kanna-liquid","status":"publish","type":"product","link":"https:\/\/www.tatanka.nl\/pl\/kratom-kanna-liquid\/","title":{"rendered":"Kratom &amp; Kanna Liquid"},"content":{"rendered":"<h2 dir=\"auto\">Czym s\u0105 p\u0142yny Kratom x Kanna?<\/h2>\n<p dir=\"auto\">Kratom x Kanna Liquid to specjalistyczny suplement ro\u015blinny, kt\u00f3ry \u0142\u0105czy w sobie silne w\u0142a\u015bciwo\u015bci dw\u00f3ch znanych zi\u00f3\u0142 w \u0142atwej w u\u017cyciu postaci p\u0142ynnej. Pochodz\u0105cy z li\u015bci drzewa Mitragyna speciosa, pochodz\u0105cego z Azji Po\u0142udniowo-Wschodniej, kratom jest ceniony za zawarte w nim alkaloidy, takie jak mitragynina, kt\u00f3re w mniejszych dawkach mog\u0105 dzia\u0142a\u0107 pobudzaj\u0105co, zwi\u0119kszaj\u0105c koncentracj\u0119 i witalno\u015b\u0107, natomiast w wi\u0119kszych dawkach dzia\u0142aj\u0105 uspokajaj\u0105co i wyciszaj\u0105co. W po\u0142\u0105czeniu z kann\u0105, znan\u0105 naukowo jako Sceletium tortuosum z Afryki Po\u0142udniowej, ekstrakt osi\u0105ga harmonijn\u0105 synergi\u0119. Kanna dostarcza mesembryn\u0119 i inne alkaloidy, kt\u00f3re s\u0105 znane z poprawiania nastroju, zmniejszania stresu i wywo\u0142ywania uczucia dobrego samopoczucia bez silnego dzia\u0142ania uspokajaj\u0105cego.<\/p>\n<p dir=\"auto\">Produkt ten jest cz\u0119sto dost\u0119pny w kompaktowych butelkach o pojemno\u015bci 10 ml, co przemawia do os\u00f3b poszukuj\u0105cych naturalnych alternatyw dla codziennego dobrego samopoczucia, takich jak radzenie sobie ze zm\u0119czeniem lub zwi\u0119kszenie swobody w kontaktach spo\u0142ecznych. W przeciwie\u0144stwie do surowc\u00f3w ro\u015blinnych, kt\u00f3re wymagaj\u0105 przygotowania, p\u0142ynny ekstrakt zapewnia szybsze wch\u0142anianie, co jest idealnym rozwi\u0105zaniem dla u\u017cytkownik\u00f3w ceni\u0105cych sobie natychmiastowe rezultaty bez konieczno\u015bci parzenia lub \u017cucia. Efekty r\u00f3\u017cni\u0105 si\u0119 w zale\u017cno\u015bci od indywidualnych czynnik\u00f3w, takich jak masa cia\u0142a i wra\u017cliwo\u015b\u0107, dlatego kluczowe znaczenie ma ostro\u017cne rozpocz\u0119cie stosowania.<\/p>\n<p dir=\"auto\">Entuzja\u015bci opisuj\u0105 p\u0142yn Kratom x Kanna jako zr\u00f3wnowa\u017con\u0105 mieszank\u0119, \u0142\u0105cz\u0105c\u0105 dynamiczn\u0105 energi\u0119 kratomu z delikatnym dzia\u0142aniem pobudzaj\u0105cym kanny. Nie jest to \u015brodek leczniczy, ale zio\u0142owy preparat o bogatej tradycji kulturowej. Przed u\u017cyciem nale\u017cy skonsultowa\u0107 si\u0119 z lekarzem, zw\u0142aszcza w przypadku problem\u00f3w zdrowotnych.<\/p>\n<p dir=\"auto\">Podsumowuj\u0105c, ekstrakt ten stanowi uciele\u015bnienie mi\u0119dzykulturowej wiedzy o zio\u0142ach, oferuj\u0105c skoncentrowany spos\u00f3b na odkrywanie korzy\u015bci p\u0142yn\u0105cych z tych ro\u015blin dla wsp\u00f3\u0142czesnego stylu \u017cycia.<\/p>\n<h2 dir=\"auto\">Historia p\u0142yn\u00f3w Kratom x Kanna<\/h2>\n<p dir=\"auto\">Historia preparatu Kratom x Kanna Liquid wywodzi si\u0119 z wyj\u0105tkowego dziedzictwa jego g\u0142\u00f3wnych sk\u0142adnik\u00f3w, stosowanych od wiek\u00f3w na r\u00f3\u017cnych kontynentach. Kratom, pozyskiwany z drzewa Mitragyna speciosa, pochodzi z Azji Po\u0142udniowo-Wschodniej, w tym z Indonezji i Malezji. Ju\u017c w XIX wieku odnotowano, \u017ce by\u0142 on tradycyjnym tonikiem dla robotnik\u00f3w, kt\u00f3rzy \u017culi li\u015bcie lub parzyli herbat\u0119, aby zwi\u0119kszy\u0107 wytrzyma\u0142o\u015b\u0107, z\u0142agodzi\u0107 b\u00f3l i wytrzyma\u0107 d\u0142ugie godziny pracy. W latach 30. XIX wieku naukowe doniesienia podkre\u015bla\u0142y jego rol\u0119 jako alternatywy dla opium w leczeniu uzale\u017cnienia, co spowodowa\u0142o, \u017ce sta\u0142 si\u0119 on cz\u0119\u015bci\u0105 regionalnej medycyny ludowej.<\/p>\n<p dir=\"auto\">Natomiast Kanna ma swoje korzenie w po\u0142udniowej Afryce, gdzie lud Khoisan wykorzystuje Sceletium tortuosum od ponad 300 lat, o czym \u015bwiadcz\u0105 znaleziska archeologiczne i przekaz ustny. Ro\u015blin\u0119 t\u0119 fermentowano i suszono, aby mo\u017cna j\u0105 by\u0142o \u017cu\u0107 lub wci\u0105ga\u0107 przez nos, ceni\u0105c j\u0105 za popraw\u0119 nastroju podczas polowa\u0144, rytua\u0142\u00f3w i spotka\u0144 towarzyskich, cz\u0119sto nazywaj\u0105c j\u0105 \u201ckanna\u201d, co oznacza \u201cco\u015b do \u017cucia\u201d. Holenderscy osadnicy w XVII wieku odnotowali jej zastosowanie w hamowaniu apetytu i wywo\u0142ywaniu euforii.<\/p>\n<p dir=\"auto\">Nowoczesne mieszanki produkt\u00f3w, takich jak Kratom x Kanna Liquid, pojawi\u0142y si\u0119 w XXI wieku, wraz ze wzrostem globalnego zainteresowania etnobotanik\u0105, co doprowadzi\u0142o do powstania innowacyjnych kombinacji zapewniaj\u0105cych uzupe\u0142niaj\u0105ce si\u0119 efekty \u2014 wigoru kratomu i spokoju kanny. Ewolucja ta spotka\u0142a si\u0119 z kontrol\u0105 organ\u00f3w regulacyjnych, ale stanowi ho\u0142d dla staro\u017cytnych praktyk dostosowanych do wsp\u00f3\u0142czesnego zastosowania.<\/p>\n<p dir=\"auto\">Obecnie takie ekstrakty nadal \u0142\u0105cz\u0105 tradycyjn\u0105 wiedz\u0119 z trendami wellness, zach\u0119caj\u0105c do pe\u0142nego szacunku podej\u015bcia do ich bogatej przesz\u0142o\u015bci.<\/p>\n<h2 dir=\"auto\">Jak stosowa\u0107 p\u0142yny Kratom x Kanna<\/h2>\n<p dir=\"auto\">Aby uzyska\u0107 najlepsze rezultaty, nale\u017cy starannie przygotowa\u0107 i odmierzy\u0107 preparat Kratom x Kanna Liquid. Najpierw nale\u017cy dobrze wstrz\u0105sn\u0105\u0107 butelk\u0105, aby r\u00f3wnomiernie wymiesza\u0107 skoncentrowane ekstrakty. Sugerowana dawka to 5\u201310 ml, czyli od po\u0142owy do ca\u0142ej butelki o pojemno\u015bci 10 ml na sesj\u0119. Osoby pocz\u0105tkuj\u0105ce powinny zacz\u0105\u0107 od dawki poni\u017cej 5 ml, aby oceni\u0107 tolerancj\u0119, poniewa\u017c dzia\u0142anie preparatu zale\u017cy od masy cia\u0142a, wra\u017cliwo\u015bci i mocy mieszanki.<\/p>\n<p dir=\"auto\">Podawa\u0107 podj\u0119zykowo, umieszczaj\u0105c p\u0142yn pod j\u0119zykiem na 30\u201360 sekund przed po\u0142kni\u0119ciem, co pozwala na szybkie wch\u0142anianie. Alternatywnie mo\u017cna rozcie\u0144czy\u0107 w zimnej wodzie, soku lub herbacie, aby z\u0142agodzi\u0107 gorzki smak, unikaj\u0105c podgrzewania, kt\u00f3re mo\u017ce spowodowa\u0107 degradacj\u0119 zwi\u0105zk\u00f3w. Przyjmowa\u0107 na pusty \u017co\u0142\u0105dek, aby uzyska\u0107 efekty w ci\u0105gu 10\u201320 minut, lub po lekkim posi\u0142ku, aby uzyska\u0107 bardziej stabilny pocz\u0105tek dzia\u0142ania.<\/p>\n<p dir=\"auto\">Dawka wp\u0142ywa na efekty: mniej ni\u017c 5 ml dla \u0142agodnego poprawienia nastroju i dodania energii, ponad 5 ml dla umiarkowanego odpr\u0119\u017cenia, a 5-10 ml dla silniejszego dzia\u0142ania uspokajaj\u0105cego. Stosuj oszcz\u0119dnie, raz lub dwa razy w miesi\u0105cu, aby zapobiec tolerancji. Unikaj mieszania z innymi substancjami i zapisuj swoje do\u015bwiadczenia, aby m\u00f3c dostosowa\u0107 dawk\u0119.<\/p>\n<p dir=\"auto\">Przechowuj w ch\u0142odnym, ciemnym miejscu, niedost\u0119pnym dla dzieci. Je\u015bli nie masz do\u015bwiadczenia w stosowaniu produkt\u00f3w ro\u015blinnych, zapoznaj si\u0119 z informacjami na temat interakcji i zasi\u0119gnij porady. Metoda ta jest zgodna z tradycyjnym sposobem spo\u017cywania, a jednocze\u015bnie dostosowana do intensywnego trybu \u017cycia.<\/p>\n<h2 dir=\"auto\">Sk\u0142adniki p\u0142yn\u00f3w Kratom x Kanna<\/h2>\n<p dir=\"auto\">Kratom x Kanna Liquid charakteryzuje si\u0119 prost\u0105, ale skuteczn\u0105 mieszank\u0105, kt\u00f3rej podstaw\u0105 jest olejek eteryczny, cho\u0107 szczeg\u00f3\u0142y nie zosta\u0142y opisane w tek\u015bcie podstawowym. Kluczowymi sk\u0142adnikami aktywnymi s\u0105 15-krotny ekstrakt z li\u015bci Mitragyna speciosa, skoncentrowany 15 razy w stosunku do suszu, aby uwydatni\u0107 alkaloidy, takie jak mitragynina i 7-hydroksymitragynina, kt\u00f3re maj\u0105 w\u0142a\u015bciwo\u015bci pobudzaj\u0105ce i \u0142agodz\u0105ce.<\/p>\n<p dir=\"auto\">Uzupe\u0142nieniem jest 10-krotny ekstrakt kanna z Sceletium tortuosum, wzmocniony 10-krotnie w stosunku do surowej ro\u015bliny, zawieraj\u0105cy alkaloidy mezembryny, kt\u00f3re wspomagaj\u0105 wychwyt serotoniny, poprawiaj\u0105c nastr\u00f3j i zmniejszaj\u0105c niepok\u00f3j. Naturalne flawonoidy i inne bioaktywne substancje zawarte w obu zio\u0142ach uzupe\u0142niaj\u0105 profil, potencjalnie zapewniaj\u0105c wsparcie antyoksydacyjne.<\/p>\n<p dir=\"auto\">Nie wspomniano o \u017cadnych sztucznych sk\u0142adnikach, dzi\u0119ki czemu produkt jest bliski naturze. P\u0142ynna forma sprzyja biodost\u0119pno\u015bci, a minimalna zawarto\u015b\u0107 alkoholu (je\u015bli wyst\u0119puje) s\u0142u\u017cy konserwacji.<\/p>\n<p dir=\"auto\">Zrozumienie tych sk\u0142adnik\u00f3w pozwala dostrzec synergi\u0119: podw\u00f3jne dzia\u0142anie kratomu \u0142\u0105czy si\u0119 z pobudzaj\u0105cym spokojem kanny. Mog\u0105 wyst\u0105pi\u0107 r\u00f3\u017cnice w zale\u017cno\u015bci od \u017ar\u00f3d\u0142a pochodzenia, dlatego nale\u017cy sprawdza\u0107 etykiety.<\/p>\n<p dir=\"auto\"><strong>Ostrze\u017cenie:<\/strong> Sprzeda\u017c i stosowanie niedozwolone dla os\u00f3b poni\u017cej 18 roku \u017cycia. Przechowywa\u0107 w miejscu niedost\u0119pnym dla dzieci. Nie stosowa\u0107 w przypadku wysokiego lub niskiego ci\u015bnienia krwi, chor\u00f3b serca i\/lub p\u0142uc, cukrzycy, w okresie ci\u0105\u017cy lub podczas stosowania lek\u00f3w, narkotyk\u00f3w lub alkoholu.<\/p>","protected":false},"excerpt":{"rendered":"<p dir=\"auto\">Kratom x Kanna Liquid to wysokiej jako\u015bci p\u0142ynna mieszanka zio\u0142owa, \u0142\u0105cz\u0105ca skoncentrowane ekstrakty z tradycyjnych ro\u015blin, kt\u00f3re poprawiaj\u0105 nastr\u00f3j, dodaj\u0105 energii i relaksuj\u0105, a wszystko to w wygodnej formie.<\/p>","protected":false},"featured_media":126069,"template":"","meta":[],"product_brand":[],"product_cat":[599,297,477,508,509,510,511,476],"product_tag":[],"class_list":{"0":"post-24382","1":"product","2":"type-product","3":"status-publish","4":"has-post-thumbnail","6":"product_cat-kratopia","7":"product_cat-all-products","8":"product_cat-herbs","9":"product_cat-kanna","10":"product_cat-kratom","11":"product_cat-relax","12":"product_cat-relax-herbs","13":"product_cat-smartshop","14":"product_shipping_class-creditcard-off","16":"first","17":"instock","18":"taxable","19":"shipping-taxable","20":"purchasable","21":"product-type-variable","22":"has-default-attributes"},"_links":{"self":[{"href":"https:\/\/www.tatanka.nl\/pl\/wp-json\/wp\/v2\/product\/24382","targetHints":{"allow":["GET"]}}],"collection":[{"href":"https:\/\/www.tatanka.nl\/pl\/wp-json\/wp\/v2\/product"}],"about":[{"href":"https:\/\/www.tatanka.nl\/pl\/wp-json\/wp\/v2\/types\/product"}],"wp:featuredmedia":[{"embeddable":true,"href":"https:\/\/www.tatanka.nl\/pl\/wp-json\/wp\/v2\/media\/126069"}],"wp:attachment":[{"href":"https:\/\/www.tatanka.nl\/pl\/wp-json\/wp\/v2\/media?parent=24382"}],"wp:term":[{"taxonomy":"product_brand","embeddable":true,"href":"https:\/\/www.tatanka.nl\/pl\/wp-json\/wp\/v2\/product_brand?post=24382"},{"taxonomy":"product_cat","embeddable":true,"href":"https:\/\/www.tatanka.nl\/pl\/wp-json\/wp\/v2\/product_cat?post=24382"},{"taxonomy":"product_tag","embeddable":true,"href":"https:\/\/www.tatanka.nl\/pl\/wp-json\/wp\/v2\/product_tag?post=24382"}],"curies":[{"name":"wp","href":"https:\/\/api.w.org\/{rel}","templated":true}]}}