{"id":24473,"date":"2020-12-01T18:11:16","date_gmt":"2020-12-01T16:11:16","guid":{"rendered":"https:\/\/www.tatanka.nl\/?post_type=product&#038;p=24473"},"modified":"2025-07-11T13:01:30","modified_gmt":"2025-07-11T12:01:30","slug":"party-e-happy-caps","status":"publish","type":"product","link":"https:\/\/www.tatanka.nl\/pl\/party-e-happy-caps\/","title":{"rendered":"Party-E"},"content":{"rendered":"<h2 dir=\"ltr\" data-pm-slice=\"1 1 []\">Co to s\u0105 Happy Caps Party-E?<\/h2>\n<p dir=\"ltr\">Happy Caps Party-E to wysokiej jako\u015bci suplement diety stworzony z my\u015bl\u0105 o wzmocnieniu \u015bwi\u0105tecznego nastroju u os\u00f3b doros\u0142ych. Ka\u017cde opakowanie zawiera 4 wegetaria\u0144skie kapsu\u0142ki z mieszank\u0105 ekstraktu z Mitragyna speciosa, teobrominy i innych naturalnych sk\u0142adnik\u00f3w, kt\u00f3re zwi\u0119kszaj\u0105 energi\u0119, towarzysko\u015b\u0107 i nastr\u00f3j. Idealny w sytuacjach towarzyskich, takich jak taniec, flirt lub o\u017cywione rozmowy, Happy Caps Party-E pomaga u\u017cytkownikom osi\u0105gn\u0105\u0107 nowy poziom podniecenia i zaanga\u017cowania. Wegetaria\u0144skie kapsu\u0142ki zapewniaj\u0105 dost\u0119pno\u015b\u0107 dla szerokiego grona odbiorc\u00f3w, a starannie dobrane sk\u0142adniki promuj\u0105 \u017cywe, euforyczne doznania bez syntetycznych stymulant\u00f3w. Zaprojektowany z my\u015bl\u0105 o tych, kt\u00f3rzy chc\u0105 w naturalny spos\u00f3b podnie\u015b\u0107 sw\u00f3j imprezowy nastr\u00f3j, Happy Caps Party-E \u0142\u0105czy w sobie jako\u015b\u0107 i skuteczno\u015b\u0107, dzi\u0119ki czemu jest doskona\u0142ym wyborem dla os\u00f3b doros\u0142ych pragn\u0105cych urozmaici\u0107 swoje towarzyskie i \u015bwi\u0105teczne chwile. Jego unikalna formu\u0142a wspiera relaks i mi\u0142o\u015b\u0107, dodaj\u0105c psychodeliczny akcent do do\u015bwiadczenia, zapewniaj\u0105c u\u017cytkownikom poczucie energii i wi\u0119zi w ka\u017cdym uroczystym \u015brodowisku, a wszystko to przy jednoczesnym priorytetowym traktowaniu naturalnych, odpowiedzialnych sk\u0142adnik\u00f3w.<\/p>\n<h2 dir=\"ltr\">Historia Happy Caps Party-E<\/h2>\n<p dir=\"ltr\">Happy Caps Party-E pojawi\u0142 si\u0119 jako cz\u0119\u015b\u0107 rosn\u0105cego trendu w kierunku naturalnych suplement\u00f3w, kt\u00f3re poprawiaj\u0105 do\u015bwiadczenia spo\u0142eczne i rekreacyjne. Wprowadzony na rynek przez Happy Caps, mark\u0119 znan\u0105 z innowacyjnych receptur zio\u0142owych, produkt ten pojawi\u0142 si\u0119 na rynku w 2000 roku, wykorzystuj\u0105c popularno\u015b\u0107 suplement\u00f3w poprawiaj\u0105cych nastr\u00f3j i dodaj\u0105cych energii. Czerpi\u0105c z tradycyjnego stosowania Mitragyna speciosa w kulturach Azji Po\u0142udniowo-Wschodniej ze wzgl\u0119du na jej stymuluj\u0105ce w\u0142a\u015bciwo\u015bci, Happy Caps Party-E po\u0142\u0105czy\u0142 ten silny ekstrakt z teobromin\u0105, tworz\u0105c nowoczesny suplement imprezowy. Pocz\u0105tkowo przyj\u0119ty przez entuzjast\u00f3w nocnego \u017cycia, produkt zyska\u0142 na popularno\u015bci, gdy konsumenci szukali naturalnych alternatyw dla syntetycznych \u015brodk\u00f3w wspomagaj\u0105cych imprezowanie. Z biegiem czasu Happy Caps udoskonali\u0142 formu\u0142\u0119, wprowadzaj\u0105c wegetaria\u0144skie kapsu\u0142ki i zapewniaj\u0105c zr\u00f3wnowa\u017con\u0105 mieszank\u0119, aby zmaksymalizowa\u0107 bezpiecze\u0144stwo i efekt. Koncentracja marki na jako\u015bci i przejrzysto\u015bci sprawi\u0142a, \u017ce Happy Caps Party-E sta\u0142 si\u0119 zaufan\u0105 opcj\u0105 w bran\u017cy suplement\u00f3w. Jej ewolucja odzwierciedla szersz\u0105 zmian\u0119 w kierunku holistycznego wellness, \u0142\u0105cz\u0105c staro\u017cytne tradycje zio\u0142owe ze wsp\u00f3\u0142czesnymi potrzebami spo\u0142ecznymi, i nadal rezonuje z u\u017cytkownikami poszukuj\u0105cymi \u017cywego, naturalnego sposobu na podniesienie swoich do\u015bwiadcze\u0144 imprezowych.<\/p>\n<h2 dir=\"ltr\">Jak u\u017cywa\u0107 Happy Caps Party-E<\/h2>\n<p dir=\"ltr\">Stosowanie Happy Caps Party-E jest proste i dostosowane do optymalnego wzmocnienia imprezy. Przyjmowa\u0107 1 do 2 kapsu\u0142ek popijaj\u0105c szklank\u0105 wody oko\u0142o 45 minut przed po\u017c\u0105danym efektem, pozwalaj\u0105c naturalnym sk\u0142adnikom zacz\u0105\u0107 dzia\u0142a\u0107. Aby uzyska\u0107 najlepsze wyniki, nale\u017cy spo\u017cywa\u0107 na pusty \u017co\u0142\u0105dek lub z lekkim posi\u0142kiem, aby poprawi\u0107 wch\u0142anianie. Nie nale\u017cy przekracza\u0107 maksymalnej dawki 2 kapsu\u0142ek w ci\u0105gu 24 godzin, aby zapewni\u0107 bezpiecze\u0144stwo. Wegetaria\u0144skie kapsu\u0142ki s\u0105 \u0142atwe do po\u0142kni\u0119cia i zaprojektowane z my\u015bl\u0105 o szybkiej integracji z planami spo\u0142ecznymi. Przechowywa\u0107 opakowanie w ch\u0142odnym, suchym miejscu, aby zachowa\u0107 moc. Happy Caps Party-E jest przeznaczony dla os\u00f3b doros\u0142ych, idealny do zwi\u0119kszenia energii, towarzysko\u015bci i nastroju podczas \u015bwi\u0105tecznych okazji. Unikaj \u0142\u0105czenia z alkoholem, lekami lub innymi stymulantami, aby zapobiec niekorzystnym interakcjom. Przestrzegaj\u0105c tych wskaz\u00f3wek, u\u017cytkownicy mog\u0105 w pe\u0142ni cieszy\u0107 si\u0119 podnosz\u0105cymi na duchu efektami, wzbogacaj\u0105c swoje imprezowe do\u015bwiadczenia o naturalny, \u017cywy zastrzyk energii. Bez wzgl\u0119du na to, czy chodzi o taniec, czy zabaw\u0119, kapsu\u0142ki te zapewniaj\u0105 bezpieczny i skuteczny spos\u00f3b na popraw\u0119 nastroju i energii, zapewniaj\u0105c niezapomniane i po\u0142\u0105czone \u015bwi\u0119towanie.<\/p>\n<h2 dir=\"ltr\">Sk\u0142adniki Happy Caps Party-E<\/h2>\n<p dir=\"ltr\">Happy Caps Party-E zawiera specjalnie dobran\u0105 mieszank\u0119 naturalnych sk\u0142adnik\u00f3w, kt\u00f3re poprawiaj\u0105 wra\u017cenia z imprezy. Ka\u017cda wegetaria\u0144ska kapsu\u0142ka zawiera ekstrakt z Mitragyna speciosa (100 mg), znany ze swoich w\u0142a\u015bciwo\u015bci pobudzaj\u0105cych i poprawiaj\u0105cych nastr\u00f3j, oraz teobromin\u0119 (70 mg), naturalny zwi\u0105zek, kt\u00f3ry zwi\u0119ksza energi\u0119 i towarzysko\u015b\u0107. Dodatkowe sk\u0142adniki obejmuj\u0105 stearynian magnezu i dwutlenek wapnia jako stabilizatory, zapewniaj\u0105ce sta\u0142\u0105 jako\u015b\u0107 kapsu\u0142ki. Sama kapsu\u0142ka jest wykonana z hydroksypropylometylocelulozy, materia\u0142u ro\u015blinnego odpowiedniego dla wegetarian, wolnego od sk\u0142adnik\u00f3w pochodzenia zwierz\u0119cego. Nie stosuje si\u0119 \u017cadnych syntetycznych stymulant\u00f3w ani sztucznych dodatk\u00f3w, stawiaj\u0105c na pierwszym miejscu bezpiecze\u0144stwo i czysto\u015b\u0107. Sk\u0142adniki pochodz\u0105 od renomowanych dostawc\u00f3w, przestrzegaj\u0105cych surowych standard\u00f3w jako\u015bci w celu zapewnienia skuteczno\u015bci. Ta starannie opracowana formu\u0142a promuje energi\u0119, relaks i poczucie wi\u0119zi, z \u0142agodnym efektem psychodelicznym, kt\u00f3ry poprawia \u015bwi\u0105teczny nastr\u00f3j. Przejrzysty profil sk\u0142adnik\u00f3w Happy Caps Party-E przemawia do u\u017cytkownik\u00f3w poszukuj\u0105cych naturalnego, niezawodnego suplementu, wspieraj\u0105cego \u017cywe do\u015bwiadczenia spo\u0142eczne przy jednoczesnym zachowaniu zaanga\u017cowania w holistyczne zdrowie i odpowiedzialne pozyskiwanie, co czyni go zaufanym wyborem dla doros\u0142ych, kt\u00f3rzy chc\u0105 w naturalny spos\u00f3b podnie\u015b\u0107 poziom \u015bwi\u0119towania.<\/p>\n<p dir=\"ltr\"><strong>Ostrze\u017cenie<\/strong><br \/>\nHappy Caps Party-E nie jest przeznaczony dla os\u00f3b poni\u017cej 18 roku \u017cycia. Nie stosowa\u0107 jako substytutu zr\u00f3\u017cnicowanej diety ani w po\u0142\u0105czeniu z lekami, u\u017cywkami lub nadmiern\u0105 ilo\u015bci\u0105 alkoholu. Unika\u0107 w przypadku wysokiego\/niskiego ci\u015bnienia krwi, chor\u00f3b serca, ci\u0105\u017cy, karmienia piersi\u0105, problem\u00f3w z tarczyc\u0105, chor\u00f3b nerek, depresji, nerwowo\u015bci lub stosowania inhibitor\u00f3w MAO. Przechowywa\u0107 w miejscu niedost\u0119pnym dla dzieci i nie przekracza\u0107 maksymalnej dawki 2 kapsu\u0142ek na 24 godziny. Skonsultuj si\u0119 z pracownikiem s\u0142u\u017cby zdrowia, je\u015bli nie masz pewno\u015bci co do zgodno\u015bci z Twoimi warunkami zdrowotnymi. U\u017cywaj odpowiedzialnie.<\/p>","protected":false},"excerpt":{"rendered":"<p><strong>Happy Caps: <\/strong>Party-E to ca\u0142kowicie naturalna formu\u0142a, kt\u00f3ra zamienia aktywno\u015b\u0107 w prawdziwe do\u015bwiadczenie. Ta pot\u0119\u017cna formu\u0142a energetyczna z naturalnymi sk\u0142adnikami jest idealnym legalnym stymulantem imprezowym na noc.<\/p>\n<p>Energia <strong>*****<\/strong><br \/>\nKoncentracja <strong>*<\/strong><br \/>\nRelaxation <strong>**<\/strong><br \/>\nMi\u0142o\u015b\u0107 <strong>*****<\/strong><br \/>\nPsychodeliczny <strong>****<\/strong><\/p>","protected":false},"featured_media":58047,"template":"","meta":[],"product_brand":[],"product_cat":[528,297,385,527,513,525,476],"product_tag":[],"class_list":{"0":"post-24473","1":"product","2":"type-product","3":"status-publish","4":"has-post-thumbnail","6":"product_cat-happy-caps","7":"product_cat-all-products","8":"product_cat-buy-xtc","9":"product_cat-energy-pills","10":"product_cat-party","11":"product_cat-party-pills","12":"product_cat-smartshop","14":"first","15":"instock","16":"taxable","17":"shipping-taxable","18":"purchasable","19":"product-type-simple"},"_links":{"self":[{"href":"https:\/\/www.tatanka.nl\/pl\/wp-json\/wp\/v2\/product\/24473","targetHints":{"allow":["GET"]}}],"collection":[{"href":"https:\/\/www.tatanka.nl\/pl\/wp-json\/wp\/v2\/product"}],"about":[{"href":"https:\/\/www.tatanka.nl\/pl\/wp-json\/wp\/v2\/types\/product"}],"wp:featuredmedia":[{"embeddable":true,"href":"https:\/\/www.tatanka.nl\/pl\/wp-json\/wp\/v2\/media\/58047"}],"wp:attachment":[{"href":"https:\/\/www.tatanka.nl\/pl\/wp-json\/wp\/v2\/media?parent=24473"}],"wp:term":[{"taxonomy":"product_brand","embeddable":true,"href":"https:\/\/www.tatanka.nl\/pl\/wp-json\/wp\/v2\/product_brand?post=24473"},{"taxonomy":"product_cat","embeddable":true,"href":"https:\/\/www.tatanka.nl\/pl\/wp-json\/wp\/v2\/product_cat?post=24473"},{"taxonomy":"product_tag","embeddable":true,"href":"https:\/\/www.tatanka.nl\/pl\/wp-json\/wp\/v2\/product_tag?post=24473"}],"curies":[{"name":"wp","href":"https:\/\/api.w.org\/{rel}","templated":true}]}}