{"id":24479,"date":"2020-12-01T18:34:57","date_gmt":"2020-12-01T16:34:57","guid":{"rendered":"https:\/\/www.tatanka.nl\/?post_type=product&#038;p=24479"},"modified":"2025-07-11T12:58:43","modified_gmt":"2025-07-11T11:58:43","slug":"sex-e-happy-caps","status":"publish","type":"product","link":"https:\/\/www.tatanka.nl\/pl\/sex-e-happy-caps\/","title":{"rendered":"Sex-E"},"content":{"rendered":"<h2 dir=\"ltr\" data-pm-slice=\"1 1 []\">Co to s\u0105 Happy Caps Sex-E?<\/h2>\n<p dir=\"ltr\">Happy Caps Sex-E to naturalny suplement diety opracowany w celu zwi\u0119kszenia dozna\u0144 intymnych u os\u00f3b doros\u0142ych. Ka\u017cde opakowanie zawiera 4 kapsu\u0142ki, \u0142\u0105cz\u0105ce silne zio\u0142a, takie jak Damiana, Ashwagandha i Tribulus terrestris z niezb\u0119dnymi witaminami i minera\u0142ami. Sk\u0142adniki te dzia\u0142aj\u0105 synergistycznie, aby poprawi\u0107 nastr\u00f3j, zwi\u0119kszy\u0107 przyjemno\u015b\u0107 seksualn\u0105, zwi\u0119kszy\u0107 wytrzyma\u0142o\u015b\u0107 i poprawi\u0107 przep\u0142yw krwi do narz\u0105d\u00f3w p\u0142ciowych. Preparat Happy Caps Sex-E zosta\u0142 opracowany z my\u015bl\u0105 o osobach poszukuj\u0105cych naturalnego sposobu na urozmaicenie romantycznych chwil i oferuje zr\u00f3wnowa\u017cone podej\u015bcie do intymno\u015bci bez syntetycznych stymulant\u00f3w. Kapsu\u0142ki s\u0105 umieszczone w przyjaznych dla wegetarian os\u0142onkach, zapewniaj\u0105c dost\u0119pno\u015b\u0107 dla szerokiego grona u\u017cytkownik\u00f3w. Koncentruj\u0105c si\u0119 na jako\u015bci i skuteczno\u015bci, Happy Caps Sex-E wyr\u00f3\u017cnia si\u0119 jako godny zaufania wyb\u00f3r dla doros\u0142ych, kt\u00f3rzy chc\u0105 odpowiedzialnie zwi\u0119kszy\u0107 swoje zmys\u0142owe doznania. Jego starannie dobrane sk\u0142adniki promuj\u0105 relaks i energi\u0119, dzi\u0119ki czemu jest idealny dla tych, kt\u00f3rzy chc\u0105 zwi\u0119kszy\u0107 swoje po\u0142\u0105czenie i przyjemno\u015b\u0107 w naturalny, holistyczny spos\u00f3b, jednocze\u015bnie wspieraj\u0105c og\u00f3lne samopoczucie.<\/p>\n<h2 dir=\"ltr\">Historia Happy Caps Sex-E<\/h2>\n<p dir=\"ltr\">Rozw\u00f3j Happy Caps Sex-E odzwierciedla rosn\u0105ce zapotrzebowanie na naturalne suplementy, kt\u00f3re poprawiaj\u0105 doznania intymne. Wprowadzony przez Happy Caps, mark\u0119 znan\u0105 z innowacyjnych mieszanek zio\u0142owych, produkt ten pojawi\u0142 si\u0119 na pocz\u0105tku 2000 roku jako cz\u0119\u015b\u0107 fali suplement\u00f3w poprawiaj\u0105cych nastr\u00f3j i zwi\u0119kszaj\u0105cych wydajno\u015b\u0107. Czerpi\u0105c z tradycyjnej wiedzy zielarskiej, Happy Caps Sex-E po\u0142\u0105czy\u0142 sprawdzone sk\u0142adniki, takie jak Damiana i Ashwagandha, z nowoczesn\u0105 nauk\u0105 o \u017cywieniu, tworz\u0105c formu\u0142\u0119 dostosowan\u0105 do potrzeb os\u00f3b doros\u0142ych pragn\u0105cych poprawi\u0107 swoje samopoczucie seksualne. Pocz\u0105tkowo popularny w niszowych kr\u0119gach wellness, produkt zyska\u0142 szersz\u0105 popularno\u015b\u0107, gdy konsumenci przyj\u0119li naturalne alternatywy dla syntetycznych wzmacniaczy. Z biegiem czasu Happy Caps udoskonali\u0142 formu\u0142\u0119, wprowadzaj\u0105c wegetaria\u0144skie kapsu\u0142ki i zr\u00f3wnowa\u017con\u0105 mieszank\u0119 witaminowo-mineraln\u0105, aby zapewni\u0107 bezpiecze\u0144stwo i skuteczno\u015b\u0107. Zaanga\u017cowanie marki w jako\u015b\u0107 i przejrzysto\u015b\u0107 sprawi\u0142o, \u017ce Happy Caps Sex-E sta\u0142a si\u0119 szanowan\u0105 mark\u0105 na rynku suplement\u00f3w. Jej ewolucja odzwierciedla zmian\u0119 kulturow\u0105 w kierunku holistycznego zdrowia, oferuj\u0105c produkt, kt\u00f3ry \u0142\u0105czy staro\u017cytn\u0105 m\u0105dro\u015b\u0107 zio\u0142ow\u0105 ze wsp\u00f3\u0142czesnymi potrzebami, umo\u017cliwiaj\u0105c u\u017cytkownikom popraw\u0119 intymnych chwil z pewno\u015bci\u0105 siebie i naturaln\u0105 witalno\u015bci\u0105.<\/p>\n<h2 dir=\"ltr\">Jak u\u017cywa\u0107 Happy Caps Sex-E<\/h2>\n<p dir=\"ltr\">Stosowanie Happy Caps Sex-E jest proste i zapewnia optymalne rezultaty. Przyjmowa\u0107 1 lub 2 kapsu\u0142ki popijaj\u0105c szklank\u0105 wody oko\u0142o 45 minut przed po\u017c\u0105danym efektem, daj\u0105c naturalnym sk\u0142adnikom czas na aktywacj\u0119. Aby uzyska\u0107 najlepsze wyniki, nale\u017cy spo\u017cywa\u0107 na pusty \u017co\u0142\u0105dek lub z lekkim posi\u0142kiem w celu zwi\u0119kszenia wch\u0142aniania. Unikaj przyjmowania wi\u0119kszej ni\u017c zalecana dawki, aby zapewni\u0107 bezpiecze\u0144stwo. Kapsu\u0142ki s\u0105 \u0142atwe do po\u0142kni\u0119cia dzi\u0119ki wegetaria\u0144skiej otoczce i mo\u017cna je w\u0142\u0105czy\u0107 do rutyny w razie potrzeby. Przechowuj opakowanie w ch\u0142odnym, suchym miejscu z dala od bezpo\u015bredniego \u015bwiat\u0142a s\u0142onecznego, aby zachowa\u0107 moc. Happy Caps Sex-E jest przeznaczony do stosowania przez osoby doros\u0142e, oferuj\u0105c naturalny spos\u00f3b na popraw\u0119 nastroju, wytrzyma\u0142o\u015bci i przyjemno\u015bci seksualnej. Aby w pe\u0142ni cieszy\u0107 si\u0119 efektami, nale\u017cy przebywa\u0107 w zrelaksowanym otoczeniu i unika\u0107 \u0142\u0105czenia z alkoholem lub lekami, aby zapobiec interakcjom. Przestrzegaj\u0105c tych wskaz\u00f3wek, u\u017cytkownicy mog\u0105 do\u015bwiadczy\u0107 pe\u0142nych korzy\u015bci p\u0142yn\u0105cych z suplementu, poprawiaj\u0105c swoje intymne chwile dzi\u0119ki bezpiecznemu, skutecznemu i naturalnemu podej\u015bciu, kt\u00f3re wspiera zar\u00f3wno fizyczne, jak i emocjonalne samopoczucie.<\/p>\n<h2 dir=\"ltr\">Sk\u0142adniki Happy Caps Sex-E<\/h2>\n<p dir=\"ltr\">Happy Caps Sex-E zawiera mieszank\u0119 naturalnych zi\u00f3\u0142, witamin i minera\u0142\u00f3w, kt\u00f3re wspieraj\u0105 dobre samopoczucie seksualne. Ka\u017cda kapsu\u0142ka zawiera L-arginin\u0119 (125 mg) poprawiaj\u0105c\u0105 przep\u0142yw krwi, Damiana (100 mg) poprawiaj\u0105c\u0105 nastr\u00f3j oraz mieszank\u0119 witaminowo-mineraln\u0105 (magnez 66,5 mg, wap\u0144 39,9 mg, cynk 3,3 mg, \u017celazo 1,4 mg, witamina B6 0,47 mg, kwas foliowy 49,9 \u00b5g, witamina H 9,3 \u00b5g, witamina D2 1 \u00b5g, witamina B12 0,64 \u00b5g) wspieraj\u0105c\u0105 energi\u0119 i witalno\u015b\u0107. Dodatkowe zio\u0142a obejmuj\u0105 Ashwagandha (100 mg) dla z\u0142agodzenia stresu, Tribulus terrestris (100 mg) dla wytrzyma\u0142o\u015bci i Withania somnifera (100 mg) dla og\u00f3lnego dobrego samopoczucia. Kapsu\u0142ki wykonane s\u0105 z wegetaria\u0144skiej hydroksypropylometylocelulozy, barwionej \u017c\u00f3\u0142tym tlenkiem \u017celaza i dwutlenkiem tytanu, dzi\u0119ki czemu nie zawieraj\u0105 sk\u0142adnik\u00f3w pochodzenia zwierz\u0119cego. Ta wolna od syntetycznych stymulant\u00f3w mieszanka stawia na pierwszym miejscu bezpiecze\u0144stwo i skuteczno\u015b\u0107, pozyskuj\u0105c zio\u0142a od zr\u00f3wnowa\u017conych dostawc\u00f3w. Starannie zbilansowana formu\u0142a promuje relaks, energi\u0119 i przyjemno\u015b\u0107 seksualn\u0105, dzi\u0119ki czemu Happy Caps Sex-E jest naturalnym, holistycznym wyborem dla doros\u0142ych pragn\u0105cych zwi\u0119kszy\u0107 intymno\u015b\u0107, jednocze\u015bnie wspieraj\u0105c og\u00f3lny stan zdrowia dzi\u0119ki przejrzystym, wysokiej jako\u015bci sk\u0142adnikom.<\/p>\n<p dir=\"ltr\"><strong>Ostrze\u017cenie<\/strong><br \/>\nHappy Caps Sex-E nie jest przeznaczony dla os\u00f3b poni\u017cej 18 roku \u017cycia. Nie stosowa\u0107 jako substytutu zr\u00f3\u017cnicowanej diety ani w po\u0142\u0105czeniu z lekami, u\u017cywkami lub nadmiern\u0105 ilo\u015bci\u0105 alkoholu. Unika\u0107 w przypadku wysokiego\/niskiego ci\u015bnienia krwi, chor\u00f3b serca, ci\u0105\u017cy, karmienia piersi\u0105, problem\u00f3w z tarczyc\u0105, chor\u00f3b nerek, depresji, nerwowo\u015bci lub stosowania inhibitor\u00f3w MAO. Przechowywa\u0107 w miejscu niedost\u0119pnym dla dzieci i nie przekracza\u0107 zalecanej dawki. Skonsultuj si\u0119 z pracownikiem s\u0142u\u017cby zdrowia, je\u015bli nie masz pewno\u015bci co do zgodno\u015bci z twoimi warunkami zdrowotnymi. U\u017cywaj odpowiedzialnie.<\/p>","protected":false},"excerpt":{"rendered":"<p><strong>Happy Caps:<\/strong> Sex-E zawiera szerokie spektrum zi\u00f3\u0142, kt\u00f3re poprawiaj\u0105 nastr\u00f3j, zwi\u0119kszaj\u0105 przyjemno\u015b\u0107 seksualn\u0105, zwi\u0119kszaj\u0105 wytrzyma\u0142o\u015b\u0107 i poprawiaj\u0105 przep\u0142yw krwi do narz\u0105d\u00f3w p\u0142ciowych.<\/p>\n<p>Energia ****<br \/>\nSt\u0119\u017cenie **<br \/>\nRelaxation ***<br \/>\nMi\u0142o\u015b\u0107 *****<br \/>\nPsychodeliczny *<\/p>","protected":false},"featured_media":58051,"template":"","meta":[],"product_brand":[],"product_cat":[528,297,531,525,576,573,383,476],"product_tag":[],"class_list":{"0":"post-24479","1":"product","2":"type-product","3":"status-publish","4":"has-post-thumbnail","6":"product_cat-happy-caps","7":"product_cat-all-products","8":"product_cat-aphrodisiacs","9":"product_cat-party-pills","10":"product_cat-sex-products-for-couples","11":"product_cat-sex-products-top-10","12":"product_cat-sex-shop","13":"product_cat-smartshop","15":"first","16":"instock","17":"taxable","18":"shipping-taxable","19":"purchasable","20":"product-type-simple"},"_links":{"self":[{"href":"https:\/\/www.tatanka.nl\/pl\/wp-json\/wp\/v2\/product\/24479","targetHints":{"allow":["GET"]}}],"collection":[{"href":"https:\/\/www.tatanka.nl\/pl\/wp-json\/wp\/v2\/product"}],"about":[{"href":"https:\/\/www.tatanka.nl\/pl\/wp-json\/wp\/v2\/types\/product"}],"wp:featuredmedia":[{"embeddable":true,"href":"https:\/\/www.tatanka.nl\/pl\/wp-json\/wp\/v2\/media\/58051"}],"wp:attachment":[{"href":"https:\/\/www.tatanka.nl\/pl\/wp-json\/wp\/v2\/media?parent=24479"}],"wp:term":[{"taxonomy":"product_brand","embeddable":true,"href":"https:\/\/www.tatanka.nl\/pl\/wp-json\/wp\/v2\/product_brand?post=24479"},{"taxonomy":"product_cat","embeddable":true,"href":"https:\/\/www.tatanka.nl\/pl\/wp-json\/wp\/v2\/product_cat?post=24479"},{"taxonomy":"product_tag","embeddable":true,"href":"https:\/\/www.tatanka.nl\/pl\/wp-json\/wp\/v2\/product_tag?post=24479"}],"curies":[{"name":"wp","href":"https:\/\/api.w.org\/{rel}","templated":true}]}}