{"id":24780,"date":"2019-12-21T14:54:59","date_gmt":"2019-12-21T14:54:59","guid":{"rendered":"https:\/\/www.tatanka.nl\/?post_type=product&#038;p=24780"},"modified":"2025-07-29T08:44:49","modified_gmt":"2025-07-29T07:44:49","slug":"grinder-headshop-color","status":"publish","type":"product","link":"https:\/\/www.tatanka.nl\/pl\/grinder-headshop-color\/","title":{"rendered":"Headshop Colored Grinder"},"content":{"rendered":"<h2 dir=\"ltr\" data-pm-slice=\"1 1 []\">Co to jest Headshop Colored Grinder?<\/h2>\n<p dir=\"ltr\">Headshop Colored Grinder to wysokiej jako\u015bci, czterocz\u0119\u015bciowy m\u0142ynek wykonany z wysokiej jako\u015bci anodyzowanego aluminium, zaprojektowany do precyzyjnego mielenia legalnych zi\u00f3\u0142 do palenia. Jego rozmiar 40 mm sprawia, \u017ce jest wysoce przeno\u015bny i z \u0142atwo\u015bci\u0105 mie\u015bci si\u0119 w kieszeni. Obrabiana CNC komora miel\u0105ca posiada ostre jak brzytwa, diamentowe z\u0119by, kt\u00f3re rozdrabniaj\u0105 zio\u0142a bez ubijania, nawet gdy s\u0105 wilgotne. Filtr z drobnej siatki oddziela drobniejsze kryszta\u0142y do dolnej komory, z wyjmowan\u0105 sekcj\u0105 dla smuklejszej opcji trzycz\u0119\u015bciowej. Magnetyczna pokrywa z wygrawerowanym laserowo logo Headshop zapewnia bezpieczne zamkni\u0119cie. Model Headshop Colored Grinder jest idealny dla u\u017cytkownik\u00f3w poszukuj\u0105cych trwa\u0142ego, stylowego narz\u0119dzia, kt\u00f3re zapewnia sp\u00f3jne mielenie w celu zwi\u0119kszenia wra\u017ce\u0144 z palenia. Jego lekka konstrukcja i solidne wykonanie sprawiaj\u0105, \u017ce doskonale sprawdza si\u0119 zar\u00f3wno w domu, jak i w podr\u00f3\u017cy. Model Headshop Colored Grinder \u0142\u0105czy w sobie funkcjonalno\u015b\u0107 z eleganck\u0105 estetyk\u0105, oferuj\u0105c niezawodne rozwi\u0105zanie do przygotowywania legalnych zi\u00f3\u0142. M\u0142ynek ten jest przeznaczony dla entuzjast\u00f3w, kt\u00f3rzy ceni\u0105 sobie jako\u015b\u0107, przeno\u015bno\u015b\u0107 i wydajno\u015b\u0107, zapewniaj\u0105c p\u0142ynny proces mielenia przy ka\u017cdym u\u017cyciu.<\/p>\n<h2 dir=\"ltr\">Historia Headshop Colored Grinder<\/h2>\n<p dir=\"ltr\">Model Headshop Colored Grinder zosta\u0142 wprowadzony na pocz\u0105tku 2020 roku, odpowiadaj\u0105c na zapotrzebowanie na kompaktowe, wysokiej jako\u015bci m\u0142ynki do legalnego palenia zi\u00f3\u0142. Marka Headshop, znana z koncentracji na trwa\u0142o\u015bci i przyjaznej dla u\u017cytkownika konstrukcji, stworzy\u0142a ten m\u0142ynek, aby zaoferowa\u0107 przeno\u015bne, wydajne rozwi\u0105zanie dla entuzjast\u00f3w. Wykonany z wysokiej jako\u015bci anodyzowanego aluminium, model Headshop Colored Grinder wyr\u00f3\u017cnia si\u0119 obrabianymi CNC z\u0119bami w kszta\u0142cie diamentu i drobnym siatkowym \u0142apaczem kryszta\u0142\u00f3w, zaprojektowanym do skutecznej obs\u0142ugi zar\u00f3wno suchych, jak i wilgotnych zi\u00f3\u0142. Magnetyczna pokrywa i zdejmowana sekcja wy\u0142apuj\u0105ca kryszta\u0142y zosta\u0142y dodane w celu zwi\u0119kszenia przeno\u015bno\u015bci i wszechstronno\u015bci. Z biegiem czasu, Headshop udoskonali\u0142 konstrukcj\u0119, aby poprawi\u0107 trwa\u0142o\u015b\u0107 i precyzj\u0119 mielenia, zdobywaj\u0105c lojalnych u\u017cytkownik\u00f3w. Rozmiar 40 mm zosta\u0142 wybrany, aby zaspokoi\u0107 potrzeby os\u00f3b potrzebuj\u0105cych narz\u0119dzia przyjaznego w podr\u00f3\u017cy. Jego wzrost popularno\u015bci odzwierciedla trend w kierunku wysokiej jako\u015bci, przeno\u015bnych akcesori\u00f3w do palenia. Obecnie model Headshop Colored Grinder pozostaje najlepszym wyborem, \u0142\u0105cz\u0105c solidne materia\u0142y z innowacyjn\u0105 in\u017cynieri\u0105, oferuj\u0105c u\u017cytkownikom stylowe, niezawodne narz\u0119dzie, kt\u00f3re zapewnia sp\u00f3jne wyniki mielenia legalnych zi\u00f3\u0142 z \u0142atwo\u015bci\u0105 i precyzj\u0105, idealne zar\u00f3wno do codziennego, jak i cz\u0119stego u\u017cytkowania.<\/p>\n<h2 dir=\"ltr\">Jak korzysta\u0107 z Headshop Colored Grinder<\/h2>\n<p dir=\"ltr\">Korzystanie z m\u0142ynka Headshop Colored Grinder jest proste i zapewnia wysokiej jako\u015bci mielenie legalnych zi\u00f3\u0142 do palenia. Otw\u00f3rz m\u0142ynek, podnosz\u0105c magnetyczn\u0105 pokryw\u0119 z wygrawerowanym logo Headshop i umie\u015b\u0107 zio\u0142a w komorze mielenia z z\u0119bami w kszta\u0142cie rombu. Obr\u00f3\u0107 g\u00f3rn\u0105 i doln\u0105 po\u0142\u00f3wk\u0119 w przeciwnych kierunkach, aby rozdrobni\u0107 zio\u0142a na drobn\u0105, sp\u00f3jn\u0105 tekstur\u0119. Zmielone zio\u0142a zbieraj\u0105 si\u0119 w komorze wy\u0142apuj\u0105cej, podczas gdy drobniejsze kryszta\u0142y filtruj\u0105 si\u0119 przez sito o drobnych oczkach do dolnej komory w celu zebrania. Aby uzyska\u0107 dost\u0119p do zmielonych zi\u00f3\u0142, nale\u017cy odkr\u0119ci\u0107 komor\u0119 wy\u0142apuj\u0105c\u0105, a w przypadku kryszta\u0142\u00f3w nale\u017cy otworzy\u0107 doln\u0105 cz\u0119\u015b\u0107, kt\u00f3r\u0105 mo\u017cna wyj\u0105\u0107, aby uzyska\u0107 smuklejszy trzycz\u0119\u015bciowy zestaw. Anodyzowane aluminium zapewnia p\u0142ynn\u0105 prac\u0119 i trwa\u0142o\u015b\u0107. Po u\u017cyciu przechowuj Headshop Colored Grinder w suchym miejscu, aby zachowa\u0107 jego stan. Aby uzyska\u0107 najlepsze rezultaty, unikaj przepe\u0142nienia komory, aby zapewni\u0107 wydajne mielenie. Kompaktowy rozmiar 40 mm sprawia, \u017ce idealnie nadaje si\u0119 do podr\u00f3\u017cy lub u\u017cytku domowego. Model Headshop Colored Grinder oferuje przyjazny dla u\u017cytkownika, niezawodny spos\u00f3b przygotowywania legalnych zi\u00f3\u0142, zapewniaj\u0105c drobne mielenie przy minimalnym wysi\u0142ku i maksymalnej precyzji.<\/p>\n<h2 dir=\"ltr\">Wi\u0119cej informacji o Headshop Colored Grinder<\/h2>\n<p dir=\"ltr\">M\u0142ynek Headshop Colored Grinder zosta\u0142 wykonany z wysokiej jako\u015bci, trwa\u0142ych materia\u0142\u00f3w, aby zapewni\u0107 bezpieczne i wydajne mielenie zi\u00f3\u0142 do legalnego palenia. M\u0142ynek wykonany jest z wysokiej jako\u015bci anodyzowanego aluminium, obrabianego CNC w celu zapewnienia precyzji i trwa\u0142o\u015bci, zapobiegaj\u0105c zu\u017cyciu i zapewniaj\u0105c d\u0142ugotrwa\u0142\u0105 wydajno\u015b\u0107. Komora miel\u0105ca posiada ostre jak brzytwa, diamentowe z\u0119by zaprojektowane do rozdrabniania zi\u00f3\u0142 bez ich ubijania, nawet gdy s\u0105 wilgotne. Sito ze stali nierdzewnej o drobnych oczkach w dolnej komorze filtruje kryszta\u0142y, umo\u017cliwiaj\u0105c \u0142atwe zbieranie bez przepuszczania wi\u0119kszych kawa\u0142k\u00f3w zi\u00f3\u0142. Magnetyczna pokrywa, wyposa\u017cona w silne magnesy neodymowe, zapewnia bezpieczne zamkni\u0119cie i jest ozdobiona laserowo wygrawerowanym logo Headshop. W m\u0142ynku nie zastosowano \u017cadnych szkodliwych substancji chemicznych ani pow\u0142ok, co zapewnia bezpieczny proces mielenia. Rozmiar 40 mm zwi\u0119ksza przeno\u015bno\u015b\u0107, dzi\u0119ki czemu idealnie nadaje si\u0119 do podr\u00f3\u017cy. Model Headshop Colored Grinder \u0142\u0105czy w sobie solidne materia\u0142y z precyzyjn\u0105 konstrukcj\u0105, co przek\u0142ada si\u0119 na niezawodno\u015b\u0107 i wysok\u0105 jako\u015b\u0107 narz\u0119dzia. Komponenty te zapewniaj\u0105 sp\u00f3jne, wydajne mielenie, dzi\u0119ki czemu m\u0142ynek jest zaufanym wyborem dla os\u00f3b poszukuj\u0105cych trwa\u0142ego, przeno\u015bnego rozwi\u0105zania do przygotowywania legalnych zi\u00f3\u0142 z \u0142atwo\u015bci\u0105 i precyzj\u0105, zapewniaj\u0105c zar\u00f3wno funkcjonalno\u015b\u0107, jak i estetyczny wygl\u0105d.<\/p>","protected":false},"excerpt":{"rendered":"<p dir=\"ltr\" data-pm-slice=\"1 1 []\">Headshop Colored Grinder to kompaktowy, czterocz\u0119\u015bciowy m\u0142ynek wykonany z wysokiej jako\u015bci anodyzowanego aluminium z diamentowymi z\u0119bami i magnetyczn\u0105 pokryw\u0105. Wyposa\u017cony w komor\u0119 mielenia, komor\u0119 wychwytuj\u0105c\u0105 i \u0142apacz kryszta\u0142\u00f3w, zapewnia dok\u0142adne mielenie legalnych zi\u00f3\u0142 w przeno\u015bnej konstrukcji 40 mm.<\/p>","protected":false},"featured_media":24840,"template":"","meta":[],"product_brand":[],"product_cat":[490,297,489,488,491],"product_tag":[],"class_list":{"0":"post-24780","1":"product","2":"type-product","3":"status-publish","4":"has-post-thumbnail","6":"product_cat-4-part-grinders","7":"product_cat-all-products","8":"product_cat-grinders","9":"product_cat-headshop","10":"product_cat-metal","11":"product_shipping_class-creditcard-on","13":"first","14":"instock","15":"taxable","16":"shipping-taxable","17":"purchasable","18":"product-type-variable","19":"has-default-attributes"},"_links":{"self":[{"href":"https:\/\/www.tatanka.nl\/pl\/wp-json\/wp\/v2\/product\/24780","targetHints":{"allow":["GET"]}}],"collection":[{"href":"https:\/\/www.tatanka.nl\/pl\/wp-json\/wp\/v2\/product"}],"about":[{"href":"https:\/\/www.tatanka.nl\/pl\/wp-json\/wp\/v2\/types\/product"}],"wp:featuredmedia":[{"embeddable":true,"href":"https:\/\/www.tatanka.nl\/pl\/wp-json\/wp\/v2\/media\/24840"}],"wp:attachment":[{"href":"https:\/\/www.tatanka.nl\/pl\/wp-json\/wp\/v2\/media?parent=24780"}],"wp:term":[{"taxonomy":"product_brand","embeddable":true,"href":"https:\/\/www.tatanka.nl\/pl\/wp-json\/wp\/v2\/product_brand?post=24780"},{"taxonomy":"product_cat","embeddable":true,"href":"https:\/\/www.tatanka.nl\/pl\/wp-json\/wp\/v2\/product_cat?post=24780"},{"taxonomy":"product_tag","embeddable":true,"href":"https:\/\/www.tatanka.nl\/pl\/wp-json\/wp\/v2\/product_tag?post=24780"}],"curies":[{"name":"wp","href":"https:\/\/api.w.org\/{rel}","templated":true}]}}