{"id":2488,"date":"2017-10-09T12:24:35","date_gmt":"2017-10-09T12:24:35","guid":{"rendered":"http:\/\/www.tatanka.nl\/?post_type=product&#038;p=2488"},"modified":"2025-10-16T07:56:54","modified_gmt":"2025-10-16T06:56:54","slug":"mexican-magic-mushroom-paddo-grow-kit","status":"publish","type":"product","link":"https:\/\/www.tatanka.nl\/pl\/mexican-magic-mushroom-paddo-grow-kit\/","title":{"rendered":"Mexican Zestaw do uprawy grzyb\u00f3w Magic Mushroom Paddo"},"content":{"rendered":"<h2 dir=\"ltr\" data-pm-slice=\"1 1 []\">Czym s\u0105 Mexican Mushrooms?<\/h2>\n<p dir=\"ltr\">Mexican Mushrooms to popularny wyb\u00f3r dla os\u00f3b poszukuj\u0105cych \u017cywych i przyjaznych dla pocz\u0105tkuj\u0105cych psychodelicznych dozna\u0144. Znane ze swoich energetyzuj\u0105cych efekt\u00f3w, te magiczne grzyby zapewniaj\u0105 wizualnie urzekaj\u0105c\u0105 podr\u00f3\u017c, kt\u00f3ra przypomina podr\u00f3\u017c na ja\u015bniejsz\u0105 stron\u0119 \u017cycia. Zestaw All-in-One GrowKit upraszcza proces uprawy, zawieraj\u0105c wszystko, co potrzebne do wyhodowania w\u0142asnego Mexican Mushrooms, w tym worek do uprawy z filtrami powietrza i spinaczami. Post\u0119puj\u0105c zgodnie z prostymi instrukcjami i dodaj\u0105c wod\u0119, mo\u017cna uzyska\u0107 do trzech zbior\u00f3w, przy czym pierwszy zwykle daje oko\u0142o 500 gram\u00f3w z zestawu o pojemno\u015bci 1200 cm3. Przechowywany w ch\u0142odnym miejscu zestaw zachowuje \u017cywotno\u015b\u0107 przez oko\u0142o sze\u015b\u0107 miesi\u0119cy, cho\u0107 jego okres przydatno\u015bci do spo\u017cycia jest ograniczony poza lod\u00f3wk\u0105. Produkt ten pozwala u\u017cytkownikom zaanga\u017cowa\u0107 si\u0119 w fascynuj\u0105cy \u015bwiat mikologii, oferuj\u0105c praktyczny spos\u00f3b na poznanie unikalnych w\u0142a\u015bciwo\u015bci Mexican Mushrooms przy jednoczesnym zapewnieniu sta\u0142ej jako\u015bci. Niezale\u017cnie od tego, czy jeste\u015b nowicjuszem w psychodelikach, czy entuzjast\u0105, ten zestaw zapewnia przyst\u0119pny i satysfakcjonuj\u0105cy spos\u00f3b na do\u015bwiadczenie magii tych grzyb\u00f3w w domu.<\/p>\n<h2 dir=\"ltr\">Historia Mexican Mushrooms<\/h2>\n<p dir=\"ltr\">Mexican Mushrooms maj\u0105 bogate dziedzictwo kulturowe, g\u0142\u0119boko zakorzenione w tradycjach rdzennych spo\u0142eczno\u015bci w Meksyku. Przez wieki grzyby te, cz\u0119sto okre\u015blane jako \"teonan\u00e1catl\" lub \"cia\u0142o bog\u00f3w\", by\u0142y u\u017cywane w duchowych i leczniczych ceremoniach przez grupy takie jak Mazatec. Ich w\u0142a\u015bciwo\u015bci psychoaktywne, nap\u0119dzane przez psylocybin\u0119, by\u0142y czczone za u\u0142atwianie g\u0142\u0119bokich po\u0142\u0105cze\u0144 z natur\u0105 i bosko\u015bci\u0105. W po\u0142owie XX wieku zainteresowanie Zachodu wzros\u0142o po tym, jak etnobotanicy, tacy jak R. Gordon Wasson, udokumentowali ich u\u017cycie, przyci\u0105gaj\u0105c uwag\u0119 Mexican Mushrooms na ca\u0142ym \u015bwiecie. Wywo\u0142a\u0142o to naukow\u0105 ciekawo\u015b\u0107 i po\u0142o\u017cy\u0142o podwaliny pod wsp\u00f3\u0142czesne badania nad psychodelikami. Dzi\u015b zestaw All-in-One GrowKit umo\u017cliwia upraw\u0119 tych historycznie znacz\u0105cych grzyb\u00f3w w domu, zachowuj\u0105c ich dziedzictwo i dostosowuj\u0105c si\u0119 do wsp\u00f3\u0142czesnych zainteresowa\u0144. Konstrukcja zestawu odzwierciedla post\u0119py w mikologii, pozwalaj\u0105c u\u017cytkownikom z \u0142atwo\u015bci\u0105 odtworzy\u0107 jako\u015b\u0107 tradycyjnych Mexican Mushrooms. Ta mieszanka staro\u017cytnej m\u0105dro\u015bci i nowoczesnych innowacji sprawia, \u017ce uprawa tych grzyb\u00f3w jest wyj\u0105tkowym sposobem na po\u0142\u0105czenie si\u0119 z praktyk\u0105, kt\u00f3ra urzeka ludzi od pokole\u0144, oferuj\u0105c zar\u00f3wno historyczn\u0105 podr\u00f3\u017c, jak i osobist\u0105 eksploracj\u0119.<\/p>\n<h2 dir=\"ltr\">Jak u\u017cywa\u0107 Mexican Mushrooms<\/h2>\n<p dir=\"ltr\">Korzystanie z zestawu All-in-One GrowKit do uprawy Mexican Mushrooms jest proste, co czyni go idealnym dla pocz\u0105tkuj\u0105cych. Zacznij od umycia r\u0105k i zewn\u0119trznej cz\u0119\u015bci zestawu, a nast\u0119pnie nape\u0142nij go letni\u0105 wod\u0105 (20\u00b0C) i mocz przez pi\u0119\u0107 minut - nie d\u0142u\u017cej ni\u017c godzin\u0119. Spu\u015b\u0107 wod\u0119, umie\u015b\u0107 zestaw w dostarczonej torbie do uprawy i dodaj 200-250 ml letniej wody. Zamknij torb\u0119 spinaczami i przechowuj j\u0105 w pomieszczeniu o temperaturze 20-25\u00b0C, z dala od bezpo\u015bredniego \u015bwiat\u0142a s\u0142onecznego lub \u017ar\u00f3de\u0142 ciep\u0142a. Utrzymuj wysoki poziom wilgotno\u015bci i CO2, a\u017c pojawi\u0105 si\u0119 g\u0142\u00f3wki (wczesne formacje grzyb\u00f3w), co mo\u017ce zaj\u0105\u0107 10-20 dni. Gdy b\u0119d\u0105 ju\u017c widoczne, nale\u017cy codziennie wietrzy\u0107 torb\u0119 i lekko spryskiwa\u0107 zestaw. Zbierz grzyby tu\u017c przed p\u0119kni\u0119ciem zas\u0142ony pod kapeluszem, delikatnie przekr\u0119caj\u0105c i wyci\u0105gaj\u0105c je ca\u0142kowicie, aby zach\u0119ci\u0107 do nowego wzrostu. Powt\u00f3rz ten proces dla maksymalnie trzech zbior\u00f3w. Ta metoda zapewnia optymalny wzrost i jako\u015b\u0107, pozwalaj\u0105c cieszy\u0107 si\u0119 \u017cywymi efektami Mexican Mushrooms. Prostota zestawu pozwala u\u017cytkownikom na pewn\u0105 upraw\u0119 w\u0142asnych grzyb\u00f3w, zmieniaj\u0105c z\u0142o\u017cony proces w przyst\u0119pne i satysfakcjonuj\u0105ce do\u015bwiadczenie.<\/p>\n<h2 dir=\"ltr\">Sk\u0142adniki Mexican Mushrooms<\/h2>\n<p dir=\"ltr\">Zestaw All-in-One GrowKit dla Mexican Mushrooms zawiera starannie dobrany zestaw komponent\u00f3w zapewniaj\u0105cych udan\u0105 upraw\u0119. Podstaw\u0105 jest sam zestaw do uprawy, wst\u0119pnie zapakowany w pod\u0142o\u017ce zoptymalizowane pod k\u0105tem wzrostu grzyb\u00f3w, co eliminuje potrzeb\u0119 stosowania dodatkowych materia\u0142\u00f3w. W zestawie znajduje si\u0119 worek do uprawy z filtrami powietrza, aby utrzyma\u0107 idealny poziom wilgotno\u015bci i CO2, co ma kluczowe znaczenie dla zdrowego rozwoju grzyb\u00f3w. Dwa spinacze s\u0142u\u017c\u0105 do uszczelnienia torby, zachowuj\u0105c kontrolowane \u015brodowisko. Aktywnym sk\u0142adnikiem grzyb\u00f3w jest psylocybina, naturalnie wyst\u0119puj\u0105cy zwi\u0105zek, kt\u00f3ry w organizmie przekszta\u0142ca si\u0119 w psylocyn\u0119, wywo\u0142uj\u0105c efekty psychodeliczne. Zestaw wymaga jedynie letniej wody (20\u00b0C) do aktywacji procesu uprawy, dzi\u0119ki czemu jest przyjazny dla u\u017cytkownika. Nie s\u0105 potrzebne \u017cadne zewn\u0119trzne sk\u0142adniki od\u017cywcze ani chemikalia, poniewa\u017c pod\u0142o\u017ce zosta\u0142o zaprojektowane tak, aby zapewni\u0107 do trzech zbior\u00f3w. To usprawnione podej\u015bcie zapewnia, \u017ce nawet pocz\u0105tkuj\u0105cy hodowcy mog\u0105 produkowa\u0107 wysokiej jako\u015bci Mexican Mushrooms przy minimalnym wysi\u0142ku. Koncentruj\u0105c si\u0119 na prostocie i naturalnych procesach, zestaw pozwala u\u017cytkownikom uprawia\u0107 grzyby, kt\u00f3re zapewniaj\u0105 autentyczn\u0105, energetyzuj\u0105c\u0105 podr\u00f3\u017c zwi\u0105zan\u0105 z t\u0105 odmian\u0105, przy jednoczesnym zachowaniu sp\u00f3jno\u015bci i \u0142atwo\u015bci w ca\u0142ym cyklu uprawy.<\/p>\n<p dir=\"ltr\"><strong>Ostrze\u017cenie<\/strong><\/p>\n<p dir=\"ltr\">Mexican Mushrooms zawieraj\u0105 psylocybin\u0119 i psylocyn\u0119, naturalne halucynogeny, kt\u00f3re mog\u0105 zmienia\u0107 \u015bwiadomo\u015b\u0107 i wywo\u0142ywa\u0107 halucynacje. Substancje te wp\u0142ywaj\u0105 na uk\u0142ad serotoninowy m\u00f3zgu, wp\u0142ywaj\u0105c na nastr\u00f3j, percepcj\u0119 i funkcje poznawcze. Ze wzgl\u0119du na ich silne dzia\u0142anie, nale\u017cy spo\u017cywa\u0107 je ostro\u017cnie i pami\u0119ta\u0107 o psychodelicznych doznaniach, jakie mog\u0105 wywo\u0142ywa\u0107. Zawsze przechowuj Mexican Mushrooms poza zasi\u0119giem dzieci, aby zapobiec przypadkowemu po\u0142kni\u0119ciu. Upewnij si\u0119, \u017ce jeste\u015b w bezpiecznym, kontrolowanym \u015brodowisku podczas ich u\u017cywania i skonsultuj si\u0119 ze specjalist\u0105, je\u015bli nie masz pewno\u015bci co do ich efekt\u00f3w lub interakcji.<\/p>","protected":false},"excerpt":{"rendered":"<p><span style=\"font-size: 100%;\">S\u0105 to najl\u017cejsze grzyby do uprawy w naszej linii <a href=\"https:\/\/www.tatanka.nl\/pl\/shroomshop\/magic-mushroom-grow-kits\/\">magiczne grzyby<\/a> i \u015bwietny spos\u00f3b na rozpocz\u0119cie, je\u015bli chcesz uzyska\u0107 naj\u0142agodniejszy efekt. <\/span><\/p>\n<p><span style=\"font-size: 100%;\">Psilocybe Mexicana to obietnica dobrego samopoczucia, euforycznej podr\u00f3\u017cy oraz og\u00f3lnego szcz\u0119\u015bcia i satysfakcji. Efekt wizualny b\u0119dzie jak jasny letni dzie\u0144. Dost\u0119pna w ma\u0142ych, \u015brednich i du\u017cych opakowaniach.<\/span><span style=\"font-size: 100%; color: #000000;\"><br \/>\n<\/span><\/p>","protected":false},"featured_media":19889,"template":"","meta":[],"product_brand":[],"product_cat":[539,297,592,595,513,515,476],"product_tag":[662],"class_list":{"0":"post-2488","1":"product","2":"type-product","3":"status-publish","4":"has-post-thumbnail","6":"product_cat-magic-mushroom-grow-kits","7":"product_cat-all-products","8":"product_cat-beginner-magic-mushroom-grow-kits","9":"product_cat-mcsmart","10":"product_cat-party","11":"product_cat-shroomshop","12":"product_cat-smartshop","13":"product_tag-shrdeal","14":"product_shipping_class-creditcard-off","16":"first","17":"instock","18":"taxable","19":"shipping-taxable","20":"purchasable","21":"product-type-variable","22":"has-default-attributes"},"_links":{"self":[{"href":"https:\/\/www.tatanka.nl\/pl\/wp-json\/wp\/v2\/product\/2488","targetHints":{"allow":["GET"]}}],"collection":[{"href":"https:\/\/www.tatanka.nl\/pl\/wp-json\/wp\/v2\/product"}],"about":[{"href":"https:\/\/www.tatanka.nl\/pl\/wp-json\/wp\/v2\/types\/product"}],"wp:featuredmedia":[{"embeddable":true,"href":"https:\/\/www.tatanka.nl\/pl\/wp-json\/wp\/v2\/media\/19889"}],"wp:attachment":[{"href":"https:\/\/www.tatanka.nl\/pl\/wp-json\/wp\/v2\/media?parent=2488"}],"wp:term":[{"taxonomy":"product_brand","embeddable":true,"href":"https:\/\/www.tatanka.nl\/pl\/wp-json\/wp\/v2\/product_brand?post=2488"},{"taxonomy":"product_cat","embeddable":true,"href":"https:\/\/www.tatanka.nl\/pl\/wp-json\/wp\/v2\/product_cat?post=2488"},{"taxonomy":"product_tag","embeddable":true,"href":"https:\/\/www.tatanka.nl\/pl\/wp-json\/wp\/v2\/product_tag?post=2488"}],"curies":[{"name":"wp","href":"https:\/\/api.w.org\/{rel}","templated":true}]}}