{"id":2490,"date":"2017-10-09T12:43:54","date_gmt":"2017-10-09T10:43:54","guid":{"rendered":"http:\/\/www.tatanka.nl\/?post_type=product&#038;p=2490"},"modified":"2025-10-16T07:56:54","modified_gmt":"2025-10-16T06:56:54","slug":"thai-magic-mushroom-paddo-grow-kit","status":"publish","type":"product","link":"https:\/\/www.tatanka.nl\/pl\/thai-magic-mushroom-paddo-grow-kit\/","title":{"rendered":"Thai Zestaw do uprawy grzyb\u00f3w Magic Mushroom Paddo"},"content":{"rendered":"<h2 dir=\"ltr\" data-pm-slice=\"1 1 []\">Czym s\u0105 Thai Magic Mushrooms?<\/h2>\n<p dir=\"ltr\">Thai Magic Mushrooms s\u0105 znane ze swojej wyj\u0105tkowej zdolno\u015bci do wywo\u0142ywania radosnych, euforycznych dozna\u0144, cz\u0119sto kojarzonych z \u017cywymi koktajlami mlecznymi, kt\u00f3rymi cieszy si\u0119 Thailandia. Grzyby te s\u0105 znane ze swojej wysokiej wydajno\u015bci i mocy, \u015bci\u015ble przypominaj\u0105c efekty grzyb\u00f3w Mexican. Dzi\u0119ki zestawowi All-in-One GrowKit uprawa Thai Magic Mushrooms jest dost\u0119pna dla ka\u017cdego, wymagaj\u0105c jedynie wody i przestrzegania prostych instrukcji. Zestaw zawiera torb\u0119 do uprawy z filtrami powietrza i spinaczami, zapewniaj\u0105c optymalne warunki wzrostu. \u015arednio ka\u017cdy zestaw o pojemno\u015bci 1200 cm3 mo\u017ce wyprodukowa\u0107 do 500 gram\u00f3w w pierwszym rzucie, przy czym mo\u017cliwe s\u0105 trzy zbiory. Przechowywany w lod\u00f3wce zestaw zachowuje \u017cywotno\u015b\u0107 przez oko\u0142o sze\u015b\u0107 miesi\u0119cy, cho\u0107 jego okres przydatno\u015bci do spo\u017cycia jest ograniczony poza ch\u0142odni\u0105. Thai Magic Mushrooms oferuj\u0105 magiczn\u0105 podr\u00f3\u017c, przenosz\u0105c u\u017cytkownik\u00f3w na s\u0142oneczne pla\u017ce i do \u015bwi\u0105tecznej atmosfery. \u0141atwo\u015b\u0107 uprawy i silne efekty czyni\u0105 je ulubionymi w\u015br\u00f3d entuzjast\u00f3w poszukuj\u0105cych niezawodnych i satysfakcjonuj\u0105cych wra\u017ce\u0144 z uprawy.<\/p>\n<h2 dir=\"ltr\">Historia Thai Magic Mushrooms<\/h2>\n<p dir=\"ltr\">Thai Magic Mushrooms maj\u0105 bogat\u0105 histori\u0119 kulturow\u0105 zakorzenion\u0105 w \u017cywych tradycjach Thailandii. Od dawna u\u017cywane przez miejscowych w celach duchowych i rekreacyjnych, grzyby te zyska\u0142y s\u0142aw\u0119 dzi\u0119ki ich w\u0142\u0105czeniu do \"szcz\u0119\u015bliwych koktajli mlecznych\" serwowanych na spotkaniach przy pla\u017cy. Ich popularno\u015b\u0107 wzros\u0142a, gdy podr\u00f3\u017cni odkryli ich silne, podnosz\u0105ce na duchu dzia\u0142anie, przypominaj\u0105ce nieko\u0144cz\u0105ce si\u0119 letnie uroczysto\u015bci. Opracowanie zestawu All-in-One GrowKit sprawi\u0142o, \u017ce uprawa Thai Magic Mushrooms sta\u0142a si\u0119 dost\u0119pna na ca\u0142ym \u015bwiecie, zachowuj\u0105c jako\u015b\u0107 zaufanych odmian Mcsmart. Historycznie, grzyby te by\u0142y zbierane w tropikalnym klimacie Thailandii, rozwijaj\u0105c si\u0119 w ciep\u0142ych i wilgotnych warunkach. Ich wysoka wydajno\u015b\u0107 i odporno\u015b\u0107 sprawi\u0142y, \u017ce sta\u0142y si\u0119 podstaw\u0105 zar\u00f3wno dla tradycyjnych, jak i nowoczesnych u\u017cytkownik\u00f3w. Obecnie zestaw do uprawy upraszcza ten proces, umo\u017cliwiaj\u0105c ka\u017cdemu odtworzenie idealnego \u015brodowiska do wzrostu. Konstrukcja zestawu odzwierciedla lata wiedzy na temat uprawy, zapewniaj\u0105c sp\u00f3jne wyniki. Thai Magic Mushrooms nadal urzekaj\u0105 u\u017cytkownik\u00f3w swoj\u0105 zdolno\u015bci\u0105 do wywo\u0142ywania rado\u015bci i wi\u0119zi, \u0142\u0105cz\u0105c dziedzictwo kulturowe ze wsp\u00f3\u0142czesnymi praktykami domowej uprawy. Ich dziedzictwo przetrwa\u0142o jako symbol swobodnego, sk\u0105panego w s\u0142o\u0144cu \u015bwi\u0119towania Thailandii.<\/p>\n<h2 dir=\"ltr\">Jak korzysta\u0107 z Thai Magic Mushrooms<\/h2>\n<p dir=\"ltr\">Korzystanie z zestawu All-in-One GrowKit do uprawy Thai Magic Mushrooms jest proste i satysfakcjonuj\u0105ce. Rozpocznij od umycia r\u0105k i zewn\u0119trznej cz\u0119\u015bci zestawu, a nast\u0119pnie nape\u0142nij go letni\u0105 wod\u0105 (20\u00b0C) i mocz przez pi\u0119\u0107 minut, nie d\u0142u\u017cej ni\u017c godzin\u0119. Spu\u015b\u0107 wod\u0119, umie\u015b\u0107 zestaw w dostarczonej torbie i dodaj 200-250 ml letniej wody. Zamknij torb\u0119 spinaczami i przechowuj j\u0105 w pomieszczeniu o temperaturze 20-25\u00b0C, unikaj\u0105c bezpo\u015bredniego \u015bwiat\u0142a s\u0142onecznego lub \u017ar\u00f3de\u0142 ciep\u0142a. Przechowuj torb\u0119 zamkni\u0119t\u0105, a\u017c pojawi\u0105 si\u0119 g\u0142\u00f3wki (wczesne formacje grzyb\u00f3w), co mo\u017ce zaj\u0105\u0107 10-20 dni. Gdy b\u0119d\u0105 ju\u017c widoczne, nale\u017cy codziennie wietrzy\u0107 worek i lekko spryskiwa\u0107 zestaw. Zbierz grzyby tu\u017c przed p\u0119kni\u0119ciem zas\u0142on pod ich kapeluszami, delikatnie przekr\u0119caj\u0105c i wyci\u0105gaj\u0105c je, aby zwolni\u0107 miejsce dla przysz\u0142ego wzrostu. Powt\u00f3rz ten proces dla maksymalnie trzech cykli. Odmiana Thai Magic Mushrooms mo\u017ce by\u0107 spo\u017cywana na \u015bwie\u017co, zapewniaj\u0105c mocne, letnie doznania. W\u0142a\u015bciwe przechowywanie i staranne przestrzeganie instrukcji zapewniaj\u0105 udane zbiory, zapewniaj\u0105c \u017cywe, magiczne efekty, z kt\u00f3rych znane s\u0105 te grzyby.<\/p>\n<h2 dir=\"ltr\">Sk\u0142adniki Thai Magic Mushrooms<\/h2>\n<p dir=\"ltr\">Zestaw All-in-One GrowKit dla Thai Magic Mushrooms zawiera wszystko, co potrzebne do udanej uprawy, skupionej wok\u00f3\u0142 wysokiej jako\u015bci pod\u0142o\u017ca zaprojektowanego w celu maksymalizacji plon\u00f3w. Zestaw zawiera wst\u0119pnie przygotowany growkit z grzybni\u0105, torb\u0119 do uprawy z filtrami powietrza i dwa spinacze do uszczelnienia. Pod\u0142o\u017ce jest nasycone sk\u0142adnikami od\u017cywczymi dostosowanymi do Thai Magic Mushrooms, zapewniaj\u0105c silny wzrost bez dodatkowych nak\u0142ad\u00f3w poza wod\u0105. Thai Magic Mushrooms naturalnie zawiera psylocybin\u0119, kt\u00f3ra w organizmie przekszta\u0142ca si\u0119 w psylocyn\u0119, wywo\u0142uj\u0105c charakterystyczne efekty halucynogenne. Nie stosuje si\u0119 \u017cadnych sztucznych dodatk\u00f3w ani chemikali\u00f3w, zachowuj\u0105c naturaln\u0105 moc i czysto\u015b\u0107 grzyb\u00f3w. Konstrukcja zestawu eliminuje potrzeb\u0119 stosowania skomplikowanego sprz\u0119tu, dzi\u0119ki czemu jest on idealny zar\u00f3wno dla pocz\u0105tkuj\u0105cych, jak i do\u015bwiadczonych hodowc\u00f3w. Odpowiednio przechowywany zestaw zachowuje swoj\u0105 \u017cywotno\u015b\u0107, umo\u017cliwiaj\u0105c u\u017cytkownikom wielokrotne zbiory. Prostota sk\u0142adnik\u00f3w - w po\u0142\u0105czeniu z naturalnymi zwi\u0105zkami grzyb\u00f3w - tworzy niezawodny, wysokowydajny produkt, kt\u00f3ry zapewnia \u017cywe, podnosz\u0105ce na duchu doznania, z kt\u00f3rych s\u0142ynie Thai Magic Mushrooms, a wszystko to przy jednoczesnym zachowaniu autentyczno\u015bci tej wa\u017cnej kulturowo odmiany.<\/p>\n<p dir=\"ltr\"><strong>Ostrze\u017cenie<\/strong><br \/>\nThai Magic Mushrooms zawieraj\u0105 psylocybin\u0119 i psylocyn\u0119, naturalne halucynogeny, kt\u00f3re mog\u0105 wywo\u0142ywa\u0107 efekty zmieniaj\u0105ce \u015bwiadomo\u015b\u0107 i halucynacje. Substancje te wp\u0142ywaj\u0105 na poziom serotoniny, wp\u0142ywaj\u0105c na nastr\u00f3j, sen i percepcj\u0119. Nale\u017cy zachowa\u0107 ostro\u017cno\u015b\u0107 podczas spo\u017cywania, poniewa\u017c efekty mog\u0105 si\u0119 r\u00f3\u017cni\u0107 w zale\u017cno\u015bci od indywidualnej wra\u017cliwo\u015bci. Zawsze przechowuj Thai Magic Mushrooms poza zasi\u0119giem dzieci ze wzgl\u0119du na ich silne w\u0142a\u015bciwo\u015bci.<\/p>","protected":false},"excerpt":{"rendered":"<p><span style=\"font-size: 100%; color: #000000;\">Grzyb Thai jest cz\u0119sto uwa\u017cany za najlepszy grzyb imprezowy. Rosn\u0105 szybko i zapewniaj\u0105 niezwykle towarzyski, zrelaksowany i kolorowy wypad. <\/span><\/p>\n<p><span style=\"font-size: 100%; color: #000000;\">Te grzyby przywr\u00f3c\u0105 r\u00f3wnowag\u0119 w twoim \u017cyciu i dadz\u0105 ci idealn\u0105 energi\u0119 potrzebn\u0105 do \u015bwietnej zabawy! Jest to r\u00f3wnie\u017c doskona\u0142y <a href=\"https:\/\/www.tatanka.nl\/pl\/shroomshop\/magic-mushroom-grow-kits\/\">magiczny grzyb<\/a> szczep dla pocz\u0105tkuj\u0105cych. Dost\u0119pna w ma\u0142ych, \u015brednich i du\u017cych opakowaniach.<br \/>\n<\/span><\/p>","protected":false},"featured_media":19887,"template":"","meta":[],"product_brand":[],"product_cat":[539,297,592,595,513,515,476,514],"product_tag":[662],"class_list":{"0":"post-2490","1":"product","2":"type-product","3":"status-publish","4":"has-post-thumbnail","6":"product_cat-magic-mushroom-grow-kits","7":"product_cat-all-products","8":"product_cat-beginner-magic-mushroom-grow-kits","9":"product_cat-mcsmart","10":"product_cat-party","11":"product_cat-shroomshop","12":"product_cat-smartshop","13":"product_cat-smartshop-top-10","14":"product_tag-shrdeal","15":"product_shipping_class-creditcard-off","17":"first","18":"instock","19":"taxable","20":"shipping-taxable","21":"purchasable","22":"product-type-variable","23":"has-default-attributes"},"_links":{"self":[{"href":"https:\/\/www.tatanka.nl\/pl\/wp-json\/wp\/v2\/product\/2490","targetHints":{"allow":["GET"]}}],"collection":[{"href":"https:\/\/www.tatanka.nl\/pl\/wp-json\/wp\/v2\/product"}],"about":[{"href":"https:\/\/www.tatanka.nl\/pl\/wp-json\/wp\/v2\/types\/product"}],"wp:featuredmedia":[{"embeddable":true,"href":"https:\/\/www.tatanka.nl\/pl\/wp-json\/wp\/v2\/media\/19887"}],"wp:attachment":[{"href":"https:\/\/www.tatanka.nl\/pl\/wp-json\/wp\/v2\/media?parent=2490"}],"wp:term":[{"taxonomy":"product_brand","embeddable":true,"href":"https:\/\/www.tatanka.nl\/pl\/wp-json\/wp\/v2\/product_brand?post=2490"},{"taxonomy":"product_cat","embeddable":true,"href":"https:\/\/www.tatanka.nl\/pl\/wp-json\/wp\/v2\/product_cat?post=2490"},{"taxonomy":"product_tag","embeddable":true,"href":"https:\/\/www.tatanka.nl\/pl\/wp-json\/wp\/v2\/product_tag?post=2490"}],"curies":[{"name":"wp","href":"https:\/\/api.w.org\/{rel}","templated":true}]}}