{"id":2493,"date":"2017-10-09T12:52:14","date_gmt":"2017-10-09T12:52:14","guid":{"rendered":"http:\/\/www.tatanka.nl\/?post_type=product&#038;p=2493"},"modified":"2025-12-25T00:48:30","modified_gmt":"2025-12-24T23:48:30","slug":"b-plus-magic-mushroom-paddo-grow-kit","status":"publish","type":"product","link":"https:\/\/www.tatanka.nl\/pl\/b-plus-magic-mushroom-paddo-grow-kit\/","title":{"rendered":"Zestaw do uprawy grzyb\u00f3w B+ Magic Mushroom Paddo"},"content":{"rendered":"<h2 dir=\"ltr\" data-pm-slice=\"1 1 []\">Czym s\u0105 B+ Magic Mushrooms?<\/h2>\n<p dir=\"ltr\">B+ All-in-one GrowKit to kompletne rozwi\u0105zanie do uprawy magicznych grzyb\u00f3w B+, znanych ze swoich imponuj\u0105cych rozmiar\u00f3w i pot\u0119\u017cnych efekt\u00f3w. Zestaw ten upraszcza proces uprawy, czyni\u0105c go dost\u0119pnym zar\u00f3wno dla pocz\u0105tkuj\u0105cych, jak i do\u015bwiadczonych hodowc\u00f3w. Zawiera wst\u0119pnie przygotowane pod\u0142o\u017ce, worek do uprawy z filtrami powietrza i dwa spinacze, wymagaj\u0105ce jedynie wody i przestrzegania prostych instrukcji. Odmiana B+ s\u0142ynie z silnego wzrostu, cz\u0119sto przynosz\u0105c znaczne zbiory, przy czym pierwszy rzut zwykle produkuje do 400 gram\u00f3w z zestawu o pojemno\u015bci 1200 cm3. Zestaw jest w stanie obs\u0142u\u017cy\u0107 trzy cykle wzrostu, a przy odpowiedniej konserwacji zapewnia wielokrotne zbiory. Przechowywany w lod\u00f3wce, zachowuje \u017cywotno\u015b\u0107 do sze\u015bciu miesi\u0119cy, cho\u0107 jego okres przydatno\u015bci do spo\u017cycia jest ograniczony poza ch\u0142odni\u0105. B+ zapewnia g\u0142\u0119bokie doznania psychodeliczne dzi\u0119ki zawarto\u015bci psylocybiny, kt\u00f3ra przekszta\u0142ca si\u0119 w organizmie w psylocyn\u0119, wp\u0142ywaj\u0105c na poziom serotoniny i wywo\u0142uj\u0105c \u017cywe halucynacje. Produkt ten pozwala u\u017cytkownikom cieszy\u0107 si\u0119 procesem uprawy w\u0142asnych magicznych grzyb\u00f3w, jednocze\u015bnie odpowiedzialnie badaj\u0105c ich wyj\u0105tkowe efekty.<\/p>\n<h2 dir=\"ltr\">Historia B+ Magic Mushrooms<\/h2>\n<p dir=\"ltr\">Odmiana B+ ma fascynuj\u0105c\u0105 histori\u0119 w \u015bwiecie grzyb\u00f3w psilocybinowych. Powsta\u0142a w latach 90-tych i uwa\u017ca si\u0119, \u017ce zosta\u0142a opracowana przez hodowc\u00f3w poszukuj\u0105cych odpornej, wysokowydajnej odmiany. Odmiana B+ szybko zyska\u0142a popularno\u015b\u0107 dzi\u0119ki swojej odporno\u015bci i zdolno\u015bci do rozwoju w zr\u00f3\u017cnicowanych warunkach, co czyni j\u0105 ulubion\u0105 w\u015br\u00f3d hodowc\u00f3w domowych. Jej nazwa prawdopodobnie odzwierciedla jej \"wi\u0119ksze\" i \"lepsze\" cechy, poniewa\u017c konsekwentnie produkuje du\u017ce, mi\u0119siste grzyby. W przeciwie\u0144stwie do niekt\u00f3rych innych odmian, B+ wybacza drobne b\u0142\u0119dy w uprawie, co przyczyni\u0142o si\u0119 do jej powszechnego stosowania. Z biegiem lat sta\u0142a si\u0119 podstaw\u0105 w spo\u0142eczno\u015bci psychodelicznej, cenion\u0105 nie tylko za \u0142atwo\u015b\u0107 wzrostu, ale tak\u017ce za intensywne, introspektywne do\u015bwiadczenia, kt\u00f3re u\u0142atwia. Zestaw B+ All-in-one GrowKit opiera si\u0119 na tym dziedzictwie, oferuj\u0105c nowoczesnym hodowcom wygodny spos\u00f3b uprawy tej kultowej odmiany. Jego nieprzemijaj\u0105ca atrakcyjno\u015b\u0107 polega na r\u00f3wnowadze mi\u0119dzy dost\u0119pno\u015bci\u0105 i moc\u0105, \u0142\u0105cz\u0105c tradycyjn\u0105 upraw\u0119 grzyb\u00f3w ze wsp\u00f3\u0142czesn\u0105 \u0142atwo\u015bci\u0105. Dzi\u015b B+ pozostaje symbolem jako\u015bci i niezawodno\u015bci, zach\u0119caj\u0105c u\u017cytkownik\u00f3w do \u0142\u0105czenia si\u0119 z bogat\u0105 histori\u0105 psychodelicznych eksploracji podczas piel\u0119gnowania w\u0142asnych upraw w domu.<\/p>\n<h2 dir=\"ltr\">Jak korzysta\u0107 z zestawu B+ All-in-one GrowKit<\/h2>\n<p dir=\"ltr\">Korzystanie z zestawu B+ All-in-one GrowKit jest proste, zaprojektowane tak, aby zapewni\u0107 udan\u0105 upraw\u0119 przy minimalnym wysi\u0142ku. Rozpocznij od dok\u0142adnego umycia r\u0105k i wyczyszczenia zewn\u0119trznej cz\u0119\u015bci zestawu such\u0105 szmatk\u0105. Zdejmij i zachowaj pokryw\u0119, a nast\u0119pnie nape\u0142nij zestaw letni\u0105 wod\u0105 (20\u00b0C) i pozw\u00f3l mu moczy\u0107 si\u0119 przez pi\u0119\u0107 minut - nigdy nie d\u0142u\u017cej ni\u017c godzin\u0119. Ca\u0142kowicie spu\u015b\u0107 wod\u0119, pozwalaj\u0105c zestawowi kapa\u0107 przez dziesi\u0119\u0107 sekund. Umie\u015b\u0107 zestaw w dostarczonej torbie hodowlanej, dodaj 200-250 ml letniej wody i zamknij torb\u0119 za pomoc\u0105 do\u0142\u0105czonych spinaczy. Umie\u015b\u0107 zestaw w pomieszczeniu o temperaturze 20-25\u00b0C, unikaj\u0105c bezpo\u015bredniego \u015bwiat\u0142a s\u0142onecznego, lamp lub \u017ar\u00f3de\u0142 ciep\u0142a. Przechowuj worek szczelnie zamkni\u0119ty do momentu pojawienia si\u0119 g\u0142\u00f3wek (wczesnych formacji grzyb\u00f3w), co mo\u017ce zaj\u0105\u0107 10-20 dni, aby utrzyma\u0107 wysoki poziom wilgotno\u015bci i CO2. Gdy pojawi\u0105 si\u0119 g\u0142\u00f3wki grzyb\u00f3w, nale\u017cy codziennie kr\u00f3tko przewietrzy\u0107 worek i lekko spryska\u0107 zestaw. Zbierz grzyby tu\u017c przed p\u0119kni\u0119ciem zas\u0142on pod ich kapeluszami, delikatnie je przekr\u0119caj\u0105c i ca\u0142kowicie wyci\u0105gaj\u0105c. Powt\u00f3rz ten proces dla kolejnych zbior\u00f3w. Metoda ta zapewnia optymalny wzrost, pozwalaj\u0105c z \u0142atwo\u015bci\u0105 cieszy\u0107 si\u0119 wielokrotnymi zbiorami silnych grzyb\u00f3w magicznych B+.<\/p>\n<h2 dir=\"ltr\">Sk\u0142adniki zestawu B+ All-in-one GrowKit<\/h2>\n<p dir=\"ltr\">Zestaw B+ All-in-one GrowKit zosta\u0142 starannie opracowany, aby zapewni\u0107 wszystko, co potrzebne do udanej uprawy grzyb\u00f3w. Podstawowym sk\u0142adnikiem jest wst\u0119pnie zaszczepione pod\u0142o\u017ce, bogate w sk\u0142adniki od\u017cywcze pod\u0142o\u017ce zaprojektowane w celu wspierania wzrostu magicznych grzyb\u00f3w B+. Pod\u0142o\u017ce to sk\u0142ada si\u0119 z mieszanki materia\u0142\u00f3w organicznych, w tym ziaren i innych naturalnych zwi\u0105zk\u00f3w, zoptymalizowanych pod k\u0105tem rozwoju grzybni. Zestaw zawiera r\u00f3wnie\u017c specjalistyczn\u0105 torb\u0119 do uprawy wyposa\u017con\u0105 w filtry powietrza, kt\u00f3ra utrzymuje idealn\u0105 wilgotno\u015b\u0107 i wymian\u0119 powietrza dla wzrostu grzyb\u00f3w. Dwa spinacze s\u0142u\u017c\u0105 do bezpiecznego zamkni\u0119cia torby, zapewniaj\u0105c kontrolowane \u015brodowisko. Nie s\u0105 wymagane \u017cadne dodatkowe chemikalia ani nawozy, poniewa\u017c pod\u0142o\u017ce jest wst\u0119pnie przygotowane do obs\u0142ugi wielu rzut\u00f3w grzyb\u00f3w. Sam szczep B+ zawiera naturalnie wyst\u0119puj\u0105c\u0105 psylocybin\u0119 i psylocyn\u0119, aktywne zwi\u0105zki odpowiedzialne za jego psychodeliczne dzia\u0142anie. Zwi\u0105zki te s\u0105 nieod\u0142\u0105cznie zwi\u0105zane z grzybami i nie s\u0105 dodawane oddzielnie. Konstrukcja zestawu eliminuje potrzeb\u0119 zewn\u0119trznego zasilania poza wod\u0105, czyni\u0105c go samodzielnym systemem. Ta prostota, w po\u0142\u0105czeniu z wysokiej jako\u015bci komponentami, gwarantuje, \u017ce u\u017cytkownicy mog\u0105 skupi\u0107 si\u0119 na procesie uprawy, jednocze\u015bnie osi\u0105gaj\u0105c sp\u00f3jne, wysokowydajne wyniki z magicznymi grzybami B+.<\/p>\n<p dir=\"ltr\"><strong>Ostrze\u017cenie<\/strong><br \/>\nGrzyby magiczne, w tym te uprawiane za pomoc\u0105 zestawu B+ All-in-one GrowKit, naturalnie zawieraj\u0105 psylocybin\u0119 i psylocyn\u0119, kt\u00f3re s\u0105 silnymi halucynogenami. Substancje te mog\u0105 zmienia\u0107 \u015bwiadomo\u015b\u0107, potencjalnie powoduj\u0105c \u017cywe halucynacje i zmiany w percepcji, nastroju i poznaniu. Ze wzgl\u0119du na ich dzia\u0142anie psychoaktywne, nale\u017cy obchodzi\u0107 si\u0119 z nimi i spo\u017cywa\u0107 je ostro\u017cnie. Zawsze przechowuj zestaw i zebrane grzyby w bezpiecznym miejscu, poza zasi\u0119giem dzieci i zwierz\u0105t domowych, aby zapobiec przypadkowemu spo\u017cyciu. Osoby z istniej\u0105cymi wcze\u015bniej zaburzeniami psychicznymi lub przyjmuj\u0105ce leki wp\u0142ywaj\u0105ce na poziom serotoniny powinny unika\u0107 ich stosowania, poniewa\u017c zwi\u0105zki te wp\u0142ywaj\u0105 na uk\u0142ad serotoninowy m\u00f3zgu. Odpowiedzialne stosowanie i \u015bwiadomo\u015b\u0107 skutk\u00f3w s\u0105 niezb\u0119dne do zapewnienia bezpiecznego do\u015bwiadczenia.<\/p>","protected":false},"excerpt":{"rendered":"<p><span style=\"font-size: 100%;\">B+ to bardzo popularna odmiana, bardzo popularna ze wzgl\u0119du na du\u017ce grzyby. Jest to r\u00f3wnie\u017c oryginalna odmiana Cubensis. <\/span><span style=\"font-size: 100%;\">Je\u015bli lubisz ogl\u0105da\u0107 dobre kolorowe wizualizacje z duchowym po\u0142\u0105czeniem z ca\u0142ym wszech\u015bwiatem i nadal do\u015bwiadczasz zabawnej podr\u00f3\u017cy, to jest to dobry grzyb do tego. <\/span><\/p>\n<p><span style=\"font-size: 100%;\">Dost\u0119pne w \u015brednich i du\u017cych opakowaniach.<\/span><span style=\"font-size: 100%; color: #000000;\"><br \/>\n<\/span><\/p>","protected":false},"featured_media":19885,"template":"","meta":[],"product_brand":[],"product_cat":[539,297,592,595,513,515,476],"product_tag":[662],"class_list":{"0":"post-2493","1":"product","2":"type-product","3":"status-publish","4":"has-post-thumbnail","6":"product_cat-magic-mushroom-grow-kits","7":"product_cat-all-products","8":"product_cat-beginner-magic-mushroom-grow-kits","9":"product_cat-mcsmart","10":"product_cat-party","11":"product_cat-shroomshop","12":"product_cat-smartshop","13":"product_tag-shrdeal","14":"product_shipping_class-creditcard-off","16":"first","17":"instock","18":"taxable","19":"shipping-taxable","20":"purchasable","21":"product-type-variable","22":"has-default-attributes"},"_links":{"self":[{"href":"https:\/\/www.tatanka.nl\/pl\/wp-json\/wp\/v2\/product\/2493","targetHints":{"allow":["GET"]}}],"collection":[{"href":"https:\/\/www.tatanka.nl\/pl\/wp-json\/wp\/v2\/product"}],"about":[{"href":"https:\/\/www.tatanka.nl\/pl\/wp-json\/wp\/v2\/types\/product"}],"wp:featuredmedia":[{"embeddable":true,"href":"https:\/\/www.tatanka.nl\/pl\/wp-json\/wp\/v2\/media\/19885"}],"wp:attachment":[{"href":"https:\/\/www.tatanka.nl\/pl\/wp-json\/wp\/v2\/media?parent=2493"}],"wp:term":[{"taxonomy":"product_brand","embeddable":true,"href":"https:\/\/www.tatanka.nl\/pl\/wp-json\/wp\/v2\/product_brand?post=2493"},{"taxonomy":"product_cat","embeddable":true,"href":"https:\/\/www.tatanka.nl\/pl\/wp-json\/wp\/v2\/product_cat?post=2493"},{"taxonomy":"product_tag","embeddable":true,"href":"https:\/\/www.tatanka.nl\/pl\/wp-json\/wp\/v2\/product_tag?post=2493"}],"curies":[{"name":"wp","href":"https:\/\/api.w.org\/{rel}","templated":true}]}}