{"id":2495,"date":"2017-10-09T12:59:12","date_gmt":"2017-10-09T12:59:12","guid":{"rendered":"http:\/\/www.tatanka.nl\/?post_type=product&#038;p=2495"},"modified":"2025-10-16T07:56:53","modified_gmt":"2025-10-16T06:56:53","slug":"colombian-magic-mushroom-paddo-grow-kit","status":"publish","type":"product","link":"https:\/\/www.tatanka.nl\/pl\/colombian-magic-mushroom-paddo-grow-kit\/","title":{"rendered":"Colombian Zestaw do uprawy grzyb\u00f3w Magic Mushroom Paddo"},"content":{"rendered":"<h2 dir=\"ltr\" data-pm-slice=\"1 1 []\">Czym s\u0105 zestawy Colombian All-in-one GrowKits?<\/h2>\n<p dir=\"ltr\">Zestaw Colombian All-in-one GrowKit to kompleksowe rozwi\u0105zanie do uprawy magicznych grzyb\u00f3w w domu, przeznaczone dla entuzjast\u00f3w poszukuj\u0105cych mocnych i intensywnych wra\u017ce\u0144. W przeciwie\u0144stwie do \u0142agodniejszych odmian, takich jak Mexican lub Thai, grzyby te oferuj\u0105 g\u0142\u0119bsz\u0105, bardziej \u017cyw\u0105 podr\u00f3\u017c, wzmacniaj\u0105c postrzeganie otaczaj\u0105cego \u015bwiata. Zestaw zawiera pojemnik do uprawy, worek do uprawy z filtrami powietrza i dwa spinacze do papieru, wymagaj\u0105ce jedynie wody i przestrzegania prostych instrukcji w celu uzyskania wysokiej jako\u015bci plon\u00f3w. Zdolny do wyprodukowania do trzech zbior\u00f3w, z kt\u00f3rych pierwszy jest zazwyczaj najbardziej obfity, produkt ten zapewnia satysfakcjonuj\u0105cy proces uprawy. Przechowywany w lod\u00f3wce zestaw zachowuje \u017cywotno\u015b\u0107 przez okres do sze\u015bciu miesi\u0119cy, cho\u0107 jego okres przydatno\u015bci do spo\u017cycia jest ograniczony poza ch\u0142odnymi warunkami. Zestaw Colombian All-in-one GrowKit wyr\u00f3\u017cnia si\u0119 \u0142atwo\u015bci\u0105 obs\u0142ugi i silnymi wynikami, co czyni go ulubionym w\u015br\u00f3d tych, kt\u00f3rzy chc\u0105 odkry\u0107 wyj\u0105tkowe efekty tych grzyb\u00f3w. Jego prosta konfiguracja pozwala zar\u00f3wno pocz\u0105tkuj\u0105cym, jak i do\u015bwiadczonym hodowcom cieszy\u0107 si\u0119 p\u0142ynn\u0105 upraw\u0105, dostarczaj\u0105c sp\u00f3jne, wysokiej jako\u015bci grzyby w ka\u017cdym cyklu.<\/p>\n<h2 dir=\"ltr\">Historia zestaw\u00f3w Colombian All-in-one GrowKits<\/h2>\n<p dir=\"ltr\">Zestaw Colombian All-in-one GrowKit wywodzi si\u0119 z bogatego dziedzictwa kulturowego i przyrodniczego Kolumbii, gdzie rdzenne spo\u0142eczno\u015bci od dawna czcz\u0105 grzyby psychodeliczne za ich duchowe i lecznicze w\u0142a\u015bciwo\u015bci. Grzyby te, znane z silnej zawarto\u015bci psylocybiny, by\u0142y tradycyjnie u\u017cywane w rytua\u0142ach, aby po\u0142\u0105czy\u0107 si\u0119 z wy\u017cszymi stanami \u015bwiadomo\u015bci. We wsp\u00f3\u0142czesnej erze post\u0119p w mikologii doprowadzi\u0142 do opracowania zestaw\u00f3w do uprawy, upraszczaj\u0105c upraw\u0119 dla u\u017cytkownik\u00f3w domowych. Odmiana Colombian zyska\u0142a popularno\u015b\u0107 dzi\u0119ki intensywnym efektom, przewy\u017cszaj\u0105c \u0142agodniejsze odmiany, takie jak Mexican czy Thai. Pod koniec XX wieku kultywatorzy udoskonalili techniki, aby stworzy\u0107 zestawy typu \"wszystko w jednym\", \u0142\u0105cz\u0105ce pod\u0142o\u017ce, zarodniki i narz\u0119dzia w jednym pakiecie. Ta innowacja zdemokratyzowa\u0142a dost\u0119p do uprawy magicznych grzyb\u00f3w, umo\u017cliwiaj\u0105c entuzjastom na ca\u0142ym \u015bwiecie upraw\u0119 w\u0142asnych. Zestaw Colombian All-in-one GrowKit uciele\u015bnia to dziedzictwo, oferuj\u0105c niezawodny, przyjazny dla u\u017cytkownika spos\u00f3b produkcji grzyb\u00f3w o tych samych pot\u0119\u017cnych w\u0142a\u015bciwo\u015bciach, kt\u00f3re s\u0105 czczone od wiek\u00f3w. Jego rozw\u00f3j odzwierciedla po\u0142\u0105czenie tradycyjnej wiedzy i nowoczesnej nauki, zapewniaj\u0105c sta\u0142\u0105 jako\u015b\u0107 i moc. Dzi\u015b pozostaje najlepszym wyborem dla tych, kt\u00f3rzy chc\u0105 odkry\u0107 g\u0142\u0119bokie dzia\u0142anie tych grzyb\u00f3w, anga\u017cuj\u0105c si\u0119 w praktyczne do\u015bwiadczenie uprawy.<\/p>\n<h2 dir=\"ltr\">Jak korzysta\u0107 z zestaw\u00f3w Colombian All-in-one GrowKits?<\/h2>\n<p dir=\"ltr\">Korzystanie z zestawu Colombian All-in-one GrowKit jest proste, wymaga minimalnego sprz\u0119tu i wysi\u0142ku, aby osi\u0105gn\u0105\u0107 udane zbiory. Rozpocznij od wyczyszczenia r\u0105k i zewn\u0119trznej cz\u0119\u015bci zestawu, a nast\u0119pnie zdejmij i zachowaj pokryw\u0119. Nape\u0142nij zestaw letni\u0105 wod\u0105 (20\u00b0C), za\u0142\u00f3\u017c pokryw\u0119 i pozw\u00f3l mu moczy\u0107 si\u0119 przez pi\u0119\u0107 minut - nie d\u0142u\u017cej ni\u017c godzin\u0119. Spu\u015b\u0107 wod\u0119, pozwalaj\u0105c zestawowi kapa\u0107 przez 10 sekund. Umie\u015b\u0107 zestaw w dostarczonej torbie hodowlanej, dodaj 200-250 ml letniej wody i zamknij torb\u0119 spinaczami. Umie\u015b\u0107 zestaw w pomieszczeniu o temperaturze 20-25\u00b0C, unikaj\u0105c bezpo\u015bredniego \u015bwiat\u0142a s\u0142onecznego, lamp lub \u017ar\u00f3de\u0142 ciep\u0142a. Trzymaj worek zamkni\u0119ty do momentu pojawienia si\u0119 g\u0142\u00f3wek (wczesnych formacji grzyb\u00f3w), zazwyczaj w ci\u0105gu 10-20 dni, utrzymuj\u0105c wysoki poziom wilgotno\u015bci i CO2. Gdy pojawi\u0105 si\u0119 g\u0142\u00f3wki, nale\u017cy codziennie wietrzy\u0107 worek i lekko spryskiwa\u0107 zestaw. Zbierz grzyby tu\u017c przed p\u0119kni\u0119ciem zas\u0142ony pod kapeluszem, delikatnie przekr\u0119caj\u0105c i wyci\u0105gaj\u0105c je ca\u0142kowicie. Powt\u00f3rz ten proces dla kolejnych zbior\u00f3w. Metoda ta zapewnia optymalny wzrost i si\u0142\u0119 dzia\u0142ania, pozwalaj\u0105c u\u017cytkownikom w pe\u0142ni cieszy\u0107 si\u0119 upraw\u0105 i zbiorem w\u0142asnych grzyb\u00f3w Colombian w bezpieczny i skuteczny spos\u00f3b.<\/p>\n<h2 dir=\"ltr\">Sk\u0142adniki zestawu Colombian All-in-one GrowKits<\/h2>\n<p dir=\"ltr\">Zestaw Colombian All-in-one GrowKit sk\u0142ada si\u0119 ze starannie dobranego zestawu komponent\u00f3w zapewniaj\u0105cych udan\u0105 upraw\u0119 grzyb\u00f3w. Podstawowym sk\u0142adnikiem jest pod\u0142o\u017ce nasycone wysokiej jako\u015bci zarodnikami grzyb\u00f3w Colombian, zoptymalizowane pod k\u0105tem silnego wzrostu i silnych plon\u00f3w. Pod\u0142o\u017ce to, zazwyczaj b\u0119d\u0105ce mieszank\u0105 materia\u0142\u00f3w organicznych, takich jak ziarno lub kompost, zapewnia niezb\u0119dne sk\u0142adniki od\u017cywcze do rozwoju grzybni. Zestaw zawiera r\u00f3wnie\u017c specjalistyczn\u0105 torb\u0119 hodowlan\u0105 wyposa\u017con\u0105 w filtry powietrza, aby utrzyma\u0107 kontrolowane, sterylne \u015brodowisko, promuj\u0105c zdrowe tworzenie grzyb\u00f3w, jednocze\u015bnie zapobiegaj\u0105c zanieczyszczeniu. W zestawie znajduj\u0105 si\u0119 dwa spinacze do bezpiecznego uszczelnienia torby hodowlanej, zapewniaj\u0105ce odpowiedni poziom wilgotno\u015bci i CO2 podczas pocz\u0105tkowych faz wzrostu. W przeciwie\u0144stwie do innych zestaw\u00f3w, nie zawiera \u017cadnych dodatkowych chemikali\u00f3w ani dodatk\u00f3w, polegaj\u0105c wy\u0142\u0105cznie na wodzie dodawanej przez u\u017cytkownika w celu aktywacji procesu uprawy. Prostota tych komponent\u00f3w sprawia, \u017ce zestaw Colombian All-in-one GrowKit jest dost\u0119pny, a jako\u015b\u0107 pod\u0142o\u017ca nasyconego zarodnikami gwarantuje intensywne, wysokiej jako\u015bci grzyby zwi\u0105zane z tym szczepem. Konstrukcja typu \"wszystko w jednym\" eliminuje potrzeb\u0119 stosowania zewn\u0119trznych materia\u0142\u00f3w, oferuj\u0105c usprawnion\u0105, wydajn\u0105 upraw\u0119, kt\u00f3ra zapewnia sp\u00f3jne wyniki zar\u00f3wno pocz\u0105tkuj\u0105cym, jak i do\u015bwiadczonym hodowcom.<\/p>\n<p dir=\"ltr\"><strong>Ostrze\u017cenie: Magic Mushrooms i bezpiecze\u0144stwo<\/strong><br \/>\nGrzyby magiczne, w tym te uprawiane za pomoc\u0105 zestawu Colombian All-in-one GrowKit, zawieraj\u0105 psylocybin\u0119 i psylocyn\u0119, naturalne halucynogeny, kt\u00f3re mog\u0105 zmienia\u0107 \u015bwiadomo\u015b\u0107 i wywo\u0142ywa\u0107 \u017cywe halucynacje. Substancje te wp\u0142ywaj\u0105 na poziom serotoniny w m\u00f3zgu, wp\u0142ywaj\u0105c na nastr\u00f3j, percepcj\u0119 i funkcje poznawcze. Ze wzgl\u0119du na ich silne dzia\u0142anie, zaleca si\u0119 ostro\u017cno\u015b\u0107 podczas spo\u017cywania grzyb\u00f3w wyhodowanych z tego zestawu. Zawsze przechowuj je bezpiecznie, poza zasi\u0119giem dzieci, aby zapobiec przypadkowemu spo\u017cyciu. Nale\u017cy pami\u0119ta\u0107 o wp\u0142ywie psychologicznym i fizjologicznym oraz unika\u0107 stosowania w niekontrolowanym \u015brodowisku lub bez odpowiedniego przygotowania. Odpowiedzialne obchodzenie si\u0119 z tymi substancjami i \u015bwiadomo\u015b\u0107 ich dzia\u0142ania s\u0105 niezb\u0119dne do bezpiecznego stosowania.<\/p>","protected":false},"excerpt":{"rendered":"<p><span style=\"font-size: 100%;\">Grzyby Colombian maj\u0105 wysoce skoncentrowany efekt, kt\u00f3ry zapewnia intensywne doznania. <\/span><span style=\"font-size: 100%;\">Ten magiczny grzyb powoli wp\u0142ynie na ciebie, ale nie poczujesz si\u0119 od razu zdominowany przez silne efekty wizualne. Do\u015bwiadcz pi\u0119knych zmian koloru i kszta\u0142tu. Bardzo odpowiedni zar\u00f3wno dla pocz\u0105tkuj\u0105cych, jak i do\u015bwiadczonych. Colombian <a href=\"https:\/\/www.tatanka.nl\/pl\/shroomshop\/magic-mushroom-grow-kits\/\">Zestawy do uprawy grzyb\u00f3w<\/a> s\u0105 dost\u0119pne w ma\u0142ych i \u015brednich opakowaniach.<\/span><span style=\"font-size: 100%; color: #000000;\"><br \/>\n<\/span><\/p>","protected":false},"featured_media":19895,"template":"","meta":[],"product_brand":[],"product_cat":[539,297,595,513,515,476,593],"product_tag":[662],"class_list":{"0":"post-2495","1":"product","2":"type-product","3":"status-publish","4":"has-post-thumbnail","6":"product_cat-magic-mushroom-grow-kits","7":"product_cat-all-products","8":"product_cat-mcsmart","9":"product_cat-party","10":"product_cat-shroomshop","11":"product_cat-smartshop","12":"product_cat-strongest-magic-mushroom-grow-kits","13":"product_tag-shrdeal","14":"product_shipping_class-creditcard-off","16":"first","17":"instock","18":"taxable","19":"shipping-taxable","20":"purchasable","21":"product-type-variable","22":"has-default-attributes"},"_links":{"self":[{"href":"https:\/\/www.tatanka.nl\/pl\/wp-json\/wp\/v2\/product\/2495","targetHints":{"allow":["GET"]}}],"collection":[{"href":"https:\/\/www.tatanka.nl\/pl\/wp-json\/wp\/v2\/product"}],"about":[{"href":"https:\/\/www.tatanka.nl\/pl\/wp-json\/wp\/v2\/types\/product"}],"wp:featuredmedia":[{"embeddable":true,"href":"https:\/\/www.tatanka.nl\/pl\/wp-json\/wp\/v2\/media\/19895"}],"wp:attachment":[{"href":"https:\/\/www.tatanka.nl\/pl\/wp-json\/wp\/v2\/media?parent=2495"}],"wp:term":[{"taxonomy":"product_brand","embeddable":true,"href":"https:\/\/www.tatanka.nl\/pl\/wp-json\/wp\/v2\/product_brand?post=2495"},{"taxonomy":"product_cat","embeddable":true,"href":"https:\/\/www.tatanka.nl\/pl\/wp-json\/wp\/v2\/product_cat?post=2495"},{"taxonomy":"product_tag","embeddable":true,"href":"https:\/\/www.tatanka.nl\/pl\/wp-json\/wp\/v2\/product_tag?post=2495"}],"curies":[{"name":"wp","href":"https:\/\/api.w.org\/{rel}","templated":true}]}}