{"id":2497,"date":"2017-10-09T13:03:43","date_gmt":"2017-10-09T13:03:43","guid":{"rendered":"http:\/\/www.tatanka.nl\/?post_type=product&#038;p=2497"},"modified":"2025-10-16T07:56:52","modified_gmt":"2025-10-16T06:56:52","slug":"ecuadorian-magic-mushroom-paddo-grow-kit","status":"publish","type":"product","link":"https:\/\/www.tatanka.nl\/pl\/ecuadorian-magic-mushroom-paddo-grow-kit\/","title":{"rendered":"Ecuadorian Zestaw do uprawy grzyb\u00f3w Magic Mushroom Paddo"},"content":{"rendered":"<h2 dir=\"ltr\" data-pm-slice=\"1 1 []\">Czym s\u0105 zestawy Ecuadorian All-in-One GrowKits?<\/h2>\n<p dir=\"ltr\">Zestaw Ecuadorian All-in-One GrowKit to kompletne rozwi\u0105zanie do uprawy Magic Mushrooms, przeznaczone zar\u00f3wno dla pocz\u0105tkuj\u0105cych, jak i do\u015bwiadczonych hodowc\u00f3w. Zawiera wszystko, co potrzebne do uprawy wysokiej jako\u015bci Ecuadorian Magic Mushrooms, znanej z czystych i silnych efekt\u00f3w. Zestaw zawiera tac\u0119 do uprawy, worek do uprawy z filtrami powietrza i dwa spinacze do papieru, wymagaj\u0105ce jedynie wody do uruchomienia. Przy odpowiedniej piel\u0119gnacji mo\u017cna uzyska\u0107 do trzech zbior\u00f3w, przy czym pierwszy jest zazwyczaj najbardziej obfity, daj\u0105c oko\u0142o 400 gram\u00f3w z zestawu o pojemno\u015bci 1200 cm3. Przechowywany w lod\u00f3wce zestaw zachowuje \u017cywotno\u015b\u0107 przez oko\u0142o sze\u015b\u0107 miesi\u0119cy, cho\u0107 ma ograniczony okres przydatno\u015bci do spo\u017cycia poza ch\u0142odnymi warunkami. Odmiana Ecuadorian jest ceniona za czysty, \u017cywy trip, co czyni j\u0105 ulubion\u0105 w\u015br\u00f3d entuzjast\u00f3w poszukuj\u0105cych niezawodnej i przyjemnej uprawy. Post\u0119puj\u0105c zgodnie z prostymi instrukcjami, u\u017cytkownicy mog\u0105 wyhodowa\u0107 w\u0142asn\u0105 odmian\u0119 Magic Mushrooms w kontrolowanym \u015brodowisku domowym, zapewniaj\u0105c za ka\u017cdym razem \u015bwie\u017cy i autentyczny produkt.<\/p>\n<h2 dir=\"ltr\">Historia zestaw\u00f3w Ecuadorian All-in-One GrowKits<\/h2>\n<p dir=\"ltr\">Zestaw Ecuadorian All-in-One GrowKit czerpie z bogatej historii zakorzenionej w tradycyjnym wykorzystaniu Magic Mushrooms w kulturach Ameryki Po\u0142udniowej. Rdzenne spo\u0142eczno\u015bci w Ekwadorze od dawna czcz\u0105 te grzyby za ich duchowe i lecznicze w\u0142a\u015bciwo\u015bci, wykorzystuj\u0105c je w rytua\u0142ach, aby po\u0142\u0105czy\u0107 si\u0119 z natur\u0105 i bosko\u015bci\u0105. Nowoczesny zestaw do uprawy pojawi\u0142 si\u0119 wraz z rozwojem technik uprawy, umo\u017cliwiaj\u0105c entuzjastom odtworzenie tych staro\u017cytnych praktyk w domu. Pod koniec XX wieku firmy takie jak Mcsmart by\u0142y pionierami w dziedzinie dost\u0119pnych zestaw\u00f3w do uprawy, upraszczaj\u0105c proces przy jednoczesnym zachowaniu jako\u015bci odmian takich jak Ecuadorian Magic Mushrooms. Odmiana ta zyska\u0142a popularno\u015b\u0107 dzi\u0119ki zr\u00f3wnowa\u017conej mocy i czystym efektom, por\u00f3wnywalnym do szczep\u00f3w Colombian. Zestaw All-in-One GrowKit reprezentuje lata udoskonale\u0144, \u0142\u0105cz\u0105c przyjazn\u0105 dla u\u017cytkownika konstrukcj\u0119 z optymalnymi warunkami uprawy. Jego rozw\u00f3j odzwierciedla rosn\u0105ce zainteresowanie domow\u0105 upraw\u0105, nap\u0119dzane pragnieniem \u015bwie\u017cej, wysokiej jako\u015bci Magic Mushrooms. Dzi\u015b zestaw ten stanowi pomost mi\u0119dzy staro\u017cytnymi tradycjami a nowoczesnymi innowacjami, umo\u017cliwiaj\u0105c u\u017cytkownikom na ca\u0142ym \u015bwiecie do\u015bwiadczenie wyj\u0105tkowych w\u0142a\u015bciwo\u015bci Ecuadorian Magic Mushrooms, jednocze\u015bnie wspieraj\u0105c g\u0142\u0119bsze uznanie dla ich kulturowego i historycznego znaczenia.<\/p>\n<h2 dir=\"ltr\">Jak korzysta\u0107 z zestaw\u00f3w Ecuadorian All-in-One GrowKits<\/h2>\n<p dir=\"ltr\">Korzystanie z zestawu Ecuadorian All-in-One GrowKit jest proste, dzi\u0119ki czemu idealnie nadaje si\u0119 do uprawy domowej. Zacznij od umycia r\u0105k i wyczyszczenia zewn\u0119trznej cz\u0119\u015bci zestawu such\u0105 szmatk\u0105. Zdejmij pokryw\u0119, nape\u0142nij tack\u0119 letni\u0105 wod\u0105 (20\u00b0C) i mocz przez pi\u0119\u0107 minut, nie d\u0142u\u017cej ni\u017c godzin\u0119. Spu\u015b\u0107 wod\u0119, umie\u015b\u0107 tac\u0119 w dostarczonej torbie i dodaj 200-250 ml letniej wody. Zamknij torb\u0119 spinaczami i przechowuj j\u0105 w pomieszczeniu o temperaturze 20-25\u00b0C, z dala od bezpo\u015bredniego \u015bwiat\u0142a s\u0142onecznego lub \u017ar\u00f3de\u0142 ciep\u0142a. Utrzymuj wysoki poziom wilgotno\u015bci i CO2, a\u017c pojawi\u0105 si\u0119 g\u0142\u00f3wki (wczesne formacje grzyb\u00f3w), co mo\u017ce zaj\u0105\u0107 10-20 dni. Gdy b\u0119d\u0105 ju\u017c widoczne, nale\u017cy codziennie wietrzy\u0107 torb\u0119 i lekko spryskiwa\u0107 zestaw. Zbierz grzyby tu\u017c przed p\u0119kni\u0119ciem zas\u0142ony pod kapeluszem, delikatnie przekr\u0119caj\u0105c i wyci\u0105gaj\u0105c je ca\u0142kowicie. Po zbiorach powt\u00f3rz proces, aby uzyska\u0107 dodatkowe plony, zazwyczaj do trzech na zestaw. Ta metoda zapewnia udan\u0105 upraw\u0119, dostarczaj\u0105c \u015bwie\u017ce grzyby Ecuadorian Magic Mushrooms przy minimalnym wysi\u0142ku, jednocze\u015bnie maksymalizuj\u0105c moc i jako\u015b\u0107 niezapomnianej podr\u00f3\u017cy.<\/p>\n<h2 dir=\"ltr\">Sk\u0142adniki zestawu Ecuadorian All-in-One GrowKits<\/h2>\n<p dir=\"ltr\">Zestaw Ecuadorian All-in-One GrowKit sk\u0142ada si\u0119 ze starannie dobranych komponent\u00f3w zapewniaj\u0105cych optymalny wzrost grzyb\u00f3w. Podstawowym sk\u0142adnikiem jest pod\u0142o\u017ce wst\u0119pnie zaszczepione grzybni\u0105 Ecuadorian Magic Mushroom, bogat\u0105 w sk\u0142adniki od\u017cywcze po\u017cywk\u0105, kt\u00f3ra wspiera intensywny rozw\u00f3j. Pod\u0142o\u017ce to jest zazwyczaj mieszank\u0105 materia\u0142\u00f3w organicznych, takich jak ziarno, s\u0142oma lub kompost, dostosowanych do potrzeb szczepu Ecuadorian. Zestaw zawiera r\u00f3wnie\u017c torb\u0119 do uprawy z wbudowanymi filtrami powietrza, kt\u00f3ra utrzymuje idealny poziom wilgotno\u015bci i CO2, jednocze\u015bnie zapobiegaj\u0105c zanieczyszczeniom. W zestawie znajduj\u0105 si\u0119 dwa spinacze do bezpiecznego zamkni\u0119cia torby podczas uprawy. W przeciwie\u0144stwie do innych zestaw\u00f3w do uprawy, nie s\u0105 wymagane \u017cadne dodatkowe sk\u0142adniki ani chemikalia - wystarczy letnia woda (20\u00b0C), aby aktywowa\u0107 proces. Brak syntetycznych dodatk\u00f3w zapewnia naturalne do\u015bwiadczenie uprawy, zachowuj\u0105c czysto\u015b\u0107 i moc Magic Mushrooms. Unikalne w\u0142a\u015bciwo\u015bci odmiany Ecuadorian, w tym zawarto\u015b\u0107 psilocybiny, s\u0105 nieod\u0142\u0105cznie zwi\u0105zane z grzybni\u0105, zapewniaj\u0105c czyste, \u017cywe efekty, kt\u00f3re sprawiaj\u0105, \u017ce ta odmiana jest tak poszukiwana. Ten przemy\u015blany zestaw upraszcza proces uprawy, gwarantuj\u0105c jednocze\u015bnie wysokiej jako\u015bci plony dla entuzjast\u00f3w.<\/p>\n<p dir=\"ltr\"><strong>Ostrze\u017cenie: Bezpieczna obs\u0142uga i przechowywanie<\/strong><\/p>\n<p dir=\"ltr\">Odmiana Magic Mushrooms uprawiana z zestawem Ecuadorian All-in-One GrowKit zawiera psylocybin\u0119 i psylocyn\u0119, naturalnie wyst\u0119puj\u0105ce halucynogeny, kt\u00f3re mog\u0105 zmienia\u0107 \u015bwiadomo\u015b\u0107 i wywo\u0142ywa\u0107 halucynacje. Substancje te wp\u0142ywaj\u0105 na poziom serotoniny w m\u00f3zgu, wp\u0142ywaj\u0105c na nastr\u00f3j, percepcj\u0119 i funkcje poznawcze. Ze wzgl\u0119du na ich silne dzia\u0142anie, nale\u017cy spo\u017cywa\u0107 je ostro\u017cnie i w bezpiecznym \u015brodowisku. Zawsze przechowuj zestaw i zebrane grzyby poza zasi\u0119giem dzieci i zwierz\u0105t domowych, aby zapobiec przypadkowemu spo\u017cyciu. Przed u\u017cyciem nale\u017cy skonsultowa\u0107 si\u0119 z lekarzem, zw\u0142aszcza w przypadku wcze\u015bniejszych schorze\u0144 lub przyjmowania lek\u00f3w.<\/p>","protected":false},"excerpt":{"rendered":"<p><span style=\"font-size: 100%;\">Psilocybe Cubensis Ecuador jest jednym z bardziej popularnych szczep\u00f3w, ta odmiana z And\u00f3w Ecuadorian cz\u0119sto produkuje bardzo du\u017ce grzyby, nawet w ekstremalnych warunkach. <\/span><\/p>\n<p><span style=\"font-size: 100%;\">Ta du\u017ca d\u0142ugo\u015b\u0107 grzyb\u00f3w sprawia, \u017ce jest to jedna z najwi\u0119kszych i najsilniejszych odmian cubensis. Grzyb ten zapewnia szybki efekt i jasny umys\u0142. Ecuadorian <a href=\"https:\/\/www.tatanka.nl\/pl\/shroomshop\/magic-mushroom-grow-kits\/\">Zestawy do uprawy grzyb\u00f3w Magic Mushroom<\/a> s\u0105 dost\u0119pne w ma\u0142ych i \u015brednich opakowaniach.<\/span><span style=\"font-size: 100%; color: #000000;\"><br \/>\n<\/span><\/p>","protected":false},"featured_media":19893,"template":"","meta":[],"product_brand":[],"product_cat":[539,297,595,513,515,476,593],"product_tag":[662],"class_list":{"0":"post-2497","1":"product","2":"type-product","3":"status-publish","4":"has-post-thumbnail","6":"product_cat-magic-mushroom-grow-kits","7":"product_cat-all-products","8":"product_cat-mcsmart","9":"product_cat-party","10":"product_cat-shroomshop","11":"product_cat-smartshop","12":"product_cat-strongest-magic-mushroom-grow-kits","13":"product_tag-shrdeal","14":"product_shipping_class-creditcard-off","16":"first","17":"instock","18":"taxable","19":"shipping-taxable","20":"purchasable","21":"product-type-variable","22":"has-default-attributes"},"_links":{"self":[{"href":"https:\/\/www.tatanka.nl\/pl\/wp-json\/wp\/v2\/product\/2497","targetHints":{"allow":["GET"]}}],"collection":[{"href":"https:\/\/www.tatanka.nl\/pl\/wp-json\/wp\/v2\/product"}],"about":[{"href":"https:\/\/www.tatanka.nl\/pl\/wp-json\/wp\/v2\/types\/product"}],"wp:featuredmedia":[{"embeddable":true,"href":"https:\/\/www.tatanka.nl\/pl\/wp-json\/wp\/v2\/media\/19893"}],"wp:attachment":[{"href":"https:\/\/www.tatanka.nl\/pl\/wp-json\/wp\/v2\/media?parent=2497"}],"wp:term":[{"taxonomy":"product_brand","embeddable":true,"href":"https:\/\/www.tatanka.nl\/pl\/wp-json\/wp\/v2\/product_brand?post=2497"},{"taxonomy":"product_cat","embeddable":true,"href":"https:\/\/www.tatanka.nl\/pl\/wp-json\/wp\/v2\/product_cat?post=2497"},{"taxonomy":"product_tag","embeddable":true,"href":"https:\/\/www.tatanka.nl\/pl\/wp-json\/wp\/v2\/product_tag?post=2497"}],"curies":[{"name":"wp","href":"https:\/\/api.w.org\/{rel}","templated":true}]}}