{"id":2501,"date":"2017-10-09T13:11:12","date_gmt":"2017-10-09T13:11:12","guid":{"rendered":"http:\/\/www.tatanka.nl\/?post_type=product&#038;p=2501"},"modified":"2025-10-16T07:56:51","modified_gmt":"2025-10-16T06:56:51","slug":"cambodian-magic-mushroom-paddo-grow-kit","status":"publish","type":"product","link":"https:\/\/www.tatanka.nl\/pl\/cambodian-magic-mushroom-paddo-grow-kit\/","title":{"rendered":"Cambodian Zestaw do uprawy grzyb\u00f3w Magic Mushroom Paddo"},"content":{"rendered":"<h2>Co to s\u0105 Cambodian Mushrooms?<\/h2>\n<p>Zestaw Cambodian Mushroom All-in-One GrowKit oferuje przyst\u0119pny spos\u00f3b na upraw\u0119 magicznych grzyb\u00f3w w domu, przynosz\u0105c urok staro\u017cytnych krajobraz\u00f3w Kambod\u017cy na wyci\u0105gni\u0119cie r\u0119ki. Zestaw ten zawiera wszystko, co potrzebne do uprawy wysokiej jako\u015bci grzyb\u00f3w, w tym worek do uprawy z filtrami powietrza i spinaczami. W przeciwie\u0144stwie do silniejszych odmian grzyb\u00f3w, Cambodian Mushroom zapewnia zr\u00f3wnowa\u017con\u0105, \u017cyw\u0105 podr\u00f3\u017c, dzi\u0119ki czemu jest idealny dla os\u00f3b pocz\u0105tkuj\u0105cych w psychodelicznych do\u015bwiadczeniach. Wystarczy woda i proste instrukcje, aby wyhodowa\u0107 w\u0142asne zbiory, uzyskuj\u0105c oko\u0142o 400 gram\u00f3w z zestawu o pojemno\u015bci 1200 cm3 w pierwszym cyklu. Przechowywany w ch\u0142odnym miejscu zestaw zachowuje \u017cywotno\u015b\u0107 przez okres do sze\u015bciu miesi\u0119cy, cho\u0107 jego okres przydatno\u015bci do spo\u017cycia jest ograniczony poza ch\u0142odni\u0105. Zazwyczaj mo\u017cliwe s\u0105 trzy p\u0142ukania, przy czym pierwsze jest najbardziej obfite. Ten produkt zach\u0119ca do odkrywania fascynuj\u0105cego \u015bwiata mikologii, jednocze\u015bnie ciesz\u0105c si\u0119 owocami swojej pracy w bezpiecznym, kontrolowanym otoczeniu, zapewniaj\u0105c satysfakcjonuj\u0105ce i wci\u0105gaj\u0105ce do\u015bwiadczenie uprawy dla entuzjast\u00f3w poszukuj\u0105cych wyj\u0105tkowej przygody.<\/p>\n<h2>Historia Cambodian Mushrooms<\/h2>\n<p>Grzyb Cambodian wywodzi si\u0119 z bujnych, tropikalnych region\u00f3w otaczaj\u0105cych kultowe \u015bwi\u0105tynie Angkor Wat w Kambod\u017cy. Odkryte przez mikolog\u00f3w badaj\u0105cych bogat\u0105 bior\u00f3\u017cnorodno\u015b\u0107 tego obszaru, grzyby te by\u0142y cenione za umiarkowan\u0105 zawarto\u015b\u0107 psilocybiny, oferuj\u0105c \u0142agodniejsze doznania psychodeliczne w por\u00f3wnaniu do innych odmian. Tradycyjnie stosowane w praktykach duchowych i kulturowych, by\u0142y cenione za ich zdolno\u015b\u0107 do inspirowania introspekcji i po\u0142\u0105czenia z natur\u0105. Z czasem ich unikalne w\u0142a\u015bciwo\u015bci przyci\u0105gn\u0119\u0142y uwag\u0119 globalnych hodowc\u00f3w, prowadz\u0105c do opracowania dost\u0119pnych zestaw\u00f3w do uprawy, takich jak Cambodian Mushroom All-in-One GrowKit. Post\u0119py w mikologii umo\u017cliwi\u0142y odtworzenie idealnych warunk\u00f3w wzrostu wilgotnego klimatu Kambod\u017cy, umo\u017cliwiaj\u0105c entuzjastom na ca\u0142ym \u015bwiecie upraw\u0119 tych grzyb\u00f3w w domu. Konstrukcja zestawu odzwierciedla lata udoskonalania, zapewniaj\u0105c sta\u0142e plony i \u0142atwo\u015b\u0107 u\u017cytkowania. Dzi\u015b grzyb Cambodian pozostaje ulubionym w\u015br\u00f3d hobbyst\u00f3w ze wzgl\u0119du na swoje historyczne znaczenie i przyst\u0119pne efekty, \u0142\u0105cz\u0105c staro\u017cytne tradycje z nowoczesnymi technikami uprawy. Jego nies\u0142abn\u0105ca popularno\u015b\u0107 podkre\u015bla jego rol\u0119 jako bramy do odkrywania mistycznych i naukowych aspekt\u00f3w magicznych grzyb\u00f3w, urzekaj\u0105c hodowc\u00f3w swoim bogatym dziedzictwem i \u017cywym potencja\u0142em.<\/p>\n<h2>Jak u\u017cywa\u0107 Cambodian Mushrooms<\/h2>\n<p>Korzystanie z zestawu Cambodian Mushroom All-in-One GrowKit jest proste, co czyni go idealnym dla pocz\u0105tkuj\u0105cych hodowc\u00f3w. Rozpocznij od dok\u0142adnego umycia r\u0105k i wyczyszczenia zewn\u0119trznej cz\u0119\u015bci zestawu such\u0105 szmatk\u0105. Zdejmij pokryw\u0119, nape\u0142nij zestaw letni\u0105 wod\u0105 (20\u00b0C) i pozw\u00f3l mu moczy\u0107 si\u0119 przez pi\u0119\u0107 minut - nie d\u0142u\u017cej ni\u017c godzin\u0119. Spu\u015b\u0107 wod\u0119, umie\u015b\u0107 zestaw w dostarczonej torbie i dodaj 200-250 ml letniej wody. Zamknij torb\u0119 spinaczami i przechowuj j\u0105 w pomieszczeniu o temperaturze 20-25\u00b0C, z dala od bezpo\u015bredniego \u015bwiat\u0142a s\u0142onecznego lub \u017ar\u00f3de\u0142 ciep\u0142a. Przechowuj torb\u0119 zamkni\u0119t\u0105, a\u017c pojawi\u0105 si\u0119 g\u0142\u00f3wki (wczesne formacje grzyb\u00f3w), co mo\u017ce zaj\u0105\u0107 10-20 dni. Gdy b\u0119d\u0105 ju\u017c widoczne, nale\u017cy codziennie wietrzy\u0107 worek i lekko spryskiwa\u0107 zestaw. Zbierz grzyby tu\u017c przed p\u0119kni\u0119ciem zas\u0142ony pod kapeluszem, delikatnie przekr\u0119caj\u0105c i wyci\u0105gaj\u0105c je ca\u0142kowicie. Powt\u00f3rz proces dla kolejnych zbior\u00f3w. Ta metoda zapewnia optymalny wzrost i wydajno\u015b\u0107, pozwalaj\u0105c cieszy\u0107 si\u0119 wyj\u0105tkowymi efektami grzyb\u00f3w Cambodian. Cierpliwo\u015b\u0107 i przestrzeganie tych krok\u00f3w nagrodzi ci\u0119 obfitymi, wysokiej jako\u015bci zbiorami, gotowymi do dostarczenia charakterystycznych dozna\u0144.<\/p>\n<h2>Sk\u0142adniki Cambodian Mushrooms<\/h2>\n<p>Zestaw Cambodian Mushroom All-in-One GrowKit zosta\u0142 zaprojektowany z my\u015bl\u0105 o prostocie, zawieraj\u0105c starannie dobrany zestaw komponent\u00f3w zapewniaj\u0105cych udan\u0105 upraw\u0119. Podstawowym sk\u0142adnikiem jest pod\u0142o\u017ce, wst\u0119pnie zaszczepione grzybni\u0105 Cambodian Mushroom, zoptymalizowan\u0105 pod k\u0105tem silnego wzrostu. Pod\u0142o\u017ce to znajduje si\u0119 w pojemniku o pojemno\u015bci 1200 cm3, zapewniaj\u0105c du\u017co miejsca na rozw\u00f3j grzyb\u00f3w. Zestaw zawiera worek hodowlany wyposa\u017cony w filtry powietrza w celu utrzymania sterylnego, wilgotnego \u015brodowiska niezb\u0119dnego do rozwoju grzybni. W zestawie znajduj\u0105 si\u0119 dwa spinacze do zabezpieczenia torby, zapewniaj\u0105ce prawid\u0142owy przep\u0142yw powietrza i utrzymanie wilgotno\u015bci. Nie s\u0105 wymagane \u017cadne dodatkowe sk\u0142adniki od\u017cywcze ani chemikalia - wystarczy doda\u0107 letni\u0105 wod\u0119, aby aktywowa\u0107 proces wzrostu. Sama grzybnia pochodzi ze szczepu Cambodian, znanego z umiarkowanej zawarto\u015bci psylocybiny, kt\u00f3ra naturalnie wytwarza psylocyn\u0119 w organizmie, wywo\u0142uj\u0105c efekty psychodeliczne. Konstrukcja typu \"wszystko w jednym\" eliminuje potrzeb\u0119 stosowania skomplikowanego sprz\u0119tu, czyni\u0105c upraw\u0119 dost\u0119pn\u0105 dla wszystkich. Odpowiednio przechowywane komponenty zestawu pozostaj\u0105 skuteczne przez wiele miesi\u0119cy, zapewniaj\u0105c sp\u00f3jne wyniki. Koncentruj\u0105c si\u0119 na jako\u015bci i prostocie, zestaw Cambodian Mushroom umo\u017cliwia u\u017cytkownikom upraw\u0119 w\u0142asnych grzyb\u00f3w z pewno\u015bci\u0105 siebie, oferuj\u0105c czyste i satysfakcjonuj\u0105ce do\u015bwiadczenie uprawy.<\/p>\n<p><strong>Ostrze\u017cenie<\/strong><\/p>\n<p>Grzyby magiczne, w tym grzyb Cambodian, zawieraj\u0105 psylocybin\u0119 i psylocyn\u0119, naturalne halucynogeny, kt\u00f3re mog\u0105 zmienia\u0107 \u015bwiadomo\u015b\u0107 i wywo\u0142ywa\u0107 \u017cywe halucynacje. Substancje te wp\u0142ywaj\u0105 na poziom serotoniny w m\u00f3zgu, wp\u0142ywaj\u0105c na nastr\u00f3j, percepcj\u0119 i funkcje poznawcze. Ze wzgl\u0119du na ich silne dzia\u0142anie, nale\u017cy je spo\u017cywa\u0107 ostro\u017cnie i w bezpiecznym, kontrolowanym \u015brodowisku. Zawsze przechowuj grzyb Cambodian i jego zestaw do uprawy poza zasi\u0119giem dzieci, aby zapobiec przypadkowemu spo\u017cyciu. Osoby z istniej\u0105cymi wcze\u015bniej schorzeniami psychicznymi lub przyjmuj\u0105ce leki wp\u0142ywaj\u0105ce na serotonin\u0119 powinny unika\u0107 stosowania, poniewa\u017c mog\u0105 wyst\u0105pi\u0107 interakcje. Upewnij si\u0119, \u017ce jeste\u015b dobrze poinformowany o skutkach przed spo\u017cyciem i nigdy nie \u0142\u0105cz z alkoholem lub innymi substancjami.<\/p>","protected":false},"excerpt":{"rendered":"<p><span style=\"font-size: 100%;\">Odmiana Cambodian jest energiczna i uduchowiona, a jej intensywno\u015b\u0107 utrzymuje si\u0119 przez d\u0142ugi czas. Psilocybe Cubensis Cambodian to idealna odmiana dla mniej do\u015bwiadczonych hodowc\u00f3w grzyb\u00f3w magicznych. Odmiana ta jest \u0142atwa w uprawie i zapewnia produktywne zbiory. Dost\u0119pna w \u015brednim opakowaniu 1200 cm3 i du\u017cym 2100 cm3.<\/span><span style=\"font-size: 100%; color: #000000;\"><br \/>\n<\/span><\/p>","protected":false},"featured_media":19891,"template":"","meta":[],"product_brand":[],"product_cat":[539,297,595,513,515,476,593],"product_tag":[662],"class_list":{"0":"post-2501","1":"product","2":"type-product","3":"status-publish","4":"has-post-thumbnail","6":"product_cat-magic-mushroom-grow-kits","7":"product_cat-all-products","8":"product_cat-mcsmart","9":"product_cat-party","10":"product_cat-shroomshop","11":"product_cat-smartshop","12":"product_cat-strongest-magic-mushroom-grow-kits","13":"product_tag-shrdeal","14":"product_shipping_class-creditcard-off","16":"first","17":"instock","18":"taxable","19":"shipping-taxable","20":"purchasable","21":"product-type-variable","22":"has-default-attributes"},"_links":{"self":[{"href":"https:\/\/www.tatanka.nl\/pl\/wp-json\/wp\/v2\/product\/2501","targetHints":{"allow":["GET"]}}],"collection":[{"href":"https:\/\/www.tatanka.nl\/pl\/wp-json\/wp\/v2\/product"}],"about":[{"href":"https:\/\/www.tatanka.nl\/pl\/wp-json\/wp\/v2\/types\/product"}],"wp:featuredmedia":[{"embeddable":true,"href":"https:\/\/www.tatanka.nl\/pl\/wp-json\/wp\/v2\/media\/19891"}],"wp:attachment":[{"href":"https:\/\/www.tatanka.nl\/pl\/wp-json\/wp\/v2\/media?parent=2501"}],"wp:term":[{"taxonomy":"product_brand","embeddable":true,"href":"https:\/\/www.tatanka.nl\/pl\/wp-json\/wp\/v2\/product_brand?post=2501"},{"taxonomy":"product_cat","embeddable":true,"href":"https:\/\/www.tatanka.nl\/pl\/wp-json\/wp\/v2\/product_cat?post=2501"},{"taxonomy":"product_tag","embeddable":true,"href":"https:\/\/www.tatanka.nl\/pl\/wp-json\/wp\/v2\/product_tag?post=2501"}],"curies":[{"name":"wp","href":"https:\/\/api.w.org\/{rel}","templated":true}]}}