{"id":2504,"date":"2017-10-09T13:53:12","date_gmt":"2017-10-09T11:53:12","guid":{"rendered":"http:\/\/www.tatanka.nl\/?post_type=product&#038;p=2504"},"modified":"2026-04-23T12:48:28","modified_gmt":"2026-04-23T11:48:28","slug":"golden-teacher-magic-mushroom-paddo-grow-kit","status":"publish","type":"product","link":"https:\/\/www.tatanka.nl\/pl\/golden-teacher-magic-mushroom-paddo-grow-kit\/","title":{"rendered":"Zestaw do uprawy grzyb\u00f3w Golden Teacher Magic Mushroom Paddo"},"content":{"rendered":"<h2>Co to s\u0105 Golden Teacher?<\/h2>\n<p>Golden Teacher to znana odmiana magicznych grzyb\u00f3w, s\u0142yn\u0105ca z du\u017cych, z\u0142otawych kapeluszy, kt\u00f3re mog\u0105 osi\u0105ga\u0107 nawet pi\u0119\u0107 centymetr\u00f3w \u015brednicy. Grzyby te s\u0105 cz\u0119\u015bci\u0105 zestawu All-in-One GrowKit, kt\u00f3ry pozwala u\u017cytkownikom z \u0142atwo\u015bci\u0105 uprawia\u0107 w\u0142asne wysokiej jako\u015bci grzyby w domu. Zestaw zawiera wszystko, co niezb\u0119dne, takie jak worek do uprawy z filtrami powietrza i spinaczami, wymagaj\u0105c jedynie wody i przestrzegania prostych instrukcji. Odmiany Golden Teacher wyr\u00f3\u017cniaj\u0105 si\u0119 silnym dzia\u0142aniem, zapewniaj\u0105c bardziej intensywne doznania w por\u00f3wnaniu z innymi szczepami, takimi jak Colombian lub Ecuadorian. \u015arednio, zestaw GrowKit o pojemno\u015bci 1200 cm3 daje oko\u0142o 400 gram\u00f3w w pierwszym sp\u0142ukiwaniu, przy czym mo\u017cliwe s\u0105 nawet trzy sp\u0142ukiwania. Przechowywany w ch\u0142odnym miejscu zestaw GrowKit zachowuje \u017cywotno\u015b\u0107 przez oko\u0142o sze\u015b\u0107 miesi\u0119cy, cho\u0107 jego okres przydatno\u015bci do spo\u017cycia jest ograniczony poza ch\u0142odni\u0105. Sprawia to, \u017ce Golden Teachers jest dost\u0119pn\u0105, ale pot\u0119\u017cn\u0105 opcj\u0105 dla tych, kt\u00f3rzy odkrywaj\u0105 \u015bwiat psychodelik\u00f3w, oferuj\u0105c zar\u00f3wno \u0142atwo\u015b\u0107 uprawy, jak i transformuj\u0105ce do\u015bwiadczenie.<\/p>\n<h2>Historia Golden Teachers<\/h2>\n<p>Pocz\u0105tki Golden Teacher s\u0105 nieco tajemnicze, bez ostatecznego zapisu ich odkrycia, ale uwa\u017ca si\u0119, \u017ce pojawi\u0142y si\u0119 w latach 80. w spo\u0142eczno\u015bci psychodelicznej. Nazwane ze wzgl\u0119du na swoje z\u0142ote kapelusze i g\u0142\u0119boki wgl\u0105d, jaki daj\u0105, grzyby te szybko zyska\u0142y popularno\u015b\u0107 w\u015br\u00f3d entuzjast\u00f3w ze wzgl\u0119du na ich duchowe i introspektywne efekty. W przeciwie\u0144stwie do wielu innych odmian, Golden Teacher nie zosta\u0142y szeroko udokumentowane we wczesnych badaniach mikologicznych, ale ich reputacja wzros\u0142a dzi\u0119ki ustnym przekazom i uprawie przez oddanych hodowc\u00f3w. Opracowanie zestawu All-in-One GrowKit zrewolucjonizowa\u0142o upraw\u0119 domow\u0105, u\u0142atwiaj\u0105c osobom indywidualnym upraw\u0119 tych grzyb\u00f3w bez specjalistycznej wiedzy. Z biegiem czasu Golden Teacher sta\u0142y si\u0119 podstaw\u0105 w \u015bwiecie magicznych grzyb\u00f3w, cenionych za ich sp\u00f3jno\u015b\u0107 i zdolno\u015b\u0107 do dostarczania znacz\u0105cej psychodelicznej podr\u00f3\u017cy. Ich znaczenie kulturowe polega na ich powi\u0105zaniu z m\u0105dro\u015bci\u0105 i o\u015bwieceniem, cz\u0119sto u\u017cywanymi w miejscach, w kt\u00f3rych priorytetem jest rozw\u00f3j osobisty i eksploracja \u015bwiadomo\u015bci, cementuj\u0105c ich status jako ukochanej odmiany w globalnym ruchu psychodelicznym.<\/p>\n<h2>Jak korzysta\u0107 z Golden Teachers<\/h2>\n<p>Korzystanie z Golden Teacher rozpoczyna si\u0119 od uprawy przy u\u017cyciu zestawu All-in-One GrowKit. Zacznij od wyczyszczenia zewn\u0119trznej cz\u0119\u015bci zestawu GrowKit i zanurzenia go w letniej wodzie (20\u00b0C) na pi\u0119\u0107 minut, upewniaj\u0105c si\u0119, \u017ce nie trwa to d\u0142u\u017cej ni\u017c godzin\u0119. Spu\u015b\u0107 wod\u0119, umie\u015b\u0107 zestaw GrowKit w dostarczonej torbie i dodaj 200-250 ml letniej wody. Zamknij torb\u0119 spinaczami i przechowuj j\u0105 w pomieszczeniu o temperaturze 20-25\u00b0C, z dala od bezpo\u015bredniego \u015bwiat\u0142a s\u0142onecznego lub \u017ar\u00f3de\u0142 ciep\u0142a. Utrzymuj wysoki poziom wilgotno\u015bci i CO2 do momentu pojawienia si\u0119 g\u0142\u00f3wek (wczesnych formacji grzyb\u00f3w), co mo\u017ce zaj\u0105\u0107 10-20 dni. Gdy pojawi\u0105 si\u0119 g\u0142\u00f3wki, nale\u017cy codziennie wietrzy\u0107 worek i lekko spryskiwa\u0107 zestaw GrowKit. Zbierz grzyby tu\u017c przed p\u0119kni\u0119ciem zas\u0142ony pod kapeluszem, delikatnie przekr\u0119caj\u0105c i wyci\u0105gaj\u0105c je ca\u0142kowicie. Po zbiorach powt\u00f3rz proces dla dodatkowych zbior\u00f3w. Grzyby Golden Teacher nale\u017cy spo\u017cywa\u0107 w spos\u00f3b odpowiedzialny, zaczynaj\u0105c od niskiej dawki, aby oceni\u0107 ich silne dzia\u0142anie, kt\u00f3re mo\u017ce obejmowa\u0107 \u017cywe halucynacje i duchowy wgl\u0105d. Zawsze zapewniaj bezpieczne, komfortowe \u015brodowisko i unikaj \u0142\u0105czenia z innymi substancjami, aby w pe\u0142ni doceni\u0107 transformuj\u0105ce do\u015bwiadczenie, jakie oferuj\u0105.<\/p>\n<h2>Sk\u0142adniki Golden Teachers<\/h2>\n<p>Grzyby Golden Teacher zawdzi\u0119czaj\u0105 swoje dzia\u0142anie przede wszystkim psylocybinie, naturalnie wyst\u0119puj\u0105cemu zwi\u0105zkowi, kt\u00f3ry przekszta\u0142ca si\u0119 w organizmie w psylocyn\u0119, wchodz\u0105c w interakcje z receptorami serotoninowymi w celu wywo\u0142ania halucynogennych dozna\u0144. Poza psylocybin\u0105, grzyby te zawieraj\u0105 psylocyn\u0119 i inne zwi\u0105zki \u015bladowe, kt\u00f3re przyczyniaj\u0105 si\u0119 do ich wyj\u0105tkowej mocy. Sam zestaw All-in-One GrowKit sk\u0142ada si\u0119 z pod\u0142o\u017ca zoptymalizowanego pod k\u0105tem wzrostu grzyb\u00f3w, zazwyczaj mieszanki materia\u0142\u00f3w organicznych, takich jak wermikulit, perlit i ziarna, cho\u0107 dok\u0142adny sk\u0142ad jest zastrze\u017cony. Zestaw GrowKit zosta\u0142 zaprojektowany tak, aby by\u0142 sterylny, zapewniaj\u0105c zdrowy rozw\u00f3j grzyb\u00f3w bez zanieczyszcze\u0144. Nie s\u0105 wymagane \u017cadne dodatkowe chemikalia ani dodatki, poniewa\u017c zestaw opiera si\u0119 na wodzie i kontrolowanych warunkach \u015brodowiskowych w celu wspierania wzrostu. Zawarto\u015b\u0107 psilocybiny w Golden Teacher jest wy\u017csza ni\u017c w wielu innych szczepach, co czyni je szczeg\u00f3lnie silnymi. Ten naturalny sk\u0142ad, w po\u0142\u0105czeniu z prostot\u0105 zestawu GrowKit, pozwala u\u017cytkownikom uprawia\u0107 grzyby, kt\u00f3re s\u0105 czyste i sp\u00f3jne, zapewniaj\u0105c niezawodne doznania psychodeliczne. Brak sztucznych sk\u0142adnik\u00f3w podkre\u015bla organiczny urok Golden Teacher, dostosowuj\u0105c si\u0119 do ich reputacji jako naturalnego narz\u0119dzia do duchowej i psychologicznej eksploracji.<\/p>\n<p><strong>Ostrze\u017cenie<\/strong><\/p>\n<p>Golden Teacher zawieraj\u0105 psylocybin\u0119 i psylocyn\u0119, kt\u00f3re s\u0105 silnymi halucynogenami, mog\u0105cymi zmienia\u0107 \u015bwiadomo\u015b\u0107 i wywo\u0142ywa\u0107 intensywne halucynacje. Substancje te wp\u0142ywaj\u0105 na poziom serotoniny, wp\u0142ywaj\u0105c na nastr\u00f3j, percepcj\u0119 i funkcje poznawcze. Ze wzgl\u0119du na ich silne dzia\u0142anie, nale\u017cy je spo\u017cywa\u0107 ostro\u017cnie, zaczynaj\u0105c od ma\u0142ej dawki w bezpiecznym, kontrolowanym otoczeniu. Golden Teacher nale\u017cy zawsze przechowywa\u0107 w miejscu niedost\u0119pnym dla dzieci, aby zapobiec przypadkowemu spo\u017cyciu. Osoby z histori\u0105 chor\u00f3b psychicznych lub przyjmuj\u0105ce leki wp\u0142ywaj\u0105ce na poziom serotoniny powinny unika\u0107 stosowania, podobnie jak kobiety w ci\u0105\u017cy lub karmi\u0105ce piersi\u0105. Nigdy nie \u0142\u0105cz z alkoholem lub innymi narkotykami, poniewa\u017c mo\u017ce to nieprzewidywalnie nasili\u0107 efekty. Przed rozpocz\u0119ciem uprawy lub konsumpcji nale\u017cy pami\u0119ta\u0107 o statusie prawnym psilocybiny w danym regionie.<\/p>","protected":false},"excerpt":{"rendered":"<p><span style=\"font-size: 100%;\">Golden Teacher to solidny, mi\u0119sisty magiczny grzyb ze z\u0142otymi kapeluszami, zapewniaj\u0105cy siln\u0105 magiczn\u0105 i tajemnicz\u0105 podr\u00f3\u017c. Ta pot\u0119\u017cna odmiana Golden Teacher ma zwykle mniejsz\u0105 pierwsz\u0105 parti\u0119, ale druga partia jest zwykle znacznie wi\u0119ksza. Golden Teacher zawsze ma co\u015b do przekazania. <\/span><\/p>\n<p><span style=\"font-size: 100%;\">Dost\u0119pne w ma\u0142ych, \u015brednich i du\u017cych opakowaniach.<\/span><span style=\"font-size: 100%; color: #000000;\"><br \/>\n<\/span><\/p>","protected":false},"featured_media":19898,"template":"","meta":[],"product_brand":[],"product_cat":[539,297,595,513,515,476,514,593],"product_tag":[723],"class_list":{"0":"post-2504","1":"product","2":"type-product","3":"status-publish","4":"has-post-thumbnail","6":"product_cat-magic-mushroom-grow-kits","7":"product_cat-all-products","8":"product_cat-mcsmart","9":"product_cat-party","10":"product_cat-shroomshop","11":"product_cat-smartshop","12":"product_cat-smartshop-top-10","13":"product_cat-strongest-magic-mushroom-grow-kits","14":"product_tag-triple-deal","15":"product_shipping_class-creditcard-off","17":"first","18":"instock","19":"taxable","20":"shipping-taxable","21":"purchasable","22":"product-type-variable","23":"has-default-attributes"},"_links":{"self":[{"href":"https:\/\/www.tatanka.nl\/pl\/wp-json\/wp\/v2\/product\/2504","targetHints":{"allow":["GET"]}}],"collection":[{"href":"https:\/\/www.tatanka.nl\/pl\/wp-json\/wp\/v2\/product"}],"about":[{"href":"https:\/\/www.tatanka.nl\/pl\/wp-json\/wp\/v2\/types\/product"}],"wp:featuredmedia":[{"embeddable":true,"href":"https:\/\/www.tatanka.nl\/pl\/wp-json\/wp\/v2\/media\/19898"}],"wp:attachment":[{"href":"https:\/\/www.tatanka.nl\/pl\/wp-json\/wp\/v2\/media?parent=2504"}],"wp:term":[{"taxonomy":"product_brand","embeddable":true,"href":"https:\/\/www.tatanka.nl\/pl\/wp-json\/wp\/v2\/product_brand?post=2504"},{"taxonomy":"product_cat","embeddable":true,"href":"https:\/\/www.tatanka.nl\/pl\/wp-json\/wp\/v2\/product_cat?post=2504"},{"taxonomy":"product_tag","embeddable":true,"href":"https:\/\/www.tatanka.nl\/pl\/wp-json\/wp\/v2\/product_tag?post=2504"}],"curies":[{"name":"wp","href":"https:\/\/api.w.org\/{rel}","templated":true}]}}