{"id":2506,"date":"2017-10-09T13:52:59","date_gmt":"2017-10-09T11:52:59","guid":{"rendered":"http:\/\/www.tatanka.nl\/?post_type=product&#038;p=2506"},"modified":"2026-04-23T12:48:28","modified_gmt":"2026-04-23T11:48:28","slug":"mckennaii-magic-mushroom-paddo-grow-kit","status":"publish","type":"product","link":"https:\/\/www.tatanka.nl\/pl\/mckennaii-magic-mushroom-paddo-grow-kit\/","title":{"rendered":"McKennaii Zestaw do uprawy grzyb\u00f3w Magic Mushroom Paddo"},"content":{"rendered":"<h2 dir=\"auto\">Czym s\u0105 zestawy GrowKit McKennaii?<\/h2>\n<p dir=\"auto\">Zestaw McKennaii GrowKit to kompleksowe rozwi\u0105zanie do uprawy w\u0142asnej odmiany Magic Mushrooms, zaprojektowane z my\u015bl\u0105 o \u0142atwo\u015bci i wygodzie. Zestaw ten zawiera wszystko, czego potrzebujesz do wyhodowania wysokiej jako\u015bci grzyb\u00f3w McKennaii, odmiany znanej z intensywnych efekt\u00f3w wizualnych i emocjonalnych. Wystarczy woda i kilka prostych krok\u00f3w, by wyhodowa\u0107 te grzyby od pocz\u0105tku do zbior\u00f3w. Zestaw zawiera torb\u0119 do uprawy, filtry powietrza i spinacze do papieru, aby zapewni\u0107 optymalne warunki uprawy. \u015arednio, pojedynczy McKennaii GrowKit (1200cc) daje oko\u0142o 400 gram\u00f3w graficy w pierwszym rzucie, z mo\u017cliwo\u015bci\u0105 do trzech zbior\u00f3w. Przechowywany w ch\u0142odnym otoczeniu zestaw zachowuje \u017cywotno\u015b\u0107 przez okres do sze\u015bciu miesi\u0119cy, cho\u0107 jego okres przydatno\u015bci do spo\u017cycia jest ograniczony poza ch\u0142odni\u0105. Idealny zar\u00f3wno dla pocz\u0105tkuj\u0105cych, jak i entuzjast\u00f3w, McKennaii GrowKit upraszcza proces, pozwalaj\u0105c skupi\u0107 si\u0119 na rado\u015bci z uprawy i \u017cywych do\u015bwiadczeniach, kt\u00f3re po niej nast\u0119puj\u0105. Jego przyjazna dla u\u017cytkownika konstrukcja zapewnia sp\u00f3jne wyniki, co czyni go ulubionym dla tych, kt\u00f3rzy szukaj\u0105 niezawodnej i satysfakcjonuj\u0105cej podr\u00f3\u017cy uprawowej.<\/p>\n<h2 dir=\"auto\">Historia zestaw\u00f3w GrowKit McKennaii<\/h2>\n<p dir=\"auto\">Odmiana McKennaii zosta\u0142a nazwana na cze\u015b\u0107 znanego etnobotanika i zwolennika psychodelik\u00f3w Terence'a McKenny, kt\u00f3rego praca spopularyzowa\u0142a eksploracj\u0119 grzyb\u00f3w psilocybinowych. Zestaw McKennaii GrowKit pojawi\u0142 si\u0119 jako nowoczesna innowacja, u\u0142atwiaj\u0105ca upraw\u0119 tej silnej odmiany w domu. Historycznie, grzyby Magic Mushrooms by\u0142y u\u017cywane od wiek\u00f3w w praktykach duchowych i kulturowych w r\u00f3\u017cnych cywilizacjach, cenione za swoje w\u0142a\u015bciwo\u015bci rozszerzaj\u0105ce umys\u0142. Rozw\u00f3j zestaw\u00f3w do uprawy zrewolucjonizowa\u0142 dost\u0119pno\u015b\u0107, pozwalaj\u0105c codziennym entuzjastom do\u015bwiadczy\u0107 tych staro\u017cytnych grzyb\u00f3w bez konieczno\u015bci posiadania zaawansowanej wiedzy mikologicznej. W szczeg\u00f3lno\u015bci zestaw McKennaii GrowKit zosta\u0142 zaprojektowany w celu wykorzystania solidnej genetyki szczepu, zapewniaj\u0105c sta\u0142e plony i \u017cywe efekty. \u0141\u0105cz\u0105c tradycyjne techniki uprawy z nowoczesn\u0105 technologi\u0105, zestawy te zdemokratyzowa\u0142y sztuk\u0119 uprawy grzyb\u00f3w. Dzi\u015b zestaw McKennaii GrowKit jest \u015bwiadectwem trwa\u0142ej fascynacji grzybami psilocybinowymi, \u0142\u0105cz\u0105c staro\u017cytn\u0105 m\u0105dro\u015b\u0107 ze wsp\u00f3\u0142czesn\u0105 wygod\u0105. Jego popularno\u015b\u0107 odzwierciedla rosn\u0105ce zainteresowanie samodoskonaleniem i eksploracj\u0105 \u015bwiadomo\u015bci, czyni\u0105c go podstaw\u0105 dla tych, kt\u00f3rzy s\u0105 ciekawi transformacyjnego potencja\u0142u Magic Mushrooms.<\/p>\n<h2 dir=\"auto\">Jak korzysta\u0107 z zestaw\u00f3w GrowKit McKennaii<\/h2>\n<p dir=\"auto\">Korzystanie z zestawu McKennaii GrowKit jest proste i wymaga minimalnego wysi\u0142ku, aby osi\u0105gn\u0105\u0107 imponuj\u0105ce rezultaty. Rozpocznij od umycia r\u0105k i zewn\u0119trznej cz\u0119\u015bci zestawu, a nast\u0119pnie nape\u0142nij go letni\u0105 wod\u0105 (20\u00b0C) i pozw\u00f3l mu moczy\u0107 si\u0119 przez pi\u0119\u0107 minut z za\u0142o\u017con\u0105 pokryw\u0105 - nigdy nie d\u0142u\u017cej ni\u017c godzin\u0119. Dok\u0142adnie spu\u015b\u0107 wod\u0119 i umie\u015b\u0107 zestaw w dostarczonej torbie, dodaj\u0105c 200-250 ml letniej wody. Zamknij torb\u0119 spinaczami i przechowuj j\u0105 w pomieszczeniu o temperaturze 20-25\u00b0C, z dala od bezpo\u015bredniego \u015bwiat\u0142a s\u0142onecznego lub \u017ar\u00f3de\u0142 ciep\u0142a. Przechowuj worek zamkni\u0119ty do momentu pojawienia si\u0119 g\u0142\u00f3wek (wczesnych formacji grzyb\u00f3w), co mo\u017ce zaj\u0105\u0107 10-20 dni, aby utrzyma\u0107 wysoki poziom wilgotno\u015bci i CO2. Gdy pojawi\u0105 si\u0119 g\u0142\u00f3wki grzyb\u00f3w, nale\u017cy codziennie kr\u00f3tko wietrzy\u0107 worek i lekko spryskiwa\u0107 zestaw. Zbierz grzyby tu\u017c przed p\u0119kni\u0119ciem zas\u0142ony pod kapeluszem, delikatnie przekr\u0119caj\u0105c i wyci\u0105gaj\u0105c je ca\u0142kowicie. Aby wyhodowa\u0107 kolejne grzyby, powt\u00f3rz proces. Ta metoda zapewnia wielokrotne zbiory, z kt\u00f3rych pierwszy jest zazwyczaj najbardziej obfity. Dok\u0142adne przestrzeganie tych krok\u00f3w maksymalizuje wydajno\u015b\u0107 i jako\u015b\u0107 grzyb\u00f3w McKennaii, oferuj\u0105c satysfakcjonuj\u0105ce do\u015bwiadczenie w uprawie.<\/p>\n<h2 dir=\"auto\">Sk\u0142adniki McKennaii GrowKits<\/h2>\n<p dir=\"auto\">Zestaw McKennaii GrowKit to starannie opracowany produkt zawieraj\u0105cy pod\u0142o\u017ce zoptymalizowane pod k\u0105tem uprawy Magic Mushrooms. Podstawowym \"sk\u0142adnikiem\" jest wst\u0119pnie zaszczepione pod\u0142o\u017ce, zwykle sk\u0142adaj\u0105ce si\u0119 z mieszanki materia\u0142\u00f3w organicznych, takich jak ziarno \u017cyta, wermikulit i inne sk\u0142adniki od\u017cywcze, kt\u00f3re sprzyjaj\u0105 wzrostowi grzybni. Pod\u0142o\u017ce to jest kolonizowane grzybni\u0105 McKennaii, kt\u00f3ra stanowi podstaw\u0119 rozwoju grzyb\u00f3w. Zestaw zawiera r\u00f3wnie\u017c torb\u0119 do uprawy z filtrami powietrza do regulacji przep\u0142ywu powietrza i wilgotno\u015bci oraz dwa spinacze do zabezpieczenia torby podczas uprawy. Nie stosuje si\u0119 \u017cadnych dodatkowych \u015brodk\u00f3w chemicznych ani dodatk\u00f3w, co zapewnia naturalny proces wzrostu. Pod\u0142o\u017ce zosta\u0142o zaprojektowane tak, aby wspiera\u0107 wiele rzut\u00f3w, z kt\u00f3rych pierwszy daje najwi\u0119ksze zbiory. Woda, kt\u00f3r\u0105 dostarczasz, jest jedynym zewn\u0119trznym sk\u0142adnikiem potrzebnym do aktywacji zestawu. Sam szczep McKennaii zawiera psylocybin\u0119, naturalnie wyst\u0119puj\u0105cy zwi\u0105zek odpowiedzialny za jego psychodeliczne efekty. Ta kompleksowa konstrukcja eliminuje potrzeb\u0119 pozyskiwania oddzielnych komponent\u00f3w, czyni\u0105c upraw\u0119 dost\u0119pn\u0105 i wydajn\u0105. Koncentruj\u0105c si\u0119 na wysokiej jako\u015bci, naturalnych materia\u0142ach, zestaw McKennaii GrowKit zapewnia sp\u00f3jne wyniki, umo\u017cliwiaj\u0105c u\u017cytkownikom upraw\u0119 silnych grzyb\u00f3w przy minimalnym wysi\u0142ku, przy jednoczesnym zachowaniu czysto\u015bci procesu.<\/p>\n<p dir=\"auto\"><strong>Ostrze\u017cenie: Magic Mushrooms i bezpiecze\u0144stwo<\/strong><br \/>\nOdmiany Magic Mushrooms, w tym te uprawiane przy u\u017cyciu zestawu GrowKit McKennaii, zawieraj\u0105 psylocybin\u0119 i psylocyn\u0119, naturalne halucynogeny, kt\u00f3re zmieniaj\u0105 \u015bwiadomo\u015b\u0107 i mog\u0105 powodowa\u0107 \u017cywe halucynacje. Substancje te wp\u0142ywaj\u0105 na poziom serotoniny w m\u00f3zgu, wp\u0142ywaj\u0105c na nastr\u00f3j, percepcj\u0119 i funkcje poznawcze. Ze wzgl\u0119du na ich silne dzia\u0142anie, nale\u017cy je spo\u017cywa\u0107 ostro\u017cnie i w bezpiecznym, kontrolowanym \u015brodowisku. Zestaw McKennaii GrowKit i zebrane grzyby nale\u017cy zawsze przechowywa\u0107 poza zasi\u0119giem dzieci, aby zapobiec przypadkowemu spo\u017cyciu. Osoby cierpi\u0105ce na choroby psychiczne lub przyjmuj\u0105ce leki wp\u0142ywaj\u0105ce na serotonin\u0119 powinny unika\u0107 stosowania, poniewa\u017c interakcje mog\u0105 by\u0107 nieprzewidywalne. Odpowiedzialne stosowanie i \u015bwiadomo\u015b\u0107 dzia\u0142ania tych zwi\u0105zk\u00f3w s\u0105 niezb\u0119dne dla bezpiecznego do\u015bwiadczenia.<\/p>","protected":false},"excerpt":{"rendered":"<p><span style=\"font-size: 100%;\"> Grzyb McKennaii jest jedn\u0105 z najsilniejszych odmian grzyb\u00f3w magicznych. <\/span><span style=\"font-size: 100%;\">Te grzyby powal\u0105 ci\u0119 na kolana i zdecydowanie nie s\u0105 przeznaczone dla pocz\u0105tkuj\u0105cych. <\/span><span style=\"font-size: 100%;\">Grzyby te daj\u0105 silne halucynacje z d\u0142ugimi i intensywnymi chwilami filozoficznymi. Zestawy do uprawy McKennaii s\u0105 dost\u0119pne w ma\u0142ych, \u015brednich i du\u017cych opakowaniach.<\/span><span style=\"font-size: 100%; color: #000000;\"><br \/>\n<\/span><\/p>","protected":false},"featured_media":19896,"template":"","meta":[],"product_brand":[],"product_cat":[539,297,595,513,515,476,593],"product_tag":[662],"class_list":{"0":"post-2506","1":"product","2":"type-product","3":"status-publish","4":"has-post-thumbnail","6":"product_cat-magic-mushroom-grow-kits","7":"product_cat-all-products","8":"product_cat-mcsmart","9":"product_cat-party","10":"product_cat-shroomshop","11":"product_cat-smartshop","12":"product_cat-strongest-magic-mushroom-grow-kits","13":"product_tag-shrdeal","14":"product_shipping_class-creditcard-off","16":"first","17":"instock","18":"taxable","19":"shipping-taxable","20":"purchasable","21":"product-type-variable","22":"has-default-attributes"},"_links":{"self":[{"href":"https:\/\/www.tatanka.nl\/pl\/wp-json\/wp\/v2\/product\/2506","targetHints":{"allow":["GET"]}}],"collection":[{"href":"https:\/\/www.tatanka.nl\/pl\/wp-json\/wp\/v2\/product"}],"about":[{"href":"https:\/\/www.tatanka.nl\/pl\/wp-json\/wp\/v2\/types\/product"}],"wp:featuredmedia":[{"embeddable":true,"href":"https:\/\/www.tatanka.nl\/pl\/wp-json\/wp\/v2\/media\/19896"}],"wp:attachment":[{"href":"https:\/\/www.tatanka.nl\/pl\/wp-json\/wp\/v2\/media?parent=2506"}],"wp:term":[{"taxonomy":"product_brand","embeddable":true,"href":"https:\/\/www.tatanka.nl\/pl\/wp-json\/wp\/v2\/product_brand?post=2506"},{"taxonomy":"product_cat","embeddable":true,"href":"https:\/\/www.tatanka.nl\/pl\/wp-json\/wp\/v2\/product_cat?post=2506"},{"taxonomy":"product_tag","embeddable":true,"href":"https:\/\/www.tatanka.nl\/pl\/wp-json\/wp\/v2\/product_tag?post=2506"}],"curies":[{"name":"wp","href":"https:\/\/api.w.org\/{rel}","templated":true}]}}