{"id":25102,"date":"2019-12-23T11:35:50","date_gmt":"2019-12-23T11:35:50","guid":{"rendered":"https:\/\/www.tatanka.nl\/?post_type=product&#038;p=25102"},"modified":"2025-07-22T12:34:52","modified_gmt":"2025-07-22T11:34:52","slug":"slx-yellow-gold-grinder-with-4-parts","status":"publish","type":"product","link":"https:\/\/www.tatanka.nl\/pl\/slx-yellow-gold-grinder-with-4-parts\/","title":{"rendered":"SLX Yellow Gold Grinder Non-Stick"},"content":{"rendered":"<h2 dir=\"ltr\" data-pm-slice=\"1 1 []\">Czym jest SLX Yellow Gold Non-Stick Grinder?<\/h2>\n<p dir=\"ltr\">SLX Yellow Gold Non-Stick Grinder to wysokowydajny, czterocz\u0119\u015bciowy m\u0142ynek wykonany z aluminium lotniczego 7075 T6, zaprojektowany z my\u015bl\u0105 o trwa\u0142o\u015bci i precyzji podczas mielenia legalnych zi\u00f3\u0142 do palenia. Dost\u0119pny w rozmiarze kieszonkowym 50,8 mm i domowym 62 mm, posiada opatentowan\u0105 nieprzywieraj\u0105c\u0105 pow\u0142ok\u0119 ceramiczn\u0105 wewn\u0105trz i na zewn\u0105trz, dzi\u0119ki czemu zio\u0142a nigdy nie przywieraj\u0105, a czyszczenie jest minimalne. Wyposa\u017cony w z\u0119by w kszta\u0142cie trapezu dla puszystego, sp\u00f3jnego mielenia, magnesy neodymowe dla bezpiecznego zamkni\u0119cia i sita ze stali nierdzewnej do dok\u0142adnej filtracji py\u0142k\u00f3w, SLX Yellow Gold Non-Stick Grinder oferuje niezr\u00f3wnan\u0105 funkcjonalno\u015b\u0107. Konstrukcja eliminuje nadmiar nici, u\u0142atwiaj\u0105c zbieranie py\u0142k\u00f3w bez naruszania zawarto\u015bci. Idealny dla entuzjast\u00f3w poszukuj\u0105cych niezawodnego, trwa\u0142ego narz\u0119dzia, ten m\u0142ynek \u0142\u0105czy zaawansowan\u0105 in\u017cynieri\u0119 z przyjaznymi dla u\u017cytkownika funkcjami. Solidna konstrukcja i nietoksyczna pow\u0142oka zapewniaj\u0105 czyste i bezpieczne mielenie, a wysokiej jako\u015bci komponenty zapewniaj\u0105 wyj\u0105tkowe rezultaty. SLX Yellow Gold Non-Stick Grinder to najlepszy wyb\u00f3r dla tych, kt\u00f3rzy ceni\u0105 sobie jako\u015b\u0107, trwa\u0142o\u015b\u0107 i wydajno\u015b\u0107 w procesie mielenia, zapewniaj\u0105c p\u0142ynne do\u015bwiadczenie w przygotowywaniu legalnych zi\u00f3\u0142 z precyzj\u0105 i \u0142atwo\u015bci\u0105.<\/p>\n<h2 dir=\"ltr\">Historia SLX Yellow Gold Non-Stick Grinder<\/h2>\n<p dir=\"ltr\">SLX Yellow Gold Non-Stick Grinder zosta\u0142 opracowany pod koniec 2010 roku, nap\u0119dzany popytem na wysokiej jako\u015bci, trwa\u0142e m\u0142ynki do legalnego palenia zi\u00f3\u0142. SLX, marka koncentruj\u0105ca si\u0119 na innowacyjnych akcesoriach do palenia, wprowadzi\u0142a ten m\u0142ynek, aby rozwi\u0105za\u0107 typowe problemy, takie jak przywieranie zi\u00f3\u0142 i delikatne elementy. Dzi\u0119ki zastosowaniu aluminium lotniczego 7075 T6, mocniejszego ni\u017c typowa seria 6, SLX Yellow Gold Non-Stick Grinder ustanowi\u0142 nowy standard trwa\u0142o\u015bci. Opatentowana nieprzywieraj\u0105ca pow\u0142oka ceramiczna by\u0142a prze\u0142omem, eliminuj\u0105c potrzeb\u0119 cz\u0119stego czyszczenia przy jednoczesnym zapewnieniu bezpiecze\u0144stwa. Magnesy neodymowe, z\u0119by w kszta\u0142cie trapezu i bezgwintowe ekrany py\u0142kowe odzwierciedla\u0142y zaanga\u017cowanie w precyzj\u0119 i wygod\u0119 u\u017cytkownika. Z biegiem czasu SLX udoskonali\u0142 projekt, aby zwi\u0119kszy\u0107 wydajno\u015b\u0107, zdobywaj\u0105c lojalnych zwolennik\u00f3w w\u015br\u00f3d entuzjast\u00f3w. Rozw\u00f3j m\u0142ynka zosta\u0142 zainspirowany potrzeb\u0105 niezawodnego, trwa\u0142ego narz\u0119dzia, kt\u00f3re mog\u0142oby wytrzyma\u0107 intensywne u\u017cytkowanie. Dzi\u015b SLX Yellow Gold Non-Stick Grinder pozostaje liderem na rynku, \u0142\u0105cz\u0105c zaawansowane materia\u0142y z przemy\u015blan\u0105 in\u017cynieri\u0105, oferuj\u0105c u\u017cytkownikom wysokiej jako\u015bci, wydajne rozwi\u0105zanie do mielenia, kt\u00f3re zapewnia sp\u00f3jne wyniki i celebruje wysokiej jako\u015bci rzemios\u0142o do legalnego przygotowywania zi\u00f3\u0142.<\/p>\n<h2 dir=\"ltr\">Jak u\u017cywa\u0107 SLX Yellow Gold Non-Stick Grinder<\/h2>\n<p dir=\"ltr\">Korzystanie z m\u0142ynka SLX Yellow Gold Non-Stick Grinder jest proste i zapewnia najwy\u017cszej jako\u015bci mielenie zi\u00f3\u0142 do legalnego palenia. Otw\u00f3rz m\u0142ynek, przekr\u0119caj\u0105c pokryw\u0119 zabezpieczon\u0105 magnesami neodymowymi i umie\u015b\u0107 zio\u0142a w komorze mielenia. Za\u0142\u00f3\u017c pokryw\u0119 i obracaj j\u0105 w prz\u00f3d i w ty\u0142, aby zmieli\u0107 zio\u0142a za pomoc\u0105 z\u0119b\u00f3w w kszta\u0142cie trapezu, kt\u00f3re zapewniaj\u0105 puszyst\u0105, jednolit\u0105 tekstur\u0119. Zmielone zio\u0142a zbieraj\u0105 si\u0119 w dolnej komorze, podczas gdy drobny py\u0142ek filtruje si\u0119 przez sito ze stali nierdzewnej do komory na py\u0142ek. Aby uzyska\u0107 dost\u0119p do zmielonych zi\u00f3\u0142, nale\u017cy odkr\u0119ci\u0107 \u015brodkow\u0105 cz\u0119\u015b\u0107, a w przypadku py\u0142ku nale\u017cy podnie\u015b\u0107 bezgwintowe sitko. Nieprzywieraj\u0105ca pow\u0142oka ceramiczna zapewnia \u0142atwe uwalnianie zi\u00f3\u0142 bez pozostawiania \u015blad\u00f3w. Po u\u017cyciu przechowuj SLX Yellow Gold Non-Stick Grinder w suchym miejscu, aby zachowa\u0107 jego stan. Aby uzyska\u0107 najlepsze rezultaty, unikaj przepe\u0142nienia komory, aby zapewni\u0107 p\u0142ynne mielenie. Prostota konstrukcji i trwa\u0142o\u015b\u0107 sprawiaj\u0105, \u017ce jest on przyjazny dla u\u017cytkownika na ka\u017cdym poziomie umiej\u0119tno\u015bci. M\u0142ynek SLX Yellow Gold Non-Stick Grinder oferuje niezawodny, wydajny spos\u00f3b przygotowywania legalnych zi\u00f3\u0142, zapewniaj\u0105c sp\u00f3jne wyniki przy minimalnym wysi\u0142ku, dzi\u0119ki zaawansowanej in\u017cynierii i wysokiej jako\u015bci komponentom.<\/p>\n<h2 dir=\"ltr\">Wi\u0119cej informacji o SLX Yellow Gold Non-Stick Grinder<\/h2>\n<p dir=\"ltr\">M\u0142ynek SLX Yellow Gold Non-Stick Grinder zosta\u0142 wykonany z wysokiej jako\u015bci, trwa\u0142ych materia\u0142\u00f3w, aby zapewni\u0107 bezpieczne i wydajne mielenie zi\u00f3\u0142 do legalnego palenia. M\u0142ynek wykonany jest z aluminium lotniczego 7075 T6, wytrzyma\u0142ego materia\u0142u, kt\u00f3ry zapobiega powstawaniu gwint\u00f3w poprzecznych, wygi\u0119ciu z\u0119b\u00f3w lub uszkodzeniom, zapewniaj\u0105c trwa\u0142o\u015b\u0107 przez ca\u0142e \u017cycie. M\u0142ynek pokryty jest nietoksyczn\u0105 pow\u0142ok\u0105 ceramiczn\u0105 100%, kt\u00f3ra zapobiega przywieraniu zi\u00f3\u0142 i eliminuje potrzeb\u0119 czyszczenia. Komora mielenia zawiera z\u0119by w kszta\u0142cie trapezu, zaprojektowane z my\u015bl\u0105 o sp\u00f3jnym mieleniu, wykonane z tego samego wytrzyma\u0142ego aluminium. Neodymowe magnesy ziem rzadkich zabezpieczaj\u0105 pokryw\u0119, zapobiegaj\u0105c nieoczekiwanemu otwarciu. Sito ze stali nierdzewnej o rozmiarze drobnych mikron\u00f3w filtruje py\u0142ki, nie przepuszczaj\u0105c wi\u0119kszych kawa\u0142k\u00f3w zi\u00f3\u0142 i jest zdejmowane bez gwint\u00f3w, co zapewnia \u0142atwy dost\u0119p. Nie s\u0105 u\u017cywane \u017cadne szkodliwe chemikalia, co zapewnia bezpieczny proces mielenia. Dost\u0119pny w rozmiarach 50,8 mm i 62 mm, m\u0142ynek SLX Yellow Gold Non-Stick Grinder \u0142\u0105czy w sobie zaawansowane materia\u0142y z precyzyjn\u0105 in\u017cynieri\u0105, tworz\u0105c niezawodne, wysokiej jako\u015bci narz\u0119dzie, kt\u00f3re zapewnia czyste i wydajne mielenie legalnych zi\u00f3\u0142, stawiaj\u0105c na pierwszym miejscu trwa\u0142o\u015b\u0107 i bezpiecze\u0144stwo u\u017cytkownika.<\/p>","protected":false},"excerpt":{"rendered":"<p dir=\"ltr\" data-pm-slice=\"1 1 []\">SLX Yellow Gold Non-Stick Grinder to najwy\u017cszej jako\u015bci aluminiowy m\u0142ynek klasy lotniczej z nieprzywieraj\u0105c\u0105 pow\u0142ok\u0105 ceramiczn\u0105. Wyposa\u017cony w unikalnie ukszta\u0142towane z\u0119by, magnesy ziem rzadkich i wysokiej jako\u015bci sita, zapewnia sp\u00f3jne mielenie legalnych zi\u00f3\u0142. Dost\u0119pny w rozmiarze kieszonkowym 50,8 mm i rozmiarze domowym 62 mm.<\/p>","protected":false},"featured_media":25331,"template":"","meta":[],"product_brand":[],"product_cat":[490,297,489,488,491],"product_tag":[],"class_list":{"0":"post-25102","1":"product","2":"type-product","3":"status-publish","4":"has-post-thumbnail","6":"product_cat-4-part-grinders","7":"product_cat-all-products","8":"product_cat-grinders","9":"product_cat-headshop","10":"product_cat-metal","11":"product_shipping_class-creditcard-on","13":"first","14":"instock","15":"taxable","16":"shipping-taxable","17":"purchasable","18":"product-type-variable"},"_links":{"self":[{"href":"https:\/\/www.tatanka.nl\/pl\/wp-json\/wp\/v2\/product\/25102","targetHints":{"allow":["GET"]}}],"collection":[{"href":"https:\/\/www.tatanka.nl\/pl\/wp-json\/wp\/v2\/product"}],"about":[{"href":"https:\/\/www.tatanka.nl\/pl\/wp-json\/wp\/v2\/types\/product"}],"wp:featuredmedia":[{"embeddable":true,"href":"https:\/\/www.tatanka.nl\/pl\/wp-json\/wp\/v2\/media\/25331"}],"wp:attachment":[{"href":"https:\/\/www.tatanka.nl\/pl\/wp-json\/wp\/v2\/media?parent=25102"}],"wp:term":[{"taxonomy":"product_brand","embeddable":true,"href":"https:\/\/www.tatanka.nl\/pl\/wp-json\/wp\/v2\/product_brand?post=25102"},{"taxonomy":"product_cat","embeddable":true,"href":"https:\/\/www.tatanka.nl\/pl\/wp-json\/wp\/v2\/product_cat?post=25102"},{"taxonomy":"product_tag","embeddable":true,"href":"https:\/\/www.tatanka.nl\/pl\/wp-json\/wp\/v2\/product_tag?post=25102"}],"curies":[{"name":"wp","href":"https:\/\/api.w.org\/{rel}","templated":true}]}}