{"id":25200,"date":"2019-12-23T18:59:11","date_gmt":"2019-12-23T18:59:11","guid":{"rendered":"https:\/\/www.tatanka.nl\/?post_type=product&#038;p=25200"},"modified":"2025-07-22T10:33:09","modified_gmt":"2025-07-22T09:33:09","slug":"juicy-natural-hemp-wraps","status":"publish","type":"product","link":"https:\/\/www.tatanka.nl\/pl\/juicy-natural-hemp-wraps\/","title":{"rendered":"Juicy Natural Hemp Wraps"},"content":{"rendered":"<h2 dir=\"ltr\" data-pm-slice=\"1 1 []\">Czym s\u0105 Juicy Jay's Natural Hemp Wraps?<\/h2>\n<p dir=\"ltr\">Juicy Jay's Natural Hemp Wraps to najwy\u017cszej jako\u015bci, przyjazne dla wegan owijki wykonane z naturalnych konopi 100%, zaprojektowane w celu wzmocnienia legalnego palenia zi\u00f3\u0142 czystym, naturalnym smakiem. Ka\u017cde opakowanie zawiera 2 owijki, uszczelnione paskiem kleju i przechowywane w tubie zapewniaj\u0105cej \u015bwie\u017co\u015b\u0107. Zaprojektowane z wykorzystaniem systemu potr\u00f3jnego aromatyzowania Juicy Jay, bletki te zapewniaj\u0105 subtelny, autentyczny smak, kt\u00f3ry uzupe\u0142nia mieszanki zio\u0142owe bez nikotyny i tytoniu. Juicy Jay's Natural Hemp Wraps s\u0105 idealne dla os\u00f3b poszukuj\u0105cych czystej, ekologicznej opcji palenia. Ich trwa\u0142a konstrukcja zapewnia g\u0142adkie, r\u00f3wnomierne spalanie, idealne do tworzenia aromatycznych blunt\u00f3w. Naturalny smak wzmacnia ka\u017cd\u0105 sesj\u0119, zapewniaj\u0105c czyste i orze\u017awiaj\u0105ce doznania. Koncentruj\u0105c si\u0119 na jako\u015bci i zr\u00f3wnowa\u017conym rozwoju, Juicy Jay's Natural Hemp Wraps zaspokaja potrzeby u\u017cytkownik\u00f3w, kt\u00f3rzy ceni\u0105 sobie naturalne sk\u0142adniki i proste wra\u017cenia z palenia, oferuj\u0105c niezawodny, wysokiej jako\u015bci wyb\u00f3r do korzystania z legalnych zi\u00f3\u0142 o czystym, niezafa\u0142szowanym smaku, kt\u00f3ry podnosi jako\u015b\u0107 ka\u017cdego zaci\u0105gni\u0119cia.<\/p>\n<h2 dir=\"ltr\">Historia Juicy Jay's Natural Hemp Wraps<\/h2>\n<p dir=\"ltr\">Juicy Jay's Natural Hemp Wraps zosta\u0142y wprowadzone na pocz\u0105tku 2010 roku, w odpowiedzi na rosn\u0105ce zapotrzebowanie na wolne od tytoniu, ekologiczne alternatywy dla palenia. Juicy Jay's, marka znana z innowacyjnych akcesori\u00f3w do palenia, opracowa\u0142a owijki konopne 100%, aby zaspokoi\u0107 potrzeby wegan i \u015bwiadomych zdrowotnie u\u017cytkownik\u00f3w legalnych zi\u00f3\u0142 do palenia. Potr\u00f3jny system aromatyzacji zosta\u0142 zastosowany w celu zapewnienia subtelnego, naturalnego smaku, odr\u00f3\u017cniaj\u0105cego Juicy Jay's Natural Hemp Wraps od aromatyzowanych konkurent\u00f3w. Wykorzystanie czystych konopi i naturalnych pask\u00f3w kleju odzwierciedla\u0142o zaanga\u017cowanie w zr\u00f3wnowa\u017cony rozw\u00f3j i jako\u015b\u0107. Z czasem marka udoskonali\u0142a proces produkcji, aby zapewni\u0107 sp\u00f3jny smak i trwa\u0142o\u015b\u0107 owijki, zyskuj\u0105c lojalnych zwolennik\u00f3w. Naturalny smak zosta\u0142 wybrany w celu wzmocnienia legalnych zi\u00f3\u0142 bez przyt\u0142aczania ich esencji, oferuj\u0105c czyste wra\u017cenia z palenia. Popularno\u015b\u0107 owijek odzwierciedla rosn\u0105cy trend naturalnych, wysokiej jako\u015bci produkt\u00f3w do palenia. Dzi\u015b Juicy Jay's Natural Hemp Wraps pozostaj\u0105 najlepszym wyborem, \u0142\u0105cz\u0105c ekologiczne materia\u0142y z zaawansowan\u0105 technologi\u0105 smakow\u0105, oferuj\u0105c u\u017cytkownikom zr\u00f3wnowa\u017con\u0105, czyst\u0105 opcj\u0119, kt\u00f3ra celebruje zar\u00f3wno jako\u015b\u0107, jak i prostot\u0119 palenia legalnych zi\u00f3\u0142 o naturalnym, niezafa\u0142szowanym smaku.<\/p>\n<h2 dir=\"ltr\">Jak u\u017cywa\u0107 Juicy Jay's Natural Hemp Wraps<\/h2>\n<p dir=\"ltr\">Korzystanie z tytoniu Juicy Jay's Natural Hemp Wraps jest proste i z \u0142atwo\u015bci\u0105 poprawia wra\u017cenia z palenia. Rozpocznij od wyj\u0119cia jednego z 2 zawini\u0119\u0107 z opakowania, przechowywanego w tubie do pakowania, aby zachowa\u0107 \u015bwie\u017co\u015b\u0107. Umie\u015b\u0107 legalne zio\u0142a do palenia r\u00f3wnomiernie wzd\u0142u\u017c \u015brodka owijki, pozostawiaj\u0105c miejsce na ko\u0144cach do zwijania. Delikatnie zwi\u0144 zawini\u0105tko mi\u0119dzy palcami, aby uformowa\u0107 zio\u0142a w ciasny cylinder. Zwil\u017c pasek naturalnego kleju na Juicy Jay's Natural Hemp Wraps i delikatnie doci\u015bnij, aby uszczelni\u0107 rolk\u0119, zapewniaj\u0105c bezpieczne zamkni\u0119cie. Zapal ko\u0144c\u00f3wk\u0119 i ciesz si\u0119 czystym, naturalnym smakiem, kt\u00f3ry uzupe\u0142nia zio\u0142a, tworz\u0105c g\u0142adki, aromatyczny blunt. Przechowuj pozosta\u0142\u0105 foli\u0119 w tubie pakuj\u0105cej, aby zachowa\u0107 jej jako\u015b\u0107. Aby uzyska\u0107 najlepsze rezultaty, unikaj przepe\u0142nienia owijki, poniewa\u017c mo\u017ce to wp\u0142yn\u0105\u0107 na jako\u015b\u0107 palenia. Wytrzyma\u0142y materia\u0142 konopny zapewnia r\u00f3wnomierne spalanie, dzi\u0119ki czemu jest przyjazny dla u\u017cytkownika na wszystkich poziomach umiej\u0119tno\u015bci. Juicy Jay's Natural Hemp Wraps oferuj\u0105 prosty i czysty spos\u00f3b na cieszenie si\u0119 legalnymi zio\u0142ami, zapewniaj\u0105c sp\u00f3jne i orze\u017awiaj\u0105ce wra\u017cenia z palenia o czystym, naturalnym smaku.<\/p>\n<h2 dir=\"ltr\">Sk\u0142adniki Juicy Jay's Natural Hemp Wraps<\/h2>\n<p dir=\"ltr\">Juicy Jay's Natural Hemp Wraps s\u0105 wykonane z wysokiej jako\u015bci, naturalnych sk\u0142adnik\u00f3w, aby zapewni\u0107 czyste i czyste wra\u017cenia z palenia. Owijki wykonane s\u0105 z czystych konopi 100%, przyjaznego dla wegan materia\u0142u wolnego od nikotyny i tytoniu, oferuj\u0105c zr\u00f3wnowa\u017con\u0105 opcj\u0119 legalnego palenia zi\u00f3\u0142. Potr\u00f3jny system aromatyzuj\u0105cy nadaje owijkom subtelny, naturalny smak, starannie zbalansowany, aby wzmocni\u0107 zio\u0142a bez ich przyt\u0142aczania. Pasek samoprzylepny wykonany jest z naturalnej gumy, zapewniaj\u0105c niezawodne uszczelnienie, kt\u00f3re pali si\u0119 r\u00f3wnomiernie. Ka\u017cde opakowanie zawiera 2 bibu\u0142ki, przechowywane w tubie w celu zachowania \u015bwie\u017co\u015bci i jako\u015bci. Nie stosuje si\u0119 \u017cadnych sztucznych dodatk\u00f3w ani szkodliwych chemikali\u00f3w, co odzwierciedla zaanga\u017cowanie marki w ekologiczn\u0105 produkcj\u0119. Materia\u0142 konopny jest trwa\u0142y, a jednocze\u015bnie elastyczny, zapewniaj\u0105c r\u00f3wnomierne spalanie i \u0142atwe zwijanie. Juicy Jay's Natural Hemp Wraps \u0142\u0105cz\u0105 w sobie naturalne sk\u0142adniki z innowacyjn\u0105 technologi\u0105 smakow\u0105, dzi\u0119ki czemu produkt jest zar\u00f3wno funkcjonalny, jak i przyjemny. Sk\u0142adniki te zapewniaj\u0105 wysokiej jako\u015bci, czyste doznania, dzi\u0119ki czemu owijki s\u0105 zaufanym wyborem dla os\u00f3b poszukuj\u0105cych czystej, naturalnej sesji palenia z legalnymi zio\u0142ami, zapewniaj\u0105c zr\u00f3wnowa\u017cony rozw\u00f3j i prostot\u0119 w ka\u017cdym zaci\u0105gni\u0119ciu.<\/p>\n<p dir=\"ltr\"><strong>Ostrze\u017cenie<\/strong><br \/>\nSmoking zabija. Ten produkt jest przeznaczony wy\u0142\u0105cznie do legalnego palenia zi\u00f3\u0142. Nie jest przeznaczony do sprzeda\u017cy nieletnim.<\/p>","protected":false},"excerpt":{"rendered":"<p dir=\"ltr\" data-pm-slice=\"1 1 []\">Juicy Jay's Natural Hemp Wraps to przyjazne dla wegan, naturalne bletki konopne 100% o czystym, naturalnym smaku. Wyposa\u017cone w potr\u00f3jny system aromatyzacji i pasek kleju, zapewniaj\u0105 \u015bwie\u017ce, aromatyczne doznania podczas palenia legalnych zi\u00f3\u0142. Ka\u017cde opakowanie zawiera 2 bletki.<\/p>","protected":false},"featured_media":25201,"template":"","meta":[],"product_brand":[],"product_cat":[506,297,488],"product_tag":[],"class_list":{"0":"post-25200","1":"product","2":"type-product","3":"status-publish","4":"has-post-thumbnail","6":"product_cat-hemp-wraps","7":"product_cat-all-products","8":"product_cat-headshop","9":"product_shipping_class-creditcard-on","11":"first","12":"instock","13":"taxable","14":"shipping-taxable","15":"purchasable","16":"product-type-variable","17":"has-default-attributes"},"_links":{"self":[{"href":"https:\/\/www.tatanka.nl\/pl\/wp-json\/wp\/v2\/product\/25200","targetHints":{"allow":["GET"]}}],"collection":[{"href":"https:\/\/www.tatanka.nl\/pl\/wp-json\/wp\/v2\/product"}],"about":[{"href":"https:\/\/www.tatanka.nl\/pl\/wp-json\/wp\/v2\/types\/product"}],"wp:featuredmedia":[{"embeddable":true,"href":"https:\/\/www.tatanka.nl\/pl\/wp-json\/wp\/v2\/media\/25201"}],"wp:attachment":[{"href":"https:\/\/www.tatanka.nl\/pl\/wp-json\/wp\/v2\/media?parent=25200"}],"wp:term":[{"taxonomy":"product_brand","embeddable":true,"href":"https:\/\/www.tatanka.nl\/pl\/wp-json\/wp\/v2\/product_brand?post=25200"},{"taxonomy":"product_cat","embeddable":true,"href":"https:\/\/www.tatanka.nl\/pl\/wp-json\/wp\/v2\/product_cat?post=25200"},{"taxonomy":"product_tag","embeddable":true,"href":"https:\/\/www.tatanka.nl\/pl\/wp-json\/wp\/v2\/product_tag?post=25200"}],"curies":[{"name":"wp","href":"https:\/\/api.w.org\/{rel}","templated":true}]}}