{"id":2558,"date":"2017-10-10T14:38:39","date_gmt":"2017-10-10T14:38:39","guid":{"rendered":"http:\/\/www.tatanka.nl\/?post_type=product&#038;p=2558"},"modified":"2026-03-15T12:48:28","modified_gmt":"2026-03-15T11:48:28","slug":"mexicana-truffles-10-gram-mushrooms-shrooms","status":"publish","type":"product","link":"https:\/\/www.tatanka.nl\/pl\/mexicana-truffles-10-gram-mushrooms-shrooms\/","title":{"rendered":"Mexicana Magiczne Trufle"},"content":{"rendered":"<h2 dir=\"ltr\" data-pm-slice=\"1 1 []\">Czym s\u0105 magiczne trufle Mexicana?<\/h2>\n<p dir=\"ltr\">Mexicana Magiczne trufle, naukowo znane jako sklerocja, s\u0105 naturalnym produktem tworzonym przez podziemne nitki grzybni. Nici te tworz\u0105 zwart\u0105 mas\u0119, kt\u00f3ra magazynuje sk\u0142adniki od\u017cywcze, umo\u017cliwiaj\u0105c wzrost grzyb\u00f3w w idealnych warunkach, takich jak temperatura i wilgotno\u015b\u0107. Cz\u0119sto nazywane \"magicznymi truflami\" ze wzgl\u0119du na swoje w\u0142a\u015bciwo\u015bci psychoaktywne, zawieraj\u0105 psylocybin\u0119, kt\u00f3ra przekszta\u0142ca si\u0119 w psylocyn\u0119 w organizmie, wp\u0142ywaj\u0105c na poziom serotoniny i wywo\u0142uj\u0105c halucynogenne doznania. Mexicana Magic Truffles s\u0105 znane ze swoich \u017cywych, kolorowych efekt\u00f3w, dzi\u0119ki czemu s\u0105 popularnym wyborem dla tych, kt\u00f3rzy dopiero zaczynaj\u0105 przygod\u0119 z psychodelikami. Ich \u0142agodny, ale g\u0142\u0119boki wp\u0142yw oferuje mieszank\u0119 halucynacji wzrokowych i introspekcji, tworz\u0105c wyj\u0105tkow\u0105, osobist\u0105 podr\u00f3\u017c. Spo\u017cywane ze wzgl\u0119du na ich zdolno\u015b\u0107 do zmiany percepcji i wspierania samopoznania, trufle te zapewniaj\u0105 bezpieczny, kontrolowany spos\u00f3b odkrywania odmiennych stan\u00f3w \u015bwiadomo\u015bci. Dzi\u0119ki profilowi od\u017cywczemu, kt\u00f3ry wspiera energi\u0119 i funkcje organizmu, s\u0105 one czym\u015b wi\u0119cej ni\u017c tylko substancj\u0105 psychoaktywn\u0105 - s\u0105 pomostem do g\u0142\u0119bszego zrozumienia siebie i \u015bwiata.<\/p>\n<h2 dir=\"ltr\">Historia magicznych trufli Mexicana<\/h2>\n<p dir=\"ltr\">Pocz\u0105tki Mexicana Magic Truffles si\u0119gaj\u0105 staro\u017cytnych kultur mezoameryka\u0144skich, w kt\u00f3rych grzyby zawieraj\u0105ce psylocybin\u0119 by\u0142y czczone jako \u015bwi\u0119te. Substancje te, nazywane przez Aztek\u00f3w \"cia\u0142em bog\u00f3w\", by\u0142y wykorzystywane w duchowych ceremoniach do \u0142\u0105czenia si\u0119 z bosko\u015bci\u0105 i uzyskiwania wgl\u0105du. Magiczne trufle Mexicana pochodz\u0105 w szczeg\u00f3lno\u015bci z grzyba Psilocybe Mexicana, pochodz\u0105cego z Ameryki \u015arodkowej i Po\u0142udniowej. Rdzenni szamani wykorzystywali je do uzdrawiania, wr\u00f3\u017cenia i wsp\u00f3lnych rytua\u0142\u00f3w, wierz\u0105c, \u017ce otwieraj\u0105 drzwi do innych \u015bwiat\u00f3w. Ich stosowanie utrzymywa\u0142o si\u0119 pomimo kolonialnego st\u0142umienia, pojawiaj\u0105c si\u0119 ponownie w XX wieku, kiedy zachodni badacze ponownie odkryli ich w\u0142a\u015bciwo\u015bci psychoaktywne. Obecnie magiczne trufle Mexicana s\u0105 uprawiane i spo\u017cywane na ca\u0142ym \u015bwiecie, cenione za \u0142agodniejsze dzia\u0142anie w por\u00f3wnaniu z innymi odmianami. Stanowi\u0105 one po\u0142\u0105czenie staro\u017cytnej tradycji i nowoczesnych bada\u0144, oferuj\u0105c u\u017cytkownikom spos\u00f3b na wykorzystanie wielowiekowych praktyk samopoznania i rozwoju duchowego. Ich zawarto\u015b\u0107 sk\u0142adnik\u00f3w od\u017cywczych, w tym witamin i minera\u0142\u00f3w, zwi\u0119ksza ich atrakcyjno\u015b\u0107 jako produktu holistycznego, \u0142\u0105cz\u0105cego u\u017cytkownik\u00f3w zar\u00f3wno z natur\u0105, jak i ich wewn\u0119trznym ja w bezpieczny, kontrolowany spos\u00f3b.<\/p>\n<h2 dir=\"ltr\">Jak korzysta\u0107 z Mexicana Magic Truffles<\/h2>\n<p dir=\"ltr\">Korzystanie z Mexicana Magic Truffles wymaga przygotowania i ostro\u017cno\u015bci, aby zapewni\u0107 bezpieczne i przyjemne do\u015bwiadczenie. Rozpocznij w spokojnym, znajomym otoczeniu z zaufanymi towarzyszami. Zacznij od po\u0142owy zawarto\u015bci 15-gramowego pude\u0142ka, dok\u0142adnie prze\u017cuwaj\u0105c, aby zwi\u0119kszy\u0107 wch\u0142anianie, lub zaparz je w herbacie lub zupie, aby u\u0142atwi\u0107 spo\u017cycie. Odczekaj 30-45 minut, aby oceni\u0107 efekty, zanim rozwa\u017cysz wi\u0119cej, poniewa\u017c efekty nasilaj\u0105 si\u0119 stopniowo. Aby uzyska\u0107 optymalne rezultaty, spo\u017cywaj na pusty \u017co\u0142\u0105dek. Efekt dzia\u0142ania zazwyczaj osi\u0105ga szczyt w ci\u0105gu 1-3 godzin i ust\u0119puje po 5-6 godzinach. Przechowywa\u0107 Mexicana Magic Truffles w ciemnym, ch\u0142odnym miejscu (2-4\u00b0C), aby zachowa\u0107 moc. Unikaj \u0142\u0105czenia z alkoholem, lekami lub innymi substancjami i nigdy nie u\u017cywaj w czasie ci\u0105\u017cy lub je\u015bli masz mniej ni\u017c 18 lat. Osoby z zaburzeniami psychicznymi, chorobami serca lub innymi problemami medycznymi powinny powstrzyma\u0107 si\u0119 od stosowania produktu. Po spo\u017cyciu nale\u017cy powstrzyma\u0107 si\u0119 od prowadzenia pojazd\u00f3w lub anga\u017cowania si\u0119 w ryzykowne dzia\u0142ania. Do\u015bwiadczenie mo\u017ce si\u0119 r\u00f3\u017cni\u0107, oferuj\u0105c halucynacje wzrokowe lub g\u0142\u0119bokie filozoficzne spostrze\u017cenia, wi\u0119c nale\u017cy podchodzi\u0107 z otwartym umys\u0142em. Przestrzegaj\u0105c tych wskaz\u00f3wek, u\u017cytkownicy mog\u0105 w pe\u0142ni cieszy\u0107 si\u0119 wyj\u0105tkow\u0105, transformuj\u0105c\u0105 podr\u00f3\u017c\u0105, jak\u0105 zapewniaj\u0105 Mexicana Magic Truffles.<\/p>\n<h2 dir=\"ltr\">Sk\u0142adniki Mexicana Magic Truffles<\/h2>\n<p dir=\"ltr\">Magiczne trufle Mexicana to naturalny produkt o bogatym profilu od\u017cywczym, sk\u0142adaj\u0105cy si\u0119 g\u0142\u00f3wnie ze sklerocji utworzonych przez grzybni\u0119 Psilocybe Mexicana. Ich kluczowym sk\u0142adnikiem aktywnym jest psylocybina, kt\u00f3ra w organizmie przekszta\u0142ca si\u0119 w psylocyn\u0119, wywo\u0142uj\u0105c efekty halucynogenne. Poza psylocybin\u0105, zawieraj\u0105 one niezb\u0119dne sk\u0142adniki od\u017cywcze istotne dla funkcji organizmu: 464,7 kJ energii, 13,2 gram\u00f3w w\u0119glowodan\u00f3w, 5,3 gram\u00f3w bia\u0142ka i 16,7 gram\u00f3w b\u0142onnika pokarmowego na 100 gram\u00f3w. Dostarczaj\u0105 r\u00f3wnie\u017c minimaln\u0105 ilo\u015b\u0107 t\u0142uszczu (0,4 grama), 0,3 grama soli i \u015bladowe minera\u0142y, takie jak potas (210 mg), fosfor (169,3 mg) i wap\u0144 (12,5 mg). Dodatkowo zawieraj\u0105 niewielkie ilo\u015bci witaminy D (10 IU) i \u017celaza (0,7 mg). Te sk\u0142adniki od\u017cywcze wspieraj\u0105 produkcj\u0119 energii, napraw\u0119 tkanek i og\u00f3lny stan zdrowia, dzi\u0119ki czemu Mexicana Magic Truffles to co\u015b wi\u0119cej ni\u017c tylko substancja psychoaktywna. Wolne od sztucznych dodatk\u00f3w, s\u0105 czystym, organicznym produktem. Jednak ich psychoaktywne zwi\u0105zki wymagaj\u0105 odpowiedzialnego stosowania, poniewa\u017c znacz\u0105co zmieniaj\u0105 percepcj\u0119 i \u015bwiadomo\u015b\u0107, oferuj\u0105c g\u0142\u0119bokie doznania, gdy s\u0105 spo\u017cywane w spos\u00f3b przemy\u015blany w bezpiecznym, kontrolowanym otoczeniu.<\/p>\n<p dir=\"ltr\"><strong>Ostrze\u017cenie<\/strong><br \/>\nMagiczne trufle Mexicana zawieraj\u0105 naturalnie wyst\u0119puj\u0105ce psylocybin\u0119 i psylocyn\u0119, silne halucynogeny, kt\u00f3re mog\u0105 wywo\u0142ywa\u0107 znacz\u0105ce zmiany \u015bwiadomo\u015bci, w tym \u017cywe halucynacje. Substancje te wp\u0142ywaj\u0105 na poziom serotoniny, co mo\u017ce wp\u0142ywa\u0107 na nastr\u00f3j, percepcj\u0119 i funkcje poznawcze. U\u017cywaj ich odpowiedzialnie w bezpiecznym \u015brodowisku i unikaj spo\u017cywania, je\u015bli cierpisz na choroby psychiczne, choroby serca lub p\u0142uc, cukrzyc\u0119, jeste\u015b w ci\u0105\u017cy lub karmisz piersi\u0105. Nigdy nie \u0142\u0105cz z alkoholem, lekami lub innymi narkotykami, poniewa\u017c interakcje mog\u0105 by\u0107 nieprzewidywalne. Przechowywa\u0107 Mexicana Magic Truffles w miejscu niedost\u0119pnym dla dzieci ze wzgl\u0119du na ich w\u0142a\u015bciwo\u015bci psychoaktywne. Nie nale\u017cy obs\u0142ugiwa\u0107 pojazd\u00f3w ani maszyn w trakcie lub po u\u017cyciu, poniewa\u017c efekty mog\u0105 si\u0119 utrzymywa\u0107. Osoby poni\u017cej 18 roku \u017cycia nie powinny ich spo\u017cywa\u0107. Nale\u017cy pami\u0119ta\u0107 o dawkowaniu, zaczynaj\u0105c od niewielkiej ilo\u015bci, aby oceni\u0107 tolerancj\u0119, poniewa\u017c efekty r\u00f3\u017cni\u0105 si\u0119 w zale\u017cno\u015bci od osoby. Przechowywa\u0107 prawid\u0142owo, aby zachowa\u0107 bezpiecze\u0144stwo i moc.<\/p>","protected":false},"excerpt":{"rendered":"<p><span style=\"font-size: 100%;\">Mexicana Mushroom Truffles to najl\u017cejsze trufle z naszej linii i s\u0105 \u015bwietnym sposobem na rozpocz\u0119cie, je\u015bli chcesz uzyska\u0107 naj\u0142agodniejszy efekt. <\/span>Psilocybe mexicana (Flesh Of The Gods) obiecuje euforyczny trip oraz og\u00f3lne szcz\u0119\u015bcie i satysfakcj\u0119. Efekt wizualny b\u0119dzie b\u0142yszcz\u0105cy.<\/p>","protected":false},"featured_media":35150,"template":"","meta":[],"product_brand":[],"product_cat":[516,297,577,595,395,518,513,515,519,476],"product_tag":[662],"class_list":{"0":"post-2558","1":"product","2":"type-product","3":"status-publish","4":"has-post-thumbnail","6":"product_cat-magic-truffles","7":"product_cat-all-products","8":"product_cat-beginner-magic-truffles","9":"product_cat-mcsmart","10":"product_cat-microdosing","11":"product_cat-mushrooms","12":"product_cat-party","13":"product_cat-shroomshop","14":"product_cat-shroomshop-top-10","15":"product_cat-smartshop","16":"product_tag-shrdeal","17":"product_shipping_class-creditcard-off","19":"first","20":"instock","21":"taxable","22":"shipping-taxable","23":"purchasable","24":"product-type-variable","25":"has-default-attributes"},"_links":{"self":[{"href":"https:\/\/www.tatanka.nl\/pl\/wp-json\/wp\/v2\/product\/2558","targetHints":{"allow":["GET"]}}],"collection":[{"href":"https:\/\/www.tatanka.nl\/pl\/wp-json\/wp\/v2\/product"}],"about":[{"href":"https:\/\/www.tatanka.nl\/pl\/wp-json\/wp\/v2\/types\/product"}],"wp:featuredmedia":[{"embeddable":true,"href":"https:\/\/www.tatanka.nl\/pl\/wp-json\/wp\/v2\/media\/35150"}],"wp:attachment":[{"href":"https:\/\/www.tatanka.nl\/pl\/wp-json\/wp\/v2\/media?parent=2558"}],"wp:term":[{"taxonomy":"product_brand","embeddable":true,"href":"https:\/\/www.tatanka.nl\/pl\/wp-json\/wp\/v2\/product_brand?post=2558"},{"taxonomy":"product_cat","embeddable":true,"href":"https:\/\/www.tatanka.nl\/pl\/wp-json\/wp\/v2\/product_cat?post=2558"},{"taxonomy":"product_tag","embeddable":true,"href":"https:\/\/www.tatanka.nl\/pl\/wp-json\/wp\/v2\/product_tag?post=2558"}],"curies":[{"name":"wp","href":"https:\/\/api.w.org\/{rel}","templated":true}]}}