{"id":2562,"date":"2017-10-10T15:17:50","date_gmt":"2017-10-10T15:17:50","guid":{"rendered":"http:\/\/www.tatanka.nl\/?post_type=product&#038;p=2562"},"modified":"2026-04-08T00:48:33","modified_gmt":"2026-04-07T23:48:33","slug":"atlantis-truffles-10-gram-mushrooms-shrooms","status":"publish","type":"product","link":"https:\/\/www.tatanka.nl\/pl\/atlantis-truffles-10-gram-mushrooms-shrooms\/","title":{"rendered":"Atlantis Magiczne Trufle"},"content":{"rendered":"<h2>Czym s\u0105 magiczne trufle Psilocybe Atlantis?<\/h2>\n<p>Psilocybe Atlantis Magic Truffles, cz\u0119sto okre\u015blane jako sklerocja, to podziemne formacje nitek grzybni, kt\u00f3re przechowuj\u0105 sk\u0142adniki od\u017cywcze dla wzrostu grzyb\u00f3w. Trufle te tworz\u0105 si\u0119, gdy warunki \u015brodowiskowe, takie jak spadki temperatury i zwi\u0119kszona wilgotno\u015b\u0107, nie s\u0105 idealne dla grzyb\u00f3w, umo\u017cliwiaj\u0105c grzybni stworzenie bogatej w sk\u0142adniki od\u017cywcze rezerwy. Ten naturalny proces sprawia, \u017ce s\u0105 one silnym \u017ar\u00f3d\u0142em psilocybiny, zwi\u0105zku odpowiedzialnego za ich psychoaktywne dzia\u0142anie. Psilocybe Atlantis Magic Truffles s\u0105 znane ze swojej dost\u0119pno\u015bci, oferuj\u0105c wyj\u0105tkowe doznania, od halucynacji wzrokowych po g\u0142\u0119bokie refleksje filozoficzne. Ich wszechstronno\u015b\u0107 czyni je ulubionymi w\u015br\u00f3d os\u00f3b poszukuj\u0105cych rozwoju osobistego lub nowej perspektywy. Bogate w sk\u0142adniki od\u017cywcze, takie jak w\u0119glowodany, bia\u0142ka i minera\u0142y, przyczyniaj\u0105 si\u0119 r\u00f3wnie\u017c do prawid\u0142owego funkcjonowania organizmu. Przez wieki podobne substancje by\u0142y wykorzystywane w praktykach duchowych, a dzi\u015b Psilocybe Atlantis Magic Truffles nadal urzekaj\u0105 u\u017cytkownik\u00f3w swoj\u0105 zdolno\u015bci\u0105 do odblokowywania potencja\u0142u umys\u0142u, wspierania kreatywno\u015bci i samo\u015bwiadomo\u015bci w kontrolowanym, bezpiecznym otoczeniu.<\/p>\n<h2>Historia Psilocybe Atlantis Magic Truffles<\/h2>\n<p>Stosowanie substancji zawieraj\u0105cych psylocybin\u0119, takich jak Psilocybe Atlantis Magic Truffles, si\u0119ga tysi\u0119cy lat wstecz do rdzennych kultur w Mezoameryce i poza ni\u0105. Staro\u017cytne spo\u0142ecze\u0144stwa czci\u0142y te naturalne zwi\u0105zki za ich duchowe i szama\u0144skie w\u0142a\u015bciwo\u015bci, wykorzystuj\u0105c je w rytua\u0142ach, aby po\u0142\u0105czy\u0107 si\u0119 z bosko\u015bci\u0105 lub uzyska\u0107 wgl\u0105d. Chocia\u017c konkretna odmiana Atlantis jest wsp\u00f3\u0142czesnym odkryciem, nazwanym ze wzgl\u0119du na jej mityczny, nieziemski urok, jej korzenie wi\u0105\u017c\u0105 si\u0119 z t\u0105 bogat\u0105 histori\u0105. Znaleziona w regionach takich jak po\u0142udniowo-wschodnie Stany Zjednoczone, odmiana ta zosta\u0142a zidentyfikowana ze wzgl\u0119du na zr\u00f3wnowa\u017cone efekty, \u0142\u0105cz\u0105ce \u017cywe obrazy z introspektywn\u0105 g\u0142\u0119bi\u0105. Z biegiem czasu, wraz ze wzrostem zainteresowania naukowc\u00f3w, wp\u0142yw psilocybiny na receptory serotoniny sta\u0142 si\u0119 lepiej zrozumia\u0142y, potwierdzaj\u0105c jej tradycyjne zastosowanie. W ostatnich dziesi\u0119cioleciach magiczne trufle Psilocybe Atlantis zyska\u0142y popularno\u015b\u0107 w regionach, w kt\u00f3rych s\u0105 legalnie dost\u0119pne, nap\u0119dzane ponownym zainteresowaniem psychodelikami w celu osobistej eksploracji i potencja\u0142u terapeutycznego. Ich wzrost odzwierciedla szersz\u0105 zmian\u0119 kulturow\u0105 w kierunku przyjmowania naturalnych substancji do rozwoju umys\u0142owego i emocjonalnego, a u\u017cytkownik\u00f3w przyci\u0105ga ich zdolno\u015b\u0107 do wzbudzania podziwu i odkrywania siebie, kontynuuj\u0105c dziedzictwo ludzkiej fascynacji niewykorzystanymi mo\u017cliwo\u015bciami umys\u0142u.<\/p>\n<h2>Jak u\u017cywa\u0107 Psilocybe Atlantis Magic Truffles?<\/h2>\n<p>Korzystanie z Psilocybe Atlantis Magic Truffles wymaga starannego przygotowania, aby zapewni\u0107 bezpieczne i przyjemne do\u015bwiadczenie. Rozpocznij w spokojnym, znajomym otoczeniu, aby zapewni\u0107 sobie komfort. Osoby stosuj\u0105ce produkt po raz pierwszy powinny zacz\u0105\u0107 od po\u0142owy zawarto\u015bci pojedynczego opakowania, zazwyczaj wa\u017c\u0105cego oko\u0142o 15 gram\u00f3w, i odczeka\u0107 30-45 minut, by oceni\u0107 efekty przed spo\u017cyciem kolejnych porcji. Spo\u017cywanie na pusty \u017co\u0142\u0105dek zwi\u0119ksza wch\u0142anianie, a dok\u0142adne \u017cucie poprawia moc. Alternatywnie mo\u017cna zaparzy\u0107 trufle w herbacie lub wymiesza\u0107 je z zup\u0105 w celu \u0142atwiejszego spo\u017cycia. Przechowuj je w ciemnym, ch\u0142odnym miejscu w temperaturze od 2\u00b0C do 4\u00b0C, aby zachowa\u0107 \u015bwie\u017co\u015b\u0107. Efekty zwykle osi\u0105gaj\u0105 szczyt w ci\u0105gu 1-3 godzin i ust\u0119puj\u0105 po 5-6 godzinach. Unikaj \u0142\u0105czenia z alkoholem, lekami lub innymi substancjami i upewnij si\u0119, \u017ce jeste\u015b w dobrym zdrowiu psychicznym i fizycznym. Nigdy nie przekraczaj jednego opakowania na sesj\u0119 i unikaj u\u017cywania, je\u015bli masz mniej ni\u017c 18 lat, jeste\u015b w ci\u0105\u017cy lub cierpisz na choroby takie jak depresja lub choroby serca. Po spo\u017cyciu, zrelaksuj si\u0119 i pozw\u00f3l, aby do\u015bwiadczenie rozwija\u0142o si\u0119 naturalnie, pozwalaj\u0105c truflom poprowadzi\u0107 ci\u0119 przez transformuj\u0105c\u0105 podr\u00f3\u017c introspekcji i zachwytu, dostosowan\u0105 do twojego unikalnego sposobu my\u015blenia i otoczenia.<\/p>\n<h2>Sk\u0142adniki Psilocybe Atlantis Magic Truffles<\/h2>\n<p>Psilocybe Atlantis Magic Truffles to naturalny produkt pe\u0142en zar\u00f3wno zwi\u0105zk\u00f3w psychoaktywnych, jak i niezb\u0119dnych sk\u0142adnik\u00f3w od\u017cywczych. Podstawowym sk\u0142adnikiem aktywnym jest psylocybina, kt\u00f3ra przekszta\u0142ca si\u0119 w organizmie w psylocyn\u0119, wp\u0142ywaj\u0105c na receptory serotoniny w celu wywo\u0142ania efekt\u00f3w halucynogennych. Opr\u00f3cz psylocybiny, trufle te zawieraj\u0105 sk\u0142adniki od\u017cywcze niezb\u0119dne dla zdrowia cz\u0142owieka, w tym 13,2 grama w\u0119glowodan\u00f3w, 5,3 grama bia\u0142ka i 16,7 grama b\u0142onnika pokarmowego na 100 gram\u00f3w. Dostarczaj\u0105 r\u00f3wnie\u017c 0,4 grama t\u0142uszczu, 0,3 grama soli i minera\u0142\u00f3w, takich jak potas (210 mg), fosfor (169,3 mg), wap\u0144 (12,5 mg) i \u017celazo (0,7 mg). \u015aladowe ilo\u015bci witaminy D (10 IU) i sodu (13,6 mg) dodatkowo przyczyniaj\u0105 si\u0119 do ich profilu od\u017cywczego. Sk\u0142adniki te wspieraj\u0105 produkcj\u0119 energii, funkcje organizmu i og\u00f3lne samopoczucie, dzi\u0119ki czemu trufle s\u0105 czym\u015b wi\u0119cej ni\u017c tylko substancj\u0105 psychoaktywn\u0105. Uprawiane pod ziemi\u0105 jako sklerocja, wch\u0142aniaj\u0105 te sk\u0142adniki od\u017cywcze w celu podtrzymania potencjalnego wzrostu grzyba, oferuj\u0105c unikaln\u0105 mieszank\u0119 naturalnych zwi\u0105zk\u00f3w. To po\u0142\u0105czenie psilocybiny i sk\u0142adnik\u00f3w od\u017cywczych podkre\u015bla ich atrakcyjno\u015b\u0107, zapewniaj\u0105c zar\u00f3wno mistyczne do\u015bwiadczenie, jak i \u017ar\u00f3d\u0142o po\u017cywienia dla \u017c\u0105dnych przyg\u00f3d u\u017cytkownik\u00f3w poszukuj\u0105cych holistycznej podr\u00f3\u017cy.<\/p>\n<p><strong>Ostrze\u017cenia<\/strong><\/p>\n<p>Psilocybe Atlantis Magic Truffles zawieraj\u0105 naturalnie wyst\u0119puj\u0105c\u0105 psylocybin\u0119 i psylocyn\u0119, kt\u00f3re s\u0105 silnymi halucynogenami zmieniaj\u0105cymi \u015bwiadomo\u015b\u0107 i mog\u0105cymi wywo\u0142ywa\u0107 \u017cywe halucynacje. U\u017cywaj ostro\u017cnie i tylko w bezpiecznym, kontrolowanym \u015brodowisku. Nie stosowa\u0107 w przypadku problem\u00f3w ze zdrowiem psychicznym, takich jak depresja, lub chor\u00f3b fizycznych, takich jak wysokie\/niskie ci\u015bnienie krwi, problemy z sercem lub p\u0142ucami, cukrzyca, a tak\u017ce w przypadku ci\u0105\u017cy lub karmienia piersi\u0105. Unikaj u\u017cywania, je\u015bli masz mniej ni\u017c 18 lat i nigdy nie \u0142\u0105cz z alkoholem, lekami lub innymi narkotykami. Prowadzenie pojazd\u00f3w lub obs\u0142ugiwanie maszyn w trakcie lub po za\u017cyciu jest zabronione. Przechowywa\u0107 w miejscu niedost\u0119pnym dla dzieci ze wzgl\u0119du na w\u0142a\u015bciwo\u015bci psychoaktywne. Nale\u017cy pami\u0119ta\u0107 o intensywnych efektach, kt\u00f3re mog\u0105 si\u0119 r\u00f3\u017cni\u0107 w zale\u017cno\u015bci od dawki i indywidualnej wra\u017cliwo\u015bci, a przed spo\u017cyciem nale\u017cy upewni\u0107 si\u0119, \u017ce jest si\u0119 w stabilnym stanie psychicznym.<\/p>","protected":false},"excerpt":{"rendered":"<p><span style=\"font-size: 100%;\">Psilocybe <\/span>Atlantis Trufle grzybowe <span style=\"font-size: 100%;\">s\u0105 podobne do Trufli Mexicana, ale s\u0105 mocniejsze. Atlantis ma ja\u015bniejszy efekt wizualny ni\u017c pozosta\u0142e Trufle Grzybowe. <\/span><span style=\"font-size: 100%;\">Magic Truffles Atlantis sprawi, \u017ce b\u0119dziesz kreatywny, otwarty na \u015bwiadomo\u015b\u0107, do\u015bwiadczysz kolorowego efektu wizualnego z ciep\u0142ym i mrowi\u0105cym uczuciem euforii.<\/span><\/p>","protected":false},"featured_media":35146,"template":"","meta":[],"product_brand":[],"product_cat":[516,297,577,595,395,518,513,515,519,476,514],"product_tag":[662],"class_list":{"0":"post-2562","1":"product","2":"type-product","3":"status-publish","4":"has-post-thumbnail","6":"product_cat-magic-truffles","7":"product_cat-all-products","8":"product_cat-beginner-magic-truffles","9":"product_cat-mcsmart","10":"product_cat-microdosing","11":"product_cat-mushrooms","12":"product_cat-party","13":"product_cat-shroomshop","14":"product_cat-shroomshop-top-10","15":"product_cat-smartshop","16":"product_cat-smartshop-top-10","17":"product_tag-shrdeal","18":"product_shipping_class-creditcard-off","20":"first","21":"instock","22":"taxable","23":"shipping-taxable","24":"purchasable","25":"product-type-variable","26":"has-default-attributes"},"_links":{"self":[{"href":"https:\/\/www.tatanka.nl\/pl\/wp-json\/wp\/v2\/product\/2562","targetHints":{"allow":["GET"]}}],"collection":[{"href":"https:\/\/www.tatanka.nl\/pl\/wp-json\/wp\/v2\/product"}],"about":[{"href":"https:\/\/www.tatanka.nl\/pl\/wp-json\/wp\/v2\/types\/product"}],"wp:featuredmedia":[{"embeddable":true,"href":"https:\/\/www.tatanka.nl\/pl\/wp-json\/wp\/v2\/media\/35146"}],"wp:attachment":[{"href":"https:\/\/www.tatanka.nl\/pl\/wp-json\/wp\/v2\/media?parent=2562"}],"wp:term":[{"taxonomy":"product_brand","embeddable":true,"href":"https:\/\/www.tatanka.nl\/pl\/wp-json\/wp\/v2\/product_brand?post=2562"},{"taxonomy":"product_cat","embeddable":true,"href":"https:\/\/www.tatanka.nl\/pl\/wp-json\/wp\/v2\/product_cat?post=2562"},{"taxonomy":"product_tag","embeddable":true,"href":"https:\/\/www.tatanka.nl\/pl\/wp-json\/wp\/v2\/product_tag?post=2562"}],"curies":[{"name":"wp","href":"https:\/\/api.w.org\/{rel}","templated":true}]}}