{"id":2564,"date":"2017-10-09T15:41:30","date_gmt":"2017-10-09T14:41:30","guid":{"rendered":"http:\/\/www.tatanka.nl\/?post_type=product&#038;p=2564"},"modified":"2025-10-16T07:55:32","modified_gmt":"2025-10-16T06:55:32","slug":"tampanensis-truffles-10-gram-magic-mushrooms-shrooms","status":"publish","type":"product","link":"https:\/\/www.tatanka.nl\/pl\/tampanensis-truffles-10-gram-magic-mushrooms-shrooms\/","title":{"rendered":"Tampanensis Magiczne Trufle"},"content":{"rendered":"<h2 dir=\"ltr\" data-pm-slice=\"1 1 []\">Czym s\u0105 Psilocybe Tampanensis?<\/h2>\n<p dir=\"ltr\">Psilocybe Tampanensis, cz\u0119sto nazywana kamieniem filozoficznym, to rodzaj magicznej trufli, naukowo znanej jako sklerocja. Trufle te tworz\u0105 si\u0119 pod ziemi\u0105 z nitek grzybni, gdy warunki takie jak temperatura i wilgotno\u015b\u0107 nie s\u0105 idealne dla wzrostu grzyb\u00f3w. Zamiast tego grzybnia zbija si\u0119 w bogate w sk\u0142adniki od\u017cywcze sklerocja, kt\u00f3re magazynuj\u0105 energi\u0119 do przysz\u0142ego rozwoju grzyb\u00f3w. Psilocybe Tampanensis s\u0142ynie z wyj\u0105tkowych efekt\u00f3w, oferuj\u0105c \u0142agodniejsz\u0105, filozoficzn\u0105 podr\u00f3\u017c w por\u00f3wnaniu do innych magicznych trufli, co czyni j\u0105 idealn\u0105 dla pocz\u0105tkuj\u0105cych. U\u017cytkownicy cz\u0119sto zg\u0142aszaj\u0105 radosne, podobne do haju doznania w po\u0142\u0105czeniu z g\u0142\u0119bokimi, introspektywnymi my\u015blami. Zdolno\u015b\u0107 trufli do wywo\u0142ywania samopoznania i \u015bwie\u017cego spojrzenia na \u017cycie sprawi\u0142a, \u017ce sta\u0142a si\u0119 ona ulubionym produktem w\u015br\u00f3d os\u00f3b badaj\u0105cych odmienne stany \u015bwiadomo\u015bci. Ka\u017cde pude\u0142ko zawiera 15 gram\u00f3w, zaprojektowanych dla jednego u\u017cytkownika, aby do\u015bwiadczy\u0107 pe\u0142nej podr\u00f3\u017cy. Efekty r\u00f3\u017cni\u0105 si\u0119 w zale\u017cno\u015bci od dawki i indywidualnej wra\u017cliwo\u015bci, ale konsekwentnie zapewniaj\u0105 bezpieczny, kontrolowany spos\u00f3b na eksploracj\u0119 umys\u0142u. Odpowiednio przechowywane w temperaturze od 2\u00b0C do 4\u00b0C, trufle te pozostaj\u0105 \u015bwie\u017ce i silne, gotowe do dostarczenia transformuj\u0105cych do\u015bwiadcze\u0144 w zaufanym \u015brodowisku.<\/p>\n<h2 dir=\"ltr\">Historia Psilocybe Tampanensis<\/h2>\n<p dir=\"ltr\">Historia Psilocybe Tampanensis si\u0119ga ko\u0144ca XX wieku, kiedy to po raz pierwszy odkryto j\u0105 w Tampa na Florydzie w 1977 roku, nadaj\u0105c jej nazw\u0119 \"Tampanensis\". Pocz\u0105tkowo badana ze wzgl\u0119du na zawarto\u015b\u0107 psilocybiny, zyska\u0142a s\u0142aw\u0119 jako kamie\u0144 filozoficzny ze wzgl\u0119du na g\u0142\u0119bokie, prowokuj\u0105ce do my\u015blenia efekty. Rdzenne kultury od dawna wykorzystywa\u0142y grzyby zawieraj\u0105ce psilocybin\u0119 do cel\u00f3w duchowych i szama\u0144skich, ale Psilocybe Tampanensis sta\u0142 si\u0119 nowoczesnym faworytem ze wzgl\u0119du na swoj\u0105 dost\u0119pno\u015b\u0107 i \u0142agodniejsze efekty. W latach 90-tych uprawiano j\u0105 w Holandii, gdzie magiczne trufle sta\u0142y si\u0119 legaln\u0105 alternatyw\u0105 dla grzyb\u00f3w psilocybinowych. Jego wzrost popularno\u015bci wynika z jego zdolno\u015bci do oferowania kontrolowanego, introspektywnego do\u015bwiadczenia bez przyt\u0142aczaj\u0105cych efekt\u00f3w wizualnych, co przemawia zar\u00f3wno do pocz\u0105tkuj\u0105cych, jak i do\u015bwiadczonych u\u017cytkownik\u00f3w. Dzi\u015b Psilocybe Tampanensis jest kamieniem w\u0119gielnym rynku magicznych trufli, cenionym za filozoficzn\u0105 g\u0142\u0119bi\u0119 i zwi\u0105zek z samo\u015bwiadomo\u015bci\u0105. Jej podr\u00f3\u017c od dzikiego znaleziska na Florydzie do rozpoznawalnej na ca\u0142ym \u015bwiecie trufli odzwierciedla rosn\u0105ce zainteresowanie psychodelikami dla rozwoju osobistego. Dziedzictwo trufli nadal ewoluuje, poniewa\u017c coraz wi\u0119cej os\u00f3b poszukuje znacz\u0105cych, transformuj\u0105cych do\u015bwiadcze\u0144 poprzez jej stosowanie w bezpiecznych, celowych warunkach.<\/p>\n<h2 dir=\"ltr\">Jak u\u017cywa\u0107 Psilocybe Tampanensis<\/h2>\n<p dir=\"ltr\">Korzystanie z Psilocybe Tampanensis wymaga ostro\u017cno\u015bci, aby zapewni\u0107 bezpieczne i przyjemne do\u015bwiadczenie. Rozpocznij w spokojnym, znajomym otoczeniu, aby czu\u0107 si\u0119 bezpiecznie podczas podr\u00f3\u017cy. Zacznij od po\u0142owy 15-gramowego opakowania, dok\u0142adnie prze\u017cuwaj\u0105c, aby zwi\u0119kszy\u0107 wch\u0142anianie, poniewa\u017c trufle dzia\u0142aj\u0105 najlepiej na pusty \u017co\u0142\u0105dek. Po 30-45 minutach oce\u0144 efekty przed podj\u0119ciem decyzji o spo\u017cyciu wi\u0119kszej ilo\u015bci, poniewa\u017c niewielka dodatkowa dawka mo\u017ce zintensyfikowa\u0107 doznania. Alternatywnie, mo\u017cesz przygotowa\u0107 trufle jako herbat\u0119 lub zup\u0119, aby u\u0142atwi\u0107 ich spo\u017cycie. Efekty zwykle osi\u0105gaj\u0105 szczyt 1-3 godziny po spo\u017cyciu, a podr\u00f3\u017c trwa 5-6 godzin. Przechowuj Psilocybe Tampanensis w ciemnym, ch\u0142odnym miejscu (2\u00b0C-4\u00b0C), aby zachowa\u0107 moc. Unikaj \u0142\u0105czenia z alkoholem, lekami lub innymi narkotykami i nigdy nie u\u017cywaj podczas ci\u0105\u017cy, karmienia piersi\u0105 lub w przypadku chor\u00f3b psychicznych lub fizycznych, takich jak depresja, choroby serca lub cukrzyca. Prowadzenie pojazd\u00f3w lub obs\u0142ugiwanie maszyn jest zabronione podczas stosowania. Aby uzyska\u0107 najlepsze wra\u017cenia, zrelaksuj si\u0119 i we\u017a udzia\u0142 w podr\u00f3\u017cy, pozwalaj\u0105c, aby filozoficzne efekty trufli rozwija\u0142y si\u0119 naturalnie. Psilocybe Tampanensis nie jest odpowiednia dla os\u00f3b poni\u017cej 18 roku \u017cycia, dzi\u0119ki czemu tylko doro\u015bli mog\u0105 odpowiedzialnie odkrywa\u0107 jej wyj\u0105tkowe, rozszerzaj\u0105ce umys\u0142 w\u0142a\u015bciwo\u015bci.<\/p>\n<h2 dir=\"ltr\">Sk\u0142adniki Psilocybe Tampanensis<\/h2>\n<p dir=\"ltr\">Psilocybe Tampanensis to naturalny produkt pe\u0142en sk\u0142adnik\u00f3w od\u017cywczych i zwi\u0105zk\u00f3w bioaktywnych. G\u0142\u00f3wnym sk\u0142adnikiem aktywnym jest psylocybina, kt\u00f3ra w organizmie przekszta\u0142ca si\u0119 w psylocyn\u0119, wp\u0142ywaj\u0105c na poziom serotoniny i wywo\u0142uj\u0105c charakterystyczny halucynogenny trip. Poza psylocybin\u0105, trufla zawiera niezb\u0119dne sk\u0142adniki od\u017cywcze wspieraj\u0105ce zdrowie cz\u0142owieka, w tym 13,2 grama w\u0119glowodan\u00f3w, 5,3 grama bia\u0142ka i 0,4 grama t\u0142uszczu na 100 gram\u00f3w. Dostarcza r\u00f3wnie\u017c 16,7 grama b\u0142onnika pokarmowego, wspomagaj\u0105cego trawienie i 0,3 grama soli. Kluczowe minera\u0142y obejmuj\u0105 210 mg potasu, 169,3 mg fosforu, 12,5 mg wapnia i 0,7 mg \u017celaza na 100 gram\u00f3w, wraz z 13,6 mg sodu. Dodatkowo oferuje 10 IU witaminy D, przyczyniaj\u0105c si\u0119 do og\u00f3lnego dobrego samopoczucia. Te sk\u0142adniki od\u017cywcze sprawiaj\u0105, \u017ce Psilocybe Tampanensis jest nie tylko \u017ar\u00f3d\u0142em g\u0142\u0119bokiej eksploracji umys\u0142owej, ale tak\u017ce wyj\u0105tkowym suplementem diety. Naturalny sk\u0142ad trufli wspiera jej rol\u0119 w osobistych podr\u00f3\u017cach rozwojowych, dostarczaj\u0105c zar\u00f3wno filozoficznych spostrze\u017ce\u0144, jak i warto\u015bci od\u017cywczych. Zawsze nale\u017cy spo\u017cywa\u0107 je odpowiedzialnie, poniewa\u017c zwi\u0105zki psychoaktywne wymagaj\u0105 ostro\u017cnego obchodzenia si\u0119 z nimi, aby zapewni\u0107 bezpieczne i znacz\u0105ce do\u015bwiadczenie.<\/p>\n<p dir=\"ltr\"><strong>Ostrze\u017cenie<\/strong><br \/>\nPsilocybe Tampanensis zawiera psylocybin\u0119 i psylocyn\u0119, naturalne halucynogeny, kt\u00f3re zmieniaj\u0105 \u015bwiadomo\u015b\u0107 i mog\u0105 wywo\u0142ywa\u0107 \u017cywe halucynacje. Substancje te mog\u0105 znacz\u0105co wp\u0142ywa\u0107 na percepcj\u0119, nastr\u00f3j i procesy my\u015blowe, dlatego nale\u017cy u\u017cywa\u0107 ich ostro\u017cnie. Zawsze spo\u017cywaj je w bezpiecznym, kontrolowanym \u015brodowisku i unikaj ich, je\u015bli masz problemy ze zdrowiem psychicznym, choroby fizyczne, jeste\u015b w ci\u0105\u017cy lub karmisz piersi\u0105. Ze wzgl\u0119du na silne dzia\u0142anie psychoaktywne, Psilocybe Tampanensis nale\u017cy przechowywa\u0107 w miejscu niedost\u0119pnym dla dzieci. Nadu\u017cywanie lub nadu\u017cywanie mo\u017ce prowadzi\u0107 do nieprzewidywalnych do\u015bwiadcze\u0144, dlatego nale\u017cy dok\u0142adnie przestrzega\u0107 wytycznych dotycz\u0105cych dawkowania i nigdy nie \u0142\u0105czy\u0107 z innymi substancjami.<\/p>","protected":false},"excerpt":{"rendered":"<p><span style=\"font-size: 100%;\">Psilocybe Tampanensis jest idealna do introspektywnej podr\u00f3\u017cy z silnym efektem m\u00f3zgowym, ale niewielkimi wra\u017ceniami wizualnymi. <\/span><span style=\"font-size: 100%;\">Odmiana ta jest dobrze znana jako \"Philosopher's Stones\". Tampanensis to lekka odmiana, kt\u00f3ra zapewnia kreatywne my\u015blenie, medytacj\u0119 i intensywny duchowy trip.<\/span><\/p>","protected":false},"featured_media":35152,"template":"","meta":[],"product_brand":[],"product_cat":[516,297,577,595,395,518,513,515,476],"product_tag":[662],"class_list":{"0":"post-2564","1":"product","2":"type-product","3":"status-publish","4":"has-post-thumbnail","6":"product_cat-magic-truffles","7":"product_cat-all-products","8":"product_cat-beginner-magic-truffles","9":"product_cat-mcsmart","10":"product_cat-microdosing","11":"product_cat-mushrooms","12":"product_cat-party","13":"product_cat-shroomshop","14":"product_cat-smartshop","15":"product_tag-shrdeal","16":"product_shipping_class-creditcard-off","18":"first","19":"instock","20":"taxable","21":"shipping-taxable","22":"purchasable","23":"product-type-variable","24":"has-default-attributes"},"_links":{"self":[{"href":"https:\/\/www.tatanka.nl\/pl\/wp-json\/wp\/v2\/product\/2564","targetHints":{"allow":["GET"]}}],"collection":[{"href":"https:\/\/www.tatanka.nl\/pl\/wp-json\/wp\/v2\/product"}],"about":[{"href":"https:\/\/www.tatanka.nl\/pl\/wp-json\/wp\/v2\/types\/product"}],"wp:featuredmedia":[{"embeddable":true,"href":"https:\/\/www.tatanka.nl\/pl\/wp-json\/wp\/v2\/media\/35152"}],"wp:attachment":[{"href":"https:\/\/www.tatanka.nl\/pl\/wp-json\/wp\/v2\/media?parent=2564"}],"wp:term":[{"taxonomy":"product_brand","embeddable":true,"href":"https:\/\/www.tatanka.nl\/pl\/wp-json\/wp\/v2\/product_brand?post=2564"},{"taxonomy":"product_cat","embeddable":true,"href":"https:\/\/www.tatanka.nl\/pl\/wp-json\/wp\/v2\/product_cat?post=2564"},{"taxonomy":"product_tag","embeddable":true,"href":"https:\/\/www.tatanka.nl\/pl\/wp-json\/wp\/v2\/product_tag?post=2564"}],"curies":[{"name":"wp","href":"https:\/\/api.w.org\/{rel}","templated":true}]}}