{"id":2567,"date":"2017-10-10T16:02:05","date_gmt":"2017-10-10T16:02:05","guid":{"rendered":"http:\/\/www.tatanka.nl\/?post_type=product&#038;p=2567"},"modified":"2026-04-10T00:48:42","modified_gmt":"2026-04-09T23:48:42","slug":"mushrocks-magic-truffles-15-gram-mushrooms-shrooms","status":"publish","type":"product","link":"https:\/\/www.tatanka.nl\/pl\/mushrocks-magic-truffles-15-gram-mushrooms-shrooms\/","title":{"rendered":"Mushrocks Magiczne Trufle"},"content":{"rendered":"<h2>Czym s\u0105 MushRocks Magic Truffles?<\/h2>\n<p>Magiczne trufle MushRocks to sklerocja, zwarta masa grzybni utworzona pod ziemi\u0105 przez niekt\u00f3re grzyby. Trufle te rozwijaj\u0105 si\u0119, gdy warunki \u015brodowiskowe, takie jak spadki temperatury i zwi\u0119kszona wilgotno\u015b\u0107, nie s\u0105 idealne dla wzrostu grzyb\u00f3w. Zamiast tego grzybnia gromadzi sk\u0142adniki od\u017cywcze, tworz\u0105c sklerocja, kt\u00f3re mog\u0105 p\u00f3\u017aniej kie\u0142kowa\u0107 grzyby, gdy warunki si\u0119 poprawi\u0105. Znane ze swojej zawarto\u015bci psilocybiny, MushRocks Magic Truffles oferuj\u0105 halucynogenne doznania, cz\u0119sto opisywane jako \"trip\", kt\u00f3re mog\u0105 r\u00f3\u017cni\u0107 si\u0119 od \u017cywych wizualizacji po g\u0142\u0119bokie filozoficzne spostrze\u017cenia. Ka\u017cde opakowanie zawiera 15 gram\u00f3w Psilocybe Galindoii, wyprodukowanych przez McSmart Truffles w celu uzyskania sp\u00f3jnego i silnego efektu. U\u017cytkownicy zg\u0142aszaj\u0105 wyj\u0105tkow\u0105 podr\u00f3\u017c w czasie, przestrzeni lub swojej wewn\u0119trznej \u015bwiadomo\u015bci, dzi\u0119ki czemu trufle te s\u0105 popularne w\u015br\u00f3d psychonaut\u00f3w. Do\u015bwiadczenie zale\u017cy od dawki, \u015brodowiska i indywidualnej wra\u017cliwo\u015bci, zapewniaj\u0105c indywidualn\u0105 przygod\u0119 dla ka\u017cdego u\u017cytkownika. Niezale\u017cnie od tego, czy dopiero zaczynasz przygod\u0119 z truflami, czy jeste\u015b do\u015bwiadczonym odkrywc\u0105, produkt ten zach\u0119ca do odkrywania tajemnic umys\u0142u i wszech\u015bwiata w bezpieczny, kontrolowany spos\u00f3b.<\/p>\n<h2>Historia MushRocks Magic Truffles<\/h2>\n<p>Stosowanie grzyb\u00f3w zawieraj\u0105cych psylocybin\u0119, takich jak MushRocks Magic Truffles, si\u0119ga wiek\u00f3w wstecz i ma swoje korzenie w rdzennych kulturach Mezoameryki. Staro\u017cytne cywilizacje, takie jak Aztekowie, czci\u0142y te substancje za ich duchowe i lecznicze w\u0142a\u015bciwo\u015bci, wykorzystuj\u0105c je w rytua\u0142ach, aby po\u0142\u0105czy\u0107 si\u0119 z bosko\u015bci\u0105 lub uzyska\u0107 wgl\u0105d w tajemnice \u017cycia. Znane jako \"teonan\u00e1catl\" lub \"cia\u0142o bog\u00f3w\", grzyby te by\u0142y \u015bwi\u0119te. W XX wieku zainteresowanie Zachodu wzros\u0142o po tym, jak mikolog R. Gordon Wasson udokumentowa\u0142 ich u\u017cycie w Meksyku, wzbudzaj\u0105c globaln\u0105 ciekawo\u015b\u0107. Sklerocja, forma trufli MushRocks Magic Truffles, zyska\u0142a popularno\u015b\u0107 w dzisiejszych czasach ze wzgl\u0119du na ich status prawny w niekt\u00f3rych regionach i \u0142atwo\u015b\u0107 uprawy. W przeciwie\u0144stwie do grzyb\u00f3w, sklerocja tworz\u0105 si\u0119 pod ziemi\u0105, dzi\u0119ki czemu s\u0105 dyskretne i odporne. Dzi\u015b McSmart Truffles wykorzystuje t\u0119 staro\u017cytn\u0105 tradycj\u0119, \u0142\u0105cz\u0105c j\u0105 z nowoczesnymi technikami uprawy, aby produkowa\u0107 wysokiej jako\u015bci Psilocybe Galindoii. Wzrost popularno\u015bci MushRocks Magic Truffles odzwierciedla rosn\u0105ce zainteresowanie psychodelikami w celu samopoznania i dobrego samopoczucia psychicznego, a u\u017cytkownicy na ca\u0142ym \u015bwiecie doceniaj\u0105 ich zdolno\u015b\u0107 do wzbudzania podziwu i introspekcji. Ta bogata historia podkre\u015bla ponadczasowy urok tych trufli jako bramy do g\u0142\u0119bokich do\u015bwiadcze\u0144.<\/p>\n<h2>Jak u\u017cywa\u0107 MushRocks Magic Truffles<\/h2>\n<p>Aby bezpiecznie cieszy\u0107 si\u0119 truflami MushRocks Magic Truffles, zacznij w spokojnym, znajomym otoczeniu z zaufanymi towarzyszami. Zacznij od po\u0142owy 15-gramowej zawarto\u015bci pude\u0142ka, dok\u0142adnie prze\u017cuwaj\u0105c, aby zwi\u0119kszy\u0107 wch\u0142anianie, poniewa\u017c poprawia to skuteczno\u015b\u0107 trufli. Efekty zwykle zaczynaj\u0105 si\u0119 w ci\u0105gu 30-45 minut, wi\u0119c poczekaj przed spo\u017cyciem wi\u0119kszej ilo\u015bci, aby oceni\u0107 intensywno\u015b\u0107. Aby uzyska\u0107 najlepsze wyniki, nale\u017cy stosowa\u0107 na pusty \u017co\u0142\u0105dek, poniewa\u017c jedzenie mo\u017ce op\u00f3\u017ani\u0107 pocz\u0105tek dzia\u0142ania. Alternatywnie mo\u017cna zaparzy\u0107 trufle w herbacie lub zupie, aby uzyska\u0107 \u0142agodniejszy smak. Przechowuj je w ciemnym, ch\u0142odnym miejscu w temperaturze od 2\u00b0C do 4\u00b0C, aby zachowa\u0107 moc. Dzia\u0142anie trufli osi\u0105ga szczyt po oko\u0142o 1-3 godzinach od spo\u017cycia i trwa \u0142\u0105cznie 5-6 godzin. Nigdy nie przekraczaj jednego opakowania na sesj\u0119 i unikaj \u0142\u0105czenia z alkoholem, lekami lub innymi substancjami. MushRocks Magic Truffles s\u0105 najlepsze dla os\u00f3b w dobrym zdrowiu psychicznym i fizycznym - unikaj ich stosowania, je\u015bli jeste\u015b w ci\u0105\u017cy, masz depresj\u0119 lub cierpisz na choroby takie jak nadci\u015bnienie lub cukrzyca. Po do\u015bwiadczeniu nale\u017cy si\u0119 zrelaksowa\u0107 i zastanowi\u0107 nad uzyskanymi spostrze\u017ceniami. Prowadzenie pojazd\u00f3w lub obs\u0142ugiwanie maszyn jest surowo zabronione podczas i po u\u017cyciu. To ostro\u017cne podej\u015bcie zapewnia bezpieczn\u0105, transformuj\u0105c\u0105 podr\u00f3\u017c z MushRocks Magic Truffles.<\/p>\n<h2>Sk\u0142adniki MushRocks Magic Truffles<\/h2>\n<p>MushRocks Magic Truffles to naturalny produkt sk\u0142adaj\u0105cy si\u0119 g\u0142\u00f3wnie ze sklerocji grzyba Psilocybe Galindoii. Kluczowym sk\u0142adnikiem aktywnym jest psylocybina, kt\u00f3ra w organizmie przekszta\u0142ca si\u0119 w psylocyn\u0119, wywo\u0142uj\u0105c efekty halucynogenne. Poza psylocybin\u0105, trufle te zawieraj\u0105 szereg sk\u0142adnik\u00f3w od\u017cywczych niezb\u0119dnych dla zdrowia cz\u0142owieka, w tym w\u0119glowodany (13,2 g na 100 g), bia\u0142ko (5,3 g na 100 g) i b\u0142onnik pokarmowy (16,7 g na 100 g). Zapewniaj\u0105 r\u00f3wnie\u017c minimaln\u0105 ilo\u015b\u0107 t\u0142uszczu (0,4 g na 100 g) i soli (0,3 g na 100 g), przy warto\u015bci energetycznej 110,5 kcal na 100 g. Minera\u0142y \u015bladowe, takie jak potas (210 mg na 100 g), fosfor (169,3 mg na 100 g), wap\u0144 (12,5 mg na 100 g) i \u017celazo (0,7 mg na 100 g) wspomagaj\u0105 funkcje organizmu, a witamina D (10 IU na 100 g) dodaje warto\u015bci od\u017cywczej. Te sk\u0142adniki od\u017cywcze sprawiaj\u0105, \u017ce trufle s\u0105 nie tylko \u017ar\u00f3d\u0142em psychodelicznych dozna\u0144, ale tak\u017ce wyj\u0105tkowym suplementem diety. Produkowane przez McSmart Truffles sklerocja s\u0105 uprawiane w celu zapewnienia czysto\u015bci i mocy, bez sztucznych dodatk\u00f3w. Ten naturalny sk\u0142ad podkre\u015bla atrakcyjno\u015b\u0107 trufli jako holistycznego produktu zar\u00f3wno dla podr\u00f3\u017cy rozwijaj\u0105cych umys\u0142, jak i korzy\u015bci od\u017cywczych, zakorzenionych w procesach zachodz\u0105cych w ziemi.<\/p>\n<p><strong>Ostrze\u017cenie<\/strong><\/p>\n<p>MushRocks Magic Truffles zawieraj\u0105 psylocybin\u0119 i psylocyn\u0119, naturalne halucynogeny, kt\u00f3re mog\u0105 wywo\u0142ywa\u0107 g\u0142\u0119bokie efekty zmieniaj\u0105ce \u015bwiadomo\u015b\u0107, w tym halucynacje. Substancje te mog\u0105 znacz\u0105co wp\u0142ywa\u0107 na percepcj\u0119, emocje i stan psychiczny, dlatego nale\u017cy je spo\u017cywa\u0107 ostro\u017cnie. Zawsze u\u017cywaj ich w bezpiecznym, kontrolowanym \u015brodowisku i unikaj ich, je\u015bli masz problemy ze zdrowiem psychicznym, depresj\u0119 lub choroby fizyczne, takie jak problemy z sercem, p\u0142ucami lub ci\u015bnieniem krwi, cukrzyca, a tak\u017ce podczas ci\u0105\u017cy lub karmienia piersi\u0105. Przechowywa\u0107 w miejscu niedost\u0119pnym dla dzieci ze wzgl\u0119du na silne dzia\u0142anie tych zwi\u0105zk\u00f3w. Nie stosowa\u0107 u os\u00f3b poni\u017cej 18 roku \u017cycia i nigdy nie \u0142\u0105czy\u0107 z alkoholem, narkotykami lub lekami, poniewa\u017c mo\u017ce to prowadzi\u0107 do nieprzewidywalnych reakcji. Uczestnictwo w ruchu drogowym lub obs\u0142uga maszyn jest zabroniona podczas i po u\u017cyciu. Przechowywa\u0107 w spos\u00f3b odpowiedzialny, aby zapobiec przypadkowemu spo\u017cyciu.<\/p>","protected":false},"excerpt":{"rendered":"<p><span style=\"font-size: 100%;\">Te trufle grzybowe Mushrocks psilocybe zapewni\u0105 ci energetyczny i euforyczny \u015bredni \/ mocny trip z kolorowym efektem wizualnym. Mo\u017cesz do\u015bwiadczy\u0107 \u015bmiechu. Prawdziwe halucynacje nie wyst\u0119puj\u0105.\u00a0<\/span><span style=\"font-size: 100%;\">To mi\u0119dzygalaktyczne do\u015bwiadczenie z pe\u0142n\u0105 przyg\u00f3d energi\u0105 zabierze Ci\u0119 do idealnej przestrzeni pe\u0142nej szcz\u0119\u015bcia!<\/span><\/p>","protected":false},"featured_media":35151,"template":"","meta":[],"product_brand":[],"product_cat":[516,297,595,395,518,513,515,519,476,578],"product_tag":[662],"class_list":{"0":"post-2567","1":"product","2":"type-product","3":"status-publish","4":"has-post-thumbnail","6":"product_cat-magic-truffles","7":"product_cat-all-products","8":"product_cat-mcsmart","9":"product_cat-microdosing","10":"product_cat-mushrooms","11":"product_cat-party","12":"product_cat-shroomshop","13":"product_cat-shroomshop-top-10","14":"product_cat-smartshop","15":"product_cat-strongest-magic-truffles","16":"product_tag-shrdeal","17":"product_shipping_class-creditcard-off","19":"first","20":"instock","21":"taxable","22":"shipping-taxable","23":"purchasable","24":"product-type-variable","25":"has-default-attributes"},"_links":{"self":[{"href":"https:\/\/www.tatanka.nl\/pl\/wp-json\/wp\/v2\/product\/2567","targetHints":{"allow":["GET"]}}],"collection":[{"href":"https:\/\/www.tatanka.nl\/pl\/wp-json\/wp\/v2\/product"}],"about":[{"href":"https:\/\/www.tatanka.nl\/pl\/wp-json\/wp\/v2\/types\/product"}],"wp:featuredmedia":[{"embeddable":true,"href":"https:\/\/www.tatanka.nl\/pl\/wp-json\/wp\/v2\/media\/35151"}],"wp:attachment":[{"href":"https:\/\/www.tatanka.nl\/pl\/wp-json\/wp\/v2\/media?parent=2567"}],"wp:term":[{"taxonomy":"product_brand","embeddable":true,"href":"https:\/\/www.tatanka.nl\/pl\/wp-json\/wp\/v2\/product_brand?post=2567"},{"taxonomy":"product_cat","embeddable":true,"href":"https:\/\/www.tatanka.nl\/pl\/wp-json\/wp\/v2\/product_cat?post=2567"},{"taxonomy":"product_tag","embeddable":true,"href":"https:\/\/www.tatanka.nl\/pl\/wp-json\/wp\/v2\/product_tag?post=2567"}],"curies":[{"name":"wp","href":"https:\/\/api.w.org\/{rel}","templated":true}]}}