{"id":2571,"date":"2023-10-09T16:30:58","date_gmt":"2023-10-09T15:30:58","guid":{"rendered":"http:\/\/www.tatanka.nl\/?post_type=product&#038;p=2571"},"modified":"2026-04-09T00:48:28","modified_gmt":"2026-04-08T23:48:28","slug":"dutch-dragons-magic-truffles-shrooms-mushrooms","status":"publish","type":"product","link":"https:\/\/www.tatanka.nl\/pl\/dutch-dragons-magic-truffles-shrooms-mushrooms\/","title":{"rendered":"Dutch Dragons Magiczne Trufle"},"content":{"rendered":"<h2 dir=\"ltr\" data-pm-slice=\"1 1 []\">Czym s\u0105 Dutch Dragons?<\/h2>\n<p dir=\"ltr\">Dutch Dragons to specjalna odmiana trufli Psilocybe Naranja Magic, znana z uderzaj\u0105cego pomara\u0144czowego odcienia i silnych efekt\u00f3w psychodelicznych. Uprawiane w Holandii trufle to sklerocja, zwarta masa grzybni, kt\u00f3ra tworzy si\u0119 pod ziemi\u0105. Rozwijaj\u0105 si\u0119 w okre\u015blonych warunkach wilgotno\u015bci i temperatury, magazynuj\u0105c sk\u0142adniki od\u017cywcze, aby wspiera\u0107 wzrost grzyb\u00f3w, gdy warunki s\u0105 idealne. Dutch Dragons s\u0105 znane ze swojej zdolno\u015bci do dostarczania g\u0142\u0119bokich, introspektywnych do\u015bwiadcze\u0144, co czyni je ulubionymi dla tych, kt\u00f3rzy szukaj\u0105 g\u0142\u0119bszego po\u0142\u0105czenia ze sob\u0105 i \u015bwiatem. Ich wyj\u0105tkowe efekty wahaj\u0105 si\u0119 od \u017cywych halucynacji po filozoficzn\u0105 jasno\u015b\u0107, w zale\u017cno\u015bci od dawki. Ka\u017cde pude\u0142ko zawiera 15 gram\u00f3w, zaprojektowanych dla jednego u\u017cytkownika, aby odkry\u0107 pe\u0142n\u0105 podr\u00f3\u017c. \u017bywy pomara\u0144czowy kolor i kulturowe powi\u0105zanie z Dniem Kr\u00f3la sprawiaj\u0105, \u017ce Dutch Dragons jest wyj\u0105tkowym wyborem na \u015bwi\u0105teczne lub osobiste poszukiwania. Ich popularno\u015b\u0107 wzros\u0142a dzi\u0119ki niezawodnej mocy i magicznym, transformuj\u0105cym do\u015bwiadczeniom, kt\u00f3re oferuj\u0105, przyci\u0105gaj\u0105c zar\u00f3wno nowicjuszy, jak i do\u015bwiadczonych u\u017cytkownik\u00f3w poszukuj\u0105cych niezapomnianej podr\u00f3\u017cy.<\/p>\n<h2 dir=\"ltr\">Historia Dutch Dragons<\/h2>\n<p dir=\"ltr\">Pocz\u0105tki Dutch Dragons si\u0119gaj\u0105 bogatej holenderskiej tradycji uprawy magicznych trufli. Trufle te, w tym odmiana Psilocybe Naranja, pojawi\u0142y si\u0119 jako legalna alternatywa dla magicznych grzyb\u00f3w, gdy te ostatnie zosta\u0142y zakazane w 2008 roku. Dutch Dragons zosta\u0142y opracowane specjalnie w celu uczczenia Dnia Kr\u00f3la, \u015bwi\u0119ta narodowego naznaczonego \u017cywymi pomara\u0144czowymi uroczysto\u015bciami. Unikalny pomara\u0144czowy odcie\u0144 i silne dzia\u0142anie trufli zosta\u0142y stworzone, aby uosabia\u0107 ducha tego wydarzenia kulturalnego. Z czasem trufle Dutch Dragons zyska\u0142y popularno\u015b\u0107 poza \u015bwi\u0119tami, staj\u0105c si\u0119 ulubionymi przez ca\u0142y rok ze wzgl\u0119du na ich sta\u0142\u0105 jako\u015b\u0107 i \u017cywe psychodeliczne doznania. Zdolno\u015b\u0107 sklerocji do przechowywania sk\u0142adnik\u00f3w od\u017cywczych pod ziemi\u0105 by\u0142a wykorzystywana od wiek\u00f3w, a nowoczesne techniki uprawy udoskonali\u0142y ich moc. Obecnie Dutch Dragons reprezentuje po\u0142\u0105czenie tradycji i innowacji, oferuj\u0105c u\u017cytkownikom po\u0142\u0105czenie z holenderskim dziedzictwem, zapewniaj\u0105c jednocze\u015bnie nowoczesn\u0105 psychodeliczn\u0105 podr\u00f3\u017c. Wzrost ich popularno\u015bci odzwierciedla rosn\u0105ce zainteresowanie naturalnymi psychodelikami do samodzielnego odkrywania i rekreacji, cementuj\u0105c ich miejsce na globalnym rynku magicznych trufli.<\/p>\n<h2 dir=\"ltr\">Jak korzysta\u0107 z Dutch Dragons<\/h2>\n<p dir=\"ltr\">Korzystanie z Dutch Dragons wymaga starannego przygotowania, aby zapewni\u0107 bezpieczne i przyjemne do\u015bwiadczenie. Rozpocznij w spokojnym, zaufanym otoczeniu, najlepiej z trze\u017awym towarzyszem. Zacznij od po\u0142owy 15-gramowego opakowania, dok\u0142adnie prze\u017cuwaj\u0105c, aby zwi\u0119kszy\u0107 wch\u0142anianie, lub spo\u017cywaj jako herbat\u0119 lub zup\u0119, aby u\u0142atwi\u0107 trawienie. Efekty zwykle zaczynaj\u0105 si\u0119 w ci\u0105gu 30-45 minut, osi\u0105gaj\u0105c szczyt po 1-3 godzinach i zanikaj\u0105c po 5-6 godzinach. W razie potrzeby mo\u017cna nieznacznie zwi\u0119kszy\u0107 dawk\u0119 po 45 minutach, ale nigdy nie nale\u017cy przekracza\u0107 jednego opakowania na sesj\u0119. Aby uzyska\u0107 najlepsze wyniki, za\u017cywaj Dutch Dragons na pusty \u017co\u0142\u0105dek. Przechowuj je w ciemnym, ch\u0142odnym miejscu w temperaturze od 2\u00b0C do 4\u00b0C, aby zachowa\u0107 moc. Unikaj stosowania, je\u015bli masz problemy ze zdrowiem psychicznym, choroby serca lub p\u0142uc, cukrzyc\u0119 lub jeste\u015b w ci\u0105\u017cy. Powstrzymaj si\u0119 od \u0142\u0105czenia z alkoholem, lekami lub innymi narkotykami i nie prowad\u017a pojazd\u00f3w. Dutch Dragons nie s\u0105 odpowiednie dla os\u00f3b poni\u017cej 18 roku \u017cycia. Po spo\u017cyciu, zrelaksuj si\u0119 i ciesz si\u0119 wyj\u0105tkowymi wizualizacjami i spostrze\u017ceniami. Takie uwa\u017cne podej\u015bcie zapewnia transformuj\u0105ce do\u015bwiadczenie, pozwalaj\u0105c u\u017cytkownikom w pe\u0142ni doceni\u0107 g\u0142\u0119bokie dzia\u0142anie tych pomara\u0144czowych trufli.<\/p>\n<h2 dir=\"ltr\">Sk\u0142adniki Dutch Dragons<\/h2>\n<p dir=\"ltr\">Dutch Dragons sk\u0142ada si\u0119 ze sklerocj\u00f3w Psilocybe Naranja, kt\u00f3re zawieraj\u0105 aktywny zwi\u0105zek psilocybin\u0119, przekszta\u0142can\u0105 w organizmie w psylocyn\u0119, kt\u00f3ra wywo\u0142uje efekty halucynogenne. Poza psilocybin\u0105, Dutch Dragons oferuj\u0105 warto\u015b\u0107 od\u017cywcz\u0105, wspieraj\u0105c energi\u0119 i funkcje organizmu. Na 100 gram\u00f3w dostarczaj\u0105 110,5 kcal, 13,2 grama w\u0119glowodan\u00f3w, 5,3 grama bia\u0142ka, 0,4 grama t\u0142uszczu i 16,7 grama b\u0142onnika pokarmowego. Zawieraj\u0105 r\u00f3wnie\u017c 0,3 grama soli, 13,6 mg sodu, 169,3 mg fosforu, 210 mg potasu, 12,5 mg wapnia, 0,7 mg \u017celaza i 10 IU witaminy D. Te sk\u0142adniki od\u017cywcze przyczyniaj\u0105 si\u0119 do roli trufli w dostarczaniu energii i regulacji organizmu. Zawarto\u015b\u0107 psilocybiny, odpowiedzialnej za efekty psychodeliczne, oddzia\u0142uje z receptorami serotoniny w m\u00f3zgu, wp\u0142ywaj\u0105c na nastr\u00f3j, percepcj\u0119 i funkcje poznawcze. Ta kombinacja naturalnych zwi\u0105zk\u00f3w i sk\u0142adnik\u00f3w od\u017cywczych sprawia, \u017ce Dutch Dragons jest nie tylko \u017ar\u00f3d\u0142em g\u0142\u0119bokich dozna\u0144, ale tak\u017ce unikalnym produktem o \u015bladowych korzy\u015bciach od\u017cywczych, atrakcyjnym zar\u00f3wno dla os\u00f3b poszukuj\u0105cych rekreacji, jak i introspekcji.<\/p>\n<p dir=\"ltr\"><strong>Ostrze\u017cenie<\/strong><br \/>\nDutch Dragons zawiera psylocybin\u0119 i psylocyn\u0119, naturalne halucynogeny, kt\u00f3re mog\u0105 wywo\u0142ywa\u0107 znacz\u0105ce efekty zmieniaj\u0105ce \u015bwiadomo\u015b\u0107, w tym \u017cywe halucynacje. Substancje te wymagaj\u0105 ostro\u017cnego obchodzenia si\u0119 z nimi. Zawsze spo\u017cywaj je w bezpiecznym \u015brodowisku i unikaj ich stosowania, je\u015bli cierpisz na choroby psychiczne, jeste\u015b w ci\u0105\u017cy lub masz problemy medyczne, takie jak wysokie ci\u015bnienie krwi lub cukrzyca. Nie miesza\u0107 z alkoholem, narkotykami lub lekami i przechowywa\u0107 poza zasi\u0119giem dzieci ze wzgl\u0119du na ich silne dzia\u0142anie. Nie nale\u017cy prowadzi\u0107 pojazd\u00f3w ani obs\u0142ugiwa\u0107 maszyn. Dutch Dragons nie s\u0105 zalecane dla os\u00f3b poni\u017cej 18 roku \u017cycia. Odpowiedzialne u\u017cytkowanie jest niezb\u0119dne do zapewnienia bezpiecznego i pozytywnego do\u015bwiadczenia.<\/p>","protected":false},"excerpt":{"rendered":"<p><span style=\"font-size: 100%;\">Dutch Dragons to jedne z najsilniejszych trufli Magic Mushroom o dzia\u0142aniu podobnym do trufli Dragon Dynamite. Mo\u017cesz do\u015bwiadczy\u0107 silnych halucynacji, g\u0142\u0119bokich my\u015bli i zawrotnego postrzegania otoczenia.<\/span><\/p>\n<p>Zawiera 15 gram\u00f3w.<\/p>","protected":false},"featured_media":35148,"template":"","meta":[],"product_brand":[],"product_cat":[516,297,595,395,518,513,515,519,476],"product_tag":[662],"class_list":{"0":"post-2571","1":"product","2":"type-product","3":"status-publish","4":"has-post-thumbnail","6":"product_cat-magic-truffles","7":"product_cat-all-products","8":"product_cat-mcsmart","9":"product_cat-microdosing","10":"product_cat-mushrooms","11":"product_cat-party","12":"product_cat-shroomshop","13":"product_cat-shroomshop-top-10","14":"product_cat-smartshop","15":"product_tag-shrdeal","16":"product_shipping_class-creditcard-off","18":"first","19":"instock","20":"taxable","21":"shipping-taxable","22":"purchasable","23":"product-type-variable","24":"has-default-attributes"},"_links":{"self":[{"href":"https:\/\/www.tatanka.nl\/pl\/wp-json\/wp\/v2\/product\/2571","targetHints":{"allow":["GET"]}}],"collection":[{"href":"https:\/\/www.tatanka.nl\/pl\/wp-json\/wp\/v2\/product"}],"about":[{"href":"https:\/\/www.tatanka.nl\/pl\/wp-json\/wp\/v2\/types\/product"}],"wp:featuredmedia":[{"embeddable":true,"href":"https:\/\/www.tatanka.nl\/pl\/wp-json\/wp\/v2\/media\/35148"}],"wp:attachment":[{"href":"https:\/\/www.tatanka.nl\/pl\/wp-json\/wp\/v2\/media?parent=2571"}],"wp:term":[{"taxonomy":"product_brand","embeddable":true,"href":"https:\/\/www.tatanka.nl\/pl\/wp-json\/wp\/v2\/product_brand?post=2571"},{"taxonomy":"product_cat","embeddable":true,"href":"https:\/\/www.tatanka.nl\/pl\/wp-json\/wp\/v2\/product_cat?post=2571"},{"taxonomy":"product_tag","embeddable":true,"href":"https:\/\/www.tatanka.nl\/pl\/wp-json\/wp\/v2\/product_tag?post=2571"}],"curies":[{"name":"wp","href":"https:\/\/api.w.org\/{rel}","templated":true}]}}