{"id":2572,"date":"2025-02-04T16:40:46","date_gmt":"2025-02-04T15:40:46","guid":{"rendered":"http:\/\/www.tatanka.nl\/?post_type=product&#038;p=2572"},"modified":"2026-05-05T12:49:26","modified_gmt":"2026-05-05T11:49:26","slug":"high-hawaiians-magic-truffles-22-gram-mushrooms-shrooms","status":"publish","type":"product","link":"https:\/\/www.tatanka.nl\/pl\/high-hawaiians-magic-truffles-22-gram-mushrooms-shrooms\/","title":{"rendered":"High Hawaiians Magiczne Trufle"},"content":{"rendered":"<h2>Czym s\u0105 magiczne trufle High Hawaiians?<\/h2>\n<p>High Hawaiians Magiczne trufle to rodzaj sklerocji, zwartej masy grzybni tworzonej pod ziemi\u0105 przez niekt\u00f3re grzyby. Trufle te rozwijaj\u0105 si\u0119, gdy warunki \u015brodowiskowe, takie jak spadki temperatury i zwi\u0119kszona wilgotno\u015b\u0107, nie s\u0105 jeszcze idealne do wzrostu grzyb\u00f3w. Zamiast tego grzybnia gromadzi sk\u0142adniki od\u017cywcze, tworz\u0105c sklerocja, kt\u00f3re mog\u0105 p\u00f3\u017aniej kie\u0142kowa\u0107 grzyby, gdy warunki si\u0119 poprawi\u0105. Znane ze swojego silnego dzia\u0142ania trufle High Hawaiians Magic Truffles zawieraj\u0105 psylocybin\u0119, kt\u00f3ra przekszta\u0142ca si\u0119 w organizmie w psylocyn\u0119, wp\u0142ywaj\u0105c na poziom serotoniny w m\u00f3zgu. Skutkuje to \u017cywymi halucynacjami i zmienion\u0105 percepcj\u0105, co czyni je ulubionymi w\u015br\u00f3d do\u015bwiadczonych u\u017cytkownik\u00f3w poszukuj\u0105cych g\u0142\u0119bokich dozna\u0144 psychodelicznych. Efekty r\u00f3\u017cni\u0105 si\u0119 w zale\u017cno\u015bci od dawki i indywidualnej wra\u017cliwo\u015bci, oferuj\u0105c spektrum wizualnych, emocjonalnych i filozoficznych spostrze\u017ce\u0144. Trufle te, spo\u017cywane ze wzgl\u0119du na ich wyj\u0105tkow\u0105 zdolno\u015b\u0107 do zmiany perspektywy, stanowi\u0105 bram\u0119 do samopoznania i g\u0142\u0119bszego po\u0142\u0105czenia ze \u015bwiatem. Ich profil od\u017cywczy, w tym energia, bia\u0142ka i minera\u0142y, wspiera ich rol\u0119 jako produktu konsumpcyjnego o warto\u015bci zar\u00f3wno psychoaktywnej, jak i dietetycznej. High Hawaiians Magic Truffles s\u0105 szczeg\u00f3lnie znane ze swojej intensywno\u015bci, zapewniaj\u0105c tropikaln\u0105, euforyczn\u0105 podr\u00f3\u017c, kt\u00f3ra rezonuje z do\u015bwiadczonymi psychonautami.<\/p>\n<h2>Historia magicznych trufli High Hawaiians<\/h2>\n<p>Wykorzystanie magicznych trufli, w tym High Hawaiians Magic Truffles, si\u0119ga staro\u017cytnych kultur, kt\u00f3re czci\u0142y grzyby psychoaktywne do cel\u00f3w duchowych i szama\u0144skich. Rdzenne grupy w regionach takich jak Ameryka \u015arodkowa i Po\u0142udniowa u\u017cywa\u0142y grzyb\u00f3w zawieraj\u0105cych psylocybin\u0119 w rytua\u0142ach, aby po\u0142\u0105czy\u0107 si\u0119 z bosko\u015bci\u0105 i uzyska\u0107 wgl\u0105d. We wsp\u00f3\u0142czesnej erze magiczne trufle zyska\u0142y na znaczeniu w Holandii, gdzie pozostaj\u0105 legalne ze wzgl\u0119du na luk\u0119 prawn\u0105 odr\u00f3\u017cniaj\u0105c\u0105 je od grzyb\u00f3w. Magiczne trufle High Hawaiians, a konkretnie odmiana Psilocybe Tampelandia, wyr\u00f3\u017cniaj\u0105 si\u0119 wyj\u0105tkow\u0105 moc\u0105. Uprawiane w kontrolowanych warunkach w celu na\u015bladowania naturalnego procesu tworzenia sklerocji, trufle te sta\u0142y si\u0119 popularne pod koniec XX wieku wraz z rozwojem ruchu psychodelicznego. Ich wzrost odzwierciedla szersz\u0105 zmian\u0119 kulturow\u0105 w kierunku odkrywania \u015bwiadomo\u015bci i samo\u015bwiadomo\u015bci. Dzi\u015b magiczne trufle High Hawaiians s\u0105 poszukiwane na ca\u0142ym \u015bwiecie przez tych, kt\u00f3rzy chc\u0105 do\u015bwiadczy\u0107 ich intensywnych efekt\u00f3w. Ich historia przeplata tradycyjn\u0105 m\u0105dro\u015b\u0107 z nowoczesnymi technikami uprawy, czyni\u0105c z nich pomost mi\u0119dzy staro\u017cytnymi praktykami a wsp\u00f3\u0142czesn\u0105 psychonautyk\u0105. Staranny dob\u00f3r tej odmiany zapewnia u\u017cytkownikom sp\u00f3jne, silne doznania.<\/p>\n<h2>Jak u\u017cywa\u0107 High Hawaiians Magic Truffles<\/h2>\n<p>Aby bezpiecznie cieszy\u0107 si\u0119 magicznymi truflami High Hawaiians, nale\u017cy spo\u017cywa\u0107 je w spokojnym, zaufanym otoczeniu. Zacznij od po\u0142owy zawarto\u015bci 25-gramowego pude\u0142ka, poniewa\u017c trufle te s\u0105 wyj\u0105tkowo mocne. Po 30-45 minutach oce\u0144 efekty przed podj\u0119ciem decyzji o spo\u017cyciu wi\u0119kszej ilo\u015bci. Dok\u0142adne \u017cucie zwi\u0119ksza wch\u0142anianie lub mo\u017cna zaparzy\u0107 je w herbacie lub zupie, aby u\u0142atwi\u0107 spo\u017cycie. Aby uzyska\u0107 optymalne efekty, nale\u017cy stosowa\u0107 na pusty \u017co\u0142\u0105dek. Dzia\u0142anie trufli zwykle osi\u0105ga szczyt po 1-3 godzinach od spo\u017cycia, a efekty zanikaj\u0105 po 5-6 godzinach. Przechowuj trufle w ciemnym, ch\u0142odnym miejscu w temperaturze od 2\u00b0C do 4\u00b0C, aby zachowa\u0107 \u015bwie\u017co\u015b\u0107. Unika\u0107 \u0142\u0105czenia z alkoholem, lekami lub innymi \u015brodkami odurzaj\u0105cymi i nie stosowa\u0107 u kobiet w ci\u0105\u017cy, karmi\u0105cych piersi\u0105 lub poni\u017cej 18 roku \u017cycia. Podczas spo\u017cywania produktu nale\u017cy powstrzyma\u0107 si\u0119 od prowadzenia pojazd\u00f3w i obs\u0142ugiwania maszyn. High Hawaiians Magic Truffles s\u0105 najlepsze dla os\u00f3b w dobrym zdrowiu psychicznym i fizycznym, wolnych od chor\u00f3b takich jak depresja, choroby serca lub cukrzyca. Niewielka dodatkowa dawka mo\u017ce zintensyfikowa\u0107 efekty po ich rozpocz\u0119ciu, ale nigdy nie nale\u017cy przekracza\u0107 jednego opakowania na sesj\u0119. Relax i ciesz si\u0119 wyj\u0105tkow\u0105 podr\u00f3\u017c\u0105, jak\u0105 oferuj\u0105 te trufle.<\/p>\n<h2>Sk\u0142adniki High Hawaiians Magic Truffles<\/h2>\n<p>Magiczne trufle High Hawaiians sk\u0142adaj\u0105 si\u0119 g\u0142\u00f3wnie ze sklerocj\u00f3w szczepu Psilocybe Tampelandia, bogatych w psylocybin\u0119 i psylocyn\u0119, zwi\u0105zki odpowiedzialne za ich dzia\u0142anie halucynogenne. Opr\u00f3cz sk\u0142adnik\u00f3w psychoaktywnych, trufle te zawieraj\u0105 szereg sk\u0142adnik\u00f3w od\u017cywczych niezb\u0119dnych dla zdrowia cz\u0142owieka. Na 100 gram\u00f3w dostarczaj\u0105 464,7 kJ (110,5 kcal) energii, 13,2 grama w\u0119glowodan\u00f3w, 5,3 grama bia\u0142ka i 0,4 grama t\u0142uszczu. S\u0105 r\u00f3wnie\u017c bogate w b\u0142onnik pokarmowy (16,7 grama), kt\u00f3ry wspomaga zdrowie uk\u0142adu trawiennego. Zawarto\u015b\u0107 minera\u0142\u00f3w obejmuje 210 mg potasu, 169,3 mg fosforu, 13,6 mg sodu, 12,5 mg wapnia i 0,7 mg \u017celaza, przyczyniaj\u0105c si\u0119 do r\u00f3\u017cnych funkcji organizmu. Dodatkowo oferuj\u0105 10 IU witaminy D, wspomagaj\u0105c zdrowie ko\u015bci. \u015aladowe ilo\u015bci soli (0,3 grama) zwi\u0119kszaj\u0105 ich profil od\u017cywczy. Te sk\u0142adniki od\u017cywcze sprawiaj\u0105, \u017ce High Hawaiians Magic Truffles to nie tylko produkt psychoaktywny, ale tak\u017ce \u017ar\u00f3d\u0142o warto\u015bci dietetycznych. Ich naturalny sk\u0142ad, pochodz\u0105cy z grzybni, zapewnia czysty, nieprzetworzony produkt do spo\u017cycia.<\/p>\n<p><strong>Ostrze\u017cenie<\/strong><\/p>\n<p>Magiczne trufle High Hawaiians naturalnie zawieraj\u0105 psylocybin\u0119 i psylocyn\u0119, silne halucynogeny, kt\u00f3re mog\u0105 wywo\u0142ywa\u0107 zmienione stany \u015bwiadomo\u015bci i \u017cywe halucynacje. Substancje te wp\u0142ywaj\u0105 na poziom serotoniny w m\u00f3zgu, potencjalnie powoduj\u0105c intensywne zmiany emocjonalne i percepcyjne. U\u017cywaj ostro\u017cnie, zw\u0142aszcza je\u015bli nie masz do\u015bwiadczenia, i zawsze w bezpiecznym otoczeniu. Przechowywa\u0107 poza zasi\u0119giem dzieci ze wzgl\u0119du na silne dzia\u0142anie tych zwi\u0105zk\u00f3w. Unikaj stosowania, je\u015bli masz problemy ze zdrowiem psychicznym, choroby serca lub p\u0142uc, cukrzyc\u0119, wysokie lub niskie ci\u015bnienie krwi, jeste\u015b w ci\u0105\u017cy lub karmisz piersi\u0105. Nie \u0142\u0105cz z innymi substancjami i powstrzymaj si\u0119 od czynno\u015bci wymagaj\u0105cych skupienia, takich jak prowadzenie pojazdu. Skonsultuj si\u0119 z pracownikiem s\u0142u\u017cby zdrowia, je\u015bli nie masz pewno\u015bci, czy mo\u017cesz go stosowa\u0107.<\/p>","protected":false},"excerpt":{"rendered":"<p dir=\"auto\">Wyrusz w wibruj\u0105c\u0105 podr\u00f3\u017c z High Hawaiians Magic Truffles, najsilniejszymi dost\u0119pnymi magicznymi truflami. Idealne dla do\u015bwiadczonych psychonaut\u00f3w, trufle te obiecuj\u0105 intensywne efekty wizualne, eufori\u0119 i wyj\u0105tkowe tropikalne doznania. Jedno opakowanie zapewnia pe\u0142n\u0105, osobist\u0105 przygod\u0119. <span style=\"font-size: 100%;\">High Hawaiians to jeden z najpot\u0119\u017cniejszych szczep\u00f3w.<\/span><\/p>","protected":false},"featured_media":35149,"template":"","meta":[],"product_brand":[],"product_cat":[516,297,595,395,518,513,515,519,476,514,578],"product_tag":[723],"class_list":{"0":"post-2572","1":"product","2":"type-product","3":"status-publish","4":"has-post-thumbnail","6":"product_cat-magic-truffles","7":"product_cat-all-products","8":"product_cat-mcsmart","9":"product_cat-microdosing","10":"product_cat-mushrooms","11":"product_cat-party","12":"product_cat-shroomshop","13":"product_cat-shroomshop-top-10","14":"product_cat-smartshop","15":"product_cat-smartshop-top-10","16":"product_cat-strongest-magic-truffles","17":"product_tag-triple-deal","18":"product_shipping_class-creditcard-off","20":"first","21":"instock","22":"taxable","23":"shipping-taxable","24":"purchasable","25":"product-type-variable","26":"has-default-attributes"},"_links":{"self":[{"href":"https:\/\/www.tatanka.nl\/pl\/wp-json\/wp\/v2\/product\/2572","targetHints":{"allow":["GET"]}}],"collection":[{"href":"https:\/\/www.tatanka.nl\/pl\/wp-json\/wp\/v2\/product"}],"about":[{"href":"https:\/\/www.tatanka.nl\/pl\/wp-json\/wp\/v2\/types\/product"}],"wp:featuredmedia":[{"embeddable":true,"href":"https:\/\/www.tatanka.nl\/pl\/wp-json\/wp\/v2\/media\/35149"}],"wp:attachment":[{"href":"https:\/\/www.tatanka.nl\/pl\/wp-json\/wp\/v2\/media?parent=2572"}],"wp:term":[{"taxonomy":"product_brand","embeddable":true,"href":"https:\/\/www.tatanka.nl\/pl\/wp-json\/wp\/v2\/product_brand?post=2572"},{"taxonomy":"product_cat","embeddable":true,"href":"https:\/\/www.tatanka.nl\/pl\/wp-json\/wp\/v2\/product_cat?post=2572"},{"taxonomy":"product_tag","embeddable":true,"href":"https:\/\/www.tatanka.nl\/pl\/wp-json\/wp\/v2\/product_tag?post=2572"}],"curies":[{"name":"wp","href":"https:\/\/api.w.org\/{rel}","templated":true}]}}