{"id":26823,"date":"2020-03-06T23:21:52","date_gmt":"2020-03-06T23:21:52","guid":{"rendered":"https:\/\/www.tatanka.nl\/?post_type=product&#038;p=26823"},"modified":"2025-05-20T09:57:37","modified_gmt":"2025-05-20T08:57:37","slug":"alice-in-grinderland-white-rabbit","status":"publish","type":"product","link":"https:\/\/www.tatanka.nl\/pl\/alice-in-grinderland-white-rabbit\/","title":{"rendered":"Alice In Grinderland \u2013 White Rabbit"},"content":{"rendered":"","protected":false},"excerpt":{"rendered":"<p>Jest to kolekcjonerska karta do m\u0142ynka z serii Alice In Grinderland, kt\u00f3ra umo\u017cliwia mielenie materia\u0142u do palenia w podr\u00f3\u017cy za pomoc\u0105 karty do m\u0142ynka White Rabbit. Idealnie mie\u015bci si\u0119 w portfelu!<\/p>","protected":false},"featured_media":26824,"template":"","meta":[],"product_brand":[],"product_cat":[503,297,489,488],"product_tag":[],"class_list":{"0":"post-26823","1":"product","2":"type-product","3":"status-publish","4":"has-post-thumbnail","6":"product_cat-card-grinders","7":"product_cat-all-products","8":"product_cat-grinders","9":"product_cat-headshop","10":"product_shipping_class-creditcard-on","12":"first","13":"instock","14":"taxable","15":"shipping-taxable","16":"purchasable","17":"product-type-simple"},"_links":{"self":[{"href":"https:\/\/www.tatanka.nl\/pl\/wp-json\/wp\/v2\/product\/26823","targetHints":{"allow":["GET"]}}],"collection":[{"href":"https:\/\/www.tatanka.nl\/pl\/wp-json\/wp\/v2\/product"}],"about":[{"href":"https:\/\/www.tatanka.nl\/pl\/wp-json\/wp\/v2\/types\/product"}],"wp:featuredmedia":[{"embeddable":true,"href":"https:\/\/www.tatanka.nl\/pl\/wp-json\/wp\/v2\/media\/26824"}],"wp:attachment":[{"href":"https:\/\/www.tatanka.nl\/pl\/wp-json\/wp\/v2\/media?parent=26823"}],"wp:term":[{"taxonomy":"product_brand","embeddable":true,"href":"https:\/\/www.tatanka.nl\/pl\/wp-json\/wp\/v2\/product_brand?post=26823"},{"taxonomy":"product_cat","embeddable":true,"href":"https:\/\/www.tatanka.nl\/pl\/wp-json\/wp\/v2\/product_cat?post=26823"},{"taxonomy":"product_tag","embeddable":true,"href":"https:\/\/www.tatanka.nl\/pl\/wp-json\/wp\/v2\/product_tag?post=26823"}],"curies":[{"name":"wp","href":"https:\/\/api.w.org\/{rel}","templated":true}]}}