{"id":26911,"date":"2020-03-07T16:55:51","date_gmt":"2020-03-07T16:55:51","guid":{"rendered":"https:\/\/www.tatanka.nl\/?post_type=product&#038;p=26911"},"modified":"2025-07-22T08:52:53","modified_gmt":"2025-07-22T07:52:53","slug":"marijuana-card-grinder","status":"publish","type":"product","link":"https:\/\/www.tatanka.nl\/pl\/marijuana-card-grinder\/","title":{"rendered":"Marijuana \u2013 Card Grinder"},"content":{"rendered":"<h2 dir=\"ltr\" data-pm-slice=\"1 1 []\">Czym jest karta Marijuana Grinder?<\/h2>\n<p dir=\"ltr\">Marijuana Grinder Card to kompaktowe narz\u0119dzie wielko\u015bci portfela, stworzone z my\u015bl\u0105 o \u0142atwym i stylowym mieleniu materia\u0142\u00f3w do palenia. Mierz\u0105c 5,3 cm x 8,3 cm i wa\u017c\u0105c zaledwie 15 gram\u00f3w, odzwierciedla wymiary standardowej karty kredytowej, dzi\u0119ki czemu idealnie nadaje si\u0119 do podr\u00f3\u017cy. Jego wytrzyma\u0142a konstrukcja zapewnia d\u0142ugotrwa\u0142\u0105 wydajno\u015b\u0107, a wz\u00f3r li\u015bcia marihuany dodaje odwa\u017cnego, wyrazistego akcentu. Aby z niej skorzysta\u0107, wystarczy przytrzyma\u0107 kart\u0119 Marijuana Grinder nad tack\u0105 i energicznie pociera\u0107 jej powierzchni\u0119 w celu uzyskania jednolitego mielenia. To organiczne narz\u0119dzie zosta\u0142o zaprojektowane dla tych, kt\u00f3rzy ceni\u0105 sobie przeno\u015bno\u015b\u0107 i funkcjonalno\u015b\u0107, bez trudu mieszcz\u0105c si\u0119 w ka\u017cdym portfelu. Niezale\u017cnie od tego, czy jeste\u015b w domu, czy w podr\u00f3\u017cy, Marijuana Grinder Card zapewnia niezawodne rezultaty przy minimalnym wysi\u0142ku. Jego przyjazna dla u\u017cytkownika konstrukcja sprawia, \u017ce jest on dost\u0119pny dla wszystkich, od nowicjuszy po do\u015bwiadczonych u\u017cytkownik\u00f3w, oferuj\u0105c dyskretny i skuteczny spos\u00f3b przygotowywania materia\u0142\u00f3w. Karta Marijuana Grinder \u0142\u0105czy w sobie praktyczno\u015b\u0107 z \u017cyw\u0105 estetyk\u0105, co czyni j\u0105 wyj\u0105tkowym wyborem dla os\u00f3b poszukuj\u0105cych wygody bez kompromis\u00f3w.<\/p>\n<h2 dir=\"ltr\">Historia karty Marijuana Grinder<\/h2>\n<p dir=\"ltr\">Karta Marijuana Grinder powsta\u0142a w odpowiedzi na zapotrzebowanie na przeno\u015bne, dyskretne rozwi\u0105zania do mielenia. Pod koniec lat 90. tradycyjne m\u0142ynki by\u0142y cz\u0119sto niepor\u0119czne, co czyni\u0142o je niepraktycznymi w podr\u00f3\u017cy. Innowatorzy starali si\u0119 stworzy\u0107 smuk\u0142\u0105, przyjazn\u0105 dla portfela alternatyw\u0119, co doprowadzi\u0142o do opracowania karty Marijuana Grinder Card. Zainspirowane rozmiarem kart kredytowych, narz\u0119dzie to \u0142\u0105czy\u0142o funkcjonalno\u015b\u0107 z por\u0119czno\u015bci\u0105. Projekt li\u015bcia marihuany zosta\u0142 p\u00f3\u017aniej wprowadzony, aby uczci\u0107 wolno\u015b\u0107 i indywidualno\u015b\u0107, rezonuj\u0105c z u\u017cytkownikami, kt\u00f3rzy przyjmuj\u0105 kulturowe znaczenie ro\u015bliny. Z biegiem czasu karta Marijuana Grinder ewoluowa\u0142a dzi\u0119ki ulepszonym materia\u0142om, zapewniaj\u0105c trwa\u0142o\u015b\u0107 i wydajno\u015b\u0107. Jej organiczna kompozycja odzwierciedla zaanga\u017cowanie w naturalny, zr\u00f3wnowa\u017cony design, przemawiaj\u0105c do \u015bwiadomych ekologicznie u\u017cytkownik\u00f3w. Wzrost popularno\u015bci karty odzwierciedla rosn\u0105c\u0105 akceptacj\u0119 kultury konopi indyjskich, czyni\u0105c j\u0105 podstaw\u0105 dla tych, kt\u00f3rzy szukaj\u0105 praktycznych, ale stylowych narz\u0119dzi. Jej historia podkre\u015bla po\u0142\u0105czenie innowacji i ekspresji kulturowej, pozycjonuj\u0105c kart\u0119 Marijuana Grinder jako nowoczesny niezb\u0119dnik. Dzi\u015b pozostaje symbolem wygody i wolno\u015bci, stworzonym z my\u015bl\u0105 o potrzebach u\u017cytkownik\u00f3w, kt\u00f3rzy ceni\u0105 sobie zar\u00f3wno form\u0119, jak i funkcjonalno\u015b\u0107 swoich narz\u0119dzi do mielenia.<\/p>\n<h2 dir=\"ltr\">Jak korzysta\u0107 z karty Marijuana Grinder<\/h2>\n<p dir=\"ltr\">Korzystanie z karty Marijuana Grinder jest proste i wydajne, dzi\u0119ki czemu jest idealna dla u\u017cytkownik\u00f3w na wszystkich poziomach umiej\u0119tno\u015bci. Zacznij od wyj\u0119cia karty z etui ochronnego, kt\u00f3re ma pasuj\u0105cy wz\u00f3r li\u015bcia marihuany. Przytrzymaj kart\u0119 nad czyst\u0105 tack\u0105, aby zebra\u0107 zmielony materia\u0142. Umie\u015b\u0107 materia\u0142 do palenia na teksturowanej powierzchni karty Marijuana Grinder i pocieraj go energicznie, aby uzyska\u0107 drobne, sp\u00f3jne zmielenie. Trwa\u0142a, organiczna konstrukcja karty zapewnia p\u0142ynn\u0105 prac\u0119 przy minimalnym wysi\u0142ku. Po zako\u0144czeniu mielenia nale\u017cy zebra\u0107 materia\u0142 z tacki i wyczy\u015bci\u0107 kart\u0119 mi\u0119kk\u0105 szczoteczk\u0105 lub \u015bciereczk\u0105, aby zachowa\u0107 jej wydajno\u015b\u0107. Jej kompaktowy rozmiar pozwala na \u0142atwe wsuni\u0119cie jej z powrotem do portfela w celu przechowywania. Aby uzyska\u0107 optymalne wyniki, nale\u017cy unika\u0107 przeci\u0105\u017cania karty zbyt du\u017c\u0105 ilo\u015bci\u0105 materia\u0142u, poniewa\u017c mo\u017ce to wp\u0142yn\u0105\u0107 na wydajno\u015b\u0107. Intuicyjna konstrukcja karty Marijuana Grinder eliminuje z\u0142o\u017cono\u015b\u0107, czyni\u0105c j\u0105 niezawodnym wyborem do szybkiego szlifowania w domu lub w podr\u00f3\u017cy. Przeno\u015bno\u015b\u0107 i \u0142atwo\u015b\u0107 obs\u0142ugi sprawiaj\u0105, \u017ce jest to niezb\u0119dne narz\u0119dzie dla tych, kt\u00f3rzy stawiaj\u0105 na wygod\u0119 i jako\u015b\u0107 mielenia.<\/p>\n<p dir=\"ltr\">\n<p dir=\"ltr\"><strong>Ostrze\u017cenie<\/strong><br \/>\nTen produkt mo\u017ce narazi\u0107 u\u017cytkownika na dzia\u0142anie substancji chemicznych, w tym nikotyny, o kt\u00f3rej wiadomo, \u017ce powoduje wady wrodzone lub inne szkody rozrodcze. U\u017cywaj ostro\u017cnie i przechowuj poza zasi\u0119giem dzieci.<\/p>","protected":false},"excerpt":{"rendered":"<p dir=\"ltr\" data-pm-slice=\"1 1 []\">Karta Marijuana Grinder to przeno\u015bne, organiczne i trwa\u0142e narz\u0119dzie do mielenia zaprojektowane z my\u015bl\u0105 o wygodzie. Wielko\u015bci\u0105 przypomina kart\u0119 kredytow\u0105, dzi\u0119ki czemu bez problemu mie\u015bci si\u0119 w portfelu i posiada \u017cywy wz\u00f3r li\u015bcia marihuany. Idealny do u\u017cytku w podr\u00f3\u017cy, zapewnia wydajne mielenie z \u0142atwo\u015bci\u0105.<\/p>","protected":false},"featured_media":26912,"template":"","meta":[],"product_brand":[],"product_cat":[503,297,489,488],"product_tag":[],"class_list":{"0":"post-26911","1":"product","2":"type-product","3":"status-publish","4":"has-post-thumbnail","6":"product_cat-card-grinders","7":"product_cat-all-products","8":"product_cat-grinders","9":"product_cat-headshop","10":"product_shipping_class-creditcard-on","12":"first","13":"instock","14":"taxable","15":"shipping-taxable","16":"purchasable","17":"product-type-variable","18":"has-default-attributes"},"_links":{"self":[{"href":"https:\/\/www.tatanka.nl\/pl\/wp-json\/wp\/v2\/product\/26911","targetHints":{"allow":["GET"]}}],"collection":[{"href":"https:\/\/www.tatanka.nl\/pl\/wp-json\/wp\/v2\/product"}],"about":[{"href":"https:\/\/www.tatanka.nl\/pl\/wp-json\/wp\/v2\/types\/product"}],"wp:featuredmedia":[{"embeddable":true,"href":"https:\/\/www.tatanka.nl\/pl\/wp-json\/wp\/v2\/media\/26912"}],"wp:attachment":[{"href":"https:\/\/www.tatanka.nl\/pl\/wp-json\/wp\/v2\/media?parent=26911"}],"wp:term":[{"taxonomy":"product_brand","embeddable":true,"href":"https:\/\/www.tatanka.nl\/pl\/wp-json\/wp\/v2\/product_brand?post=26911"},{"taxonomy":"product_cat","embeddable":true,"href":"https:\/\/www.tatanka.nl\/pl\/wp-json\/wp\/v2\/product_cat?post=26911"},{"taxonomy":"product_tag","embeddable":true,"href":"https:\/\/www.tatanka.nl\/pl\/wp-json\/wp\/v2\/product_tag?post=26911"}],"curies":[{"name":"wp","href":"https:\/\/api.w.org\/{rel}","templated":true}]}}