{"id":26915,"date":"2020-03-07T17:24:50","date_gmt":"2020-03-07T17:24:50","guid":{"rendered":"https:\/\/www.tatanka.nl\/?post_type=product&#038;p=26915"},"modified":"2025-07-22T08:36:32","modified_gmt":"2025-07-22T07:36:32","slug":"peace-card-grinder","status":"publish","type":"product","link":"https:\/\/www.tatanka.nl\/pl\/peace-card-grinder\/","title":{"rendered":"Peace \u2013 Card Grinder"},"content":{"rendered":"<h2 dir=\"ltr\" data-pm-slice=\"1 1 []\">Co to jest Peace \u2013 Card Grinder?<\/h2>\n<p dir=\"ltr\">Grinder Card to przeno\u015bne narz\u0119dzie szlifierskie wielko\u015bci portfela, stworzone z my\u015bl\u0105 o wygodzie i wydajno\u015bci. Mierzy oko\u0142o 5,3 cm x 8,3 cm i wa\u017cy zaledwie 15 gram\u00f3w, odzwierciedlaj\u0105c rozmiar standardowej wizyt\u00f3wki lub karty kredytowej, co czyni go idealnym towarzyszem do u\u017cytku w podr\u00f3\u017cy. Jego wytrzyma\u0142a konstrukcja zapewnia d\u0142ugotrwa\u0142\u0105 wydajno\u015b\u0107, a wz\u00f3r znaku pokoju dodaje odrobin\u0119 stylu. Wystarczy przytrzyma\u0107 kart\u0119 Grinder nad tack\u0105 i energicznie pociera\u0107 materia\u0142, aby uzyska\u0107 drobno zmielone rezultaty. Narz\u0119dzie to jest idealne dla tych, kt\u00f3rzy ceni\u0105 sobie przeno\u015bno\u015b\u0107 bez uszczerbku dla funkcjonalno\u015bci i jest niezb\u0119dne dla ka\u017cdego, kto potrzebuje dyskretnego i niezawodnego rozwi\u0105zania do mielenia. Jego kompaktowa konstrukcja pozwala bez trudu zmie\u015bci\u0107 go w ka\u017cdym portfelu, zapewniaj\u0105c, \u017ce zawsze jeste\u015b przygotowany. Intuicyjna konstrukcja karty Grinder Card sprawia, \u017ce jest ona dost\u0119pna zar\u00f3wno dla pocz\u0105tkuj\u0105cych, jak i do\u015bwiadczonych u\u017cytkownik\u00f3w, oferuj\u0105c bezproblemow\u0105 obs\u0142ug\u0119 w dowolnym miejscu. Niezale\u017cnie od tego, czy jeste\u015b w domu, czy w podr\u00f3\u017cy, to lekkie narz\u0119dzie zapewnia sp\u00f3jne wyniki przy minimalnym wysi\u0142ku, na nowo definiuj\u0105c wygod\u0119 szlifowania.<\/p>\n<h2 dir=\"ltr\">Historia Peace \u2013 Card Grinder<\/h2>\n<p dir=\"ltr\">Karta Grinder powsta\u0142a jako innowacyjne rozwi\u0105zanie w zakresie przeno\u015bnych narz\u0119dzi szlifierskich. Na pocz\u0105tku XXI wieku tradycyjne szlifierki by\u0142y niepor\u0119czne i niewygodne w podr\u00f3\u017cy, co sk\u0142oni\u0142o tw\u00f3rc\u00f3w do zaprojektowania smuk\u0142ej, przyjaznej dla portfela alternatywy. Zainspirowana rozmiarem i por\u0119czno\u015bci\u0105 kart kredytowych, powsta\u0142a Grinder Card, \u0142\u0105cz\u0105ca funkcjonalno\u015b\u0107 z dyskrecj\u0105. Jej rozw\u00f3j koncentrowa\u0142 si\u0119 na stworzeniu trwa\u0142ego, lekkiego narz\u0119dzia, kt\u00f3re mog\u0142oby wytrzyma\u0107 cz\u0119ste u\u017cytkowanie, pozostaj\u0105c jednocze\u015bnie \u0142atwym do przenoszenia. Wprowadzony p\u00f3\u017aniej znak pokoju stanowi\u0142 kulturowy uk\u0142on w stron\u0119 pokoju i indywidualno\u015bci, trafiaj\u0105c do u\u017cytkownik\u00f3w ceni\u0105cych zar\u00f3wno styl, jak i tre\u015b\u0107. Z biegiem lat, karta Grinder ewoluowa\u0142a dzi\u0119ki ulepszonym materia\u0142om i projektom, zapewniaj\u0105c, \u017ce pozostaje ulubion\u0105 w\u015br\u00f3d os\u00f3b poszukuj\u0105cych przeno\u015bno\u015bci. Jej rosn\u0105ca popularno\u015b\u0107 odzwierciedla rosn\u0105ce zapotrzebowanie na kompaktowe, przyjazne dla u\u017cytkownika narz\u0119dzia, kt\u00f3re idealnie pasuj\u0105 do nowoczesnego stylu \u017cycia. Obecnie karta Grinder jest \u015bwiadectwem innowacyjnego wzornictwa, \u0142\u0105cz\u0105cego praktyczno\u015b\u0107 z eleganck\u0105 estetyk\u0105, kt\u00f3ra przemawia do szerokiego grona odbiorc\u00f3w. Jej historia podkre\u015bla zaanga\u017cowanie w zaspokajanie potrzeb u\u017cytkownik\u00f3w z kreatywno\u015bci\u0105 i precyzj\u0105.<\/p>\n<h2 dir=\"ltr\">Jak korzysta\u0107 z Peace \u2013 Card Grinder<\/h2>\n<p dir=\"ltr\">Korzystanie z karty Grinder jest proste i wydajne, co czyni j\u0105 idealn\u0105 dla u\u017cytkownik\u00f3w na wszystkich poziomach do\u015bwiadczenia. Aby rozpocz\u0105\u0107, wyjmij kart\u0119 Grinder z etui ochronnego, kt\u00f3re ma pasuj\u0105cy wz\u00f3r znaku pokoju. Przytrzymaj kart\u0119 nad czyst\u0105 tac\u0105 lub powierzchni\u0105, aby z\u0142apa\u0107 zmielony materia\u0142. Umie\u015b\u0107 materia\u0142, kt\u00f3ry chcesz zmieli\u0107 na teksturowanej powierzchni karty Grinder, a nast\u0119pnie energicznie pocieraj nim w prz\u00f3d i w ty\u0142. Wytrzyma\u0142a powierzchnia kraty zapewnia sp\u00f3jne mielenie przy minimalnym wysi\u0142ku. Po zako\u0144czeniu pracy nale\u017cy zebra\u0107 zmielony materia\u0142 z tacki i wyczy\u015bci\u0107 kart\u0119 Grinder mi\u0119kk\u0105 szczotk\u0105 lub \u015bciereczk\u0105, aby zachowa\u0107 jej wydajno\u015b\u0107. Kompaktowy rozmiar u\u0142atwia przechowywanie urz\u0105dzenia w portfelu, dzi\u0119ki czemu jest ono zawsze gotowe do u\u017cycia. Aby uzyska\u0107 najlepsze wyniki, nale\u017cy unika\u0107 przeci\u0105\u017cania karty zbyt du\u017c\u0105 ilo\u015bci\u0105 materia\u0142u na raz, poniewa\u017c mo\u017ce to zmniejszy\u0107 wydajno\u015b\u0107. Intuicyjna konstrukcja karty Grinder eliminuje potrzeb\u0119 korzystania ze skomplikowanych instrukcji, dzi\u0119ki czemu jest to idealne narz\u0119dzie do szybkiego i skutecznego szlifowania, zar\u00f3wno w domu, jak i w podr\u00f3\u017cy.<\/p>\n<p dir=\"ltr\">\n<p dir=\"ltr\">Karta Grinder jest wykonana z wysokiej jako\u015bci, trwa\u0142ych materia\u0142\u00f3w zaprojektowanych z my\u015bl\u0105 o d\u0142ugowieczno\u015bci i wydajno\u015bci. Sama karta jest zwykle wykonana ze stali nierdzewnej, znanej z odporno\u015bci na zu\u017cycie i korozj\u0119, dzi\u0119ki czemu karta Grinder pozostaje skuteczna nawet przy cz\u0119stym u\u017cytkowaniu. Powierzchnia kraty jest precyzyjnie zaprojektowana, aby zapewni\u0107 optymalne wyniki szlifowania, r\u00f3wnowa\u017c\u0105c ostro\u015b\u0107 i bezpiecze\u0144stwo. Do\u0142\u0105czony pokrowiec, kt\u00f3ry chroni kart\u0119, gdy nie jest u\u017cywana, jest wykonany z lekkiego, ale wytrzyma\u0142ego materia\u0142u, cz\u0119sto z tworzywa sztucznego lub wzmocnionej tkaniny, z kultowym wzorem znaku pokoju. Etui nie tylko chroni kart\u0119 Grinder, ale tak\u017ce dodaje jej stylu i u\u0142atwia przenoszenie. Na powierzchni\u0119 szlifiersk\u0105 nie s\u0105 nak\u0142adane \u017cadne dodatkowe pow\u0142oki ani chemikalia, co zapewnia czysty i bezpieczny proces szlifowania. Materia\u0142y zosta\u0142y wybrane ze wzgl\u0119du na ich trwa\u0142o\u015b\u0107 i \u0142atwo\u015b\u0107 konserwacji, umo\u017cliwiaj\u0105c u\u017cytkownikom \u0142atwe czyszczenie karty po ka\u017cdym u\u017cyciu. Po\u0142\u0105czenie stali nierdzewnej i tulei ochronnej sprawia, \u017ce karta Grinder jest zar\u00f3wno funkcjonalna, jak i estetyczna, co czyni j\u0105 niezawodnym narz\u0119dziem do codziennego u\u017cytku.<\/p>\n<p dir=\"ltr\"><strong>Ostrze\u017cenie<\/strong><br \/>\nTen produkt mo\u017ce narazi\u0107 u\u017cytkownika na dzia\u0142anie substancji chemicznych, w tym nikotyny, o kt\u00f3rej wiadomo, \u017ce powoduje wady wrodzone lub inne szkody rozrodcze. U\u017cywaj ostro\u017cnie i przechowuj poza zasi\u0119giem dzieci.<\/p>","protected":false},"excerpt":{"rendered":"<p dir=\"ltr\" data-pm-slice=\"1 1 []\">Peace \u2013 Card Grinder to kompaktowe, wytrzyma\u0142e i przyjazne w podr\u00f3\u017cy narz\u0119dzie przeznaczone do szlifowania bez wysi\u0142ku. Rozmiar przypominaj\u0105cy kart\u0119 kredytow\u0105 idealnie pasuje do portfela, zapewniaj\u0105c wygod\u0119 i przeno\u015bno\u015b\u0107. Dzi\u0119ki eleganckiemu wzornictwu ze znakiem pokoju, ta karta szlifierska zapewnia skuteczne rezultaty z \u0142atwo\u015bci\u0105.<\/p>","protected":false},"featured_media":26930,"template":"","meta":[],"product_brand":[],"product_cat":[503,297,489,488],"product_tag":[],"class_list":{"0":"post-26915","1":"product","2":"type-product","3":"status-publish","4":"has-post-thumbnail","6":"product_cat-card-grinders","7":"product_cat-all-products","8":"product_cat-grinders","9":"product_cat-headshop","10":"product_shipping_class-creditcard-on","12":"first","13":"instock","14":"taxable","15":"shipping-taxable","16":"purchasable","17":"product-type-variable","18":"has-default-attributes"},"_links":{"self":[{"href":"https:\/\/www.tatanka.nl\/pl\/wp-json\/wp\/v2\/product\/26915","targetHints":{"allow":["GET"]}}],"collection":[{"href":"https:\/\/www.tatanka.nl\/pl\/wp-json\/wp\/v2\/product"}],"about":[{"href":"https:\/\/www.tatanka.nl\/pl\/wp-json\/wp\/v2\/types\/product"}],"wp:featuredmedia":[{"embeddable":true,"href":"https:\/\/www.tatanka.nl\/pl\/wp-json\/wp\/v2\/media\/26930"}],"wp:attachment":[{"href":"https:\/\/www.tatanka.nl\/pl\/wp-json\/wp\/v2\/media?parent=26915"}],"wp:term":[{"taxonomy":"product_brand","embeddable":true,"href":"https:\/\/www.tatanka.nl\/pl\/wp-json\/wp\/v2\/product_brand?post=26915"},{"taxonomy":"product_cat","embeddable":true,"href":"https:\/\/www.tatanka.nl\/pl\/wp-json\/wp\/v2\/product_cat?post=26915"},{"taxonomy":"product_tag","embeddable":true,"href":"https:\/\/www.tatanka.nl\/pl\/wp-json\/wp\/v2\/product_tag?post=26915"}],"curies":[{"name":"wp","href":"https:\/\/api.w.org\/{rel}","templated":true}]}}