{"id":26924,"date":"2020-03-07T18:10:31","date_gmt":"2020-03-07T18:10:31","guid":{"rendered":"https:\/\/www.tatanka.nl\/?post_type=product&#038;p=26924"},"modified":"2025-07-15T08:16:23","modified_gmt":"2025-07-15T07:16:23","slug":"yin-yang-card-grinder","status":"publish","type":"product","link":"https:\/\/www.tatanka.nl\/pl\/yin-yang-card-grinder\/","title":{"rendered":"Yin Yang \u2013 Card Grinder"},"content":{"rendered":"<h2 dir=\"ltr\" data-pm-slice=\"1 1 []\">Czym jest Yin-Yang Card Grinder?<\/h2>\n<p dir=\"ltr\">Yin-Yang Card Grinder to eleganckie narz\u0119dzie wielko\u015bci karty kredytowej, zaprojektowane z my\u015bl\u0105 o \u0142atwym i przeno\u015bnym mieleniu materia\u0142\u00f3w do palenia. Mierz\u0105c oko\u0142o 5,3 cm x 8,3 cm i wa\u017c\u0105c zaledwie 15 gram\u00f3w, bez trudu mie\u015bci si\u0119 w portfelu, co czyni go idealnym towarzyszem dla tych, kt\u00f3rzy potrzebuj\u0105 dyskretnego i skutecznego rozwi\u0105zania do mielenia. Card Grinder posiada teksturowan\u0105 powierzchni\u0119, kt\u00f3ra skutecznie przetwarza materia\u0142y podczas pocierania o tack\u0119. Towarzysz\u0105cy jej pokrowiec, ozdobiony tym samym kultowym wzorem Yin-Yang, zapewnia ochron\u0119 i zwi\u0119ksza estetyk\u0119. Wykonany z my\u015bl\u0105 o trwa\u0142o\u015bci, model Card Grinder zapewnia niezawodn\u0105 wydajno\u015b\u0107 bez konieczno\u015bci stosowania tradycyjnych m\u0142ynk\u00f3w. Jego minimalistyczny design i praktyczna funkcjonalno\u015b\u0107 sprawiaj\u0105, \u017ce jest to pozycja obowi\u0105zkowa dla u\u017cytkownik\u00f3w poszukuj\u0105cych wygody bez kompromis\u00f3w w zakresie jako\u015bci. Niezale\u017cnie od tego, czy jeste\u015b w domu, czy w podr\u00f3\u017cy, Yin-Yang Card Grinder oferuje p\u0142ynne mielenie, \u0142\u0105cz\u0105c styl, przeno\u015bno\u015b\u0107 i wydajno\u015b\u0107 w jednym kompaktowym pakiecie. Idealny dla tych, kt\u00f3rzy ceni\u0105 sobie zar\u00f3wno form\u0119, jak i funkcjonalno\u015b\u0107, Card Grinder na nowo definiuje wygod\u0119 dla entuzjast\u00f3w palenia.<\/p>\n<h2 dir=\"ltr\">Wi\u0119cej informacji o Yin-Yang Card Grinder<\/h2>\n<p dir=\"ltr\">Koncepcja Yin-Yang Card Grinder wy\u0142oni\u0142a si\u0119 z potrzeby przeno\u015bnych, dyskretnych rozwi\u0105za\u0144 miel\u0105cych na rynku akcesori\u00f3w do palenia. Zainspirowany staro\u017cytn\u0105 chi\u0144sk\u0105 filozofi\u0105 Yin i Yang, kt\u00f3ra reprezentuje r\u00f3wnowag\u0119 i harmoni\u0119, projekt Card Grinder odzwierciedla t\u0119 dwoisto\u015b\u0107 poprzez sw\u00f3j kultowy symbol. Pocz\u0105tkowo m\u0142ynki by\u0142y niepor\u0119czne i niepraktyczne w podr\u00f3\u017cy, co sk\u0142oni\u0142o innowator\u00f3w do stworzenia kompaktowej alternatywy. Format Card Grinder, przypominaj\u0105cy kart\u0119 kredytow\u0105, zosta\u0142 wprowadzony z my\u015bl\u0105 o nowoczesnym, mobilnym stylu \u017cycia. \u0141\u0105cz\u0105c funkcjonalno\u015b\u0107 z atrakcyjnym wygl\u0105dem, Yin-Yang Card Grinder szybko zyska\u0142 popularno\u015b\u0107 w\u015br\u00f3d u\u017cytkownik\u00f3w, kt\u00f3rzy cenili sobie zar\u00f3wno estetyk\u0119, jak i praktyczno\u015b\u0107. Jego rozw\u00f3j obejmowa\u0142 udoskonalenie materia\u0142\u00f3w w celu zapewnienia trwa\u0142o\u015bci przy jednoczesnym zachowaniu lekkiego profilu odpowiedniego do przechowywania portfela. Z biegiem czasu Card Grinder ewoluowa\u0142 w uniwersalne narz\u0119dzie, a konstrukcja Yin-Yang sta\u0142a si\u0119 wyr\u00f3\u017cniaj\u0105c\u0105 cech\u0105 ze wzgl\u0119du na sw\u00f3j kulturowy rezonans i atrakcyjno\u015b\u0107 wizualn\u0105. Dzi\u015b jest symbolem innowacji w bran\u017cy akcesori\u00f3w dla palaczy, oferuj\u0105c idealne po\u0142\u0105czenie tradycji i nowoczesno\u015bci dla u\u017cytkownik\u00f3w na ca\u0142ym \u015bwiecie. Jego kompaktowy rozmiar i unikalny design sprawi\u0142y, \u017ce sta\u0142 si\u0119 podstaw\u0105 dla tych, kt\u00f3rzy szukaj\u0105 wygody bez po\u015bwi\u0119cania stylu lub wydajno\u015bci.<\/p>\n<h2 dir=\"ltr\">Jak korzysta\u0107 z Yin-Yang Card Grinder<\/h2>\n<p dir=\"ltr\">Korzystanie z Yin-Yang Card Grinder jest proste i intuicyjne, co czyni go doskona\u0142ym wyborem zar\u00f3wno dla pocz\u0105tkuj\u0105cych, jak i do\u015bwiadczonych u\u017cytkownik\u00f3w. Aby rozpocz\u0105\u0107, wyjmij Card Grinder z etui ochronnego. Przytrzymaj go nad czyst\u0105 tac\u0105 lub powierzchni\u0105, aby zebra\u0107 zmielony materia\u0142. Umie\u015b\u0107 materia\u0142 do palenia na teksturowanej powierzchni karty Card Grinder, a nast\u0119pnie energicznie pocieraj j\u0105 w prz\u00f3d i w ty\u0142. Specjalnie zaprojektowana powierzchnia miel\u0105ca karty rozbije materia\u0142 na drobn\u0105, sp\u00f3jn\u0105 tekstur\u0119 odpowiedni\u0105 do u\u017cycia. Aby uzyska\u0107 najlepsze rezultaty, stosuj r\u00f3wnomierny nacisk i unikaj przeci\u0105\u017cania karty zbyt du\u017c\u0105 ilo\u015bci\u0105 materia\u0142u na raz. Po zako\u0144czeniu stuknij delikatnie Card Grinder, aby usun\u0105\u0107 wszelkie pozosta\u0142o\u015bci do tacy. Wyczy\u015b\u0107 kart\u0119 mi\u0119kk\u0105 szczoteczk\u0105 lub \u015bciereczk\u0105, aby zachowa\u0107 jej skuteczno\u015b\u0107 i przechowuj j\u0105 z powrotem w etui Yin-Yang. Jego kompaktowy rozmiar sprawia, \u017ce bez problemu mie\u015bci si\u0119 w portfelu, gotowy do u\u017cycia w razie potrzeby. Prostota i przeno\u015bno\u015b\u0107 Yin-Yang Card Grinder sprawiaj\u0105, \u017ce jest to niezawodne narz\u0119dzie do szlifowania w podr\u00f3\u017cy, dzi\u0119ki czemu zawsze jeste\u015b przygotowany bez konieczno\u015bci noszenia ze sob\u0105 niepor\u0119cznego sprz\u0119tu. Nale\u017cy zawsze obchodzi\u0107 si\u0119 z ni\u0105 ostro\u017cnie, aby zachowa\u0107 jej trwa\u0142o\u015b\u0107 i wydajno\u015b\u0107.<\/p>\n<p dir=\"ltr\" data-pm-slice=\"1 1 []\"><strong>Ostrze\u017cenie<\/strong><br \/>\nTen produkt mo\u017ce narazi\u0107 u\u017cytkownika na dzia\u0142anie substancji chemicznych, w tym nikotyny, o kt\u00f3rej wiadomo, \u017ce powoduje wady wrodzone lub inne szkody rozrodcze. U\u017cywaj ostro\u017cnie i trzymaj poza zasi\u0119giem dzieci. Nale\u017cy zawsze przestrzega\u0107 lokalnych przepis\u00f3w dotycz\u0105cych korzystania z akcesori\u00f3w do palenia.<\/p>\n<h2 dir=\"ltr\"><\/h2>","protected":false},"excerpt":{"rendered":"<p dir=\"ltr\" data-pm-slice=\"1 1 []\">Yin-Yang Card Grinder to kompaktowe, przyjazne dla portfela narz\u0119dzie zaprojektowane do mielenia materia\u0142\u00f3w do palenia w podr\u00f3\u017cy. Wykonany z uderzaj\u0105cym wzorem Yin-Yang, ten wytrzyma\u0142y Card Grinder i pasuj\u0105cy do niego r\u0119kaw idealnie pasuj\u0105 do ka\u017cdego standardowego portfela, oferuj\u0105c wygod\u0119 i styl dla u\u017cytkownik\u00f3w, kt\u00f3rzy ceni\u0105 sobie przeno\u015bno\u015b\u0107 i wydajno\u015b\u0107.<\/p>","protected":false},"featured_media":26926,"template":"","meta":[],"product_brand":[],"product_cat":[503,297,489,488],"product_tag":[],"class_list":{"0":"post-26924","1":"product","2":"type-product","3":"status-publish","4":"has-post-thumbnail","6":"product_cat-card-grinders","7":"product_cat-all-products","8":"product_cat-grinders","9":"product_cat-headshop","10":"product_shipping_class-creditcard-on","12":"first","13":"instock","14":"taxable","15":"shipping-taxable","16":"purchasable","17":"product-type-variable","18":"has-default-attributes"},"_links":{"self":[{"href":"https:\/\/www.tatanka.nl\/pl\/wp-json\/wp\/v2\/product\/26924","targetHints":{"allow":["GET"]}}],"collection":[{"href":"https:\/\/www.tatanka.nl\/pl\/wp-json\/wp\/v2\/product"}],"about":[{"href":"https:\/\/www.tatanka.nl\/pl\/wp-json\/wp\/v2\/types\/product"}],"wp:featuredmedia":[{"embeddable":true,"href":"https:\/\/www.tatanka.nl\/pl\/wp-json\/wp\/v2\/media\/26926"}],"wp:attachment":[{"href":"https:\/\/www.tatanka.nl\/pl\/wp-json\/wp\/v2\/media?parent=26924"}],"wp:term":[{"taxonomy":"product_brand","embeddable":true,"href":"https:\/\/www.tatanka.nl\/pl\/wp-json\/wp\/v2\/product_brand?post=26924"},{"taxonomy":"product_cat","embeddable":true,"href":"https:\/\/www.tatanka.nl\/pl\/wp-json\/wp\/v2\/product_cat?post=26924"},{"taxonomy":"product_tag","embeddable":true,"href":"https:\/\/www.tatanka.nl\/pl\/wp-json\/wp\/v2\/product_tag?post=26924"}],"curies":[{"name":"wp","href":"https:\/\/api.w.org\/{rel}","templated":true}]}}