{"id":26931,"date":"2020-03-07T19:45:19","date_gmt":"2020-03-07T19:45:19","guid":{"rendered":"https:\/\/www.tatanka.nl\/?post_type=product&#038;p=26931"},"modified":"2025-07-15T08:08:46","modified_gmt":"2025-07-15T07:08:46","slug":"raw-large-metal-rolling-tray","status":"publish","type":"product","link":"https:\/\/www.tatanka.nl\/pl\/raw-large-metal-rolling-tray\/","title":{"rendered":"Raw Rolling Tray \u2013 Large"},"content":{"rendered":"<h2 dir=\"auto\">Czym s\u0105 RAW Classic Large Rolling Trays?<\/h2>\n<p dir=\"auto\">RAW Classic Lap Rolling Tray to przestronne akcesorium do palenia zaprojektowane z my\u015bl\u0105 o najwy\u017cszej wygodzie i stylu. Ta du\u017ca taca o wymiarach 34 cm x 28 cm na\u015bladuje wygl\u0105d tradycyjnych bletek RAW z kultowym nadrukiem marki. Zbudowany z grubego, odpornego na odkszta\u0142cenia metalu, posiada zakrzywione kraw\u0119dzie wewn\u0119trzne, aby utrzyma\u0107 materia\u0142y w ryzach, zapobiegaj\u0105c ucieczkom lub utkni\u0119ciu pozosta\u0142o\u015bci w rogach. Wega\u0144skie, przyjazne dla \u015brodowiska \u0142uski gryki w podstawie poduszki tworz\u0105 amortyzowan\u0105, antypo\u015blizgow\u0105 powierzchni\u0119, kt\u00f3ra wygodnie mie\u015bci si\u0119 na kolanach, idealn\u0105 do relaksuj\u0105cych sesji na kanapie z filmami i przek\u0105skami. Idealny do organizowania papier\u00f3w, filtr\u00f3w i zi\u00f3\u0142, RAW Classic Lap Rolling Tray zapewnia, \u017ce wszystko pozostaje na swoim miejscu, minimalizuj\u0105c odpady i ba\u0142agan. Jego du\u017cy rozmiar pozwala na wi\u0119ksze potrzeby, dzi\u0119ki czemu jest ulubionym rozwi\u0105zaniem do u\u017cytku domowego lub udost\u0119pniania. Taca ta uciele\u015bnia zaanga\u017cowanie firmy RAW w naturalne, funkcjonalne produkty, oferuj\u0105c palaczom niezawodn\u0105, ekologiczn\u0105 przestrze\u0144, kt\u00f3ra wzmacnia rytua\u0142 autentyczno\u015bci\u0105 i \u0142atwo\u015bci\u0105. Zar\u00f3wno do codziennego u\u017cytku, jak i na specjalne okazje, RAW Classic Lap Rolling Tray \u0142\u0105czy praktyczno\u015b\u0107 z uk\u0142onem w stron\u0119 kultury konopi indyjskich, zapewniaj\u0105c p\u0142ynne, przyjemne wra\u017cenia entuzjastom, kt\u00f3rzy ceni\u0105 jako\u015b\u0107 i innowacyjno\u015b\u0107 swoich akcesori\u00f3w.<\/p>\n<h2 dir=\"auto\">Historia RAW the Classic Large Rolling Tray<\/h2>\n<p dir=\"auto\">RAW Classic Lap Rolling Tray wywodzi si\u0119 z wizjonerskiej podr\u00f3\u017cy za\u0142o\u017cyciela RAW Josha Kesselmana, kt\u00f3ry za\u0142o\u017cy\u0142 mark\u0119 RAW w 2005 roku po odkryciu nierafinowanych, wolnych od dodatk\u00f3w produkt\u00f3w do palenia w latach 90-tych. Zaczynaj\u0105c od gara\u017cu, pasja Kesselmana do naturalnych materia\u0142\u00f3w doprowadzi\u0142a do stworzenia kultowych bletek RAW, rewolucjonizuj\u0105c bran\u017c\u0119 dzi\u0119ki zr\u00f3wnowa\u017conemu rozwojowi i czysto\u015bci. Tacki do zwijania, w tym wersja na kolanach, zosta\u0142y wprowadzone jako niezb\u0119dni towarzysze, ewoluuj\u0105c od podstawowych projekt\u00f3w do bogatych w funkcje akcesori\u00f3w, kt\u00f3re odzwierciedlaj\u0105 etos marki. Du\u017cy rozmiar 34 cm x 28 cm zosta\u0142 opracowany, aby zaspokoi\u0107 potrzeby u\u017cytkownik\u00f3w poszukuj\u0105cych wi\u0119kszej przestrzeni do wygodnego rolowania na kolanach, z poduszkami z gryki dla przyjazno\u015bci dla \u015brodowiska. Z biegiem lat firma RAW rozszerzy\u0142a swoj\u0105 dzia\u0142alno\u015b\u0107 na ca\u0142ym \u015bwiecie, odmawiaj\u0105c stosowania chemikali\u00f3w lub dodatk\u00f3w, co rozszerzy\u0142o si\u0119 na produkcj\u0119 tacek z trwa\u0142ym metalem i zakrzywionymi kraw\u0119dziami dla zwi\u0119kszenia wydajno\u015bci. Ta innowacja odzwierciedla\u0142a rosn\u0105cy popyt na funkcjonalny, naturalny sprz\u0119t do palenia w\u015br\u00f3d trend\u00f3w legalizacji marihuany. RAW Classic Lap Rolling Tray sta\u0142 si\u0119 podstaw\u0105, symbolizuj\u0105c oddanie Kesselmana autentyczno\u015bci i odpowiedzialno\u015bci za \u015brodowisko. Jego popularno\u015b\u0107 utrzymuje si\u0119, poniewa\u017c RAW nadal wprowadza innowacje, \u0142\u0105cz\u0105c tradycyjne rzemios\u0142o z nowoczesnymi potrzebami, przemawiaj\u0105c do spo\u0142eczno\u015bci, kt\u00f3ra ceni produkty zakorzenione w jako\u015bci, historii i zaanga\u017cowaniu w czyste, bezkompromisowe do\u015bwiadczenia, kt\u00f3re honoruj\u0105 podstawowe warto\u015bci marki.<\/p>\n<h2 dir=\"auto\">Jak korzysta\u0107 z RAW Classic Large Rolling Tray<\/h2>\n<p dir=\"auto\">Korzystanie z RAW Classic Lap Rolling Tray jest intuicyjne i dostosowane do bezproblemowego u\u017cytkowania. Umie\u015b\u0107 tack\u0119 na kolanach lub p\u0142askiej powierzchni, takiej jak kanapa, gdzie poduszka z \u0142uski gryki zapewnia stabilne, amortyzowane podparcie bez po\u015blizgu. Umie\u015b\u0107 swoje legalne materia\u0142y do palenia, papiery i narz\u0119dzia na rozleg\u0142ej metalowej powierzchni o wymiarach 34 x 28 cm, wykorzystuj\u0105c zakrzywione kraw\u0119dzie, aby wszystko bezpiecznie pomie\u015bci\u0107. Zmiel swoje zio\u0142a i zwi\u0144 bezpo\u015brednio na tacy, unikaj\u0105c odpad\u00f3w, poniewa\u017c pozosta\u0142o\u015bci nie zostan\u0105 uwi\u0119zione w zagnieceniach. Uszczelnij swoj\u0105 rolk\u0119 i ciesz si\u0119, dzi\u0119ki konstrukcji u\u0142atwiaj\u0105cej minimalne czyszczenie - wystarczy przetrze\u0107 szmatk\u0105, aby utrzyma\u0107 klasyczny nadruk RAW w nieskazitelnym stanie. Jej du\u017cy rozmiar pomie\u015bci sesje grupowe lub du\u017ce zapasy, idealne na wieczory filmowe z przek\u0105skami. Przechowuj w suchym miejscu, aby zachowa\u0107 trwa\u0142o\u015b\u0107. RAW Classic Lap Rolling Tray jest wszechstronny dla pocz\u0105tkuj\u0105cych i ekspert\u00f3w, promuj\u0105c organizacj\u0119 i wydajno\u015b\u0107. Po\u0142\u0105cz j\u0105 z papierami RAW, aby uzyska\u0107 autentyczn\u0105 konfiguracj\u0119. Integruj\u0105c t\u0119 tac\u0119, u\u017cytkownicy osi\u0105gaj\u0105 uporz\u0105dkowany, praktyczny proces, kt\u00f3ry celebruje funkcjonalno\u015b\u0107 i wygod\u0119, zapewniaj\u0105c, \u017ce ka\u017cda sesja jest p\u0142ynna, wolna od odpad\u00f3w i wzbogacona o naturalny klimat, kt\u00f3ry jest zgodny z etosem RAW, dzi\u0119ki czemu relaks i przygotowanie s\u0105 \u0142atwe i przyjemne dla d\u0142u\u017cszych, wyluzowanych chwil.<\/p>\n<p dir=\"auto\"><strong>Ostrze\u017cenie<\/strong><\/p>\n<p dir=\"auto\">Ten produkt mo\u017ce nara\u017ca\u0107 u\u017cytkownika na dzia\u0142anie substancji chemicznych, w tym nikotyny, kt\u00f3ra jest znana jako szkodliwa i mo\u017ce powodowa\u0107 wady wrodzone lub inne szkody rozrodcze. U\u017cywa\u0107 wy\u0142\u0105cznie z legalnymi materia\u0142ami do palenia. Przechowywa\u0107 w miejscu niedost\u0119pnym dla dzieci i zapewni\u0107 odpowiedni\u0105 wentylacj\u0119 podczas palenia, poniewa\u017c palenie stanowi zagro\u017cenie dla zdrowia. Przechowywa\u0107 w suchym miejscu w celu zachowania jako\u015bci. U\u017cywaj odpowiedzialnie.<\/p>","protected":false},"excerpt":{"rendered":"<p>Lap Rolling Tray RAW Classic to najwi\u0119ksza taca w naszej ofercie! Tacka do rolowania RAW Classic to nowa ods\u0142ona oryginalnej tacki do rolowania. Jest bardzo popularna i dost\u0119pna w trzech rozmiarach: ma\u0142ym, \u015brednim i du\u017cym. <strong>Du\u017cy rozmiar: 34 cm x 28 cm.<\/strong><\/p>","protected":false},"featured_media":26935,"template":"","meta":[],"product_brand":[],"product_cat":[554,297,488,471],"product_tag":[],"class_list":{"0":"post-26931","1":"product","2":"type-product","3":"status-publish","4":"has-post-thumbnail","6":"product_cat-rolling-trays","7":"product_cat-all-products","8":"product_cat-headshop","9":"product_cat-raw","10":"product_shipping_class-creditcard-on","12":"first","13":"instock","14":"taxable","15":"shipping-taxable","16":"product-type-variable","17":"has-default-attributes"},"_links":{"self":[{"href":"https:\/\/www.tatanka.nl\/pl\/wp-json\/wp\/v2\/product\/26931","targetHints":{"allow":["GET"]}}],"collection":[{"href":"https:\/\/www.tatanka.nl\/pl\/wp-json\/wp\/v2\/product"}],"about":[{"href":"https:\/\/www.tatanka.nl\/pl\/wp-json\/wp\/v2\/types\/product"}],"wp:featuredmedia":[{"embeddable":true,"href":"https:\/\/www.tatanka.nl\/pl\/wp-json\/wp\/v2\/media\/26935"}],"wp:attachment":[{"href":"https:\/\/www.tatanka.nl\/pl\/wp-json\/wp\/v2\/media?parent=26931"}],"wp:term":[{"taxonomy":"product_brand","embeddable":true,"href":"https:\/\/www.tatanka.nl\/pl\/wp-json\/wp\/v2\/product_brand?post=26931"},{"taxonomy":"product_cat","embeddable":true,"href":"https:\/\/www.tatanka.nl\/pl\/wp-json\/wp\/v2\/product_cat?post=26931"},{"taxonomy":"product_tag","embeddable":true,"href":"https:\/\/www.tatanka.nl\/pl\/wp-json\/wp\/v2\/product_tag?post=26931"}],"curies":[{"name":"wp","href":"https:\/\/api.w.org\/{rel}","templated":true}]}}