{"id":26977,"date":"2020-03-08T15:28:48","date_gmt":"2020-03-08T15:28:48","guid":{"rendered":"https:\/\/www.tatanka.nl\/?post_type=product&#038;p=26977"},"modified":"2025-07-15T07:58:05","modified_gmt":"2025-07-15T06:58:05","slug":"420-medium-rolling-tray","status":"publish","type":"product","link":"https:\/\/www.tatanka.nl\/pl\/420-medium-rolling-tray\/","title":{"rendered":"420 Rolling Tray \u2013 Medium"},"content":{"rendered":"<h2 dir=\"ltr\" data-pm-slice=\"1 1 []\">Czym s\u0105 V Syndicate 420 Medium Rolling Trays?<\/h2>\n<p dir=\"ltr\">Taca V Syndicate 420 Medium Rolling Tray to wysokiej jako\u015bci akcesorium do palenia zaprojektowane z my\u015bl\u0105 o wygodzie i stylu. Ta \u015brednia tacka o wymiarach 28 cm x 18 cm posiada \u017cywy nadruk kultowego logo 420, symbolizuj\u0105cego kultur\u0119 konopi indyjskich. Wykonana z wytrzyma\u0142ego metalu tacka posiada zaokr\u0105glone rogi i kraw\u0119dzie, kt\u00f3re zapobiegaj\u0105 marnowaniu i rozsypywaniu si\u0119 materia\u0142u, zapewniaj\u0105c wydajne zwijanie tytoniu. Zintegrowana podstawa poduszki, wype\u0142niona ekologicznymi \u0142uskami gryki, zapewnia amortyzowan\u0105, antypo\u015blizgow\u0105 powierzchni\u0119, kt\u00f3ra wygodnie spoczywa na kolanach, idealna do swobodnych sesji podczas ogl\u0105dania film\u00f3w lub przek\u0105sek. Idealny do porz\u0105dkowania bibu\u0142ek, filtr\u00f3w i zi\u00f3\u0142, V Syndicate 420 Medium Rolling Tray utrzymuje wszystko w jednym miejscu, dzi\u0119ki czemu jest niezb\u0119dny dla ka\u017cdego palacza. Kompaktowa konstrukcja pasuje do stolik\u00f3w kawowych lub podr\u00f3\u017cnych, a odwa\u017cna grafika dodaje zabawnego, kulturalnego akcentu do Twojej konfiguracji. Taca ta \u0142\u0105czy w sobie praktyczno\u015b\u0107 z uk\u0142onem w stron\u0119 dziedzictwa 420, przemawiaj\u0105c do entuzjast\u00f3w, kt\u00f3rzy ceni\u0105 sobie jako\u015b\u0107, funkcjonalno\u015b\u0107 i odjazdow\u0105 estetyk\u0119 dla p\u0142ynnego, przyjemnego rytua\u0142u palenia, kt\u00f3ry z \u0142atwo\u015bci\u0105 i polotem wzbogaca ka\u017cd\u0105 sesj\u0119.<\/p>\n<h2 dir=\"ltr\" data-pm-slice=\"1 1 []\">Wi\u0119cej informacji o The V Syndicate 420 Medium Rolling Tray<\/h2>\n<p dir=\"ltr\">V Syndicate 420 Medium Rolling Tray czerpie z innowacyjnej historii V Syndicate, za\u0142o\u017conej w 2010 roku wraz z wynalezieniem pierwszego na \u015bwiecie p\u0142askiego m\u0142ynka do zi\u00f3\u0142, Grinder Card. Marka szybko rozszerzy\u0142a si\u0119 o tacki do zwijania, \u0142\u0105cz\u0105c nowoczesn\u0105 funkcjonalno\u015b\u0107 z motywami kulturowymi. Logo 420 oddaje ho\u0142d slangowi konopnemu pochodz\u0105cemu z 1971 roku od grupy kalifornijskich licealist\u00f3w znanych jako Waldos, kt\u00f3rzy spotkali si\u0119 o 16:20, aby szuka\u0107 uprawy konopi, przekszta\u0142caj\u0105c je w globalny symbol konsumpcji marihuany. V Syndicate w\u0142\u0105czy\u0142 ten kultowy emblemat, aby uczci\u0107 ducha kontrkultury, wprowadzaj\u0105c na rynek tace, kt\u00f3re rezonuj\u0105 z palaczami na ca\u0142ym \u015bwiecie. Z biegiem lat firma udoskonali\u0142a swoje projekty, dodaj\u0105c takie funkcje, jak zakrzywione kraw\u0119dzie i poduszki z \u0142uski gryki, zapewniaj\u0105ce trwa\u0142o\u015b\u0107 i wygod\u0119. Ewolucja ta odzwierciedla zaanga\u017cowanie V Syndicate w podnoszenie jako\u015bci do\u015bwiadcze\u0144 palaczy poprzez wysokiej jako\u015bci akcesoria, kt\u00f3re szanuj\u0105 histori\u0119 konopi indyjskich, jednocze\u015bnie spe\u0142niaj\u0105c wsp\u00f3\u0142czesne potrzeby. Model V Syndicate 420 Medium Rolling Tray sta\u0142 si\u0119 podstaw\u0105, uciele\u015bniaj\u0105c dziedzictwo marki w zakresie innowacji i znaczenia kulturowego, przemawiaj\u0105c do u\u017cytkownik\u00f3w, kt\u00f3rzy ceni\u0105 sobie po\u0142\u0105czenie tradycji i praktyczno\u015bci w sprz\u0119cie do palenia, zapewniaj\u0105c mu miejsce jako ponadczasowy element na ewoluuj\u0105cym rynku akcesori\u00f3w do konopi indyjskich.<\/p>\n<h2 dir=\"ltr\" data-pm-slice=\"1 1 []\">Jak korzysta\u0107 z The V Syndicate 420 Medium Rolling Tray<\/h2>\n<p dir=\"ltr\">Korzystanie z V Syndicate 420 Medium Rolling Tray jest proste i usprawnia rutynowe rolowanie. Umie\u015b\u0107 tack\u0119 na p\u0142askiej powierzchni lub na kolanach, gdzie poduszka wype\u0142niona \u0142usk\u0105 gryki zapewnia stabilno\u015b\u0107 i wygod\u0119 bez po\u015blizgu. Zbierz legalne materia\u0142y do palenia, bibu\u0142ki i narz\u0119dzia na metalowej powierzchni o wymiarach 28 x 18 cm, korzystaj\u0105c z zakrzywionych kraw\u0119dzi, kt\u00f3re bezpiecznie przytrzymuj\u0105 wszystko. Zmiel swoje zio\u0142a i zwi\u0144 je w bibu\u0142ki bezpo\u015brednio na tacy, minimalizuj\u0105c ilo\u015b\u0107 odpad\u00f3w, poniewa\u017c nie ma zagniece\u0144, w kt\u00f3rych przedmioty mog\u0142yby utkn\u0105\u0107. Uszczelnij rolk\u0119 i ciesz si\u0119, a konstrukcja utrzymuje pozosta\u0142o\u015bci na miejscu, co u\u0142atwia czyszczenie - wystarczy przetrze\u0107 wilgotn\u0105 szmatk\u0105, aby zachowa\u0107 \u017cywy nadruk z logo 420. Przeno\u015bny rozmiar sprawia, \u017ce \u015bwietnie nadaje si\u0119 do u\u017cytku domowego lub w podr\u00f3\u017cy, \u0142atwo mieszcz\u0105c si\u0119 w torbach. Po\u0142\u0105cz go z przek\u0105skami i ulubionym filmem, aby cieszy\u0107 si\u0119 relaksuj\u0105c\u0105 sesj\u0105. Taca V Syndicate 420 Medium Rolling Tray jest wszechstronna dla pocz\u0105tkuj\u0105cych i ekspert\u00f3w, promuj\u0105c organizacj\u0119 i wydajno\u015b\u0107. Dzi\u0119ki tej tacce u\u017cytkownicy osi\u0105gaj\u0105 schludny, wolny od wyciek\u00f3w proces, kt\u00f3ry celebruje styl i funkcjonalno\u015b\u0107, zapewniaj\u0105c, \u017ce ka\u017cde palenie jest p\u0142ynne, przyjemne i nasycone kulturowym klimatem, kt\u00f3ry sprawia, \u017ce do\u015bwiadczenie jest bardziej wci\u0105gaj\u0105ce i bezproblemowe.<\/p>\n<p dir=\"ltr\" data-pm-slice=\"1 1 []\"><strong>Ostrze\u017cenie<\/strong><br \/>\nTen produkt mo\u017ce nara\u017ca\u0107 u\u017cytkownika na dzia\u0142anie substancji chemicznych, w tym nikotyny, kt\u00f3ra jest znana jako szkodliwa i mo\u017ce powodowa\u0107 wady wrodzone lub inne szkody rozrodcze. U\u017cywa\u0107 wy\u0142\u0105cznie z legalnymi materia\u0142ami do palenia. Przechowywa\u0107 w miejscu niedost\u0119pnym dla dzieci i zapewni\u0107 odpowiedni\u0105 wentylacj\u0119 podczas palenia, poniewa\u017c palenie stanowi zagro\u017cenie dla zdrowia. Przechowywa\u0107 w suchym miejscu w celu zachowania jako\u015bci. U\u017cywaj odpowiedzialnie.<\/p>\n<p dir=\"ltr\">","protected":false},"excerpt":{"rendered":"<p>V Syndicate 420 Medium Rolling Tray posiada \u017cywy nadruk logo 420. Taca 420 Medium Rolling jest idealna na stolik kawowy! Jest bardzo popularna i dost\u0119pna w dw\u00f3ch rozmiarach. <strong>Jest to \u015bredni rozmiar: 28 cm x 18 cm.<\/strong><\/p>","protected":false},"featured_media":27001,"template":"","meta":[],"product_brand":[],"product_cat":[554,297,488],"product_tag":[],"class_list":{"0":"post-26977","1":"product","2":"type-product","3":"status-publish","4":"has-post-thumbnail","6":"product_cat-rolling-trays","7":"product_cat-all-products","8":"product_cat-headshop","9":"product_shipping_class-creditcard-on","11":"first","12":"instock","13":"taxable","14":"shipping-taxable","15":"purchasable","16":"product-type-variable","17":"has-default-attributes"},"_links":{"self":[{"href":"https:\/\/www.tatanka.nl\/pl\/wp-json\/wp\/v2\/product\/26977","targetHints":{"allow":["GET"]}}],"collection":[{"href":"https:\/\/www.tatanka.nl\/pl\/wp-json\/wp\/v2\/product"}],"about":[{"href":"https:\/\/www.tatanka.nl\/pl\/wp-json\/wp\/v2\/types\/product"}],"wp:featuredmedia":[{"embeddable":true,"href":"https:\/\/www.tatanka.nl\/pl\/wp-json\/wp\/v2\/media\/27001"}],"wp:attachment":[{"href":"https:\/\/www.tatanka.nl\/pl\/wp-json\/wp\/v2\/media?parent=26977"}],"wp:term":[{"taxonomy":"product_brand","embeddable":true,"href":"https:\/\/www.tatanka.nl\/pl\/wp-json\/wp\/v2\/product_brand?post=26977"},{"taxonomy":"product_cat","embeddable":true,"href":"https:\/\/www.tatanka.nl\/pl\/wp-json\/wp\/v2\/product_cat?post=26977"},{"taxonomy":"product_tag","embeddable":true,"href":"https:\/\/www.tatanka.nl\/pl\/wp-json\/wp\/v2\/product_tag?post=26977"}],"curies":[{"name":"wp","href":"https:\/\/api.w.org\/{rel}","templated":true}]}}