{"id":27014,"date":"2020-03-08T20:51:08","date_gmt":"2020-03-08T20:51:08","guid":{"rendered":"https:\/\/www.tatanka.nl\/?post_type=product&#038;p=27014"},"modified":"2025-07-15T07:44:11","modified_gmt":"2025-07-15T06:44:11","slug":"jimi-hendrix-trance-tray-medium","status":"publish","type":"product","link":"https:\/\/www.tatanka.nl\/pl\/jimi-hendrix-trance-tray-medium\/","title":{"rendered":"Jimi Hendrix Trance Tray \u2013 Medium"},"content":{"rendered":"<h2 dir=\"ltr\" data-pm-slice=\"1 1 []\">Czym s\u0105 Jimi Hendrix Psychedelic Vibes Rolling Trays?<\/h2>\n<p dir=\"ltr\">Taca Jimi Hendrix Psychedelic Vibes Rolling Tray to wysokiej jako\u015bci akcesorium do palenia zaprojektowane dla entuzjast\u00f3w, kt\u00f3rzy ceni\u0105 sobie zar\u00f3wno funkcjonalno\u015b\u0107, jak i kultowy styl. Ta \u015bredniej wielko\u015bci tacka o wymiarach 28 cm x 18 cm posiada uderzaj\u0105cy, \u017cywy nadruk inspirowany legendarn\u0105 psychodeliczn\u0105 estetyk\u0105 Jimiego Hendrixa, oddaj\u0105c \u017cywego ducha ery rocka lat 60-tych. Wykonana z g\u0142adkimi, zakrzywionymi kraw\u0119dziami, zapewnia brak marnowania materia\u0142u, dzi\u0119ki czemu zwijanie jest \u0142atwe i wydajne. Idealny do u\u017cytku na stoliku kawowym lub w podr\u00f3\u017cy, Jimi Hendrix Psychedelic Vibes Rolling Tray \u0142\u0105czy w sobie praktyczno\u015b\u0107 z odwa\u017cnym, artystycznym designem, kt\u00f3ry oddaje ho\u0142d legendzie muzyki. Jego trwa\u0142a konstrukcja zapobiega rozlaniu, a przyci\u0105gaj\u0105ca wzrok grafika dodaje odrobin\u0119 osobowo\u015bci do zestawu do palenia. Idealna dla fan\u00f3w Hendrixa i tych, kt\u00f3rzy szukaj\u0105 niezawodnej, stylowej powierzchni do zwijania tytoniu, ta taca poprawia wra\u017cenia z palenia z uk\u0142onem w stron\u0119 historii kultury, zapewniaj\u0105c, \u017ce ka\u017cda sesja jest zar\u00f3wno funkcjonalna, jak i wizualnie urzekaj\u0105ca, zapewniaj\u0105c p\u0142ynny, odjazdowy rytua\u0142.<\/p>\n<h2 dir=\"ltr\" data-pm-slice=\"1 1 []\">Wi\u0119cej informacji o Jimi Hendrix Psychedelic Vibes Rolling Tray<\/h2>\n<p dir=\"ltr\">Taca Jimi Hendrix Psychedelic Vibes Rolling Tray czerpie inspiracj\u0119 z rewolucyjnej sceny muzycznej lat 60-tych, a w szczeg\u00f3lno\u015bci z kultowego kunsztu Jimiego Hendrixa. Wprowadzona przez The V Syndicate, mark\u0119 znan\u0105 z innowacyjnych akcesori\u00f3w do palenia, taca ta pojawi\u0142a si\u0119 jako cz\u0119\u015b\u0107 trendu \u0142\u0105czenia popkultury z funkcjonalnym wzornictwem. Hendrix, pionierski gitarzysta, by\u0142 znany ze swojego psychodelicznego stylu, w szczeg\u00f3lno\u015bci r\u0119cznie malowanej gitary Flying V, kt\u00f3ra wp\u0142yn\u0119\u0142a na \u017cywy design tacy. Taca Jimi Hendrix Psychedelic Vibes Rolling Tray, wprowadzona na rynek z my\u015bl\u0105 o fanach muzyki i palaczach, odzwierciedla odwa\u017cn\u0105 estetyk\u0119 epoki i ducha kontrkultury. Z biegiem czasu The V Syndicate udoskonali\u0142 swoje tace, stosuj\u0105c trwa\u0142e materia\u0142y i zakrzywione kraw\u0119dzie, aby zwi\u0119kszy\u0107 u\u017cyteczno\u015b\u0107 przy jednoczesnym zachowaniu artystycznego stylu. Produkt ten celebruje trwa\u0142e dziedzictwo Hendrixa, \u0142\u0105cz\u0105c jego wp\u0142yw wizualny i muzyczny z nowoczesn\u0105 kultur\u0105 palenia. Jego popularno\u015b\u0107 wynika z jego zdolno\u015bci do rezonowania z tymi, kt\u00f3rzy podziwiaj\u0105 zar\u00f3wno jako\u015b\u0107 wykonania, jak i nostalgiczny, buntowniczy klimat lat 60-tych, co czyni go ponadczasowym akcesorium dla entuzjast\u00f3w poszukuj\u0105cych po\u0142\u0105czenia stylu i funkcjonalno\u015bci.<\/p>\n<h2 dir=\"ltr\">Jak korzysta\u0107 z Jimi Hendrix Psychedelic Vibes Rolling Tray<\/h2>\n<p dir=\"ltr\">Korzystanie z tacy Jimi Hendrix Psychedelic Vibes Rolling Tray jest proste i zwi\u0119ksza przyjemno\u015b\u0107 z palenia. Umie\u015b\u0107 tack\u0119 na p\u0142askiej powierzchni, takiej jak stolik kawowy, aby stworzy\u0107 stabiln\u0105 przestrze\u0144 robocz\u0105. Zbierz legalne materia\u0142y do palenia, bletki i opcjonalne ko\u0144c\u00f3wki filtr\u00f3w, a nast\u0119pnie roz\u0142\u00f3\u017c je r\u00f3wnomiernie na powierzchni tacki o wymiarach 28 x 18 cm. Zakrzywione kraw\u0119dzie zapobiegaj\u0105 rozsypywaniu, utrzymuj\u0105c materia\u0142y w bezpiecznym miejscu. Skr\u0119\u0107 papierosa lub jointa bezpo\u015brednio na tacce, u\u017cywaj\u0105c g\u0142adkiej powierzchni do ukszta\u0142towania i szczelnego zapakowania materia\u0142u. Zwil\u017c pasek samoprzylepny papieru, aby go uszczelni\u0107, zapewniaj\u0105c bezpieczn\u0105 rolk\u0119. \u017bywy nadruk inspirowany Jimim Hendrixem dodaje stylowego t\u0142a, czyni\u0105c proces przyjemnym. Po u\u017cyciu wytrzyj tac\u0119 wilgotn\u0105 szmatk\u0105, aby utrzyma\u0107 j\u0105 w czysto\u015bci i przechowuj j\u0105 w suchym miejscu, aby zachowa\u0107 jej \u017cywy wygl\u0105d. Bletka Jimi Hendrix Psychedelic Vibes Rolling Tray jest przeno\u015bna i trwa\u0142a, idealna do domu lub w podr\u00f3\u017cy, zapewniaj\u0105c sp\u00f3jne, pozbawione ba\u0142aganu do\u015bwiadczenie zwijania, kt\u00f3re \u0142\u0105czy praktyczno\u015b\u0107 z uk\u0142onem w stron\u0119 kultury psychodelicznej, zapewniaj\u0105c za ka\u017cdym razem odlotow\u0105, wydajn\u0105 sesj\u0119.<\/p>\n<p dir=\"ltr\">\n<p dir=\"ltr\" data-pm-slice=\"1 1 []\"><strong>Ostrze\u017cenie<\/strong><br \/>\nJimi Hendrix Psychedelic Vibes Rolling Tray jest przeznaczony do u\u017cytku wy\u0142\u0105cznie z legalnymi materia\u0142ami do palenia. Przechowywa\u0107 w suchym miejscu, w miejscu niedost\u0119pnym dla dzieci. Podczas palenia nale\u017cy zapewni\u0107 odpowiedni\u0105 wentylacj\u0119, poniewa\u017c palenie stanowi zagro\u017cenie dla zdrowia. U\u017cywaj odpowiedzialnie.<\/p>","protected":false},"excerpt":{"rendered":"<p>V Syndicate Jimi Hendrix Psychedelic Vibes Medium Rolling Tray posiada \u017cywy nadruk Jimi Hendrix Psychedelic Vibes. Taca Medium Rolling Jimi Hendrix Psychedelic Vibes jest idealna na stolik kawowy! <strong>\u015aredni rozmiar: 28 cm x 18 cm<\/strong><\/p>","protected":false},"featured_media":27015,"template":"","meta":[],"product_brand":[],"product_cat":[554,297,488],"product_tag":[],"class_list":{"0":"post-27014","1":"product","2":"type-product","3":"status-publish","4":"has-post-thumbnail","6":"product_cat-rolling-trays","7":"product_cat-all-products","8":"product_cat-headshop","9":"product_shipping_class-creditcard-on","11":"first","12":"instock","13":"taxable","14":"shipping-taxable","15":"purchasable","16":"product-type-variable","17":"has-default-attributes"},"_links":{"self":[{"href":"https:\/\/www.tatanka.nl\/pl\/wp-json\/wp\/v2\/product\/27014","targetHints":{"allow":["GET"]}}],"collection":[{"href":"https:\/\/www.tatanka.nl\/pl\/wp-json\/wp\/v2\/product"}],"about":[{"href":"https:\/\/www.tatanka.nl\/pl\/wp-json\/wp\/v2\/types\/product"}],"wp:featuredmedia":[{"embeddable":true,"href":"https:\/\/www.tatanka.nl\/pl\/wp-json\/wp\/v2\/media\/27015"}],"wp:attachment":[{"href":"https:\/\/www.tatanka.nl\/pl\/wp-json\/wp\/v2\/media?parent=27014"}],"wp:term":[{"taxonomy":"product_brand","embeddable":true,"href":"https:\/\/www.tatanka.nl\/pl\/wp-json\/wp\/v2\/product_brand?post=27014"},{"taxonomy":"product_cat","embeddable":true,"href":"https:\/\/www.tatanka.nl\/pl\/wp-json\/wp\/v2\/product_cat?post=27014"},{"taxonomy":"product_tag","embeddable":true,"href":"https:\/\/www.tatanka.nl\/pl\/wp-json\/wp\/v2\/product_tag?post=27014"}],"curies":[{"name":"wp","href":"https:\/\/api.w.org\/{rel}","templated":true}]}}