{"id":29076,"date":"2017-10-08T14:37:58","date_gmt":"2017-10-08T13:37:58","guid":{"rendered":"https:\/\/www.tatanka.nl\/?post_type=product&#038;p=29076"},"modified":"2026-02-19T00:48:29","modified_gmt":"2026-02-18T23:48:29","slug":"mcmicrodose","status":"publish","type":"product","link":"https:\/\/www.tatanka.nl\/pl\/mcmicrodose\/","title":{"rendered":"McMicrodose"},"content":{"rendered":"<h2 dir=\"ltr\" data-pm-slice=\"1 1 []\">Czym s\u0105 trufle McMicrodose?<\/h2>\n<p dir=\"ltr\">Trufle McMicrodose to specjalnie przygotowana mieszanka sklerocji, powszechnie znanych jako magiczne trufle, bogata w naturaln\u0105 psylocybin\u0119. W przeciwie\u0144stwie do grzyb\u00f3w, trufle te formuj\u0105 si\u0119 pod ziemi\u0105 z nitek grzybni, tworz\u0105c zwart\u0105, g\u0119st\u0105 struktur\u0119 od\u017cywcz\u0105. Zosta\u0142y one wybrane ze wzgl\u0119du na ich optymalne w\u0142a\u015bciwo\u015bci, dzi\u0119ki czemu idealnie nadaj\u0105 si\u0119 do mikrodozowania - praktyki, w kt\u00f3rej ma\u0142e, kontrolowane ilo\u015bci s\u0105 spo\u017cywane w celu zwi\u0119kszenia jasno\u015bci umys\u0142u, kreatywno\u015bci i r\u00f3wnowagi emocjonalnej bez intensywnych efekt\u00f3w psychoaktywnych. Ka\u017cde opakowanie zawiera 2 \u00d7 10 gram\u00f3w trufli premium, zaprojektowanych do precyzyjnego dozowania za pomoc\u0105 mikroskali. Trufle oferuj\u0105 wyj\u0105tkowe doznania, atrakcyjne dla os\u00f3b poszukuj\u0105cych subtelnych, pozytywnych zmian w codziennej rutynie. Aby uzyska\u0107 najlepsze rezultaty, nale\u017cy je spo\u017cywa\u0107 w spos\u00f3b przemy\u015blany, najlepiej na pusty \u017co\u0142\u0105dek i w po\u0142\u0105czeniu z uwa\u017cnymi praktykami, takimi jak medytacja. Ich rosn\u0105ca popularno\u015b\u0107 wynika z ich naturalnego sk\u0142adu i zdolno\u015bci do wspierania regulacji serotoniny, promuj\u0105c dobre samopoczucie. Zawsze przechowuj je w ch\u0142odnym, ciemnym miejscu (2\u00b0C-4\u00b0C), aby zachowa\u0107 \u015bwie\u017co\u015b\u0107 i moc, i u\u017cywaj ich odpowiedzialnie, aby zapewni\u0107 bezpieczne i korzystne do\u015bwiadczenie.<\/p>\n<h2 dir=\"ltr\">Historia trufli McMicrodose<\/h2>\n<p dir=\"ltr\">Stosowanie trufli zawieraj\u0105cych psilocybin\u0119 si\u0119ga wiek\u00f3w wstecz, zakorzenionych w rdzennych kulturach, kt\u00f3re czci\u0142y je w celach duchowych i leczniczych. Trufle McMicrodose, znane jako sklerocja, s\u0105 nowoczesn\u0105 adaptacj\u0105 tych staro\u017cytnych praktyk, dostosowan\u0105 do wsp\u00f3\u0142czesnego mikrodawkowania. Sklerocja tworz\u0105 si\u0119, gdy nici grzybni konsoliduj\u0105 si\u0119 pod ziemi\u0105, przechowuj\u0105c sk\u0142adniki od\u017cywcze dla przysz\u0142ego wzrostu grzyb\u00f3w. W ostatnich dziesi\u0119cioleciach, wraz ze wzrostem zainteresowania psychodelikami, trufle zyska\u0142y uwag\u0119 ze wzgl\u0119du na naturaln\u0105 zawarto\u015b\u0107 psilocybiny, kt\u00f3ra zapewnia \u0142agodniejsze efekty w por\u00f3wnaniu z grzybami. Rozw\u00f3j McMicrodose odzwierciedla post\u0119py w uprawie, gdzie odmiany trufli premium s\u0105 uprawiane na specjalistycznych pod\u0142o\u017cach, aby zapewni\u0107 sp\u00f3jno\u015b\u0107 i jako\u015b\u0107. Ten staranny proces selekcji zwi\u0119ksza ich przydatno\u015b\u0107 do mikrodawkowania, trendu, kt\u00f3ry pojawi\u0142 si\u0119 w XXI wieku w\u015br\u00f3d profesjonalist\u00f3w i entuzjast\u00f3w wellness poszukuj\u0105cych korzy\u015bci poznawczych i emocjonalnych. Obecnie McMicrodose stanowi pomost mi\u0119dzy tradycyjn\u0105 m\u0105dro\u015bci\u0105 a nowoczesn\u0105 nauk\u0105, oferuj\u0105c bezpieczny, kontrolowany spos\u00f3b na zbadanie potencja\u0142u psilocybiny. Ich wzrost odzwierciedla szersz\u0105 zmian\u0119 kulturow\u0105 w kierunku naturalnych substancji wzmacniaj\u0105cych umys\u0142, a trufle staj\u0105 si\u0119 popularnym wyborem dla os\u00f3b, dla kt\u00f3rych priorytetem jest zdrowie psychiczne i rozw\u00f3j osobisty.<\/p>\n<h2 dir=\"ltr\">Jak u\u017cywa\u0107 trufli McMicrodose?<\/h2>\n<p dir=\"ltr\">U\u017cywanie trufli McMicrodose jest proste, ale wymaga precyzji dla uzyskania optymalnych rezultat\u00f3w. Rozpocznij od otwarcia jednego 10-gramowego opakowania trufli i umieszczenia jego zawarto\u015bci w ma\u0142ym pojemniku, przechowuj\u0105c drugie opakowanie w lod\u00f3wce (2\u00b0C-4\u00b0C). U\u017cyj mikrowagi (dok\u0142adno\u015b\u0107 0,01 g), aby odmierzy\u0107 0,5-1,5 grama do codziennego mikrodawkowania. Dok\u0142adnie prze\u017cuwaj trufle, aby zwi\u0119kszy\u0107 wch\u0142anianie, najlepiej na pusty \u017co\u0142\u0105dek, aby uzyska\u0107 maksymalny efekt. Aby uzyska\u0107 najlepsze wyniki, nale\u017cy stosowa\u0107 praktyki uwa\u017cno\u015bci, takie jak medytacja lub odpoczynek, i unika\u0107 alkoholu, aby wzmocni\u0107 korzy\u015bci. Trufle powinny by\u0107 spo\u017cywane w spokojnym, stabilnym stanie psychicznym, poniewa\u017c wp\u0142ywaj\u0105 na poziom serotoniny, wp\u0142ywaj\u0105c na nastr\u00f3j i funkcje poznawcze. Unikaj spo\u017cywania trufli, je\u015bli cierpisz na depresj\u0119, choroby serca, cukrzyc\u0119 lub jeste\u015b w ci\u0105\u017cy. Nigdy nie \u0142\u0105czy\u0107 z alkoholem, narkotykami lub lekami i przechowywa\u0107 w miejscu niedost\u0119pnym dla dzieci. Przechowuj pozosta\u0142e trufle w ciemnym, ch\u0142odnym miejscu, aby zachowa\u0107 moc. Microdosing jest najbardziej skuteczny, gdy jest stosowany konsekwentnie przez pewien czas, z przerwami, aby zapobiec tolerancji. Zawsze stawiaj na pierwszym miejscu bezpiecze\u0144stwo i \u015bwiadomo\u015b\u0107 reakcji organizmu, aby zapewni\u0107 pozytywne i kontrolowane do\u015bwiadczenie z McMicrodose.<\/p>\n<h2 dir=\"ltr\">Sk\u0142adniki trufli McMicrodose<\/h2>\n<p dir=\"ltr\">Trufle McMicrodose sk\u0142adaj\u0105 si\u0119 z najwy\u017cszej jako\u015bci wyselekcjonowanych sklerocji, naturalnej mieszanki nitek grzybni uprawianych na specjalistycznych pod\u0142o\u017cach w celu zapewnienia wysokiej jako\u015bci zawarto\u015bci psilocybiny. Ka\u017cde 100 gram\u00f3w trufli dostarcza 464,7 kJ (110,5 kcal) energii, z 13,2 gramami w\u0119glowodan\u00f3w, 5,3 gramami bia\u0142ka, 0,4 gramami t\u0142uszczu i 16,7 gramami b\u0142onnika pokarmowego. Zawieraj\u0105 r\u00f3wnie\u017c niezb\u0119dne sk\u0142adniki od\u017cywcze, takie jak 13,6 mg sodu, 169,3 mg fosforu, 210 mg potasu, 12,5 mg wapnia, 0,7 mg \u017celaza i 10 IU witaminy D. Aktywny zwi\u0105zek, psylocybina, przekszta\u0142ca si\u0119 w organizmie w psylocyn\u0119, wp\u0142ywaj\u0105c na szlaki serotoninowe w celu promowania jasno\u015bci umys\u0142u i r\u00f3wnowagi emocjonalnej. Trufle te nie zawieraj\u0105 sztucznych dodatk\u00f3w, a ich dzia\u0142anie opiera si\u0119 wy\u0142\u0105cznie na naturalnym sk\u0142adzie. Ich profil od\u017cywczy wspiera og\u00f3lny stan zdrowia, czyni\u0105c je wyj\u0105tkowym dodatkiem do rutyny wellness. Uprawiane w kontrolowanych warunkach, McMicrodose zapewniaj\u0105 sp\u00f3jno\u015b\u0107 i czysto\u015b\u0107, oferuj\u0105c niezawodne do\u015bwiadczenie mikrodawkowania. Ze wzgl\u0119du na w\u0142a\u015bciwo\u015bci psychoaktywne nale\u017cy zawsze obchodzi\u0107 si\u0119 z nimi ostro\u017cnie i odpowiednio przechowywa\u0107, aby zachowa\u0107 ich integralno\u015b\u0107 od\u017cywcz\u0105 i funkcjonaln\u0105.<\/p>\n<p dir=\"ltr\"><strong>Ostrze\u017cenie<\/strong><br \/>\nTrufle McMicrodose naturalnie zawieraj\u0105 psylocybin\u0119 i psylocyn\u0119, kt\u00f3re s\u0105 substancjami halucynogennymi, mog\u0105cymi zmienia\u0107 \u015bwiadomo\u015b\u0107 i wywo\u0142ywa\u0107 halucynacje. Nale\u017cy spo\u017cywa\u0107 je ostro\u017cnie, poniewa\u017c zwi\u0105zki te wp\u0142ywaj\u0105 na poziom serotoniny i mog\u0105 powodowa\u0107 znacz\u0105ce zmiany psychiczne i emocjonalne. U\u017cywaj tylko wtedy, gdy jeste\u015b stabilny psychicznie i unikaj, je\u015bli masz takie schorzenia jak depresja, wysokie lub niskie ci\u015bnienie krwi, choroby serca lub p\u0142uc, cukrzyca, jeste\u015b w ci\u0105\u017cy lub karmisz piersi\u0105. Nie u\u017cywaj, je\u015bli masz mniej ni\u017c 18 lat i nigdy nie \u0142\u0105cz z alkoholem, lekami lub innymi narkotykami. Ze wzgl\u0119du na silne dzia\u0142anie, trufle McMicrodose nale\u017cy zawsze przechowywa\u0107 w miejscu niedost\u0119pnym dla dzieci. Przechowywa\u0107 w bezpiecznym, ch\u0142odnym miejscu, aby zapobiec przypadkowemu po\u0142kni\u0119ciu. Pami\u0119taj o swoim otoczeniu i stanie psychicznym podczas mikrodawkowania, aby zapewni\u0107 bezpieczne i pozytywne wra\u017cenia.<\/p>","protected":false},"excerpt":{"rendered":"<p dir=\"auto\">McMicrodose to najwy\u017cszej jako\u015bci mieszanka starannie wyselekcjonowanych trufli zawieraj\u0105cych naturaln\u0105 psylocybin\u0119, przeznaczona do mikrodawkowania. Idealny do poprawy koncentracji i dobrego samopoczucia, najlepiej odmierza\u0107 go za pomoc\u0105 precyzyjnej mikroskali (0,1-0,01 g) w celu dok\u0142adnego codziennego dawkowania.<\/p>","protected":false},"featured_media":35143,"template":"","meta":[],"product_brand":[],"product_cat":[625,297,577,516,596,595,395,518,513,515,476],"product_tag":[662],"class_list":{"0":"post-29076","1":"product","2":"type-product","3":"status-publish","4":"has-post-thumbnail","6":"product_cat-mcmicrodose","7":"product_cat-all-products","8":"product_cat-beginner-magic-truffles","9":"product_cat-magic-truffles","10":"product_cat-mcmyco","11":"product_cat-mcsmart","12":"product_cat-microdosing","13":"product_cat-mushrooms","14":"product_cat-party","15":"product_cat-shroomshop","16":"product_cat-smartshop","17":"product_tag-shrdeal","18":"product_shipping_class-creditcard-off","20":"first","21":"instock","22":"taxable","23":"shipping-taxable","24":"purchasable","25":"product-type-variable","26":"has-default-attributes"},"_links":{"self":[{"href":"https:\/\/www.tatanka.nl\/pl\/wp-json\/wp\/v2\/product\/29076","targetHints":{"allow":["GET"]}}],"collection":[{"href":"https:\/\/www.tatanka.nl\/pl\/wp-json\/wp\/v2\/product"}],"about":[{"href":"https:\/\/www.tatanka.nl\/pl\/wp-json\/wp\/v2\/types\/product"}],"wp:featuredmedia":[{"embeddable":true,"href":"https:\/\/www.tatanka.nl\/pl\/wp-json\/wp\/v2\/media\/35143"}],"wp:attachment":[{"href":"https:\/\/www.tatanka.nl\/pl\/wp-json\/wp\/v2\/media?parent=29076"}],"wp:term":[{"taxonomy":"product_brand","embeddable":true,"href":"https:\/\/www.tatanka.nl\/pl\/wp-json\/wp\/v2\/product_brand?post=29076"},{"taxonomy":"product_cat","embeddable":true,"href":"https:\/\/www.tatanka.nl\/pl\/wp-json\/wp\/v2\/product_cat?post=29076"},{"taxonomy":"product_tag","embeddable":true,"href":"https:\/\/www.tatanka.nl\/pl\/wp-json\/wp\/v2\/product_tag?post=29076"}],"curies":[{"name":"wp","href":"https:\/\/api.w.org\/{rel}","templated":true}]}}