{"id":2996,"date":"2017-10-17T15:15:29","date_gmt":"2017-10-17T15:15:29","guid":{"rendered":"http:\/\/www.tatanka.nl\/?post_type=product&#038;p=2996"},"modified":"2025-05-20T11:02:10","modified_gmt":"2025-05-20T10:02:10","slug":"cbd-raw-oil-500mg-5-10ml-bottle-hemp-cannabis-weed","status":"publish","type":"product","link":"https:\/\/www.tatanka.nl\/pl\/cbd-raw-oil-500mg-5-10ml-bottle-hemp-cannabis-weed\/","title":{"rendered":"HempCare Raw 5% Olejek CBD 10ml"},"content":{"rendered":"<h2>HempCare Raw 5% Olej CBD 10ml<\/h2>\n<h2 data-start=\"0\" data-end=\"31\">Co to jest Hempcare RAW 5% CBD?<\/h2>\n<p data-start=\"33\" data-end=\"652\">Hempcare RAW 5% CBD to wysokiej jako\u015bci organiczny olej CBD pozyskiwany z konopi. Produkt ten wyst\u0119puje w najczystszej postaci, oferuj\u0105c nieprzetworzony, surowy ekstrakt, kt\u00f3ry zachowuje wszystkie naturalne zwi\u0105zki wyst\u0119puj\u0105ce w konopiach, takie jak kannabinoidy, terpeny i flawonoidy. Zwi\u0105zki te wsp\u00f3\u0142pracuj\u0105 ze sob\u0105, zapewniaj\u0105c holistyczne korzy\u015bci dla organizmu, bez efekt\u00f3w psychoaktywnych zwi\u0105zanych z THC. Hempcare RAW 5% CBD jest wytwarzany przy u\u017cyciu ekstrakcji CO2, metody, kt\u00f3ra zachowuje naturaln\u0105 integralno\u015b\u0107 ro\u015bliny i zapewnia czysty, skuteczny produkt. Ten produkt jest idealny dla tych, kt\u00f3rzy dopiero zaczynaj\u0105 przygod\u0119 z CBD lub wol\u0105 organiczne, naturalne lekarstwo.<\/p>\n<h2 data-start=\"654\" data-end=\"687\">Historia Hempcare RAW 5% CBD<\/h2>\n<p data-start=\"689\" data-end=\"1292\">CBD jest uznawane za swoje w\u0142a\u015bciwo\u015bci terapeutyczne od wiek\u00f3w, a jego stosowanie zyska\u0142o znaczn\u0105 uwag\u0119 w ostatnich latach. Staro\u017cytne cywilizacje rozumia\u0142y korzy\u015bci lecznicze CBD, a w XX wieku badania naukowe zacz\u0119\u0142y potwierdza\u0107 jego potencjalne korzy\u015bci zdrowotne. Hempcare RAW 5% CBD jest cz\u0119\u015bci\u0105 nowoczesnego ruchu CBD, zapewniaj\u0105c surow\u0105 i nierafinowan\u0105 opcj\u0119 dla u\u017cytkownik\u00f3w poszukuj\u0105cych czystego do\u015bwiadczenia CBD. Produkt jest wytwarzany ze starannie wyselekcjonowanych organicznych ro\u015blin konopi, a jego metoda ekstrakcji CO2 zapewnia niezawodny wyb\u00f3r dla os\u00f3b poszukuj\u0105cych pe\u0142nego spektrum korzy\u015bci p\u0142yn\u0105cych z konopi.<\/p>\n<h2 data-start=\"1294\" data-end=\"1327\">Jak korzysta\u0107 z Hempcare RAW 5% CBD<\/h2>\n<p data-start=\"1329\" data-end=\"1923\">Aby zmaksymalizowa\u0107 korzy\u015bci p\u0142yn\u0105ce ze stosowania Hempcare RAW 5% CBD, zaleca si\u0119 przyjmowanie olejku podj\u0119zykowo, umieszczaj\u0105c kilka kropli pod j\u0119zykiem. Metoda ta pozwala na szybsze wch\u0142anianie do krwiobiegu, zapewniaj\u0105c szybkie i skuteczne rezultaty. Zacznij od ma\u0142ej dawki i stopniowo zwi\u0119kszaj j\u0105 zgodnie z osobistymi potrzebami. Poniewa\u017c produkt ten jest naturalny, jego dzia\u0142anie mo\u017ce r\u00f3\u017cni\u0107 si\u0119 w zale\u017cno\u015bci od osoby, dlatego wa\u017cne jest, aby monitorowa\u0107 swoj\u0105 reakcj\u0119 i dostosowa\u0107 dawk\u0119 w razie potrzeby. Hempcare RAW 5% CBD jest dost\u0119pny w wygodnej butelce z zakraplaczem, dzi\u0119ki czemu mo\u017cna go \u0142atwo w\u0142\u0105czy\u0107 do codziennej rutyny odnowy biologicznej.<\/p>\n<h2 data-start=\"1925\" data-end=\"1962\">Sk\u0142adniki Hempcare RAW 5% CBD<\/h2>\n<p data-start=\"1964\" data-end=\"2547\">Hempcare RAW 5% CBD jest wykonany z 100% naturalnych sk\u0142adnik\u00f3w, zapewniaj\u0105c czysty i organiczny produkt. Podstawowym sk\u0142adnikiem jest ekstrakt z konopi, kt\u00f3ry zawiera r\u00f3\u017cnorodne kannabinoidy, w tym CBD i CBG, a tak\u017ce terpeny i flawonoidy. Zwi\u0105zki te wsp\u00f3\u0142pracuj\u0105 ze sob\u0105, wspieraj\u0105c og\u00f3lny stan zdrowia i dobre samopoczucie. Dodatkowo produkt zawiera olej z nasion konopi, kt\u00f3ry dostarcza od\u017cywczych niezb\u0119dnych kwas\u00f3w t\u0142uszczowych. Ta kombinacja sk\u0142adnik\u00f3w pochodz\u0105cych z konopi zapewnia, \u017ce Hempcare RAW 5% CBD oferuje kompleksowy zakres korzy\u015bci, takich jak promowanie relaksu i zmniejszanie stan\u00f3w zapalnych.<\/p>\n<p data-start=\"2549\" data-end=\"2559\"><strong>Ostrze\u017cenie<\/strong><\/p>\n<p data-start=\"2561\" data-end=\"2823\" data-is-last-node=\"\">Podobnie jak w przypadku ka\u017cdego naturalnego suplementu, wa\u017cne jest, aby skonsultowa\u0107 si\u0119 z lekarzem przed rozpocz\u0119ciem nowego schematu CBD, zw\u0142aszcza je\u015bli jeste\u015b w ci\u0105\u017cy, karmisz piersi\u0105 lub masz jakiekolwiek istniej\u0105ce schorzenia. Przechowywa\u0107 poza zasi\u0119giem dzieci i w ch\u0142odnym, suchym miejscu.<\/p>","protected":false},"excerpt":{"rendered":"<p>HempCare RAW 5% CBD jest silnie skoncentrowany i opr\u00f3cz CBD zawiera r\u00f3wnie\u017c olej z nasion konopi z witaminami B i E!<\/p>\n<p>Pe\u0142en przeciwutleniaczy, zdrowych kwas\u00f3w t\u0142uszczowych 3 i 6 oraz silnego oleju CBD ekstrakt z konopi, kt\u00f3ry zawiera Raw CBD, kt\u00f3ry pomaga odbudowa\u0107 organizm. Zawiera 10 ml.<\/p>","protected":false},"featured_media":126591,"template":"","meta":[],"product_brand":[],"product_cat":[601,297,485,371,483],"product_tag":[],"class_list":{"0":"post-2996","1":"product","2":"type-product","3":"status-publish","4":"has-post-thumbnail","6":"product_cat-hempcare","7":"product_cat-all-products","8":"product_cat-cbd-oils","9":"product_cat-cbd-top-10","10":"product_cat-cbdshop","12":"first","13":"instock","14":"taxable","15":"shipping-taxable","16":"purchasable","17":"product-type-variable"},"_links":{"self":[{"href":"https:\/\/www.tatanka.nl\/pl\/wp-json\/wp\/v2\/product\/2996","targetHints":{"allow":["GET"]}}],"collection":[{"href":"https:\/\/www.tatanka.nl\/pl\/wp-json\/wp\/v2\/product"}],"about":[{"href":"https:\/\/www.tatanka.nl\/pl\/wp-json\/wp\/v2\/types\/product"}],"wp:featuredmedia":[{"embeddable":true,"href":"https:\/\/www.tatanka.nl\/pl\/wp-json\/wp\/v2\/media\/126591"}],"wp:attachment":[{"href":"https:\/\/www.tatanka.nl\/pl\/wp-json\/wp\/v2\/media?parent=2996"}],"wp:term":[{"taxonomy":"product_brand","embeddable":true,"href":"https:\/\/www.tatanka.nl\/pl\/wp-json\/wp\/v2\/product_brand?post=2996"},{"taxonomy":"product_cat","embeddable":true,"href":"https:\/\/www.tatanka.nl\/pl\/wp-json\/wp\/v2\/product_cat?post=2996"},{"taxonomy":"product_tag","embeddable":true,"href":"https:\/\/www.tatanka.nl\/pl\/wp-json\/wp\/v2\/product_tag?post=2996"}],"curies":[{"name":"wp","href":"https:\/\/api.w.org\/{rel}","templated":true}]}}