{"id":31652,"date":"2017-10-09T13:49:20","date_gmt":"2017-10-09T11:49:20","guid":{"rendered":"https:\/\/www.tatanka.nl\/?post_type=product&#038;p=31652"},"modified":"2025-12-28T00:48:37","modified_gmt":"2025-12-27T23:48:37","slug":"hawaiian-copelandia-magic-mushroom-grow-kit","status":"publish","type":"product","link":"https:\/\/www.tatanka.nl\/pl\/hawaiian-copelandia-magic-mushroom-grow-kit\/","title":{"rendered":"Hawaiian Zestaw do uprawy grzyb\u00f3w Copelandia Magic"},"content":{"rendered":"<h2>Czym s\u0105 Hawaiian Magic Mushrooms?<\/h2>\n<p>Hawaiian Magic Mushrooms, naukowo znane jako Copelandia Cyanescens, to rzadka i silna odmiana ceniona za intensywne efekty wizualne i d\u0142ugotrwa\u0142e doznania. Pomimo niewielkich rozmiar\u00f3w, grzyby te maj\u0105 pot\u0119\u017cn\u0105 moc, co czyni je ulubionymi w\u015br\u00f3d do\u015bwiadczonych hodowc\u00f3w. Zestaw Hawaiian Magic Mushroom Growkit upraszcza proces uprawy, zawieraj\u0105c wszystko, co potrzebne do wyhodowania wysokiej jako\u015bci grzyb\u00f3w w domu, w tym zestaw do uprawy, filtrowany worek do uprawy, tace na gleb\u0119 i spinacz do papieru. Przy odpowiedniej piel\u0119gnacji, takiej jak utrzymanie optymalnej temperatury i wilgotno\u015bci, u\u017cytkownicy mog\u0105 zebra\u0107 do 100 gram\u00f3w grzyb\u00f3w poprzez wielokrotne p\u0142ukanie. Grzyby te s\u0105 wra\u017cliwe, wymagaj\u0105 ostro\u017cnego obchodzenia si\u0119 i czystego \u015brodowiska do rozwoju. Ich unikalne w\u0142a\u015bciwo\u015bci i wymagaj\u0105cy proces uprawy sprawiaj\u0105, \u017ce s\u0105 one satysfakcjonuj\u0105cym przedsi\u0119wzi\u0119ciem dla oddanych hodowc\u00f3w. Niezale\u017cnie od tego, czy jeste\u015b do\u015bwiadczonym hodowc\u0105, czy pocz\u0105tkuj\u0105cym, zestaw Hawaiian Magic Mushroom Growkit oferuje ekscytuj\u0105c\u0105 mo\u017cliwo\u015b\u0107 odkrywania cud\u00f3w natury i uzyskania niezwyk\u0142ych plon\u00f3w tych niezwyk\u0142ych grzyb\u00f3w przy minimalnych wymaganiach dotycz\u0105cych dawkowania.<\/p>\n<h2>Historia Hawaiian Magic Mushrooms<\/h2>\n<p>Historia Hawaiian Magic Mushrooms jest przesi\u0105kni\u0119ta mistycyzmem, wywodz\u0105cym si\u0119 z tropikalnych krajobraz\u00f3w Hawaj\u00f3w. Grzyby te, znane jako Copelandia Cyanescens, od wiek\u00f3w czczone s\u0105 przez rdzenne kultury ze wzgl\u0119du na swoje w\u0142a\u015bciwo\u015bci duchowe i psychoaktywne. W przeciwie\u0144stwie do bardziej powszechnych odmian Cubensis, Hawaiian Magic Mushrooms s\u0105 trudniejsze w uprawie, dzi\u0119ki czemu zyska\u0142y reputacj\u0119 \"\u015bwi\u0119tego Graala\" magicznych grzyb\u00f3w. Ich niewielki wzrost przeczy ich sile dzia\u0142ania, z efektami, kt\u00f3re s\u0105 zar\u00f3wno \u017cywe, jak i d\u0142ugotrwa\u0142e. Historycznie grzyby te by\u0142y u\u017cywane w ceremonialnych praktykach do wywo\u0142ywania odmiennych stan\u00f3w \u015bwiadomo\u015bci, sprzyjaj\u0105c g\u0142\u0119bokiej introspekcji i po\u0142\u0105czeniu z natur\u0105. Nowoczesny zestaw Hawaiian Magic Mushroom Growkit przenosi t\u0119 staro\u017cytn\u0105 tradycj\u0119 w r\u0119ce domowych hodowc\u00f3w, \u0142\u0105cz\u0105c tradycyjne naturalne zwi\u0105zki z przyjazn\u0105 dla u\u017cytkownika technologi\u0105. Post\u0119py w mikologii umo\u017cliwi\u0142y upraw\u0119 tych nieuchwytnych grzyb\u00f3w w domu, cho\u0107 ich wra\u017cliwo\u015b\u0107 wymaga precyzji i ostro\u017cno\u015bci. Dzi\u015b pozostaj\u0105 one symbolem naturalnego cudu, oferuj\u0105c pomost mi\u0119dzy staro\u017cytnymi praktykami a wsp\u00f3\u0142czesnymi badaniami, urzekaj\u0105c tych, kt\u00f3rzy staraj\u0105 si\u0119 odblokowa\u0107 ich g\u0142\u0119bokie efekty poprzez starann\u0105 upraw\u0119.<\/p>\n<h2>Jak korzysta\u0107 z Hawaiian Magic Mushrooms<\/h2>\n<p>Uprawa Hawaiian Magic Mushrooms za pomoc\u0105 zestawu growkit to prosty, ale skrupulatny proces, kt\u00f3ry nagradza dba\u0142o\u015b\u0107 o szczeg\u00f3\u0142y. Rozpocznij od dok\u0142adnego umycia r\u0105k, aby zapewni\u0107 sterylne \u015brodowisko. Otw\u00f3rz zestaw, r\u00f3wnomiernie rozprowad\u017a dostarczon\u0105 gleb\u0119 i spryskaj g\u00f3rn\u0105 warstw\u0119, a\u017c b\u0119dzie bardzo wilgotna. Umie\u015b\u0107 zestaw w przefiltrowanej torbie do uprawy, spryskaj wn\u0119trze torby i zabezpiecz j\u0105 spinaczem, zapewniaj\u0105c wystarczaj\u0105c\u0105 ilo\u015b\u0107 tlenu. Codzienna konserwacja jest kluczowa - zamg\u0142awiaj zestaw, aby by\u0142 wilgotny i od\u015bwie\u017caj tlen, \u015bciskaj\u0105c torb\u0119. Po 6-11 dniach utworz\u0105 si\u0119 grzyby; na tym etapie wyjmij zestaw z torby, zamg\u0142awiaj tylko wn\u0119trze torby i zwr\u00f3\u0107 zestaw. Zbierz grzyby 36 godzin po pojawieniu si\u0119 czarnych zarodnik\u00f3w, zwykle 5-7 dni po rozpocz\u0119ciu wzrostu, delikatnie zrywaj\u0105c je u podstawy. Aby rozpocz\u0105\u0107 nowy cykl, powt\u00f3rz proces od etapu zamg\u0142awiania. Wra\u017cliwo\u015b\u0107 Hawaiian Magic Mushroom Growkit wymaga sta\u0142ej wilgotno\u015bci i \u015bwie\u017cego powietrza, co odr\u00f3\u017cnia go od innych zestaw\u00f3w do uprawy. Dzi\u0119ki cierpliwo\u015bci mo\u017cna osi\u0105gn\u0105\u0107 wiele zbior\u00f3w, uwalniaj\u0105c pe\u0142ny potencja\u0142 tych niezwyk\u0142ych grzyb\u00f3w.<\/p>\n<h2>Sk\u0142adniki Hawaiian Magic Mushrooms<\/h2>\n<p>Zestaw Hawaiian Magic Mushroom Growkit zosta\u0142 zaprojektowany z my\u015bl\u0105 o prostocie, zawieraj\u0105c wszystkie niezb\u0119dne elementy do uprawy Copelandia Cyanescens. Zestaw zawiera wst\u0119pnie przygotowany zestaw do uprawy z pod\u0142o\u017cem zoptymalizowanym pod k\u0105tem wzrostu grzyb\u00f3w, dwie tace z gleb\u0105 wspieraj\u0105c\u0105 rozw\u00f3j, filtrowan\u0105 torb\u0119 do uprawy w celu utrzymania poziomu wilgotno\u015bci i tlenu oraz spinacz do zabezpieczenia torby. Same grzyby zawieraj\u0105 psylocybin\u0119, naturalnie wyst\u0119puj\u0105cy zwi\u0105zek, kt\u00f3ry w organizmie przekszta\u0142ca si\u0119 w psylocyn\u0119, odpowiedzialn\u0105 za ich halucynogenne dzia\u0142anie. Zwi\u0105zki te oddzia\u0142uj\u0105 z receptorami serotoniny w m\u00f3zgu, wp\u0142ywaj\u0105c na nastr\u00f3j, percepcj\u0119 i funkcje poznawcze. Growkit wymaga jedynie wody i starannej piel\u0119gnacji, aby dobrze si\u0119 rozwija\u0107, bez dodatkowych sk\u0142adnik\u00f3w. Pod\u0142o\u017ce zosta\u0142o opracowane w celu zapewnienia idealnych sk\u0142adnik\u00f3w od\u017cywczych i \u015brodowiska dla delikatnych Hawaiian Magic Mushrooms, kt\u00f3re s\u0105 bardziej wra\u017cliwe ni\u017c inne odmiany. Konstrukcja typu \"wszystko w jednym\" eliminuje potrzeb\u0119 stosowania skomplikowanego sprz\u0119tu, czyni\u0105c upraw\u0119 dost\u0119pn\u0105, a jednocze\u015bnie k\u0142ad\u0105c nacisk na czysto\u015b\u0107 i precyzj\u0119. Kontroluj\u0105c temperatur\u0119, wilgotno\u015b\u0107 i tlen, hodowcy mog\u0105 zmaksymalizowa\u0107 plony, produkuj\u0105c silne grzyby znane z silnych efekt\u00f3w wizualnych i minimalnych wymaga\u0144 dotycz\u0105cych dawkowania, a wszystko to dzi\u0119ki starannie dobranym komponentom zestawu Hawaiian Magic Mushroom Growkit.<\/p>\n<p><strong>Ostrze\u017cenie: Informacje dotycz\u0105ce bezpiecze\u0144stwa<\/strong><\/p>\n<p>Hawaiian Magic Mushrooms zawieraj\u0105 psylocybin\u0119 i psylocyn\u0119, naturalnie wyst\u0119puj\u0105ce halucynogeny, kt\u00f3re mog\u0105 wywo\u0142ywa\u0107 zmienione stany \u015bwiadomo\u015bci i \u017cywe halucynacje. Substancje te wp\u0142ywaj\u0105 na uk\u0142ad serotoninowy m\u00f3zgu, wp\u0142ywaj\u0105c na emocje, sen i percepcj\u0119. Ze wzgl\u0119du na ich w\u0142a\u015bciwo\u015bci psychoaktywne, nale\u017cy zawsze obchodzi\u0107 si\u0119 z nimi i spo\u017cywa\u0107 je ostro\u017cnie. Przechowuj grzyby i zestaw do uprawy poza zasi\u0119giem dzieci, aby zapobiec przypadkowemu spo\u017cyciu. Utrzymuj czyste \u015brodowisko podczas obchodzenia si\u0119 z zestawem, aby unikn\u0105\u0107 zanieczyszczenia, i przechowuj growkit w lod\u00f3wce, aby zachowa\u0107 jego 6-tygodniowy okres przydatno\u015bci do spo\u017cycia. Poza lod\u00f3wk\u0105 \u017cywotno\u015b\u0107 zestawu jest ograniczona, wi\u0119c nale\u017cy odpowiednio zaplanowa\u0107 upraw\u0119, aby zapewni\u0107 jej powodzenie.<\/p>","protected":false},"excerpt":{"rendered":"<p>Ten uniwersalny zestaw do uprawy zawiera wszystko, czego potrzebujesz, aby wyhodowa\u0107 w\u0142asne grzyby Copelandia Cyanescens Hawaiian. Wystarczy doda\u0107 wod\u0119 i post\u0119powa\u0107 zgodnie z instrukcjami, a grzyby wykie\u0142kuj\u0105! Zestaw do uprawy \"wszystko w jednym\" zawiera zestaw do uprawy, worek do uprawy z filtrami powietrza i dwa spinacze do papieru.<\/p>","protected":false},"featured_media":31654,"template":"","meta":[],"product_brand":[],"product_cat":[539,297,595,513,515,476,593],"product_tag":[662],"class_list":{"0":"post-31652","1":"product","2":"type-product","3":"status-publish","4":"has-post-thumbnail","6":"product_cat-magic-mushroom-grow-kits","7":"product_cat-all-products","8":"product_cat-mcsmart","9":"product_cat-party","10":"product_cat-shroomshop","11":"product_cat-smartshop","12":"product_cat-strongest-magic-mushroom-grow-kits","13":"product_tag-shrdeal","14":"product_shipping_class-creditcard-off","16":"first","17":"instock","18":"taxable","19":"shipping-taxable","20":"purchasable","21":"product-type-variable","22":"has-default-attributes"},"_links":{"self":[{"href":"https:\/\/www.tatanka.nl\/pl\/wp-json\/wp\/v2\/product\/31652","targetHints":{"allow":["GET"]}}],"collection":[{"href":"https:\/\/www.tatanka.nl\/pl\/wp-json\/wp\/v2\/product"}],"about":[{"href":"https:\/\/www.tatanka.nl\/pl\/wp-json\/wp\/v2\/types\/product"}],"wp:featuredmedia":[{"embeddable":true,"href":"https:\/\/www.tatanka.nl\/pl\/wp-json\/wp\/v2\/media\/31654"}],"wp:attachment":[{"href":"https:\/\/www.tatanka.nl\/pl\/wp-json\/wp\/v2\/media?parent=31652"}],"wp:term":[{"taxonomy":"product_brand","embeddable":true,"href":"https:\/\/www.tatanka.nl\/pl\/wp-json\/wp\/v2\/product_brand?post=31652"},{"taxonomy":"product_cat","embeddable":true,"href":"https:\/\/www.tatanka.nl\/pl\/wp-json\/wp\/v2\/product_cat?post=31652"},{"taxonomy":"product_tag","embeddable":true,"href":"https:\/\/www.tatanka.nl\/pl\/wp-json\/wp\/v2\/product_tag?post=31652"}],"curies":[{"name":"wp","href":"https:\/\/api.w.org\/{rel}","templated":true}]}}