{"id":32635,"date":"2022-09-13T15:43:37","date_gmt":"2022-09-13T13:43:37","guid":{"rendered":"https:\/\/www.tatanka.nl\/?post_type=product&#038;p=32635"},"modified":"2025-10-31T10:01:25","modified_gmt":"2025-10-31T09:01:25","slug":"reishi-extract-capsules","status":"publish","type":"product","link":"https:\/\/www.tatanka.nl\/pl\/reishi-extract-capsules\/","title":{"rendered":"Reishi extract Capsules"},"content":{"rendered":"<h2 data-pm-slice=\"1 1 []\">Czym jest Reishi?<\/h2>\n<p>Reishi (Ganoderma Lucidum) to czerwono-br\u0105zowy grzyb, kt\u00f3ry ro\u015bnie na rozk\u0142adaj\u0105cych si\u0119 pniach drzew, g\u0142\u00f3wnie d\u0119bu i buku. Grzyb ten jest podstaw\u0105 tradycyjnej medycyny chi\u0144skiej od ponad 2000 lat, gdzie jest znany jako Lingzhi, co oznacza \"grzyb nie\u015bmiertelno\u015bci\". Reishi jest wysoko ceniony ze wzgl\u0119du na swoje potencjalne korzy\u015bci zdrowotne i w\u0142a\u015bciwo\u015bci adaptogenne, kt\u00f3re pomagaj\u0105 organizmowi radzi\u0107 sobie ze stresem. W przeciwie\u0144stwie do zwyk\u0142ych grzyb\u00f3w, Reishi ma tward\u0105 i zdrewnia\u0142\u0105 tekstur\u0119, przez co nie nadaje si\u0119 do bezpo\u015bredniego spo\u017cycia. Zamiast tego jest cz\u0119sto przetwarzany na ekstrakty, proszki lub kapsu\u0142ki, aby wykorzysta\u0107 jego korzystne zwi\u0105zki, takie jak polisacharydy i beta-glukany.<\/p>\n<h2>Historia Reishi<\/h2>\n<p>Reishi ma bogat\u0105 histori\u0119 si\u0119gaj\u0105c\u0105 tysi\u0119cy lat wstecz. Staro\u017cytne chi\u0144skie teksty odnosz\u0105 si\u0119 do niego jako symbolu d\u0142ugowieczno\u015bci, duchowej potencji i zdrowia. Cesarze i rodziny szlacheckie cenili Reishi za jego postrzegan\u0105 zdolno\u015b\u0107 do zwi\u0119kszania witalno\u015bci i promowania d\u0142ugowieczno\u015bci. W tradycyjnej medycynie chi\u0144skiej Reishi by\u0142 u\u017cywany do wspierania og\u00f3lnego dobrego samopoczucia, wzmacniania uk\u0142adu odporno\u015bciowego i r\u00f3wnowa\u017cenia energii cia\u0142a, znanej r\u00f3wnie\u017c jako Qi. Na przestrzeni wiek\u00f3w jego popularno\u015b\u0107 rozprzestrzeni\u0142a si\u0119 na inne cz\u0119\u015bci Azji, w tym Japoni\u0119 i Kore\u0119, gdzie sta\u0142 si\u0119 podstawow\u0105 cz\u0119\u015bci\u0105 zio\u0142olecznictwa. Obecnie wsp\u00f3\u0142czesna nauka nadal bada potencjalne korzy\u015bci Reishi, czyni\u0105c go popularnym suplementem na ca\u0142ym \u015bwiecie.<\/p>\n<h2>Jak stosowa\u0107 Reishi<\/h2>\n<p>Reishi jest dost\u0119pny w r\u00f3\u017cnych formach, w tym w proszku, herbacie i kapsu\u0142kach. Nasze kapsu\u0142ki Reishi zosta\u0142y zaprojektowane z my\u015bl\u0105 o \u0142atwym spo\u017cyciu i optymalnym wch\u0142anianiu. Zalecana dawka to dwie kapsu\u0142ki dziennie, przyjmowane z posi\u0142kami i popijane wod\u0105. Konsekwentne stosowanie jest kluczem do osi\u0105gni\u0119cia pe\u0142nych korzy\u015bci. Reishi najlepiej w\u0142\u0105czy\u0107 do codziennej rutyny wellness, wraz ze zr\u00f3wnowa\u017con\u0105 diet\u0105 i zdrowym stylem \u017cycia. Niekt\u00f3rzy u\u017cytkownicy zg\u0142aszaj\u0105, \u017ce odczuwaj\u0105 jego efekty w ci\u0105gu kilku tygodni, podczas gdy inni mog\u0105 potrzebowa\u0107 wi\u0119cej czasu, aby zauwa\u017cy\u0107 popraw\u0119. Reishi jest powszechnie stosowany w celu wsparcia uk\u0142adu odporno\u015bciowego, zmniejszenia stresu i promowania relaksu. Podobnie jak w przypadku ka\u017cdego suplementu, wa\u017cne jest, aby przestrzega\u0107 zalecanej dawki i skonsultowa\u0107 si\u0119 z lekarzem, je\u015bli masz podstawowe schorzenia.<\/p>\n<h2>Sk\u0142adniki Reishi Capsules<\/h2>\n<p>Ka\u017cda przyjazna dla wegan kapsu\u0142ka zawiera 400 mg organicznego ekstraktu Reishi (Ganoderma Lucidum) pochodz\u0105cego z owocnik\u00f3w 100%. Ten ekstrakt o pe\u0142nym spektrum dzia\u0142ania jest uzyskiwany poprzez ekstrakcj\u0119 wod\u0105 i etanolem w celu zmaksymalizowania jego korzystnych zwi\u0105zk\u00f3w. Ekstrakt zawiera 30% polisacharyd\u00f3w i beta-glukan\u00f3w, znanych ze swoich w\u0142a\u015bciwo\u015bci wspomagaj\u0105cych uk\u0142ad odporno\u015bciowy. Dodatkowo formu\u0142a zawiera witamin\u0119 C i cynk, kt\u00f3re przyczyniaj\u0105 si\u0119 do zdrowego uk\u0142adu odporno\u015bciowego i metabolizmu energetycznego. Inne sk\u0142adniki to cytrynian magnezu i dwutlenek krzemu, kt\u00f3re wspomagaj\u0105 wch\u0142anianie i stabilno\u015b\u0107 suplementu. Nasze kapsu\u0142ki Reishi spe\u0142niaj\u0105 najwy\u017csze standardy jako\u015bci i s\u0105 wolne od sztucznych dodatk\u00f3w, dzi\u0119ki czemu s\u0105 odpowiednie dla wegan i os\u00f3b dbaj\u0105cych o zdrowie.<\/p>\n<p><strong>Ostrze\u017cenie:<\/strong><br \/>\nReishi by McMyco jest suplementem diety i powinien by\u0107 stosowany zgodnie z zaleceniami. Nie nale\u017cy przekracza\u0107 zalecanej dziennej dawki. Produkt nale\u017cy przechowywa\u0107 w miejscu niedost\u0119pnym dla dzieci. Przed u\u017cyciem skonsultuj si\u0119 z lekarzem, zw\u0142aszcza je\u015bli jeste\u015b w ci\u0105\u017cy, karmisz piersi\u0105 lub masz jakiekolwiek schorzenia.<\/p>","protected":false},"excerpt":{"rendered":"<p data-pm-slice=\"1 1 []\">Odkryj moc Reishi, znanego r\u00f3wnie\u017c jako grzyb nie\u015bmiertelno\u015bci. Ten silny suplement, wzbogacony witamin\u0105 C i cynkiem, wspomaga uk\u0142ad odporno\u015bciowy i poprawia og\u00f3lne samopoczucie. Naturalny zastrzyk energii, metabolizmu i witalno\u015bci.<\/p>","protected":false},"featured_media":134872,"template":"","meta":[],"product_brand":[],"product_cat":[596,297,512,475,481,523,521,533,515,476,487,486],"product_tag":[662],"class_list":{"0":"post-32635","1":"product","2":"type-product","3":"status-publish","4":"has-post-thumbnail","6":"product_cat-mcmyco","7":"product_cat-all-products","8":"product_cat-extracts","9":"product_cat-healthshop","10":"product_cat-healthshop-top-10","11":"product_cat-medicinal-mushrooms-supplements","12":"product_cat-medicinal-mushrooms","13":"product_cat-recovery","14":"product_cat-shroomshop","15":"product_cat-smartshop","16":"product_cat-sport","17":"product_cat-superfoods","18":"product_tag-shrdeal","19":"product_shipping_class-creditcard-on","21":"first","22":"instock","23":"taxable","24":"shipping-taxable","25":"purchasable","26":"product-type-variable","27":"has-default-attributes"},"_links":{"self":[{"href":"https:\/\/www.tatanka.nl\/pl\/wp-json\/wp\/v2\/product\/32635","targetHints":{"allow":["GET"]}}],"collection":[{"href":"https:\/\/www.tatanka.nl\/pl\/wp-json\/wp\/v2\/product"}],"about":[{"href":"https:\/\/www.tatanka.nl\/pl\/wp-json\/wp\/v2\/types\/product"}],"wp:featuredmedia":[{"embeddable":true,"href":"https:\/\/www.tatanka.nl\/pl\/wp-json\/wp\/v2\/media\/134872"}],"wp:attachment":[{"href":"https:\/\/www.tatanka.nl\/pl\/wp-json\/wp\/v2\/media?parent=32635"}],"wp:term":[{"taxonomy":"product_brand","embeddable":true,"href":"https:\/\/www.tatanka.nl\/pl\/wp-json\/wp\/v2\/product_brand?post=32635"},{"taxonomy":"product_cat","embeddable":true,"href":"https:\/\/www.tatanka.nl\/pl\/wp-json\/wp\/v2\/product_cat?post=32635"},{"taxonomy":"product_tag","embeddable":true,"href":"https:\/\/www.tatanka.nl\/pl\/wp-json\/wp\/v2\/product_tag?post=32635"}],"curies":[{"name":"wp","href":"https:\/\/api.w.org\/{rel}","templated":true}]}}