{"id":32638,"date":"2022-09-13T15:50:16","date_gmt":"2022-09-13T13:50:16","guid":{"rendered":"https:\/\/www.tatanka.nl\/?post_type=product&#038;p=32638"},"modified":"2025-10-31T10:01:04","modified_gmt":"2025-10-31T09:01:04","slug":"chaga-extract-capsules","status":"publish","type":"product","link":"https:\/\/www.tatanka.nl\/pl\/chaga-extract-capsules\/","title":{"rendered":"Chaga extract Capsules"},"content":{"rendered":"<h2 data-pm-slice=\"1 1 []\">Czym jest Chaga?<\/h2>\n<p>Chaga (Inonotus obliquus) to grzyb leczniczy, kt\u00f3ry rozwija si\u0119 w zimnym klimacie na p\u00f3\u0142kuli p\u00f3\u0142nocnej. Ro\u015bnie g\u0142\u00f3wnie na brzozach, pojawiaj\u0105c si\u0119 jako czarny, podobny do w\u0119gla drzewnego wzrost. Pomimo szorstkiego wygl\u0105du zewn\u0119trznego, wn\u0119trze ujawnia bogaty pomara\u0144czowy odcie\u0144. Ze wzgl\u0119du na swoje niezwyk\u0142e w\u0142a\u015bciwo\u015bci, Chaga jest cz\u0119sto nazywana w Rosji \"czarnym z\u0142otem\".<\/p>\n<p>Ten wyj\u0105tkowy grzyb jest tradycyjnie ceniony za swoje w\u0142a\u015bciwo\u015bci prozdrowotne. Chaga jest pe\u0142en korzystnych zwi\u0105zk\u00f3w, w tym polisacharyd\u00f3w, betuliny, kwasu betulinowego i steroli. Nasze kapsu\u0142ki Chaga zawieraj\u0105 wysokiej jako\u015bci ekstrakt o pe\u0142nym spektrum dzia\u0142ania pochodz\u0105cy z owocnika grzyba, aby zapewni\u0107 optymaln\u0105 skuteczno\u015b\u0107.<\/p>\n<h2>Historia Chaga<\/h2>\n<p>Stosowanie Chaga si\u0119ga wiek\u00f3w wstecz, szczeg\u00f3lnie w syberyjskiej i rosyjskiej medycynie ludowej. Rdzenni mieszka\u0144cy Syberii parzyli herbat\u0119 Chaga, aby wspiera\u0107 wytrzyma\u0142o\u015b\u0107 i og\u00f3lny stan zdrowia. W tradycyjnej medycynie chi\u0144skiej by\u0142a stosowana jako adaptogen pomagaj\u0105cy organizmowi radzi\u0107 sobie ze stresem i zm\u0119czeniem.<\/p>\n<p>Wsp\u00f3\u0142czesne badania odkry\u0142y bioaktywne sk\u0142adniki Chaga, wzmacniaj\u0105c jego rol\u0119 w holistycznym zdrowiu. Grzyb ten pozostaje popularnym naturalnym lekarstwem dla os\u00f3b poszukuj\u0105cych wsparcia immunologicznego i w\u0142a\u015bciwo\u015bci przeciwutleniaj\u0105cych. Dzi\u0119ki wysokiemu st\u0119\u017ceniu polisacharyd\u00f3w, betuliny i kwasu betulinowego, Chaga jest uwa\u017cana za jeden z najpot\u0119\u017cniejszych grzyb\u00f3w funkcjonalnych w przyrodzie.<\/p>\n<h2>Jak stosowa\u0107 Chaga<\/h2>\n<p>W\u0142\u0105czenie Chaga do codziennej rutyny jest proste i skuteczne. Ka\u017cda kapsu\u0142ka zawiera 400 mg najwy\u017cszej jako\u015bci organicznego ekstraktu Chaga, wzbogaconego witamin\u0105 C i cynkiem dla dodatkowych korzy\u015bci.<\/p>\n<p>Zalecana dawka to dwie kapsu\u0142ki dziennie, przyjmowane z posi\u0142kami i wod\u0105. Aby uzyska\u0107 najlepsze wyniki, kluczowa jest konsekwencja. Chaga mo\u017cna r\u00f3wnie\u017c \u0142\u0105czy\u0107 z innymi grzybami leczniczymi, aby uzyska\u0107 bardziej kompleksowe podej\u015bcie do dobrego samopoczucia. Kapsu\u0142ki te s\u0105 przyjazne dla wegan, \u0142atwe w przyjmowaniu i odpowiednie do codziennego stosowania.<\/p>\n<h2>Sk\u0142adniki Chaga Capsules<\/h2>\n<p>Ka\u017cda wega\u0144ska kapsu\u0142ka zawiera 400 mg organicznego ekstraktu Chaga, pozyskiwanego wy\u0142\u0105cznie z owocnika (sklerocji) grzyba. Ekstrakt o pe\u0142nym spektrum dzia\u0142ania jest uzyskiwany przy u\u017cyciu kombinacji ekstrakcji wodnej i etanolowej w celu zmaksymalizowania biodost\u0119pno\u015bci jego korzystnych zwi\u0105zk\u00f3w.<\/p>\n<p>Formu\u0142a jest dodatkowo wzbogacona o witamin\u0119 C i cynk, znane ze swoich w\u0142a\u015bciwo\u015bci wzmacniaj\u0105cych odporno\u015b\u0107. Witamina C odgrywa kluczow\u0105 rol\u0119 w metabolizmie energetycznym, podczas gdy cynk przyczynia si\u0119 do zdrowego uk\u0142adu odporno\u015bciowego i og\u00f3lnej witalno\u015bci. Dodatkowe sk\u0142adniki obejmuj\u0105 cytrynian magnezu i dwutlenek krzemu dla stabilno\u015bci kapsu\u0142ki.<\/p>\n<p><strong>Ostrze\u017cenie:<\/strong> Chaga by McMyco jest suplementem diety i powinien by\u0107 odpowiednio stosowany. Przechowywa\u0107 w miejscu niedost\u0119pnym dla dzieci. Skonsultuj si\u0119 z lekarzem przed u\u017cyciem, je\u015bli jeste\u015b w ci\u0105\u017cy, karmisz piersi\u0105 lub masz podstawowe schorzenia. Nie nale\u017cy przekracza\u0107 zalecanej dziennej dawki.<\/p>","protected":false},"excerpt":{"rendered":"<p data-pm-slice=\"1 1 []\">Do\u015bwiadcz pot\u0119gi natury dzi\u0119ki Chaga, silnemu grzybowi znanemu ze swoich w\u0142a\u015bciwo\u015bci wzmacniaj\u0105cych odporno\u015b\u0107. Wzbogacone witamin\u0105 C i cynkiem, te przyjazne dla wegan kapsu\u0142ki wspieraj\u0105 og\u00f3lne samopoczucie i witalno\u015b\u0107.<\/p>","protected":false},"featured_media":134869,"template":"","meta":[],"product_brand":[],"product_cat":[596,297,512,475,521,523,533,515,476,487,486],"product_tag":[662],"class_list":{"0":"post-32638","1":"product","2":"type-product","3":"status-publish","4":"has-post-thumbnail","6":"product_cat-mcmyco","7":"product_cat-all-products","8":"product_cat-extracts","9":"product_cat-healthshop","10":"product_cat-medicinal-mushrooms","11":"product_cat-medicinal-mushrooms-supplements","12":"product_cat-recovery","13":"product_cat-shroomshop","14":"product_cat-smartshop","15":"product_cat-sport","16":"product_cat-superfoods","17":"product_tag-shrdeal","18":"product_shipping_class-creditcard-on","20":"first","21":"instock","22":"taxable","23":"shipping-taxable","24":"purchasable","25":"product-type-variable","26":"has-default-attributes"},"_links":{"self":[{"href":"https:\/\/www.tatanka.nl\/pl\/wp-json\/wp\/v2\/product\/32638","targetHints":{"allow":["GET"]}}],"collection":[{"href":"https:\/\/www.tatanka.nl\/pl\/wp-json\/wp\/v2\/product"}],"about":[{"href":"https:\/\/www.tatanka.nl\/pl\/wp-json\/wp\/v2\/types\/product"}],"wp:featuredmedia":[{"embeddable":true,"href":"https:\/\/www.tatanka.nl\/pl\/wp-json\/wp\/v2\/media\/134869"}],"wp:attachment":[{"href":"https:\/\/www.tatanka.nl\/pl\/wp-json\/wp\/v2\/media?parent=32638"}],"wp:term":[{"taxonomy":"product_brand","embeddable":true,"href":"https:\/\/www.tatanka.nl\/pl\/wp-json\/wp\/v2\/product_brand?post=32638"},{"taxonomy":"product_cat","embeddable":true,"href":"https:\/\/www.tatanka.nl\/pl\/wp-json\/wp\/v2\/product_cat?post=32638"},{"taxonomy":"product_tag","embeddable":true,"href":"https:\/\/www.tatanka.nl\/pl\/wp-json\/wp\/v2\/product_tag?post=32638"}],"curies":[{"name":"wp","href":"https:\/\/api.w.org\/{rel}","templated":true}]}}