{"id":32639,"date":"2022-09-13T15:50:17","date_gmt":"2022-09-13T13:50:17","guid":{"rendered":"https:\/\/www.tatanka.nl\/?post_type=product&#038;p=32639"},"modified":"2025-10-31T10:00:47","modified_gmt":"2025-10-31T09:00:47","slug":"cordyceps-extract-capsules","status":"publish","type":"product","link":"https:\/\/www.tatanka.nl\/pl\/cordyceps-extract-capsules\/","title":{"rendered":"Cordyceps extract Capsules"},"content":{"rendered":"<h2 dir=\"ltr\" data-pm-slice=\"1 1 []\">Czym s\u0105 Cordyceps?<\/h2>\n<p dir=\"ltr\">Cordyceps to szanowany grzyb leczniczy stosowany od wiek\u00f3w w tradycyjnej medycynie chi\u0144skiej, kt\u00f3ry obecnie zyskuje globalne uznanie jako silny naturalny suplement. Znany ze swojej zdolno\u015bci do zwi\u0119kszania poziomu energii i wytrzyma\u0142o\u015bci, jest ulubie\u0144cem w\u015br\u00f3d os\u00f3b pragn\u0105cych zwi\u0119kszy\u0107 wydajno\u015b\u0107 fizyczn\u0105 i psychiczn\u0105. Kapsu\u0142ki Cordyceps McMyco dostarczaj\u0105 ekstrakt o pe\u0142nym spektrum dzia\u0142ania, wykorzystuj\u0105c bioaktywne zwi\u0105zki grzyba, w tym beta-glukany i polisacharydy 30%, aby wspiera\u0107 og\u00f3lny stan zdrowia. Kapsu\u0142ki te s\u0105 wzbogacone o witamin\u0119 C w celu zwalczania zm\u0119czenia i cynk w celu wzmocnienia odporno\u015bci, dzi\u0119ki czemu s\u0105 wszechstronnym dodatkiem do ka\u017cdej rutyny odnowy biologicznej. Od poprawy kr\u0105\u017cenia krwi i zdrowia serca po wsparcie funkcji p\u0142uc i zmniejszenie stanu zapalnego, Cordyceps oferuje holistyczne podej\u015bcie do witalno\u015bci. Odpowiedni dla wegan, ten wysokiej jako\u015bci suplement zosta\u0142 opracowany w celu zmaksymalizowania korzy\u015bci p\u0142yn\u0105cych z grzyb\u00f3w, zapewniaj\u0105c naturalny spos\u00f3b na zwi\u0119kszenie wytrzyma\u0142o\u015bci, skupienia i odporno\u015bci. Niezale\u017cnie od tego, czy jeste\u015b sportowcem, zapracowanym profesjonalist\u0105, czy po prostu priorytetowo traktujesz zdrowie, kapsu\u0142ki Cordyceps firmy McMyco oferuj\u0105 wygodne i skuteczne rozwi\u0105zanie, kt\u00f3re podniesie Twoj\u0105 codzienn\u0105 energi\u0119 i dobre samopoczucie.<\/p>\n<h2 dir=\"ltr\">Historia Cordyceps<\/h2>\n<p dir=\"ltr\">Dziedzictwo Cordyceps si\u0119ga tysi\u0119cy lat wstecz, g\u0142\u0119boko zakorzenione w tradycyjnej medycynie chi\u0144skiej i tybeta\u0144skiej. Pochodz\u0105cy z wysokog\u00f3rskich region\u00f3w Himalaj\u00f3w, ten wyj\u0105tkowy grzyb by\u0142 ceniony przez staro\u017cytnych uzdrowicieli za jego zdolno\u015b\u0107 do zwi\u0119kszania witalno\u015bci i leczenia szeregu dolegliwo\u015bci, od zm\u0119czenia po problemy z oddychaniem. Historycznie, by\u0142 on zarezerwowany dla cz\u0142onk\u00f3w rodziny kr\u00f3lewskiej i elitarnych wojownik\u00f3w ze wzgl\u0119du na swoj\u0105 rzadko\u015b\u0107 i moc. Cordyceps by\u0142 cz\u0119sto warzony w herbatach lub tonikach w celu zwi\u0119kszenia wytrzyma\u0142o\u015bci i d\u0142ugowieczno\u015bci. Jego reputacja rozprzestrzeni\u0142a si\u0119 poza Azj\u0119 w XX wieku wraz ze wzrostem globalnego zainteresowania naturalnymi lekami, co doprowadzi\u0142o do bada\u0144 naukowych, kt\u00f3re potwierdzi\u0142y jego w\u0142a\u015bciwo\u015bci przeciwutleniaj\u0105ce, przeciwzapalne i wspomagaj\u0105ce odporno\u015b\u0107. Dzi\u015b McMyco honoruje t\u0119 staro\u017cytn\u0105 tradycj\u0119, oferuj\u0105c nowoczesny, wysokiej jako\u015bci suplement, kt\u00f3ry oddaje istot\u0119 Cordyceps. \u0141\u0105cz\u0105c u\u015bwi\u0119con\u0105 tradycj\u0105 m\u0105dro\u015b\u0107 z zaawansowanymi technikami ekstrakcji, McMyco zapewnia, \u017ce ka\u017cda kapsu\u0142ka dostarcza pe\u0142nego spektrum korzy\u015bci, dzi\u0119ki czemu ten historyczny grzyb jest dost\u0119pny dla os\u00f3b poszukuj\u0105cych naturalnych rozwi\u0105za\u0144 zdrowotnych w szybko zmieniaj\u0105cym si\u0119 \u015bwiecie.<\/p>\n<h2 dir=\"ltr\">Jak stosowa\u0107 Cordyceps<\/h2>\n<p dir=\"ltr\">W\u0142\u0105czenie Cordyceps do codziennej rutyny jest proste i skuteczne dzi\u0119ki wega\u0144skim kapsu\u0142kom McMyco. Zalecana dawka to jedna kapsu\u0142ka przyjmowana dwa razy dziennie z wod\u0105 podczas posi\u0142k\u00f3w, dostarczaj\u0105ca \u0142\u0105cznie 800 mg organicznego ekstraktu Cordyceps dziennie. Taki harmonogram zapewnia optymalne wch\u0142anianie bioaktywnych zwi\u0105zk\u00f3w grzyba, w tym polisacharyd\u00f3w i kordycepiny, w celu wsparcia energii, odporno\u015bci i og\u00f3lnego dobrego samopoczucia. Aby uzyska\u0107 najlepsze rezultaty, kapsu\u0142ki nale\u017cy przyjmowa\u0107 konsekwentnie w ramach zr\u00f3wnowa\u017conego stylu \u017cycia. Mo\u017cna je \u0142\u0105czy\u0107 z innymi suplementami z grzyb\u00f3w leczniczych McMyco, aby wzmocni\u0107 ich dzia\u0142anie, oferuj\u0105c indywidualne podej\u015bcie do zdrowia. Kapsu\u0142ki s\u0105 \u0142atwe do po\u0142kni\u0119cia i idealne dla os\u00f3b z napi\u0119tym harmonogramem, niezale\u017cnie od tego, czy przygotowujesz si\u0119 do treningu, wymagaj\u0105cego dnia pracy, czy po prostu chcesz zachowa\u0107 energi\u0119. Je\u015bli dopiero zaczynasz stosowa\u0107 Cordyceps, zacznij od jednej kapsu\u0142ki dziennie, aby oceni\u0107 tolerancj\u0119 przed przej\u015bciem na pe\u0142n\u0105 dawk\u0119. Zawsze skonsultuj si\u0119 z lekarzem, je\u015bli masz szczeg\u00f3lne obawy zdrowotne lub \u0142\u0105czysz z innymi suplementami, zapewniaj\u0105c bezpieczne i skuteczne stosowanie tego pot\u0119\u017cnego naturalnego \u015brodka.<\/p>\n<h2 dir=\"ltr\">Sk\u0142adniki Cordyceps<\/h2>\n<p dir=\"ltr\">Ka\u017cda kapsu\u0142ka McMyco Cordyceps zawiera 400 mg organicznego ekstraktu Cordyceps o pe\u0142nym spektrum dzia\u0142ania, pochodz\u0105cego wy\u0142\u0105cznie z owocnika grzyba. Ekstrakt ten jest uzyskiwany przy u\u017cyciu podw\u00f3jnego procesu ekstrakcji H2O i etanolu w celu zmaksymalizowania si\u0142y jego bioaktywnych zwi\u0105zk\u00f3w, w tym polisacharyd\u00f3w 30%, beta-glukan\u00f3w i kordycepiny. Sk\u0142adniki te s\u0105 kluczem do zdolno\u015bci grzyba do wspierania energii, odporno\u015bci i aktywno\u015bci przeciwutleniaj\u0105cej. Aby zwi\u0119kszy\u0107 skuteczno\u015b\u0107, ka\u017cda kapsu\u0142ka jest wzbogacona o 15 mg witaminy C, kt\u00f3ra pomaga zmniejszy\u0107 zm\u0119czenie i zwi\u0119kszy\u0107 poziom energii, oraz 2 mg cynku, kt\u00f3ry wspomaga funkcje odporno\u015bciowe. Dodatkowe substancje pomocnicze, cytrynian magnezu i dwutlenek krzemu, zapewniaj\u0105 stabilno\u015b\u0107 produktu bez uszczerbku dla jego naturalnej integralno\u015bci. Zaanga\u017cowanie McMyco w jako\u015b\u0107 oznacza, \u017ce kapsu\u0142ki te s\u0105 wega\u0144skie, wolne od sztucznych dodatk\u00f3w i stworzone w celu dostarczenia najczystszej formy Cordyceps. Ta starannie dobrana formu\u0142a zapewnia solidny, ro\u015blinny suplement, kt\u00f3ry jest zgodny z holistycznym podej\u015bciem do zdrowia, co czyni go doskona\u0142ym wyborem dla os\u00f3b poszukuj\u0105cych naturalnego wsparcia dla witalno\u015bci i odporno\u015bci.<\/p>\n<p dir=\"ltr\"><strong>Ostrze\u017cenie<\/strong><br \/>\nCordyceps by McMyco jest suplementem diety i powinien by\u0107 stosowany jako taki. Nie nale\u017cy przekracza\u0107 zalecanej dziennej dawki dw\u00f3ch kapsu\u0142ek. Przechowywa\u0107 w miejscu niedost\u0119pnym dla dzieci. Skonsultuj si\u0119 z lekarzem przed u\u017cyciem, je\u015bli jeste\u015b w ci\u0105\u017cy, karmisz piersi\u0105 lub masz w\u0105tpliwo\u015bci zdrowotne. Przechowywa\u0107 w ch\u0142odnym, ciemnym i suchym miejscu, aby zachowa\u0107 moc.<\/p>","protected":false},"excerpt":{"rendered":"<p dir=\"ltr\" data-pm-slice=\"1 1 []\">Odkryj moc Cordyceps Sinensis dzi\u0119ki najwy\u017cszej jako\u015bci wega\u0144skim kapsu\u0142kom McMyco. Kapsu\u0142ki te, zawieraj\u0105ce 400 mg organicznego ekstraktu o pe\u0142nym spektrum dzia\u0142ania, wzbogaconego witamin\u0105 C i cynkiem, wspieraj\u0105 energi\u0119, odporno\u015b\u0107 i og\u00f3ln\u0105 witalno\u015b\u0107. Idealne do codziennego dobrego samopoczucia, ka\u017cde opakowanie zawiera 120 kapsu\u0142ek, kt\u00f3re w naturalny spos\u00f3b nap\u0119dzaj\u0105 aktywny tryb \u017cycia.<\/p>","protected":false},"featured_media":134867,"template":"","meta":[],"product_brand":[],"product_cat":[596,297,512,475,521,523,533,515,476,487,486],"product_tag":[662],"class_list":{"0":"post-32639","1":"product","2":"type-product","3":"status-publish","4":"has-post-thumbnail","6":"product_cat-mcmyco","7":"product_cat-all-products","8":"product_cat-extracts","9":"product_cat-healthshop","10":"product_cat-medicinal-mushrooms","11":"product_cat-medicinal-mushrooms-supplements","12":"product_cat-recovery","13":"product_cat-shroomshop","14":"product_cat-smartshop","15":"product_cat-sport","16":"product_cat-superfoods","17":"product_tag-shrdeal","18":"product_shipping_class-creditcard-on","20":"first","21":"instock","22":"taxable","23":"shipping-taxable","24":"purchasable","25":"product-type-variable","26":"has-default-attributes"},"_links":{"self":[{"href":"https:\/\/www.tatanka.nl\/pl\/wp-json\/wp\/v2\/product\/32639","targetHints":{"allow":["GET"]}}],"collection":[{"href":"https:\/\/www.tatanka.nl\/pl\/wp-json\/wp\/v2\/product"}],"about":[{"href":"https:\/\/www.tatanka.nl\/pl\/wp-json\/wp\/v2\/types\/product"}],"wp:featuredmedia":[{"embeddable":true,"href":"https:\/\/www.tatanka.nl\/pl\/wp-json\/wp\/v2\/media\/134867"}],"wp:attachment":[{"href":"https:\/\/www.tatanka.nl\/pl\/wp-json\/wp\/v2\/media?parent=32639"}],"wp:term":[{"taxonomy":"product_brand","embeddable":true,"href":"https:\/\/www.tatanka.nl\/pl\/wp-json\/wp\/v2\/product_brand?post=32639"},{"taxonomy":"product_cat","embeddable":true,"href":"https:\/\/www.tatanka.nl\/pl\/wp-json\/wp\/v2\/product_cat?post=32639"},{"taxonomy":"product_tag","embeddable":true,"href":"https:\/\/www.tatanka.nl\/pl\/wp-json\/wp\/v2\/product_tag?post=32639"}],"curies":[{"name":"wp","href":"https:\/\/api.w.org\/{rel}","templated":true}]}}