{"id":32660,"date":"2021-08-04T09:25:24","date_gmt":"2021-08-04T07:25:24","guid":{"rendered":"https:\/\/www.tatanka.nl\/?post_type=product&#038;p=32660"},"modified":"2025-05-20T09:22:43","modified_gmt":"2025-05-20T08:22:43","slug":"vitamin-b12-240-tablets","status":"publish","type":"product","link":"https:\/\/www.tatanka.nl\/pl\/vitamin-b12-240-tablets\/","title":{"rendered":"Witamina B12 - 240 tabletek"},"content":{"rendered":"<h2>Co to s\u0105 tabletki Fit4Seasons z witamin\u0105 B12?<\/h2>\n<p>Fit4Seasons Vitamin B12 Tablets to specjalnie opracowane suplementy diety zaprojektowane w celu zapewnienia optymalnego poziomu witaminy B12 w jej najbardziej biodost\u0119pnych formach: Metylokobalaminy i Adenozylokobalaminy. Ka\u017cda tabletka dostarcza 20 mcg witaminy B12, niezb\u0119dnego sk\u0142adnika od\u017cywczego, kt\u00f3ry wspomaga odnow\u0119 kom\u00f3rek, produkcj\u0119 czerwonych krwinek i prawid\u0142owe funkcjonowanie uk\u0142adu nerwowego.<\/p>\n<p>Tabletki te s\u0105 idealne dla wegetarian, wegan i os\u00f3b z ograniczonym wch\u0142anianiem witaminy B12. Produkt jest wzbogacony aromatem wi\u015bniowym, dzi\u0119ki czemu jest przyjemny i \u0142atwy do codziennego spo\u017cycia. Fit4Seasons Vitamin B12 to praktyczny i skuteczny spos\u00f3b na utrzymanie poziomu energii i og\u00f3lnego samopoczucia.<\/p>\n<h2>Historia witaminy B12<\/h2>\n<p>Witamina B12, znana r\u00f3wnie\u017c jako kobalamina, zosta\u0142a po raz pierwszy odkryta w po\u0142owie XX wieku jako kluczowy sk\u0142adnik od\u017cywczy w walce z niedokrwisto\u015bci\u0105 z\u0142o\u015bliw\u0105. Wyst\u0119puj\u0105ca naturalnie w \u017cywno\u015bci pochodzenia zwierz\u0119cego, takiej jak mi\u0119so, ryby i nabia\u0142, witamina B12 odgrywa kluczow\u0105 rol\u0119 w produkcji energii i zdrowiu neurologicznym.<\/p>\n<p>Wraz ze zmian\u0105 nawyk\u00f3w \u017cywieniowych, zw\u0142aszcza wraz ze wzrostem wegetaria\u0144skiego i wega\u0144skiego stylu \u017cycia, wzros\u0142o zapotrzebowanie na suplementy B12. Tabletki Fit4Seasons Vitamin B12 zosta\u0142y opracowane, aby zaspokoi\u0107 t\u0119 potrzeb\u0119, zapewniaj\u0105c osobom unikaj\u0105cym produkt\u00f3w pochodzenia zwierz\u0119cego utrzymanie zdrowego poziomu witaminy B12. Ta innowacja nadal pomaga milionom os\u00f3b osi\u0105gn\u0105\u0107 zr\u00f3wnowa\u017cone od\u017cywianie bez uszczerbku dla ich wybor\u00f3w \u017cywieniowych.<\/p>\n<h2>Jak stosowa\u0107 tabletki Fit4Seasons z witamin\u0105 B12?<\/h2>\n<p>Aby uzyska\u0107 najlepsze rezultaty, nale\u017cy przyjmowa\u0107 jedn\u0105 tabletk\u0119 dziennie podczas posi\u0142ku, popijaj\u0105c wod\u0105. Konsekwentne stosowanie wspiera optymalne wch\u0142anianie i maksymalizuje korzy\u015bci witaminy B12 dla poziomu energii, jasno\u015bci umys\u0142u i og\u00f3lnego stanu zdrowia.<\/p>\n<p>Tabletki o smaku wi\u015bniowym s\u0105 \u0142atwe do spo\u017cycia i doskonale wpisuj\u0105 si\u0119 w codzienn\u0105 rutyn\u0119. Niezale\u017cnie od tego, czy chcesz zwi\u0119kszy\u0107 swoj\u0105 energi\u0119, wzmocni\u0107 funkcje odporno\u015bciowe, czy te\u017c wesprze\u0107 uk\u0142ad nerwowy, tabletki Fit4Seasons Vitamin B12 Tablets to wygodny wyb\u00f3r.<\/p>\n<p>Pami\u0119taj, aby przestrzega\u0107 zalecanego dawkowania i skonsultowa\u0107 si\u0119 z lekarzem, je\u015bli masz okre\u015blone obawy zdrowotne, jeste\u015b w ci\u0105\u017cy lub karmisz piersi\u0105.<\/p>\n<h2>Sk\u0142adniki tabletek Fit4Seasons z witamin\u0105 B12<\/h2>\n<p>Ka\u017cda tabletka jest wykonana z wysokiej jako\u015bci, przyjaznych dla wegan sk\u0142adnik\u00f3w, aby zapewni\u0107 skuteczno\u015b\u0107 i bezpiecze\u0144stwo:<\/p>\n<ul>\n<li><strong>Metylokobalamina (10 mcg):<\/strong> Bioaktywna forma witaminy B12, kt\u00f3ra wspiera zdrowie m\u00f3zgu i nerw\u00f3w.<\/li>\n<li><strong>Adenozylokobalamina (10 mcg):<\/strong> Kolejna aktywna forma witaminy B12, kluczowa dla metabolizmu energetycznego i funkcji kom\u00f3rkowych.<\/li>\n<li><strong>Izomalt (186 mg):<\/strong> Niskokaloryczny zamiennik cukru stosowany w celu uzyskania g\u0142adkiej konsystencji tabletek.<\/li>\n<li><strong>Smak wi\u015bniowy (4 mg):<\/strong> Dodaje przyjemnego smaku dla przyjemnej konsumpcji.<\/li>\n<li><strong>Wegetaria\u0144ski stearynian magnezu (5 mg):<\/strong> Naturalny stabilizator zapewniaj\u0105cy konsystencj\u0119 produktu.<\/li>\n<li><strong>Krzemionka (5 mcg):<\/strong> Pomaga utrzyma\u0107 struktur\u0119 tabletki i zapobiega zbrylaniu.<\/li>\n<\/ul>\n<p>Ta przemy\u015blana formu\u0142a nie zawiera produkt\u00f3w pochodzenia zwierz\u0119cego, dzi\u0119ki czemu jest odpowiednia dla wegetarian i wegan, zachowuj\u0105c jednocze\u015bnie najwy\u017csz\u0105 jako\u015b\u0107.<\/p>\n<p><strong>Dodatkowe informacje na temat witaminy B12:<\/strong><br \/>\n- Jest wa\u017cny dla tworzenia czerwonych krwinek<br \/>\n- Przyczynia si\u0119 do prawid\u0142owego podzia\u0142u kom\u00f3rek<br \/>\n- Wspomaga metabolizm energetyczny i poziom energii<br \/>\n- Wspomaga uk\u0142ad odporno\u015bciowy<br \/>\n- Przyczynia si\u0119 do jasnego umys\u0142u<br \/>\n- Odgrywa wa\u017cn\u0105 rol\u0119 w budowaniu kom\u00f3rek nerwowych.<\/p>\n<p>&nbsp;<\/p>\n<p><strong>Ostrze\u017cenie:<\/strong><br \/>\nPrzechowywa\u0107 w miejscu niedost\u0119pnym dla dzieci. Skonsultuj si\u0119 z lekarzem przed u\u017cyciem, je\u015bli jeste\u015b w ci\u0105\u017cy, karmisz piersi\u0105 lub cierpisz na schorzenia. Przechowywa\u0107 w ch\u0142odnym, ciemnym miejscu w temperaturze pokojowej. Nie przekracza\u0107 zalecanej dziennej dawki.<\/p>","protected":false},"excerpt":{"rendered":"<p>Witamina B12, zwana r\u00f3wnie\u017c kobalamin\u0105, jest witamin\u0105 wa\u017cn\u0105 dla r\u00f3\u017cnych proces\u00f3w zachodz\u0105cych w organizmie. Witamina B12, na przyk\u0142ad, przyczynia si\u0119 do procesu odnowy kom\u00f3rek, pomaga w produkcji czerwonych krwinek i wspiera normalne funkcjonowanie uk\u0142adu nerwowego.<\/p>\n<p>Naturalnie witamina B12 wyst\u0119puje wy\u0142\u0105cznie w produktach pochodzenia zwierz\u0119cego, takich jak mi\u0119so, ryby, nabia\u0142 i jaja. Mo\u017ce to powodowa\u0107 problemy dla wegetarian i wegan. Niedob\u00f3r witaminy B12 mo\u017ce powodowa\u0107 mi\u0119dzy innymi anemi\u0119, zm\u0119czenie i utrat\u0119 pami\u0119ci. Osoby starsze lub osoby o zmniejszonym spo\u017cyciu witaminy B12 r\u00f3wnie\u017c mog\u0105 odczuwa\u0107 te dolegliwo\u015bci.<\/p>","protected":false},"featured_media":126030,"template":"","meta":[],"product_brand":[],"product_cat":[598,297,475,533,487,480,482],"product_tag":[],"class_list":{"0":"post-32660","1":"product","2":"type-product","3":"status-publish","4":"has-post-thumbnail","6":"product_cat-fit4seasons","7":"product_cat-all-products","8":"product_cat-healthshop","9":"product_cat-recovery","10":"product_cat-sport","11":"product_cat-supplements","12":"product_cat-vitamins","14":"first","15":"instock","16":"taxable","17":"shipping-taxable","18":"purchasable","19":"product-type-variable"},"_links":{"self":[{"href":"https:\/\/www.tatanka.nl\/pl\/wp-json\/wp\/v2\/product\/32660","targetHints":{"allow":["GET"]}}],"collection":[{"href":"https:\/\/www.tatanka.nl\/pl\/wp-json\/wp\/v2\/product"}],"about":[{"href":"https:\/\/www.tatanka.nl\/pl\/wp-json\/wp\/v2\/types\/product"}],"wp:featuredmedia":[{"embeddable":true,"href":"https:\/\/www.tatanka.nl\/pl\/wp-json\/wp\/v2\/media\/126030"}],"wp:attachment":[{"href":"https:\/\/www.tatanka.nl\/pl\/wp-json\/wp\/v2\/media?parent=32660"}],"wp:term":[{"taxonomy":"product_brand","embeddable":true,"href":"https:\/\/www.tatanka.nl\/pl\/wp-json\/wp\/v2\/product_brand?post=32660"},{"taxonomy":"product_cat","embeddable":true,"href":"https:\/\/www.tatanka.nl\/pl\/wp-json\/wp\/v2\/product_cat?post=32660"},{"taxonomy":"product_tag","embeddable":true,"href":"https:\/\/www.tatanka.nl\/pl\/wp-json\/wp\/v2\/product_tag?post=32660"}],"curies":[{"name":"wp","href":"https:\/\/api.w.org\/{rel}","templated":true}]}}