{"id":32683,"date":"2016-08-04T10:28:55","date_gmt":"2016-08-04T08:28:55","guid":{"rendered":"https:\/\/www.tatanka.nl\/?post_type=product&#038;p=32683"},"modified":"2025-09-23T15:41:31","modified_gmt":"2025-09-23T14:41:31","slug":"chaga-30ml","status":"publish","type":"product","link":"https:\/\/www.tatanka.nl\/pl\/chaga-30ml\/","title":{"rendered":"Chaga - 30ml"},"content":{"rendered":"<div>\n<div>\n<div>\n<div><\/div>\n<\/div>\n<\/div>\n<\/div>\n<div>\n<h2 dir=\"auto\">Czym jest p\u0142ynny ekstrakt Chaga?<\/h2>\n<p dir=\"auto\">Chaga Liquid Extract to najwy\u017cszej jako\u015bci suplement diety pozyskiwany ze skleroty grzyba Inonotus obliquus, znanego ze swojego bogatego profilu od\u017cywczego i historycznego szacunku w medycynie naturalnej. W przeciwie\u0144stwie do typowych grzyb\u00f3w z \u0142odygami i kapeluszami, ta stwardnia\u0142a forma ro\u015bnie na brzozach, kryj\u0105c w sobie bogactwo bioaktywnych zwi\u0105zk\u00f3w ekstrahowanych zaawansowanymi metodami w celu uzyskania maksymalnej mocy. U\u017cytkownicy cz\u0119sto si\u0119gaj\u0105 po niego ze wzgl\u0119du na potencjalne korzy\u015bci, takie jak wzmocnienie uk\u0142adu odporno\u015bciowego, promowanie zdrowego podzia\u0142u kom\u00f3rek i wspomaganie tworzenia czerwonych krwinek, co czyni go podstaw\u0105 holistycznych procedur odnowy biologicznej. Dostarczanie w postaci p\u0142ynnej zapewnia szybkie wch\u0142anianie, omijaj\u0105c trawienie, co zapewnia szybsze efekty w por\u00f3wnaniu do proszk\u00f3w lub herbat.<\/p>\n<p dir=\"auto\">W nowoczesnej suplementacji, produkty takie jak ten przemawiaj\u0105 do os\u00f3b poszukuj\u0105cych ro\u015blinnych alternatyw dla syntetycznych witamin, dzi\u0119ki ekstrakcji na bazie alkoholu zachowuj\u0105cej pe\u0142ne spektrum substancji witalnych. Ekologiczna butelka z fioletowego szk\u0142a chroni zawarto\u015b\u0107 przed degradacj\u0105 pod wp\u0142ywem promieniowania UV, zwi\u0119kszaj\u0105c jej trwa\u0142o\u015b\u0107, a jednocze\u015bnie jest w pe\u0142ni wielokrotnego u\u017cytku. Wiele os\u00f3b stosuje go w celu codziennego wsparcia przed stresorami \u015brodowiskowymi, dostosowuj\u0105c si\u0119 do wega\u0144skiego stylu \u017cycia wolnego od pochodnych zwierz\u0119cych. Niezale\u017cnie od tego, czy chodzi o profilaktyk\u0119 zdrowotn\u0105, czy opiek\u0119 uzupe\u0142niaj\u0105c\u0105, oferuje delikatny, nieinwazyjny spos\u00f3b na wykorzystanie odporno\u015bci natury.<\/p>\n<p dir=\"auto\">Jego standaryzacja do wysokiej zawarto\u015bci polisacharyd\u00f3w wyr\u00f3\u017cnia go, zapewniaj\u0105c sta\u0142\u0105 jako\u015b\u0107 w ka\u017cdej kropli. Og\u00f3lnie rzecz bior\u0105c, p\u0142ynny ekstrakt Chaga stanowi po\u0142\u0105czenie tradycji i innowacji, umo\u017cliwiaj\u0105c ludziom naturalne i skuteczne dbanie o dobre samopoczucie.<\/p>\n<h2 dir=\"auto\">Historia p\u0142ynnego ekstraktu Chaga<\/h2>\n<p dir=\"auto\">Historia p\u0142ynnego ekstraktu Chaga si\u0119ga tysi\u0119cy lat, wywodz\u0105c si\u0119 z las\u00f3w Syberii, Chin i Skandynawii, gdzie rdzenni mieszka\u0144cy po raz pierwszy zebrali sklerotium Inonotus obliquus ze wzgl\u0119du na jego rzekome w\u0142a\u015bciwo\u015bci lecznicze. Nazywany \"kr\u00f3lem lasu\" lub \"kr\u00f3lem zi\u00f3\u0142\" w ameryka\u0144skiej tradycji, zyska\u0142 boski status za pomoc w przetrwaniu w surowym klimacie, stosowany w herbatach i ok\u0142adach w celu zwi\u0119kszenia wytrzyma\u0142o\u015bci i zwalczania dolegliwo\u015bci. Staro\u017cytni szamani i zielarze cenili jego w\u0142a\u015bciwo\u015bci adaptogenne, wierz\u0105c, \u017ce przywraca r\u00f3wnowag\u0119 i witalno\u015b\u0107, a zapisy z chi\u0144skich tekst\u00f3w si\u0119gaj\u0105 tysi\u0105cleci, podkre\u015blaj\u0105c jego rol\u0119 w praktykach d\u0142ugowieczno\u015bci.<\/p>\n<p dir=\"auto\">Wraz z rozprzestrzenianiem si\u0119 wiedzy na jej temat, dotar\u0142a ona do Europy i Ameryki P\u00f3\u0142nocnej w XIX wieku, gdzie pojawi\u0142a si\u0119 w \u015brodkach ludowych w obliczu rosn\u0105cego zainteresowania mykoterapi\u0105. XX wiek przyni\u00f3s\u0142 badania naukowe, w kt\u00f3rych wyizolowano kwas betulinowy i polisacharydy, potwierdzaj\u0105c tradycyjne zastosowania w modulacji odporno\u015bci i dzia\u0142aniu przeciwutleniaj\u0105cym. Nowoczesne techniki ekstrakcji, w tym metody ultrad\u017awi\u0119kowe, pojawi\u0142y si\u0119 pod koniec XX wieku, umo\u017cliwiaj\u0105c skoncentrowane p\u0142yny dla szerszej dost\u0119pno\u015bci poza surowymi formami.<\/p>\n<p dir=\"auto\">Dzi\u015b rozwija si\u0119 na \u015bwiatowych rynkach wellness, \u0142\u0105cz\u0105c m\u0105dro\u015b\u0107 przodk\u00f3w z rygorystycznym przetwarzaniem w celu zapewnienia czysto\u015bci. Entuzja\u015bci na ca\u0142ym \u015bwiecie przyjmuj\u0105 jego dziedzictwo, przypisuj\u0105c mu trwa\u0142e zdrowie we wsp\u00f3\u0142czesnym stylu \u017cycia. Ta ewolucja podkre\u015bla trwa\u0142\u0105 wi\u0119\u017a ludzko\u015bci z grzybami, przekszta\u0142caj\u0105c dzikie zbiory w wyrafinowane suplementy dla wsp\u00f3\u0142czesnych potrzeb.<\/p>\n<h2 dir=\"auto\">Jak stosowa\u0107 p\u0142ynny ekstrakt Chaga<\/h2>\n<p dir=\"auto\">Stosowanie p\u0142ynnego ekstraktu Chaga jest proste i \u0142atwe do dostosowania, z sugerowan\u0105 dawk\u0105 p\u00f3\u0142 pipety dwa razy dziennie, przyjmowan\u0105 bezpo\u015brednio lub rozcie\u0144czon\u0105 w wodzie dla u\u0142atwienia. Nale\u017cy unika\u0107 napoj\u00f3w gazowanych, aby zachowa\u0107 integralno\u015b\u0107 ekstraktu podczas konsumpcji. Zacznij od w\u0142\u0105czenia go do porannej i wieczornej rutyny, by\u0107 mo\u017ce po posi\u0142kach, aby wykorzysta\u0107 jego potencja\u0142 energetyzuj\u0105cy w ci\u0105gu dnia i dzia\u0142anie regeneruj\u0105ce w nocy. Konsekwencja w przyjmowaniu preparatu przez 30 dni sprzyja kumulacji korzy\u015bci, pozwalaj\u0105c organizmowi w pe\u0142ni wykorzysta\u0107 zawarte w nim zwi\u0105zki.<\/p>\n<p dir=\"auto\">Aby uzyska\u0107 optymalne rezultaty, nale\u017cy przechowywa\u0107 w ch\u0142odnym miejscu z dala od \u015bwiat\u0142a, korzystaj\u0105c z w\u0142a\u015bciwo\u015bci ochronnych fioletowego szk\u0142a. Je\u015bli dopiero zaczynasz stosowa\u0107 adaptogeny, zacznij od jednej dawki, aby oceni\u0107 tolerancj\u0119, konsultuj\u0105c si\u0119 z ekspertami w celu uzyskania indywidualnych wskaz\u00f3wek. Metoda ta pozwala na bezproblemowe dodawanie do koktajli lub herbat zio\u0142owych, wzmacniaj\u0105c smak bez nadmiernej mocy.<\/p>\n<p dir=\"auto\">Po\u0142\u0105czenie ze zr\u00f3wnowa\u017conym od\u017cywianiem wzmacnia jego rol\u0119 wspieraj\u0105c\u0105 odporno\u015b\u0107 i zdrowie kom\u00f3rkowe. Zawsze dobrze wstrz\u0105sn\u0105\u0107 przed u\u017cyciem, aby r\u00f3wnomiernie rozprowadzi\u0107 skoncentrowan\u0105 esencj\u0119. Przy regularnym stosowaniu bez wysi\u0142ku integruje si\u0119 z nawykami dobrego samopoczucia, bezpiecznie promuj\u0105c trwa\u0142\u0105 witalno\u015b\u0107.<\/p>\n<p dir=\"auto\">Jako suplement uzupe\u0142nia styl \u017cycia, nie zast\u0119puj\u0105c porad lekarskich. To praktyczne podej\u015bcie maksymalizuje jego historyczne zalety, pomagaj\u0105c u\u017cytkownikom codziennie cieszy\u0107 si\u0119 naturaln\u0105 harmoni\u0105.<\/p>\n<h2 dir=\"auto\">Sk\u0142adniki p\u0142ynnego ekstraktu Chaga<\/h2>\n<p dir=\"auto\">Chaga Liquid Extract to czysta formu\u0142a zawieraj\u0105ca ekstrakt z Inonotus obliquus w ilo\u015bci 200 mg na 10 kropli, esencj\u0119 skleroty bogat\u0105 w polisacharydy zapewniaj\u0105ce jej podstawowe korzy\u015bci. Woda zapewnia czyst\u0105 baz\u0119, u\u0142atwiaj\u0105c p\u0142ynne spo\u017cycie bez dodatk\u00f3w. Alkohol o obj\u0119to\u015bci 20% s\u0142u\u017cy podw\u00f3jnym celom jako rozpuszczalnik i \u015brodek konserwuj\u0105cy, ekstrahuj\u0105c i stabilizuj\u0105c pe\u0142n\u0105 gam\u0119 bioaktywnych grzyb\u00f3w podczas potr\u00f3jnego procesu. Witamina D3 w postaci cholekalcyferolu w ilo\u015bci 1,5 \u03bcg (15% dziennej warto\u015bci) wzbogaca mieszank\u0119, synergicznie wspieraj\u0105c zdrowie ko\u015bci i odporno\u015b\u0107.<\/p>\n<p dir=\"auto\">Ten prosty sk\u0142ad wyklucza zb\u0119dne wype\u0142niacze, zapewniaj\u0105c wegetaria\u0144sk\u0105 przydatno\u015b\u0107 i wysok\u0105 biodost\u0119pno\u015b\u0107. Ekstrakcja ultrad\u017awi\u0119kowa zachowuje triterpeny, melanin\u0119 i inne sk\u0142adniki od\u017cywcze, standaryzuj\u0105c do polisacharyd\u00f3w 30% w celu zapewnienia si\u0142y dzia\u0142ania. Odpowiedzialnie pozyskiwane sk\u0142adniki s\u0105 poddawane skrupulatnej obr\u00f3bce w celu zachowania skuteczno\u015bci.<\/p>\n<p dir=\"auto\">Wielbiciele chwal\u0105 jego minimalizm, zgodny z trendami czystego od\u017cywiania, wolnego od syntetyk\u00f3w i alergen\u00f3w. Po\u0142\u0105czenie to sprzyja wsparciu adaptogennemu, wspomagaj\u0105c reakcj\u0119 na stres i og\u00f3ln\u0105 odporno\u015b\u0107. Przejrzysto\u015b\u0107 umo\u017cliwia dokonywanie \u015bwiadomych wybor\u00f3w, dostarczaj\u0105c si\u0142\u0119 pochodz\u0105c\u0105 z lasu w postaci p\u0142ynnej.<\/p>\n<p dir=\"auto\"><strong>Ostrze\u017cenie<\/strong> Przechowywa\u0107 w miejscu niedost\u0119pnym dla dzieci. Skonsultuj si\u0119 z lekarzem przed u\u017cyciem, je\u015bli jeste\u015b w ci\u0105\u017cy, karmisz piersi\u0105 lub masz schorzenia. Jest to suplement diety i powinien by\u0107 stosowany jako taki.<\/p>\n<\/div>","protected":false},"excerpt":{"rendered":"<p dir=\"auto\">Odkryj staro\u017cytn\u0105 moc p\u0142ynnego ekstraktu Chaga, silnego suplementu grzybowego pochodz\u0105cego od \"kr\u00f3la lasu\". Butelka o pojemno\u015bci 30 ml zawiera 60 dawek na miesi\u0105c, w tym skoncentrowany ekstrakt standaryzowany na zawarto\u015b\u0107 polisacharyd\u00f3w 30% w celu wsparcia funkcji odporno\u015bciowych, zdrowia kom\u00f3rek i witalno\u015bci dzi\u0119ki naturalnej, przyjaznej dla wegetarian formule.<\/p>\n<h2 dir=\"auto\"><\/h2>","protected":false},"featured_media":32689,"template":"","meta":[],"product_brand":[],"product_cat":[475,297,521,523,533,515,476,486],"product_tag":[662],"class_list":{"0":"post-32683","1":"product","2":"type-product","3":"status-publish","4":"has-post-thumbnail","6":"product_cat-healthshop","7":"product_cat-all-products","8":"product_cat-medicinal-mushrooms","9":"product_cat-medicinal-mushrooms-supplements","10":"product_cat-recovery","11":"product_cat-shroomshop","12":"product_cat-smartshop","13":"product_cat-superfoods","14":"product_tag-shrdeal","15":"product_shipping_class-creditcard-on","17":"first","18":"instock","19":"taxable","20":"shipping-taxable","21":"purchasable","22":"product-type-variable","23":"has-default-attributes"},"_links":{"self":[{"href":"https:\/\/www.tatanka.nl\/pl\/wp-json\/wp\/v2\/product\/32683","targetHints":{"allow":["GET"]}}],"collection":[{"href":"https:\/\/www.tatanka.nl\/pl\/wp-json\/wp\/v2\/product"}],"about":[{"href":"https:\/\/www.tatanka.nl\/pl\/wp-json\/wp\/v2\/types\/product"}],"wp:featuredmedia":[{"embeddable":true,"href":"https:\/\/www.tatanka.nl\/pl\/wp-json\/wp\/v2\/media\/32689"}],"wp:attachment":[{"href":"https:\/\/www.tatanka.nl\/pl\/wp-json\/wp\/v2\/media?parent=32683"}],"wp:term":[{"taxonomy":"product_brand","embeddable":true,"href":"https:\/\/www.tatanka.nl\/pl\/wp-json\/wp\/v2\/product_brand?post=32683"},{"taxonomy":"product_cat","embeddable":true,"href":"https:\/\/www.tatanka.nl\/pl\/wp-json\/wp\/v2\/product_cat?post=32683"},{"taxonomy":"product_tag","embeddable":true,"href":"https:\/\/www.tatanka.nl\/pl\/wp-json\/wp\/v2\/product_tag?post=32683"}],"curies":[{"name":"wp","href":"https:\/\/api.w.org\/{rel}","templated":true}]}}