{"id":32699,"date":"2021-08-04T12:34:51","date_gmt":"2021-08-04T10:34:51","guid":{"rendered":"https:\/\/www.tatanka.nl\/?post_type=product&#038;p=32699"},"modified":"2025-05-20T09:21:42","modified_gmt":"2025-05-20T08:21:42","slug":"hempcare-sleep-10-cbd-oil-30ml","status":"publish","type":"product","link":"https:\/\/www.tatanka.nl\/pl\/hempcare-sleep-10-cbd-oil-30ml\/","title":{"rendered":"HempCare Sleep 10% CBD i 10% CBG Oil 30ml"},"content":{"rendered":"<h2 data-start=\"0\" data-end=\"30\">Czym jest HempCare CBD Sleep?<\/h2>\n<p data-start=\"32\" data-end=\"705\">HempCare CBD Sleep to olej CBD o pe\u0142nym spektrum dzia\u0142ania, wzbogacony starannie dobran\u0105 mieszank\u0105 terpen\u00f3w zaprojektowanych w celu wspomagania lepszego snu. Zawiera on naturalne zwi\u0105zki pochodz\u0105ce z konopi, w tym kannabidiol (CBD) i kannabigerol (CBG), kt\u00f3re znane s\u0105 ze swoich relaksuj\u0105cych i uspokajaj\u0105cych w\u0142a\u015bciwo\u015bci. Produkt dzia\u0142a poprzez interakcj\u0119 z uk\u0142adem endokannabinoidowym organizmu w celu przywr\u00f3cenia r\u00f3wnowagi i promowania zdrowego cyklu snu. W przeciwie\u0144stwie do innych \u015brodk\u00f3w nasennych, HempCare CBD Sleep oferuje \u0142agodne, nie powoduj\u0105ce przyzwyczajenia rozwi\u0105zanie poprawiaj\u0105ce sen. Niezale\u017cnie od tego, czy masz problemy z zasypianiem, utrzymaniem snu, czy te\u017c budzisz si\u0119 wypocz\u0119ty, ten produkt mo\u017ce pom\u00f3c ci osi\u0105gn\u0105\u0107 g\u0142\u0119bszy, bardziej spokojny sen.<\/p>\n<h2 data-start=\"707\" data-end=\"739\">Historia HempCare CBD Sleep<\/h2>\n<p data-start=\"741\" data-end=\"1620\">HempCare CBD Sleep ma swoje korzenie w rosn\u0105cej popularno\u015bci kannabidiolu (CBD) jako suplementu odnowy biologicznej. CBD, pochodz\u0105ce z konopi, od dawna znane jest ze swojego potencja\u0142u terapeutycznego. W ostatnich latach CBD zyska\u0142o uznanie za swoj\u0105 zdolno\u015b\u0107 do promowania relaksu i poprawy snu. Wraz z dalszymi badaniami, odkrycie CBG (Cannabigerol) rozszerzy\u0142o korzy\u015bci p\u0142yn\u0105ce z CBD, zw\u0142aszcza w zakresie wspierania g\u0142\u0119bszego snu. Produkt CBD Sleep firmy HempCare \u0142\u0105czy te dwa pot\u0119\u017cne kannabinoidy wraz z innymi terpenami, tworz\u0105c skuteczne rozwi\u0105zanie dla os\u00f3b z trudno\u015bciami ze snem. Ten naturalny suplement wpisuje si\u0119 w rosn\u0105cy trend stosowania holistycznych, ro\u015blinnych alternatyw dla tradycyjnych \u015brodk\u00f3w nasennych i lek\u00f3w. Firma HempCare zyska\u0142a reputacj\u0119 producenta wysokiej jako\u015bci produkt\u00f3w konopnych o pe\u0142nym spektrum dzia\u0142ania, wykorzystuj\u0105cych zr\u00f3wnowa\u017cone praktyki, kt\u00f3re zaspokajaj\u0105 szeroki zakres potrzeb zdrowotnych.<\/p>\n<h2 data-start=\"1622\" data-end=\"1654\">Jak stosowa\u0107 HempCare CBD Sleep<\/h2>\n<p data-start=\"1656\" data-end=\"2322\">Stosowanie HempCare CBD Sleep jest proste i skuteczne. Przed u\u017cyciem nale\u017cy dobrze wstrz\u0105sn\u0105\u0107 butelk\u0105 i umie\u015bci\u0107 1-5 kropli olejku pod j\u0119zykiem dwa razy dziennie. Olejek zosta\u0142 opracowany z my\u015bl\u0105 o szybkim dzia\u0142aniu, umo\u017cliwiaj\u0105c szybkie wch\u0142anianie do krwiobiegu w celu uzyskania maksymalnych korzy\u015bci. Aby uzyska\u0107 optymalne rezultaty, nale\u017cy przyjmowa\u0107 krople konsekwentnie przez d\u0142u\u017cszy czas. Niekt\u00f3rzy u\u017cytkownicy mog\u0105 do\u015bwiadczy\u0107 efekt\u00f3w uspokajaj\u0105cych w ci\u0105gu kilku dni, podczas gdy inni mog\u0105 potrzebowa\u0107 wi\u0119cej czasu, aby zauwa\u017cy\u0107 korzy\u015bci. Poniewa\u017c idealna dawka r\u00f3\u017cni si\u0119 w zale\u017cno\u015bci od osoby, zaleca si\u0119 rozpocz\u0119cie od ni\u017cszej dawki i dostosowanie jej w razie potrzeby. Ka\u017cda butelka zawiera co najmniej 600 kropli, co mo\u017ce wystarczy\u0107 na znaczn\u0105 ilo\u015b\u0107 czasu w zale\u017cno\u015bci od dziennej dawki.<\/p>\n<h2 data-start=\"2324\" data-end=\"2360\">Sk\u0142adniki HempCare CBD Sleep<\/h2>\n<p data-start=\"2362\" data-end=\"3218\">HempCare CBD Sleep zawiera mieszank\u0119 naturalnych sk\u0142adnik\u00f3w, kt\u00f3re wsp\u00f3\u0142pracuj\u0105 ze sob\u0105 w celu promowania lepszego snu. Kluczowe sk\u0142adniki obejmuj\u0105 olej z nasion konopi, ekstrakt z konopi, kannabidiol (CBD) i kannabigerol (CBG), kt\u00f3re s\u0105 znane ze swojego uspokajaj\u0105cego wp\u0142ywu na cia\u0142o i umys\u0142. Dodatkowo olej wzbogacony jest o terpeny, takie jak mircen, beta-kariofilen, limonen, linalol, alfa-pinen, humulen i terpinolen. Terpeny te nie tylko przyczyniaj\u0105 si\u0119 do aromatycznego profilu produktu, ale tak\u017ce wzmacniaj\u0105 jego dzia\u0142anie terapeutyczne. Na przyk\u0142ad mircen znany jest ze swoich w\u0142a\u015bciwo\u015bci uspokajaj\u0105cych, a limonen mo\u017ce pom\u00f3c zmniejszy\u0107 stres. Razem sk\u0142adniki te dzia\u0142aj\u0105 synergistycznie, wspieraj\u0105c relaksacj\u0119, zmniejszaj\u0105c niepok\u00f3j i promuj\u0105c g\u0142\u0119bszy, bardziej regeneruj\u0105cy sen. HempCare zapewnia, \u017ce u\u017cywane s\u0105 wy\u0142\u0105cznie sk\u0142adniki najwy\u017cszej jako\u015bci, aby zagwarantowa\u0107 czysto\u015b\u0107 i si\u0142\u0119 dzia\u0142ania.<\/p>\n<p><strong>Ostrze\u017cenie<\/strong><\/p>\n<p data-start=\"3232\" data-end=\"3581\">Nie nale\u017cy przekracza\u0107 maksymalnej zalecanej dawki 32 kropli dziennie. Produkt nie powinien by\u0107 stosowany w okresie ci\u0105\u017cy lub karmienia piersi\u0105. W przypadku przyjmowania lek\u00f3w nale\u017cy skonsultowa\u0107 si\u0119 z lekarzem lub farmaceut\u0105. Suplement ten nie powinien by\u0107 stosowany jako substytut zr\u00f3\u017cnicowanej diety. Przechowywa\u0107 w ch\u0142odnym, ciemnym miejscu, niedost\u0119pnym dla dzieci.<\/p>\n<p data-start=\"3583\" data-end=\"3772\" data-is-last-node=\"\">Przestrzegaj\u0105c w\u0142a\u015bciwego dawkowania i stosuj\u0105c HempCare CBD Sleep konsekwentnie, u\u017cytkownicy mog\u0105 do\u015bwiadczy\u0107 zauwa\u017calnej poprawy jako\u015bci snu, budz\u0105c si\u0119 bardziej wypocz\u0119ci i zregenerowani.<\/p>","protected":false},"excerpt":{"rendered":"<p>Wiele os\u00f3b, kt\u00f3re maj\u0105 problemy z zasypianiem, stosuje kannabidiol (CBD), czysty, naturalny produkt o pe\u0142nym spektrum dzia\u0142ania, kt\u00f3ry zawiera wszystkie wa\u017cne substancje z ro\u015bliny konopi.<br \/>\nBadania pokazuj\u0105, \u017ce CBD mo\u017ce by\u0107 skuteczne w \u0142agodzeniu b\u00f3lu i niepokoju - dw\u00f3ch rzeczy, kt\u00f3re nie pozwalaj\u0105 nam zasn\u0105\u0107 w nocy. Znalezienie odpowiedniego CBD pozostaje jednak trudne. Wiele firm i organizacji oferuje produkty CBD, a wyb\u00f3r marki mo\u017ce by\u0107 przyt\u0142aczaj\u0105cy. Nie szukaj dalej!<\/p>","protected":false},"featured_media":126606,"template":"","meta":[],"product_brand":[],"product_cat":[601,297,485,371,483],"product_tag":[],"class_list":{"0":"post-32699","1":"product","2":"type-product","3":"status-publish","4":"has-post-thumbnail","6":"product_cat-hempcare","7":"product_cat-all-products","8":"product_cat-cbd-oils","9":"product_cat-cbd-top-10","10":"product_cat-cbdshop","12":"first","13":"instock","14":"taxable","15":"shipping-taxable","16":"purchasable","17":"product-type-variable"},"_links":{"self":[{"href":"https:\/\/www.tatanka.nl\/pl\/wp-json\/wp\/v2\/product\/32699","targetHints":{"allow":["GET"]}}],"collection":[{"href":"https:\/\/www.tatanka.nl\/pl\/wp-json\/wp\/v2\/product"}],"about":[{"href":"https:\/\/www.tatanka.nl\/pl\/wp-json\/wp\/v2\/types\/product"}],"wp:featuredmedia":[{"embeddable":true,"href":"https:\/\/www.tatanka.nl\/pl\/wp-json\/wp\/v2\/media\/126606"}],"wp:attachment":[{"href":"https:\/\/www.tatanka.nl\/pl\/wp-json\/wp\/v2\/media?parent=32699"}],"wp:term":[{"taxonomy":"product_brand","embeddable":true,"href":"https:\/\/www.tatanka.nl\/pl\/wp-json\/wp\/v2\/product_brand?post=32699"},{"taxonomy":"product_cat","embeddable":true,"href":"https:\/\/www.tatanka.nl\/pl\/wp-json\/wp\/v2\/product_cat?post=32699"},{"taxonomy":"product_tag","embeddable":true,"href":"https:\/\/www.tatanka.nl\/pl\/wp-json\/wp\/v2\/product_tag?post=32699"}],"curies":[{"name":"wp","href":"https:\/\/api.w.org\/{rel}","templated":true}]}}