{"id":32755,"date":"2021-08-05T14:30:04","date_gmt":"2021-08-05T12:30:04","guid":{"rendered":"https:\/\/www.tatanka.nl\/?post_type=product&#038;p=32755"},"modified":"2025-05-20T09:21:37","modified_gmt":"2025-05-20T08:21:37","slug":"hempcare-sport-10-cbd-oil-30ml","status":"publish","type":"product","link":"https:\/\/www.tatanka.nl\/pl\/hempcare-sport-10-cbd-oil-30ml\/","title":{"rendered":"HempCare Sport 10% Olej CBD 30ml"},"content":{"rendered":"<h2 data-start=\"0\" data-end=\"30\">Co to jest Hempcare CBD Sport?<\/h2>\n<p data-start=\"32\" data-end=\"315\">Hempcare CBD Sport to 100% naturalny produkt CBD o pe\u0142nym spektrum dzia\u0142ania, zaprojektowany specjalnie dla sportowc\u00f3w poszukuj\u0105cych optymalnego wsparcia dla wydajno\u015bci i regeneracji. Produkt ten zawiera wszystkie niezb\u0119dne zwi\u0105zki z ro\u015bliny konopi, w tym kannabidiol (CBD), terpeny, witaminy i bia\u0142ka.<\/p>\n<p data-start=\"317\" data-end=\"766\">To, co wyr\u00f3\u017cnia Hempcare CBD Sport, to unikalna mieszanka specyficznych terpen\u00f3w, kt\u00f3re zapewniaj\u0105 dodatkowe korzy\u015bci dla organizmu. Terpeny to naturalne zwi\u0105zki wyst\u0119puj\u0105ce w ro\u015blinach, kt\u00f3re przyczyniaj\u0105 si\u0119 do aromatu, koloru i smaku oraz maj\u0105 w\u0142a\u015bciwo\u015bci bioaktywne. Badania wykaza\u0142y, \u017ce terpeny w po\u0142\u0105czeniu z CBD pomagaj\u0105 przyspieszy\u0107 regeneracj\u0119 mi\u0119\u015bni, zmniejszy\u0107 stan zapalny i poprawi\u0107 jako\u015b\u0107 snu. Hempcare CBD Sport to cenne narz\u0119dzie dla sportowc\u00f3w na wszystkich poziomach zaawansowania.<\/p>\n<h2 data-start=\"768\" data-end=\"800\">Historia Hempcare CBD Sport<\/h2>\n<p data-start=\"802\" data-end=\"1085\">CBD jest stosowane od wiek\u00f3w ze wzgl\u0119du na swoje w\u0142a\u015bciwo\u015bci lecznicze i terapeutyczne. Ro\u015blina konopi, z kt\u00f3rej pozyskiwane jest CBD, jest jedn\u0105 z najstarszych ro\u015blin uprawnych na \u015bwiecie. W ci\u0105gu ostatnich kilku dekad badania naukowe coraz cz\u0119\u015bciej potwierdza\u0142y pozytywne skutki CBD dla sportowc\u00f3w.<\/p>\n<p data-start=\"1087\" data-end=\"1518\">We wsp\u00f3\u0142pracy ze sportowcami i badaczami, Hempcare opracowa\u0142 specjaln\u0105 formu\u0142\u0119, kt\u00f3ra zaspokaja specyficzne potrzeby entuzjast\u00f3w sportu. Dzi\u0119ki zastosowaniu wyselekcjonowanych terpen\u00f3w, Hempcare CBD Sport s\u0142u\u017cy nie tylko jako skuteczne narz\u0119dzie do regeneracji mi\u0119\u015bni i \u0142agodzenia b\u00f3lu, ale tak\u017ce jako produkt pomagaj\u0105cy w relaksacji i skupieniu umys\u0142u. Ten innowacyjny suplement zyska\u0142 uznanie w bran\u017cy sportowej ze wzgl\u0119du na swoj\u0105 skuteczno\u015b\u0107.<\/p>\n<h2 data-start=\"1520\" data-end=\"1552\">Jak korzysta\u0107 z Hempcare CBD Sport<\/h2>\n<p data-start=\"1554\" data-end=\"1833\">Aby uzyska\u0107 optymalne wyniki, zaleca si\u0119 przyjmowanie Hempcare CBD Sport dwa razy dziennie. Przed u\u017cyciem nale\u017cy dobrze wstrz\u0105sn\u0105\u0107 butelk\u0105 i umie\u015bci\u0107 od 1 do 5 kropli pod j\u0119zykiem. Pozw\u00f3l olejowi wch\u0142on\u0105\u0107 si\u0119 przez kilka sekund przed po\u0142kni\u0119ciem, aby zapewni\u0107 szybkie i skuteczne wch\u0142anianie zwi\u0105zk\u00f3w aktywnych.<\/p>\n<p data-start=\"1835\" data-end=\"2190\">Ka\u017cda butelka zawiera co najmniej 600 kropli, zapewniaj\u0105c d\u0142ugotrwa\u0142e u\u017cytkowanie. Dok\u0142adna dawka mo\u017ce si\u0119 r\u00f3\u017cni\u0107 w zale\u017cno\u015bci od indywidualnych potrzeb, intensywno\u015bci treningu i po\u017c\u0105danych efekt\u00f3w. Zaleca si\u0119 rozpocz\u0119cie od niskiej dawki i stopniowe jej zwi\u0119kszanie, a\u017c do osi\u0105gni\u0119cia po\u017c\u0105danego rezultatu. W przypadku jakichkolwiek pyta\u0144 dotycz\u0105cych dawkowania lub stosowania zaleca si\u0119 konsultacj\u0119 ze specjalist\u0105.<\/p>\n<h2 data-start=\"2192\" data-end=\"2228\">Sk\u0142adniki Hempcare CBD Sport<\/h2>\n<p data-start=\"2230\" data-end=\"2366\">Hempcare CBD Sport zawiera wy\u0142\u0105cznie naturalne i starannie dobrane sk\u0142adniki, aby zapewni\u0107 maksymaln\u0105 skuteczno\u015b\u0107. Kluczowe sk\u0142adniki obejmuj\u0105:<\/p>\n<ul data-start=\"2368\" data-end=\"2974\">\n<li data-start=\"2368\" data-end=\"2458\"><strong data-start=\"2370\" data-end=\"2387\">Olej z nasion konopi<\/strong> - Bogate \u017ar\u00f3d\u0142o niezb\u0119dnych kwas\u00f3w t\u0142uszczowych, kt\u00f3re zwi\u0119kszaj\u0105 wch\u0142anianie CBD.<\/li>\n<li data-start=\"2459\" data-end=\"2550\"><strong data-start=\"2461\" data-end=\"2483\">Ekstrakt z konopi (CBD)<\/strong> - Wspomaga regeneracj\u0119 mi\u0119\u015bni, zmniejsza b\u00f3l i sprzyja relaksacji.<\/li>\n<li data-start=\"2551\" data-end=\"2611\"><strong data-start=\"2553\" data-end=\"2564\">Mircen<\/strong> - Terpen o w\u0142a\u015bciwo\u015bciach przeciwzapalnych.<\/li>\n<li data-start=\"2612\" data-end=\"2689\"><strong data-start=\"2614\" data-end=\"2636\">Beta-kariofilen<\/strong> - Pomaga \u0142agodzi\u0107 b\u00f3l i wspiera uk\u0142ad odporno\u015bciowy.<\/li>\n<li data-start=\"2690\" data-end=\"2778\"><strong data-start=\"2692\" data-end=\"2706\">Eukaliptol<\/strong> - Dzia\u0142a od\u015bwie\u017caj\u0105co i wspomaga prawid\u0142owe funkcjonowanie uk\u0142adu oddechowego.<\/li>\n<li data-start=\"2779\" data-end=\"2842\"><strong data-start=\"2781\" data-end=\"2793\">Linalool<\/strong> - Znany ze swoich w\u0142a\u015bciwo\u015bci uspokajaj\u0105cych i relaksuj\u0105cych.<\/li>\n<li data-start=\"2843\" data-end=\"2896\"><strong data-start=\"2845\" data-end=\"2857\">A-Pinen<\/strong> - Poprawia koncentracj\u0119 i czujno\u015b\u0107 umys\u0142u.<\/li>\n<li data-start=\"2897\" data-end=\"2974\"><strong data-start=\"2899\" data-end=\"2911\">Humulen<\/strong> - Przyczynia si\u0119 do zr\u00f3wnowa\u017conej reakcji zapalnej w organizmie.<\/li>\n<\/ul>\n<p data-start=\"2976\" data-end=\"3134\">To pot\u0119\u017cne po\u0142\u0105czenie CBD i terpen\u00f3w sprawia, \u017ce Hempcare CBD Sport jest doskona\u0142ym suplementem dla sportowc\u00f3w, kt\u00f3rzy chc\u0105 zoptymalizowa\u0107 zar\u00f3wno wydajno\u015b\u0107, jak i regeneracj\u0119.<\/p>\n<p data-start=\"3136\" data-end=\"3146\"><strong>Ostrze\u017cenie<\/strong><\/p>\n<p data-start=\"3148\" data-end=\"3487\" data-is-last-node=\"\">Nie nale\u017cy przekracza\u0107 maksymalnej zalecanej dawki 32 kropli dziennie. Produkt nie jest odpowiedni dla kobiet w ci\u0105\u017cy i karmi\u0105cych piersi\u0105. W przypadku przyjmowania lek\u00f3w nale\u017cy skonsultowa\u0107 si\u0119 z lekarzem lub farmaceut\u0105. Ten suplement diety nie zast\u0119puje zr\u00f3\u017cnicowanej diety. Produkt nale\u017cy przechowywa\u0107 w ciemnym miejscu, w temperaturze pokojowej, w miejscu niedost\u0119pnym dla dzieci.<\/p>","protected":false},"excerpt":{"rendered":"<p>Sportowcy i osoby aktywne na r\u00f3\u017cnych poziomach wykorzystuj\u0105 CBD do poprawy swoich wynik\u00f3w. Jednocze\u015bnie coraz wi\u0119cej sportowc\u00f3w odkrywa, \u017ce CBD pomaga im na wiele sposob\u00f3w. CBD zmniejsza b\u00f3l i stany zapalne, CBD poprawia sen i koncentracj\u0119, a CBD przywraca r\u00f3wnowag\u0119 w organizmie. W\u0142a\u015bnie dlatego firma hempcare opracowa\u0142a wzbogacony produkt CBD specjalnie dla sportowc\u00f3w: CBD Sport. Ten CBD o pe\u0142nym spektrum jest uzupe\u0142niony specyficznymi terpenami ze \u015brodowiska CBD, dzi\u0119ki czemu hempcare CBD Sport dzia\u0142a optymalnie dla sportowc\u00f3w.<\/p>","protected":false},"featured_media":126612,"template":"","meta":[],"product_brand":[],"product_cat":[601,297,485,371,483,487],"product_tag":[],"class_list":{"0":"post-32755","1":"product","2":"type-product","3":"status-publish","4":"has-post-thumbnail","6":"product_cat-hempcare","7":"product_cat-all-products","8":"product_cat-cbd-oils","9":"product_cat-cbd-top-10","10":"product_cat-cbdshop","11":"product_cat-sport","13":"first","14":"instock","15":"taxable","16":"shipping-taxable","17":"purchasable","18":"product-type-variable"},"_links":{"self":[{"href":"https:\/\/www.tatanka.nl\/pl\/wp-json\/wp\/v2\/product\/32755","targetHints":{"allow":["GET"]}}],"collection":[{"href":"https:\/\/www.tatanka.nl\/pl\/wp-json\/wp\/v2\/product"}],"about":[{"href":"https:\/\/www.tatanka.nl\/pl\/wp-json\/wp\/v2\/types\/product"}],"wp:featuredmedia":[{"embeddable":true,"href":"https:\/\/www.tatanka.nl\/pl\/wp-json\/wp\/v2\/media\/126612"}],"wp:attachment":[{"href":"https:\/\/www.tatanka.nl\/pl\/wp-json\/wp\/v2\/media?parent=32755"}],"wp:term":[{"taxonomy":"product_brand","embeddable":true,"href":"https:\/\/www.tatanka.nl\/pl\/wp-json\/wp\/v2\/product_brand?post=32755"},{"taxonomy":"product_cat","embeddable":true,"href":"https:\/\/www.tatanka.nl\/pl\/wp-json\/wp\/v2\/product_cat?post=32755"},{"taxonomy":"product_tag","embeddable":true,"href":"https:\/\/www.tatanka.nl\/pl\/wp-json\/wp\/v2\/product_tag?post=32755"}],"curies":[{"name":"wp","href":"https:\/\/api.w.org\/{rel}","templated":true}]}}