{"id":36400,"date":"2025-01-30T17:36:05","date_gmt":"2025-01-30T16:36:05","guid":{"rendered":"https:\/\/www.tatanka.nl\/?post_type=product&#038;p=36400"},"modified":"2025-05-16T14:44:26","modified_gmt":"2025-05-16T13:44:26","slug":"auto-amnesia-haze","status":"publish","type":"product","link":"https:\/\/www.tatanka.nl\/pl\/auto-amnesia-haze\/","title":{"rendered":"Auto Amnesia Haze - Vision Seeds"},"content":{"rendered":"<h2>Nasiona konopi Auto Amnesia Haze od Vision Seeds<\/h2>\n<p>Whoa! Nasiona konopi Auto Amnesia Haze od Vision Seeds to marzenie ka\u017cdego hodowcy ro\u015blin automatycznych. Krzy\u017c\u00f3wka intensywnej Sativy, odmiany Amnesia Haze i Ruderalis, ta ma\u0142a dama ma w sobie ogromn\u0105 moc i plony, kt\u00f3re pasuj\u0105 do jej niesamowitych cech.<\/p>\n<p>Czasami hodowca chce po prostu zrobi\u0107 sobie dzie\u0144 wolny. Amnesia Haze jest znana z tego, \u017ce jest jedn\u0105 z najbardziej produktywnych odmian automatycznie kwitn\u0105cych, ale to nie znaczy, \u017ce musisz w\u0142o\u017cy\u0107 tyle pracy, co ona. Dzi\u0119ki nasionom konopi Auto AMNESIA HAZE od Vision Seeds, hodowcy z napi\u0119tym harmonogramem mog\u0105 wreszcie cieszy\u0107 si\u0119 marihuan\u0105 bez stresu o to, co nale\u017cy zrobi\u0107 dalej! Uzyskasz zdrowe plony z tej niewielkiej ro\u015bliny i spektakularn\u0105 produkcj\u0119 \u017cywicy przy niewielkim zaanga\u017cowaniu czasowym. \u015awietna odmiana.<\/p>","protected":false},"excerpt":{"rendered":"<p>Vision Seeds Amnesia Haze Auto Cannabis Seeds to ulubiona odmiana w naszej uprawie outdoor! Wi\u0119cej szalonego, wartego plon\u00f3w dymu z niesamowitym hajem Sativy. Sprawd\u017a te automatyczne nasiona konopi od Vision Seeds, je\u015bli chcesz pali\u0107 wysokiej jako\u015bci marihuan\u0119, kt\u00f3ra ro\u015bnie automatycznie!<\/p>","protected":false},"featured_media":36429,"template":"","meta":[],"product_brand":[],"product_cat":[546,297,547,548,638],"product_tag":[],"class_list":{"0":"post-36400","1":"product","2":"type-product","3":"status-publish","4":"has-post-thumbnail","6":"product_cat-seedshop","7":"product_cat-all-products","8":"product_cat-autoflowering-seeds","9":"product_cat-high-thc-seeds","10":"product_cat-vision-seeds","11":"product_shipping_class-creditcard-on","13":"first","14":"instock","15":"taxable","16":"shipping-taxable","17":"purchasable","18":"product-type-variable","19":"has-default-attributes"},"_links":{"self":[{"href":"https:\/\/www.tatanka.nl\/pl\/wp-json\/wp\/v2\/product\/36400","targetHints":{"allow":["GET"]}}],"collection":[{"href":"https:\/\/www.tatanka.nl\/pl\/wp-json\/wp\/v2\/product"}],"about":[{"href":"https:\/\/www.tatanka.nl\/pl\/wp-json\/wp\/v2\/types\/product"}],"wp:featuredmedia":[{"embeddable":true,"href":"https:\/\/www.tatanka.nl\/pl\/wp-json\/wp\/v2\/media\/36429"}],"wp:attachment":[{"href":"https:\/\/www.tatanka.nl\/pl\/wp-json\/wp\/v2\/media?parent=36400"}],"wp:term":[{"taxonomy":"product_brand","embeddable":true,"href":"https:\/\/www.tatanka.nl\/pl\/wp-json\/wp\/v2\/product_brand?post=36400"},{"taxonomy":"product_cat","embeddable":true,"href":"https:\/\/www.tatanka.nl\/pl\/wp-json\/wp\/v2\/product_cat?post=36400"},{"taxonomy":"product_tag","embeddable":true,"href":"https:\/\/www.tatanka.nl\/pl\/wp-json\/wp\/v2\/product_tag?post=36400"}],"curies":[{"name":"wp","href":"https:\/\/api.w.org\/{rel}","templated":true}]}}