{"id":36403,"date":"2025-01-30T17:36:06","date_gmt":"2025-01-30T16:36:06","guid":{"rendered":"https:\/\/www.tatanka.nl\/?post_type=product&#038;p=36403"},"modified":"2025-05-16T14:43:21","modified_gmt":"2025-05-16T13:43:21","slug":"auto-doctor-jamaica","status":"publish","type":"product","link":"https:\/\/www.tatanka.nl\/pl\/auto-doctor-jamaica\/","title":{"rendered":"Auto Doctor Jamaica - Vision Seeds"},"content":{"rendered":"<h2><span data-sheets-value=\"{&quot;1&quot;:2,&quot;2&quot;:&quot;Auto Doctor Jamaica&quot;}\" data-sheets-userformat=\"{&quot;2&quot;:14915,&quot;3&quot;:{&quot;1&quot;:0},&quot;4&quot;:{&quot;1&quot;:2,&quot;2&quot;:11982760},&quot;9&quot;:0,&quot;12&quot;:0,&quot;14&quot;:{&quot;1&quot;:2,&quot;2&quot;:0},&quot;15&quot;:&quot;Calibri&quot;,&quot;16&quot;:12}\">Auto Doctor Jamaica<\/span> Nasiona konopi od Vision Seeds<\/h2>\n<p>Chcesz zacz\u0105\u0107 od nowa w tym roku? Te nasiona konopi s\u0105 wszystkim, czego szuka\u0142e\u015b. Wyobra\u017a sobie ten ciep\u0142y, s\u0142oneczny, kalifornijski dzie\u0144, kiedy twoja ro\u015blina w powijakach b\u0119dzie si\u0119 rozwija\u0107 i rosn\u0105\u0107 dzi\u0119ki do\u015bwiadczeniu hodowc\u00f3w starej szko\u0142y, kt\u00f3rzy byli przed nami. Chcieli oni stworzy\u0107 odmian\u0119, kt\u00f3r\u0105 ka\u017cdy m\u00f3g\u0142by uprawia\u0107 z \u0142atwo\u015bci\u0105, przechodz\u0105c od nasion do kwiat\u00f3w w mniej ni\u017c dwa miesi\u0105ce. \u0141atwo zrozumie\u0107, dlaczego te nasiona marihuany sta\u0142y si\u0119 tak popularne po ich odkryciu - ogromne ilo\u015bci THC sprawiaj\u0105, \u017ce jest to doskona\u0142y wyb\u00f3r na pocz\u0105tek - leczniczo lub rekreacyjnie.<\/p>\n<p>Co wa\u017cniejsze? Nawet je\u015bli nigdy wcze\u015bniej nie uprawia\u0142e\u015b marihuany, Vision ma t\u0119 dziewczyn\u0119, kt\u00f3ra wytrzyma wszystko. \u015awietny wyb\u00f3r na odmian\u0119!<\/p>","protected":false},"excerpt":{"rendered":"<p>Je\u015bli szukasz wysokiej jako\u015bci i \u0142atwej w uprawie odmiany, to Auto Doctor Jamaica Cannabis Seeds jest w\u0142a\u015bnie dla Ciebie! Ta wspania\u0142a ro\u015blina wydziela pomara\u0144czowo-cytrynowy aromat, daj\u0105c jednocze\u015bnie silne uczucie euforii. Jest to \u015bwietna odmiana startowa, idealna dla os\u00f3b, kt\u00f3re nie chc\u0105 czu\u0107 si\u0119 smutne lub przygn\u0119bione.<\/p>","protected":false},"featured_media":36432,"template":"","meta":[],"product_brand":[],"product_cat":[546,297,547,548,638],"product_tag":[],"class_list":{"0":"post-36403","1":"product","2":"type-product","3":"status-publish","4":"has-post-thumbnail","6":"product_cat-seedshop","7":"product_cat-all-products","8":"product_cat-autoflowering-seeds","9":"product_cat-high-thc-seeds","10":"product_cat-vision-seeds","11":"product_shipping_class-creditcard-on","13":"first","14":"instock","15":"taxable","16":"shipping-taxable","17":"purchasable","18":"product-type-variable","19":"has-default-attributes"},"_links":{"self":[{"href":"https:\/\/www.tatanka.nl\/pl\/wp-json\/wp\/v2\/product\/36403","targetHints":{"allow":["GET"]}}],"collection":[{"href":"https:\/\/www.tatanka.nl\/pl\/wp-json\/wp\/v2\/product"}],"about":[{"href":"https:\/\/www.tatanka.nl\/pl\/wp-json\/wp\/v2\/types\/product"}],"wp:featuredmedia":[{"embeddable":true,"href":"https:\/\/www.tatanka.nl\/pl\/wp-json\/wp\/v2\/media\/36432"}],"wp:attachment":[{"href":"https:\/\/www.tatanka.nl\/pl\/wp-json\/wp\/v2\/media?parent=36403"}],"wp:term":[{"taxonomy":"product_brand","embeddable":true,"href":"https:\/\/www.tatanka.nl\/pl\/wp-json\/wp\/v2\/product_brand?post=36403"},{"taxonomy":"product_cat","embeddable":true,"href":"https:\/\/www.tatanka.nl\/pl\/wp-json\/wp\/v2\/product_cat?post=36403"},{"taxonomy":"product_tag","embeddable":true,"href":"https:\/\/www.tatanka.nl\/pl\/wp-json\/wp\/v2\/product_tag?post=36403"}],"curies":[{"name":"wp","href":"https:\/\/api.w.org\/{rel}","templated":true}]}}