{"id":36404,"date":"2025-01-30T17:36:06","date_gmt":"2025-01-30T16:36:06","guid":{"rendered":"https:\/\/www.tatanka.nl\/?post_type=product&#038;p=36404"},"modified":"2025-05-16T14:43:56","modified_gmt":"2025-05-16T13:43:56","slug":"auto-la-blanca-gold","status":"publish","type":"product","link":"https:\/\/www.tatanka.nl\/pl\/auto-la-blanca-gold\/","title":{"rendered":"Auto La Blanca Gold - Vision Seeds"},"content":{"rendered":"<h2><span data-sheets-value=\"{&quot;1&quot;:2,&quot;2&quot;:&quot;Auto La Blanca Gold&quot;}\" data-sheets-userformat=\"{&quot;2&quot;:14915,&quot;3&quot;:{&quot;1&quot;:0},&quot;4&quot;:{&quot;1&quot;:2,&quot;2&quot;:13228792},&quot;9&quot;:0,&quot;12&quot;:0,&quot;14&quot;:{&quot;1&quot;:2,&quot;2&quot;:0},&quot;15&quot;:&quot;Calibri&quot;,&quot;16&quot;:12}\">Auto La Blanca Gold <\/span>Nasiona konopi od Vision Seeds<\/h2>\n<p>Wszyscy tam byli\u015bmy - bierzesz jedno ma\u0142e zaci\u0105gni\u0119cie i chcesz zwin\u0105\u0107 si\u0119 w k\u0142\u0119bek. Je\u015bli zmagasz si\u0119 z mniej ni\u017c idealnymi efektami marihuany, by\u0107 mo\u017ce nadszed\u0142 czas, aby wypr\u00f3bowa\u0107 La Blanca Gold Auto Cannabis Seeds by Vision Seeds (40% Sativa).<\/p>\n<p>Feminizowana 100% z niesamowit\u0105 genetyk\u0105, kt\u00f3ra produkuje ma\u0142e kwiaty bezpieczne do u\u017cytku osobistego, odmiana ta wyhoduje ma\u0142e, dyskretne ro\u015bliny, kt\u00f3rych dym nie b\u0119dzie przeszkadza\u0142 w produktywnym dniu. Dzi\u0119ki klasycznym genom Skunk i s\u0142odkim nutom cytrus\u00f3w i lawendy, kwiat ten jest idealny do palenia w ci\u0105gu dnia. Naprawd\u0119 wyj\u0105tkowa odmiana!<\/p>","protected":false},"excerpt":{"rendered":"<p>La Blanca Gold mo\u017ce by\u0107 interesuj\u0105cym wyborem dla stoner\u00f3w, kt\u00f3rzy uwielbiaj\u0105 by\u0107 produktywni po wypaleniu jointa lub po prostu chcieliby uprawia\u0107 mniejsze ro\u015bliny na w\u0142asny u\u017cytek. Nie potrzebujesz ro\u015bliny o wysokiej zawarto\u015bci THC, aby cieszy\u0107 si\u0119 \u017cyciem codziennego u\u017cytkownika konopi. Ona jest taka pi\u0119kna!<\/p>","protected":false},"featured_media":36433,"template":"","meta":[],"product_brand":[],"product_cat":[546,297,547,638],"product_tag":[],"class_list":{"0":"post-36404","1":"product","2":"type-product","3":"status-publish","4":"has-post-thumbnail","6":"product_cat-seedshop","7":"product_cat-all-products","8":"product_cat-autoflowering-seeds","9":"product_cat-vision-seeds","10":"product_shipping_class-creditcard-on","12":"first","13":"instock","14":"taxable","15":"shipping-taxable","16":"purchasable","17":"product-type-variable","18":"has-default-attributes"},"_links":{"self":[{"href":"https:\/\/www.tatanka.nl\/pl\/wp-json\/wp\/v2\/product\/36404","targetHints":{"allow":["GET"]}}],"collection":[{"href":"https:\/\/www.tatanka.nl\/pl\/wp-json\/wp\/v2\/product"}],"about":[{"href":"https:\/\/www.tatanka.nl\/pl\/wp-json\/wp\/v2\/types\/product"}],"wp:featuredmedia":[{"embeddable":true,"href":"https:\/\/www.tatanka.nl\/pl\/wp-json\/wp\/v2\/media\/36433"}],"wp:attachment":[{"href":"https:\/\/www.tatanka.nl\/pl\/wp-json\/wp\/v2\/media?parent=36404"}],"wp:term":[{"taxonomy":"product_brand","embeddable":true,"href":"https:\/\/www.tatanka.nl\/pl\/wp-json\/wp\/v2\/product_brand?post=36404"},{"taxonomy":"product_cat","embeddable":true,"href":"https:\/\/www.tatanka.nl\/pl\/wp-json\/wp\/v2\/product_cat?post=36404"},{"taxonomy":"product_tag","embeddable":true,"href":"https:\/\/www.tatanka.nl\/pl\/wp-json\/wp\/v2\/product_tag?post=36404"}],"curies":[{"name":"wp","href":"https:\/\/api.w.org\/{rel}","templated":true}]}}