{"id":36405,"date":"2025-01-30T17:36:06","date_gmt":"2025-01-30T16:36:06","guid":{"rendered":"https:\/\/www.tatanka.nl\/?post_type=product&#038;p=36405"},"modified":"2025-05-16T14:43:56","modified_gmt":"2025-05-16T13:43:56","slug":"auto-lowryder","status":"publish","type":"product","link":"https:\/\/www.tatanka.nl\/pl\/auto-lowryder\/","title":{"rendered":"Auto Lowryder - Vision Seeds"},"content":{"rendered":"<h2>Nasiona konopi Auto Lowryder od Vision Seeds<\/h2>\n<p>Nasiona konopi Auto Lowryder to najmniejsza, najbardziej dyskretna automatycznie kwitn\u0105ca kr\u00f3lowa, kt\u00f3ra b\u0119dzie ros\u0142a zupe\u0142nie niezauwa\u017cona - idealna dla pocz\u0105tkuj\u0105cych. Te dyskretne nasiona konopi wytwarzaj\u0105 \u015brednie kwiaty o poziomie THC 14%; zaprojektowane tak, aby by\u0142y szybkie i \u0142atwe w uprawie bez wzgl\u0119du na do\u015bwiadczenie i miejsce zamieszkania (poniewa\u017c mog\u0105 wytrzyma\u0107 ch\u0142odniejsze klimaty).<\/p>\n<p>Jedna z najszybciej rozwijaj\u0105cych si\u0119 odmian od nasion do kwiat\u00f3w, ta ma\u0142a dziewczynka nadrabia sw\u00f3j niewielki wzrost, wytwarzaj\u0105c wysokiej jako\u015bci produkt w znacznie kr\u00f3tszym czasie ni\u017c inne odmiany automatyczne. Dzi\u0119ki pokoleniom selektywnej hodowli, wytwarza ponadprzeci\u0119tn\u0105 jako\u015b\u0107 smaku, kt\u00f3ra jest przekazywana przez drzewo genealogiczne od 92 roku. Da ci wystarczaj\u0105co du\u017co, nie zapominaj\u0105c o smaku!<\/p>","protected":false},"excerpt":{"rendered":"<p>OG ro\u015blin automatycznie kwitn\u0105cych? Nasiona konopi Auto Lowryder to idealna odmiana dla pocz\u0105tkuj\u0105cych, kt\u00f3rzy chc\u0105 rosn\u0105\u0107 w ukryciu. Te automatycznie kwitn\u0105ce nasiona wytwarzaj\u0105 ma\u0142e, wysokiej jako\u015bci p\u0105ki o umiarkowanym poziomie THC. Z zaledwie 14% THC ta genetyka jest idealna dla os\u00f3b zainteresowanych upraw\u0105 prostej ro\u015bliny, ale o doskona\u0142ym smaku i produkcji \u017cywicy. Przesta\u0144 martwi\u0107 si\u0119, \u017ce s\u0105siedzi zobacz\u0105 twoje ro\u015bliny doniczkowe - uprawiaj te automatycznie kwitn\u0105ce cuda!<\/p>","protected":false},"featured_media":36434,"template":"","meta":[],"product_brand":[],"product_cat":[546,297,547,638],"product_tag":[],"class_list":{"0":"post-36405","1":"product","2":"type-product","3":"status-publish","4":"has-post-thumbnail","6":"product_cat-seedshop","7":"product_cat-all-products","8":"product_cat-autoflowering-seeds","9":"product_cat-vision-seeds","10":"product_shipping_class-creditcard-on","12":"first","13":"instock","14":"taxable","15":"shipping-taxable","16":"purchasable","17":"product-type-variable","18":"has-default-attributes"},"_links":{"self":[{"href":"https:\/\/www.tatanka.nl\/pl\/wp-json\/wp\/v2\/product\/36405","targetHints":{"allow":["GET"]}}],"collection":[{"href":"https:\/\/www.tatanka.nl\/pl\/wp-json\/wp\/v2\/product"}],"about":[{"href":"https:\/\/www.tatanka.nl\/pl\/wp-json\/wp\/v2\/types\/product"}],"wp:featuredmedia":[{"embeddable":true,"href":"https:\/\/www.tatanka.nl\/pl\/wp-json\/wp\/v2\/media\/36434"}],"wp:attachment":[{"href":"https:\/\/www.tatanka.nl\/pl\/wp-json\/wp\/v2\/media?parent=36405"}],"wp:term":[{"taxonomy":"product_brand","embeddable":true,"href":"https:\/\/www.tatanka.nl\/pl\/wp-json\/wp\/v2\/product_brand?post=36405"},{"taxonomy":"product_cat","embeddable":true,"href":"https:\/\/www.tatanka.nl\/pl\/wp-json\/wp\/v2\/product_cat?post=36405"},{"taxonomy":"product_tag","embeddable":true,"href":"https:\/\/www.tatanka.nl\/pl\/wp-json\/wp\/v2\/product_tag?post=36405"}],"curies":[{"name":"wp","href":"https:\/\/api.w.org\/{rel}","templated":true}]}}